{"id":249,"date":"2025-11-27T10:09:48","date_gmt":"2025-11-27T10:09:48","guid":{"rendered":"https:\/\/wangshajewelry.com\/?post_type=product&#038;p=249"},"modified":"2025-11-28T08:14:50","modified_gmt":"2025-11-28T08:14:50","slug":"leichter-luxus-zirkon-ring-titan-stahl","status":"publish","type":"product","link":"https:\/\/wangshajewelry.com\/de\/product\/leichter-luxus-zirkon-ring-titan-stahl\/","title":{"rendered":"Leichter Luxus Zirkon Ring Titanium Stahl"},"content":{"rendered":"<h3 data-start=\"100\" data-end=\"150\"><strong data-start=\"104\" data-end=\"150\">Leichter luxuri\u00f6ser Zirkonring aus Titaniumstahl<\/strong><\/h3>\n<p data-start=\"152\" data-end=\"558\"><strong data-start=\"152\" data-end=\"164\">\u00dcbersicht<\/strong><br data-start=\"164\" data-end=\"167\" \/>Schwelgen Sie in schlichter Eleganz mit dem <em data-start=\"208\" data-end=\"252\">Leichter luxuri\u00f6ser Zirkonring aus Titaniumstahl<\/em>, Eine atemberaubende Mischung aus Raffinesse und Langlebigkeit. Dieser Ring wurde f\u00fcr diejenigen entworfen, die die feinen Dinge des Lebens zu sch\u00e4tzen wissen, aber einen minimalistischen, modernen Stil bevorzugen. Mit einem brillanten Zirkonstein in einem eleganten Titan-Stahlband bietet er die perfekte Balance zwischen Luxus und Alltagstauglichkeit.<\/p>\n<p data-start=\"560\" data-end=\"578\"><strong data-start=\"560\" data-end=\"576\">Wesentliche Merkmale<\/strong><\/p>\n<ul data-start=\"579\" data-end=\"1890\">\n<li data-start=\"579\" data-end=\"922\">\n<p data-start=\"581\" data-end=\"922\"><strong data-start=\"581\" data-end=\"607\">Brillant Zirkon Stein<\/strong>: Das Herzst\u00fcck des Rings ist ein schillernder, hochwertiger Zirkon, der f\u00fcr sein brillantes Funkeln und seine Klarheit bekannt ist. Dieser aus ethischen Quellen stammende Stein ahmt das Strahlen eines Diamanten nach und verleiht ihm einen Hauch von Luxus, ohne ihn zu \u00fcberteuern. Er ist perfekt geschliffen, um die Lichtreflexion zu verst\u00e4rken und aus jedem Blickwinkel einen fesselnden Effekt zu erzielen.<\/p>\n<\/li>\n<li data-start=\"923\" data-end=\"1222\">\n<p data-start=\"925\" data-end=\"1222\"><strong data-start=\"925\" data-end=\"956\">Premium Titanium Stahlband<\/strong>: Das Band ist aus hochwertigem Titanstahl gefertigt und bietet ein schlankes, modernes Aussehen, das sowohl leicht als auch unglaublich stabil ist. Titan ist bekannt f\u00fcr seine Widerstandsf\u00e4higkeit gegen Anlaufen, Korrosion und Kratzer und macht diesen Ring zu einem langlebigen Schmuckst\u00fcck, das jahrelang h\u00e4lt.<\/p>\n<\/li>\n<li data-start=\"1223\" data-end=\"1493\">\n<p data-start=\"1225\" data-end=\"1493\"><strong data-start=\"1225\" data-end=\"1248\">Licht-Luxus-Design<\/strong>: Das minimalistische Design dieses Rings macht ihn zur idealen Wahl f\u00fcr alle, die ein luxuri\u00f6ses Schmuckst\u00fcck suchen, ohne dabei zu sehr aufzufallen. Seine klaren Linien und schlichte Eleganz machen ihn sowohl f\u00fcr formelle Anl\u00e4sse als auch f\u00fcr den Alltag geeignet.<\/p>\n<\/li>\n<li data-start=\"1494\" data-end=\"1731\">\n<p data-start=\"1496\" data-end=\"1731\"><strong data-start=\"1496\" data-end=\"1511\">Komfort-Passform<\/strong>: Der f\u00fcr ultimativen Komfort konzipierte Ring ist auf der Innenseite glatt und l\u00e4sst sich den ganzen Tag \u00fcber leicht tragen. Das geringe Gewicht von Titan sorgt daf\u00fcr, dass der Ring bequem ist und sich nicht schwer am Finger anf\u00fchlt.<\/p>\n<\/li>\n<li data-start=\"1732\" data-end=\"1890\">\n<p data-start=\"1734\" data-end=\"1890\"><strong data-start=\"1734\" data-end=\"1752\">Hypoallergen<\/strong>: Titan ist von Natur aus hypoallergen, was diesen Ring zu einer hervorragenden Wahl f\u00fcr Menschen mit empfindlicher Haut oder Allergien gegen bestimmte Metalle macht.<\/p>\n<\/li>\n<\/ul>\n<p data-start=\"1892\" data-end=\"1916\"><strong data-start=\"1892\" data-end=\"1914\">Warum Sie es lieben werden<\/strong><\/p>\n<ul data-start=\"1917\" data-end=\"2741\">\n<li data-start=\"1917\" data-end=\"2132\">\n<p data-start=\"1919\" data-end=\"2132\"><strong data-start=\"1919\" data-end=\"1940\">Erschwinglicher Luxus<\/strong>: Die <em data-start=\"1946\" data-end=\"1972\">Leichter Luxus-Zirkon-Ring<\/em> kombiniert die Anziehungskraft von High-End-Design mit der Erschwinglichkeit von Zirkon und Titan und bietet ein erschwingliches Luxuserlebnis, ohne Kompromisse bei der Qualit\u00e4t einzugehen.<\/p>\n<\/li>\n<li data-start=\"2133\" data-end=\"2364\">\n<p data-start=\"2135\" data-end=\"2364\"><strong data-start=\"2135\" data-end=\"2149\">Dauerhaftigkeit<\/strong>: Titanstahl ist f\u00fcr seine hohe Festigkeit bekannt, so dass dieser Ring auch bei t\u00e4glichem Tragen seine Form und Oberfl\u00e4che beh\u00e4lt. Er ist ein pflegeleichtes, langlebiges Schmuckst\u00fcck, das seine Sch\u00f6nheit \u00fcber Jahre hinweg beibeh\u00e4lt.<\/p>\n<\/li>\n<li data-start=\"2365\" data-end=\"2556\">\n<p data-start=\"2367\" data-end=\"2556\"><strong data-start=\"2367\" data-end=\"2389\">Vielseitige Eleganz<\/strong>: Ob Sie sich f\u00fcr einen besonderen Anlass herausputzen oder ein elegantes St\u00fcck f\u00fcr den Alltag suchen, dieser Ring verleiht jedem Outfit m\u00fchelos einen raffinierten Touch.<\/p>\n<\/li>\n<li data-start=\"2557\" data-end=\"2741\">\n<p data-start=\"2559\" data-end=\"2741\"><strong data-start=\"2559\" data-end=\"2575\">Perfektes Geschenk<\/strong>: Dieser Ring ist ein durchdachtes und bedeutungsvolles Geschenk f\u00fcr geliebte Menschen. Ob zum Geburtstag, zum Jahrestag oder einfach nur so, er ist ein zeitloses St\u00fcck, das in Ehren gehalten wird.<\/p>\n<\/li>\n<\/ul>\n<p data-start=\"2743\" data-end=\"3018\"><strong data-start=\"2743\" data-end=\"2759\">Produktpflege<\/strong><br data-start=\"2759\" data-end=\"2762\" \/>Um den Glanz des Zirkons und die polierte Oberfl\u00e4che des Titanstahls zu erhalten, reinigen Sie den Ring vorsichtig mit einem weichen Tuch und vermeiden Sie den Kontakt mit scharfen Chemikalien oder Scheuermitteln. Bewahren Sie ihn in einer Schmuckschatulle oder einem Etui auf, um ihn vor Kratzern zu sch\u00fctzen.<\/p>","protected":false},"excerpt":{"rendered":"<p>Schwelgen Sie in schlichter Eleganz mit dem <em data-start=\"208\" data-end=\"252\">Leichter luxuri\u00f6ser Zirkonring aus Titaniumstahl<\/em>, Eine atemberaubende Mischung aus Raffinesse und Langlebigkeit. Dieser Ring wurde f\u00fcr diejenigen entworfen, die die feinen Dinge des Lebens zu sch\u00e4tzen wissen, aber einen minimalistischen, modernen Stil bevorzugen. Mit einem brillanten Zirkonstein in einem eleganten Titan-Stahlband bietet er die perfekte Balance zwischen Luxus und Alltagstauglichkeit.<\/p>","protected":false},"featured_media":254,"comment_status":"open","ping_status":"closed","template":"","meta":[],"product_brand":[],"product_cat":[17],"product_tag":[],"class_list":{"0":"post-249","1":"product","2":"type-product","3":"status-publish","4":"has-post-thumbnail","6":"product_cat-rings","8":"first","9":"instock","10":"shipping-taxable","11":"product-type-simple"},"_links":{"self":[{"href":"https:\/\/wangshajewelry.com\/de\/wp-json\/wp\/v2\/product\/249","targetHints":{"allow":["GET"]}}],"collection":[{"href":"https:\/\/wangshajewelry.com\/de\/wp-json\/wp\/v2\/product"}],"about":[{"href":"https:\/\/wangshajewelry.com\/de\/wp-json\/wp\/v2\/types\/product"}],"replies":[{"embeddable":true,"href":"https:\/\/wangshajewelry.com\/de\/wp-json\/wp\/v2\/comments?post=249"}],"wp:featuredmedia":[{"embeddable":true,"href":"https:\/\/wangshajewelry.com\/de\/wp-json\/wp\/v2\/media\/254"}],"wp:attachment":[{"href":"https:\/\/wangshajewelry.com\/de\/wp-json\/wp\/v2\/media?parent=249"}],"wp:term":[{"taxonomy":"product_brand","embeddable":true,"href":"https:\/\/wangshajewelry.com\/de\/wp-json\/wp\/v2\/product_brand?post=249"},{"taxonomy":"product_cat","embeddable":true,"href":"https:\/\/wangshajewelry.com\/de\/wp-json\/wp\/v2\/product_cat?post=249"},{"taxonomy":"product_tag","embeddable":true,"href":"https:\/\/wangshajewelry.com\/de\/wp-json\/wp\/v2\/product_tag?post=249"}],"curies":[{"name":"wp","href":"https:\/\/api.w.org\/{rel}","templated":true}]}}