{"id":255,"date":"2025-11-27T10:13:37","date_gmt":"2025-11-27T10:13:37","guid":{"rendered":"https:\/\/wangshajewelry.com\/?post_type=product&#038;p=255"},"modified":"2025-11-28T08:14:41","modified_gmt":"2025-11-28T08:14:41","slug":"edelstahlarmband-in-gold-ubertrieben","status":"publish","type":"product","link":"https:\/\/wangshajewelry.com\/de\/product\/edelstahlarmband-in-gold-ubertrieben\/","title":{"rendered":"Edelstahlarmband Exaggerated Gold"},"content":{"rendered":"<h3 data-start=\"99\" data-end=\"148\"><strong data-start=\"103\" data-end=\"148\">Edelstahlarmband Exaggerated Gold<\/strong><\/h3>\n<p data-start=\"150\" data-end=\"601\"><strong data-start=\"150\" data-end=\"162\">\u00dcbersicht<\/strong><br data-start=\"162\" data-end=\"165\" \/>Setzen Sie ein markantes Zeichen mit dem <em data-start=\"196\" data-end=\"239\">Edelstahlarmband Exaggerated Gold<\/em>, Hier trifft Luxus auf modernes Design in einem auff\u00e4lligen St\u00fcck, das die Aufmerksamkeit auf sich zieht. Gefertigt aus robustem Edelstahl und mit einer satten Goldoberfl\u00e4che \u00fcberzogen, bietet dieses Armband einen extravaganten, hochmodischen Look, der perfekt f\u00fcr alle ist, die auffallen wollen. Ob allein getragen oder mit anderen Accessoires kombiniert, es ist das ultimative St\u00fcck, das Ihren Stil aufwertet.<\/p>\n<p data-start=\"603\" data-end=\"621\"><strong data-start=\"603\" data-end=\"619\">Wesentliche Merkmale<\/strong><\/p>\n<ul data-start=\"622\" data-end=\"1869\">\n<li data-start=\"622\" data-end=\"875\">\n<p data-start=\"624\" data-end=\"875\"><strong data-start=\"624\" data-end=\"651\">K\u00fchnes, \u00fcbertriebenes Design<\/strong>: Dieses Armband besticht durch sein gro\u00dfes, auff\u00e4lliges Design, das moderne \u00c4sthetik mit zeitloser Eleganz verbindet. Die \u00fcbergro\u00dfen Glieder und die skulpturale Form machen es zu einem auff\u00e4lligen Accessoire, das jedem Outfit Dramatik und Flair verleiht.<\/p>\n<\/li>\n<li data-start=\"876\" data-end=\"1161\">\n<p data-start=\"878\" data-end=\"1161\"><strong data-start=\"878\" data-end=\"918\">Premium-Edelstahlkonstruktion<\/strong>: Dieses Armband ist aus hochwertigem Edelstahl gefertigt und f\u00fcr eine lange Lebensdauer ausgelegt. Edelstahl ist f\u00fcr seine Robustheit und Korrosionsbest\u00e4ndigkeit bekannt und sorgt daf\u00fcr, dass Ihr Armband auch bei t\u00e4glichem Tragen seine Form beh\u00e4lt und makellos bleibt.<\/p>\n<\/li>\n<li data-start=\"1162\" data-end=\"1435\">\n<p data-start=\"1164\" data-end=\"1435\"><strong data-start=\"1164\" data-end=\"1190\">Luxuri\u00f6se Goldplattierung<\/strong>: Das Armband ist mit einer dicken Goldschicht \u00fcberzogen, die ihm eine warme, strahlende Oberfl\u00e4che verleiht, die das Aussehen von massivem Gold widerspiegelt. Die Beschichtung unterstreicht die luxuri\u00f6se Ausstrahlung des Armbands und verleiht ihm eine gl\u00e4nzende Schicht, die das Licht aus jedem Winkel einf\u00e4ngt.<\/p>\n<\/li>\n<li data-start=\"1436\" data-end=\"1677\">\n<p data-start=\"1438\" data-end=\"1677\"><strong data-start=\"1438\" data-end=\"1457\">Vielseitiger Stil<\/strong>: Trotz seines gewagten Designs passt dieses Armband sowohl zu legeren als auch zu formellen Outfits. Ob Sie es zu einem Business-Anzug, einem schicken Abendkleid oder einem entspannten Look tragen, es verleiht einen raffinierten und modernen Touch.<\/p>\n<\/li>\n<li data-start=\"1678\" data-end=\"1869\">\n<p data-start=\"1680\" data-end=\"1869\"><strong data-start=\"1680\" data-end=\"1699\">Bequeme Passform<\/strong>: Das Design ist gewagt, aber das Armband ist so gefertigt, dass es bequem am Handgelenk sitzt. Der sichere Verschluss sorgt f\u00fcr einen passgenauen Sitz, sodass es den ganzen Tag \u00fcber getragen werden kann.<\/p>\n<\/li>\n<\/ul>\n<p data-start=\"1871\" data-end=\"1895\"><strong data-start=\"1871\" data-end=\"1893\">Warum Sie es lieben werden<\/strong><\/p>\n<ul data-start=\"1896\" data-end=\"2765\">\n<li data-start=\"1896\" data-end=\"2149\">\n<p data-start=\"1898\" data-end=\"2149\"><strong data-start=\"1898\" data-end=\"1917\">Statement-St\u00fcck<\/strong>: Das \u00fcbertriebene Design dieses Armbands macht es zum perfekten Accessoire f\u00fcr alle, die auffallen wollen. Die \u00fcbergro\u00dfen Glieder und die auff\u00e4llige goldene Oberfl\u00e4che ziehen sofort die Aufmerksamkeit auf sich und machen es zu einem herausragenden St\u00fcck in Ihrer Schmucksammlung.<\/p>\n<\/li>\n<li data-start=\"2150\" data-end=\"2365\">\n<p data-start=\"2152\" data-end=\"2365\"><strong data-start=\"2152\" data-end=\"2180\">Dauerhaftigkeit und Langlebigkeit<\/strong>: Edelstahl ist f\u00fcr seine Langlebigkeit bekannt, so dass dieses Armband seine sch\u00f6ne goldene Oberfl\u00e4che und Form \u00fcber Jahre hinweg beibeh\u00e4lt. Es ist ein pflegeleichtes Accessoire mit hohem Wiedererkennungswert.<\/p>\n<\/li>\n<li data-start=\"2366\" data-end=\"2558\">\n<p data-start=\"2368\" data-end=\"2558\"><strong data-start=\"2368\" data-end=\"2392\">Perfekt f\u00fcr die Schichtung<\/strong>: Dieses Armband ist nicht nur f\u00fcr sich allein ein Hingucker, sondern l\u00e4sst sich auch gut in Lagenlooks kombinieren. Kombinieren Sie es mit filigranen Armreifen oder Uhren f\u00fcr ein modisches, kuratiertes Set.<\/p>\n<\/li>\n<li data-start=\"2559\" data-end=\"2765\">\n<p data-start=\"2561\" data-end=\"2765\"><strong data-start=\"2561\" data-end=\"2580\">Zeitlose Anziehungskraft<\/strong>: Gold ist seit langem ein Symbol f\u00fcr Reichtum und Luxus, und dieses Armband strahlt dasselbe zeitlose, erhabene Gef\u00fchl aus, was es zum perfekten Accessoire sowohl f\u00fcr die moderne als auch f\u00fcr die klassische Garderobe macht.<\/p>\n<\/li>\n<\/ul>\n<p data-start=\"2767\" data-end=\"3084\"><strong data-start=\"2767\" data-end=\"2783\">Produktpflege<\/strong><br data-start=\"2783\" data-end=\"2786\" \/>Um den goldenen Glanz zu erhalten, wischen Sie das Armband nach dem Tragen vorsichtig mit einem weichen Tuch ab, um \u00d6le und Schmutz zu entfernen. Vermeiden Sie den Kontakt mit scharfen Chemikalien, Parf\u00fcm oder scheuernden Oberfl\u00e4chen, um die Beschichtung zu sch\u00fctzen. Bewahren Sie das Armband an einem k\u00fchlen, trockenen Ort auf, z. B. in einem Schmuckk\u00e4stchen oder Etui, um Kratzer zu vermeiden.<\/p>","protected":false},"excerpt":{"rendered":"<p>Setzen Sie ein markantes Zeichen mit dem <em data-start=\"196\" data-end=\"239\">Edelstahlarmband Exaggerated Gold<\/em>, Hier trifft Luxus auf modernes Design in einem auff\u00e4lligen St\u00fcck, das die Aufmerksamkeit auf sich zieht. Gefertigt aus robustem Edelstahl und mit einer satten Goldoberfl\u00e4che \u00fcberzogen, bietet dieses Armband einen extravaganten, hochmodischen Look, der perfekt f\u00fcr alle ist, die auffallen wollen. Ob allein getragen oder mit anderen Accessoires kombiniert, es ist das ultimative St\u00fcck, das Ihren Stil aufwertet.<\/p>","protected":false},"featured_media":260,"comment_status":"open","ping_status":"closed","template":"","meta":[],"product_brand":[],"product_cat":[36],"product_tag":[],"class_list":{"0":"post-255","1":"product","2":"type-product","3":"status-publish","4":"has-post-thumbnail","6":"product_cat-bracelets","8":"first","9":"instock","10":"shipping-taxable","11":"product-type-simple"},"_links":{"self":[{"href":"https:\/\/wangshajewelry.com\/de\/wp-json\/wp\/v2\/product\/255","targetHints":{"allow":["GET"]}}],"collection":[{"href":"https:\/\/wangshajewelry.com\/de\/wp-json\/wp\/v2\/product"}],"about":[{"href":"https:\/\/wangshajewelry.com\/de\/wp-json\/wp\/v2\/types\/product"}],"replies":[{"embeddable":true,"href":"https:\/\/wangshajewelry.com\/de\/wp-json\/wp\/v2\/comments?post=255"}],"wp:featuredmedia":[{"embeddable":true,"href":"https:\/\/wangshajewelry.com\/de\/wp-json\/wp\/v2\/media\/260"}],"wp:attachment":[{"href":"https:\/\/wangshajewelry.com\/de\/wp-json\/wp\/v2\/media?parent=255"}],"wp:term":[{"taxonomy":"product_brand","embeddable":true,"href":"https:\/\/wangshajewelry.com\/de\/wp-json\/wp\/v2\/product_brand?post=255"},{"taxonomy":"product_cat","embeddable":true,"href":"https:\/\/wangshajewelry.com\/de\/wp-json\/wp\/v2\/product_cat?post=255"},{"taxonomy":"product_tag","embeddable":true,"href":"https:\/\/wangshajewelry.com\/de\/wp-json\/wp\/v2\/product_tag?post=255"}],"curies":[{"name":"wp","href":"https:\/\/api.w.org\/{rel}","templated":true}]}}