{"id":281,"date":"2025-11-27T23:18:19","date_gmt":"2025-11-27T23:18:19","guid":{"rendered":"https:\/\/wangshajewelry.com\/?post_type=product&#038;p=281"},"modified":"2025-11-28T08:15:15","modified_gmt":"2025-11-28T08:15:15","slug":"schlangenring-aus-edelstahl","status":"publish","type":"product","link":"https:\/\/wangshajewelry.com\/de\/product\/schlangenring-aus-edelstahl\/","title":{"rendered":"Schlangenring aus Edelstahl"},"content":{"rendered":"<h3 data-start=\"169\" data-end=\"240\"><strong data-start=\"173\" data-end=\"240\">Schlangenring aus Edelstahl - k\u00fchn, schlank und zeitlos elegant<\/strong><\/h3>\n<p data-start=\"242\" data-end=\"687\">Entfesseln Sie Ihre innere St\u00e4rke und verleihen Sie Ihrem Stil einen Hauch von Mystik mit unserem <strong data-start=\"321\" data-end=\"351\">Schlangenring aus Edelstahl<\/strong>. Dieses auff\u00e4llige St\u00fcck ist fachm\u00e4nnisch aus hochwertigem Edelstahl gefertigt und bietet sowohl Haltbarkeit als auch eine moderne, kantige \u00c4sthetik. Die Schlange, ein uraltes Symbol f\u00fcr Verwandlung, Wiedergeburt und Weisheit, schl\u00e4ngelt sich gewunden um Ihren Finger und erzeugt einen fesselnden und dynamischen Effekt, der die Eleganz und Kraft dieser mythischen Kreatur widerspiegelt.<\/p>\n<p data-start=\"689\" data-end=\"940\">Ganz gleich, ob Sie ein Fan von auff\u00e4lligen Accessoires sind oder ein einzigartiges Statement setzen m\u00f6chten, dieser Schlangenring zieht garantiert alle Blicke auf sich. Seine filigranen Details und die glatte Oberfl\u00e4che machen ihn sowohl zu einem Blickfang als auch zu einer bequemen Erg\u00e4nzung Ihrer t\u00e4glichen Garderobe.<\/p>\n<h4 data-start=\"942\" data-end=\"964\"><strong data-start=\"947\" data-end=\"964\">Wesentliche Merkmale:<\/strong><\/h4>\n<ul data-start=\"966\" data-end=\"3111\">\n<li data-start=\"966\" data-end=\"1255\">\n<p data-start=\"968\" data-end=\"1255\"><strong data-start=\"968\" data-end=\"1009\">Premium-Edelstahlkonstruktion:<\/strong><br data-start=\"1009\" data-end=\"1012\" \/>Dieser Ring ist aus hochwertigem Edelstahl gefertigt und daher besonders langlebig und widerstandsf\u00e4hig gegen Anlaufen, Korrosion und Kratzer. Er beh\u00e4lt sein glattes, poliertes Aussehen \u00fcber Jahre hinweg und ist damit eine dauerhafte Erg\u00e4nzung Ihrer Schmucksammlung.<\/p>\n<\/li>\n<li data-start=\"1257\" data-end=\"1543\">\n<p data-start=\"1259\" data-end=\"1543\"><strong data-start=\"1259\" data-end=\"1285\">Detaillierter Schlangenentwurf:<\/strong><br data-start=\"1285\" data-end=\"1288\" \/>Das detaillierte Schlangenmotiv wickelt sich in einer kontinuierlichen Schleife um Ihren Finger, mit realistischer Schuppenstruktur und einem Wickeleffekt, der Tiefe und Dimension verleiht. Die scharfen, geschwungenen Linien verleihen dem Ring ein Gef\u00fchl der Bewegung und machen ihn zu einem auff\u00e4lligen Schmuckst\u00fcck.<\/p>\n<\/li>\n<li data-start=\"1545\" data-end=\"1889\">\n<p data-start=\"1547\" data-end=\"1889\"><strong data-start=\"1547\" data-end=\"1574\">Die Symbolik der Schlange:<\/strong><br data-start=\"1574\" data-end=\"1577\" \/>Schlangen sind in vielen Kulturen reich an Symbolen und stehen f\u00fcr Transformation, Schutz, Heilung und Weisheit. In der antiken Mythologie wurden sie oft mit den Zyklen von Leben und Tod, Regeneration und der F\u00e4higkeit, alte Haut abzuwerfen, in Verbindung gebracht. Das macht diesen Ring nicht nur zu einem Accessoire, sondern zu einem bedeutungsvollen Talisman.<\/p>\n<\/li>\n<li data-start=\"1891\" data-end=\"2214\">\n<p data-start=\"1893\" data-end=\"2214\"><strong data-start=\"1893\" data-end=\"1922\">Bequem und tragbar:<\/strong><br data-start=\"1922\" data-end=\"1925\" \/>Trotz seines auff\u00e4lligen Aussehens wurde bei der Gestaltung des Rings auf Komfort geachtet. Seine glatte, polierte Innenseite sorgt daf\u00fcr, dass er gut und bequem am Finger sitzt, w\u00e4hrend das Material aus Edelstahl hypoallergen und sanft zur Haut ist, was ihn perfekt f\u00fcr Menschen mit empfindlicher Haut macht.<\/p>\n<\/li>\n<li data-start=\"2216\" data-end=\"2564\">\n<p data-start=\"2218\" data-end=\"2564\"><strong data-start=\"2218\" data-end=\"2255\">Vielseitiges Design f\u00fcr alle Geschlechter:<\/strong><br data-start=\"2255\" data-end=\"2258\" \/>Die <strong data-start=\"2264\" data-end=\"2294\">Schlangenring aus Edelstahl<\/strong> ist sowohl f\u00fcr M\u00e4nner als auch f\u00fcr Frauen geeignet und somit ein vielseitiges St\u00fcck, das von jedem getragen werden kann, der einen mutigen, kantigen Look bevorzugt. Es kann mit einer Vielzahl von Outfits kombiniert werden, von l\u00e4ssiger Streetwear bis hin zu formeller Kleidung, und verleiht Ihnen einen Hauch von grimmiger Eleganz, wo immer Sie hingehen.<\/p>\n<\/li>\n<li data-start=\"2566\" data-end=\"2849\">\n<p data-start=\"2568\" data-end=\"2849\"><strong data-start=\"2568\" data-end=\"2600\">Erh\u00e4ltlich in mehreren Gr\u00f6\u00dfen:<\/strong><br data-start=\"2600\" data-end=\"2603\" \/>Der Ring ist in verschiedenen Gr\u00f6\u00dfen erh\u00e4ltlich, damit er perfekt zu jedem Finger passt. Egal, ob Sie ihn als Statement am Zeigefinger oder als dezentes Accessoire am Ringfinger tragen m\u00f6chten, Sie werden die ideale Gr\u00f6\u00dfe f\u00fcr Ihre Hand finden.<\/p>\n<\/li>\n<li data-start=\"2851\" data-end=\"3111\">\n<p data-start=\"2853\" data-end=\"3111\"><strong data-start=\"2853\" data-end=\"2896\">Geringer Pflegeaufwand und lang anhaltender Glanz:<\/strong><br data-start=\"2896\" data-end=\"2899\" \/>Edelstahl ist unglaublich pflegeleicht. Damit Ihr Ring immer gut aussieht, wischen Sie ihn einfach mit einem weichen Tuch ab. Polieren oder besondere Pflege ist nicht erforderlich - er beh\u00e4lt seinen Glanz und seine Ausstrahlung ohne gro\u00dfen Aufwand.<\/p>\n<\/li>\n<\/ul>\n<h4 data-start=\"3113\" data-end=\"3141\"><strong data-start=\"3118\" data-end=\"3141\">Warum Sie es lieben werden:<\/strong><\/h4>\n<ul data-start=\"3143\" data-end=\"3426\">\n<li data-start=\"3143\" data-end=\"3222\">\n<p data-start=\"3145\" data-end=\"3222\">Ein auff\u00e4lliges und aussagekr\u00e4ftiges St\u00fcck, das Ihrem Stil eine besondere Note und Pers\u00f6nlichkeit verleiht.<\/p>\n<\/li>\n<li data-start=\"3223\" data-end=\"3299\">\n<p data-start=\"3225\" data-end=\"3299\">Ein erm\u00e4chtigendes Symbol, das f\u00fcr St\u00e4rke, Transformation und Weisheit steht.<\/p>\n<\/li>\n<li data-start=\"3300\" data-end=\"3365\">\n<p data-start=\"3302\" data-end=\"3365\">Hypoallergen und langlebig, entwickelt, um den Test der Zeit zu bestehen.<\/p>\n<\/li>\n<li data-start=\"3366\" data-end=\"3426\">\n<p data-start=\"3368\" data-end=\"3426\">Perfekt, um sie zu stapeln oder als Einzelst\u00fcck zu tragen.<\/p>\n<\/li>\n<\/ul>\n<h3 data-start=\"3428\" data-end=\"3458\"><strong data-start=\"3432\" data-end=\"3458\">Setzen Sie ein k\u00fchnes Zeichen:<\/strong><\/h3>\n<p data-start=\"3459\" data-end=\"3733\">Egal, ob Sie sich von der Symbolik der Schlange angezogen f\u00fchlen oder einfach nur das wilde, moderne Design lieben, dieses <a href=\"https:\/\/wangshajewelry.com\/de\/\"><strong data-start=\"3556\" data-end=\"3586\">Schlangenring aus Edelstahl<\/strong><\/a> ist das ultimative Accessoire f\u00fcr alle, die ein mutiges Statement setzen wollen. Tragen Sie es mit Selbstvertrauen und machen Sie sich die Kraft der Verwandlung zu eigen - jeden Tag.<\/p>","protected":false},"excerpt":{"rendered":"<p>Entfesseln Sie Ihre innere St\u00e4rke und verleihen Sie Ihrem Stil einen Hauch von Mystik mit unserem <strong data-start=\"321\" data-end=\"351\">Schlangenring aus Edelstahl<\/strong>. Dieses auff\u00e4llige St\u00fcck ist fachm\u00e4nnisch aus hochwertigem Edelstahl gefertigt und bietet sowohl Haltbarkeit als auch eine moderne, kantige \u00c4sthetik. Die Schlange, ein uraltes Symbol f\u00fcr Verwandlung, Wiedergeburt und Weisheit, schl\u00e4ngelt sich gewunden um Ihren Finger und erzeugt einen fesselnden und dynamischen Effekt, der die Eleganz und Kraft dieser mythischen Kreatur widerspiegelt.<\/p>","protected":false},"featured_media":286,"comment_status":"open","ping_status":"closed","template":"","meta":[],"product_brand":[],"product_cat":[17],"product_tag":[],"class_list":{"0":"post-281","1":"product","2":"type-product","3":"status-publish","4":"has-post-thumbnail","6":"product_cat-rings","8":"first","9":"instock","10":"shipping-taxable","11":"product-type-simple"},"_links":{"self":[{"href":"https:\/\/wangshajewelry.com\/de\/wp-json\/wp\/v2\/product\/281","targetHints":{"allow":["GET"]}}],"collection":[{"href":"https:\/\/wangshajewelry.com\/de\/wp-json\/wp\/v2\/product"}],"about":[{"href":"https:\/\/wangshajewelry.com\/de\/wp-json\/wp\/v2\/types\/product"}],"replies":[{"embeddable":true,"href":"https:\/\/wangshajewelry.com\/de\/wp-json\/wp\/v2\/comments?post=281"}],"wp:featuredmedia":[{"embeddable":true,"href":"https:\/\/wangshajewelry.com\/de\/wp-json\/wp\/v2\/media\/286"}],"wp:attachment":[{"href":"https:\/\/wangshajewelry.com\/de\/wp-json\/wp\/v2\/media?parent=281"}],"wp:term":[{"taxonomy":"product_brand","embeddable":true,"href":"https:\/\/wangshajewelry.com\/de\/wp-json\/wp\/v2\/product_brand?post=281"},{"taxonomy":"product_cat","embeddable":true,"href":"https:\/\/wangshajewelry.com\/de\/wp-json\/wp\/v2\/product_cat?post=281"},{"taxonomy":"product_tag","embeddable":true,"href":"https:\/\/wangshajewelry.com\/de\/wp-json\/wp\/v2\/product_tag?post=281"}],"curies":[{"name":"wp","href":"https:\/\/api.w.org\/{rel}","templated":true}]}}