{"id":293,"date":"2025-11-27T23:29:41","date_gmt":"2025-11-27T23:29:41","guid":{"rendered":"https:\/\/wangshajewelry.com\/?post_type=product&#038;p=293"},"modified":"2025-11-28T08:15:56","modified_gmt":"2025-11-28T08:15:56","slug":"titan-edelstahl-naturstein-ring","status":"publish","type":"product","link":"https:\/\/wangshajewelry.com\/de\/product\/titan-edelstahl-naturstein-ring\/","title":{"rendered":"Titan-Edelstahl-Naturstein-Ring"},"content":{"rendered":"<h3 data-start=\"99\" data-end=\"187\"><strong data-start=\"103\" data-end=\"187\">Titan-Edelstahl-Naturstein-Ring - Robuste Eleganz mit irdischem Charme<\/strong><\/h3>\n<p data-start=\"189\" data-end=\"655\">Entdecken Sie die perfekte Verschmelzung von moderner Haltbarkeit und nat\u00fcrlicher Sch\u00f6nheit mit unseren <strong data-start=\"266\" data-end=\"313\">Titan-Edelstahl-Naturstein-Ring<\/strong>. Dieser aus einer Kombination von starkem Titan und Edelstahl gefertigte Ring ist f\u00fcr alle gedacht, die sowohl einen modernen Stil als auch die zeitlose Anziehungskraft von Natursteinen sch\u00e4tzen. Ganz gleich, ob Sie ein einzigartiges Statement-St\u00fcck oder ein langlebiges Alltags-Accessoire suchen, dieser Ring bietet das Beste aus beiden Welten - St\u00e4rke, Stil und nat\u00fcrliche Eleganz.<\/p>\n<p data-start=\"657\" data-end=\"969\">Der Naturstein in der Mitte des Rings sorgt f\u00fcr eine erdige Note und verleiht dem glatten Metallring Tiefe und Charakter. Jeder Stein ist einzigartig und variiert in Farbe und Textur, sodass kein Ring dem anderen gleicht. Von der glatten Oberfl\u00e4che bis zum atemberaubenden Steindesign ist dieser Ring ein echter Hingucker.<\/p>\n<h4 data-start=\"971\" data-end=\"993\"><strong data-start=\"976\" data-end=\"993\">Wesentliche Merkmale:<\/strong><\/h4>\n<ul data-start=\"995\" data-end=\"3323\">\n<li data-start=\"995\" data-end=\"1343\">\n<p data-start=\"997\" data-end=\"1343\"><strong data-start=\"997\" data-end=\"1051\">Hochwertige Konstruktion aus Titan und Edelstahl:<\/strong><br \/>\nDer Ring besteht aus einer sorgf\u00e4ltig hergestellten Mischung aus Titan und Edelstahl, zwei der haltbarsten und korrosionsbest\u00e4ndigsten Materialien auf dem Markt. Diese Kombination sorgt f\u00fcr einen leichten und dennoch unglaublich stabilen Ring, der dem t\u00e4glichen Tragen standh\u00e4lt und sein poliertes Aussehen \u00fcber die Zeit beibeh\u00e4lt.<\/p>\n<\/li>\n<li data-start=\"1345\" data-end=\"1745\">\n<p data-start=\"1347\" data-end=\"1745\"><strong data-start=\"1347\" data-end=\"1371\">Naturstein-Intarsien:<\/strong><br \/>\nDas Herzst\u00fcck des Rings ist eine wundersch\u00f6ne Natursteinintarsie, die sorgf\u00e4ltig nach ihrem einzigartigen Muster, ihrer Farbe und ihrer Struktur ausgew\u00e4hlt wurde. Steine k\u00f6nnen variieren von <strong data-start=\"1519\" data-end=\"1532\">t\u00fcrkis<\/strong> und <strong data-start=\"1537\" data-end=\"1545\">onyx<\/strong> zu <strong data-start=\"1549\" data-end=\"1559\">Jaspis<\/strong> und <strong data-start=\"1564\" data-end=\"1580\">Lapislazuli<\/strong>, Jeder Stein hat seine eigenen individuellen Eigenschaften und seine eigene Bedeutung. Diese erdige Note verleiht jedem Ring Charakter und Einzigartigkeit und macht ihn zu einem einzigartigen St\u00fcck.<\/p>\n<\/li>\n<li data-start=\"1747\" data-end=\"2094\">\n<p data-start=\"1749\" data-end=\"2094\"><strong data-start=\"1749\" data-end=\"1774\">Schlankes, modernes Design:<\/strong><br \/>\nDie Kombination der matten oder polierten Oberfl\u00e4che von rostfreiem Titan mit dem erdigen Charme des Natursteins schafft einen raffinierten und zugleich robusten Look. Die klaren Linien des Metallbandes werden durch die nat\u00fcrliche Sch\u00f6nheit des Steins erg\u00e4nzt und verleihen ihm eine vielseitige Ausstrahlung, die sowohl leger als auch zu besonderen Anl\u00e4ssen getragen werden kann.<\/p>\n<\/li>\n<li data-start=\"2096\" data-end=\"2455\">\n<p data-start=\"2098\" data-end=\"2455\"><strong data-start=\"2098\" data-end=\"2136\">Langlebigkeit und Kratzfestigkeit:<\/strong><br \/>\nSowohl Titan als auch Edelstahl sind f\u00fcr ihre au\u00dfergew\u00f6hnliche Haltbarkeit bekannt. Diese Materialien sind resistent gegen Kratzer, Anlaufen und Oxidation und sorgen daf\u00fcr, dass Ihr Ring sein atemberaubendes Aussehen \u00fcber Jahre hinweg beibeh\u00e4lt. Egal, ob er t\u00e4glich oder zu besonderen Anl\u00e4ssen getragen wird, der Ring wird weiterhin gl\u00e4nzen, ohne seine Integrit\u00e4t zu verlieren.<\/p>\n<\/li>\n<li data-start=\"2457\" data-end=\"2705\">\n<p data-start=\"2459\" data-end=\"2705\"><strong data-start=\"2459\" data-end=\"2496\">Hypoallergen und hautvertr\u00e4glich:<\/strong><br \/>\nTitan und Edelstahl sind beide hypoallergen, was diesen Ring zu einer guten Wahl f\u00fcr Menschen mit empfindlicher Haut macht. Sie k\u00f6nnen ihn mit Zuversicht tragen, da Sie wissen, dass er nicht reizt oder mit der Zeit Unbehagen verursacht.<\/p>\n<\/li>\n<li data-start=\"2707\" data-end=\"3035\">\n<p data-start=\"2709\" data-end=\"3035\"><strong data-start=\"2709\" data-end=\"2729\">Vielseitiger Stil:<\/strong><br \/>\nDie erdigen T\u00f6ne des Natursteins in Kombination mit dem schlanken Metallband machen diesen Ring ideal f\u00fcr M\u00e4nner und Frauen. Er ist perfekt f\u00fcr alle, die minimalistisches Design mit einem nat\u00fcrlichen Touch sch\u00e4tzen. Der Ring l\u00e4sst sich m\u00fchelos mit legeren Outfits kombinieren, kann aber auch zu formelleren Anl\u00e4ssen getragen werden.<\/p>\n<\/li>\n<li data-start=\"3037\" data-end=\"3323\">\n<p data-start=\"3039\" data-end=\"3323\"><strong data-start=\"3039\" data-end=\"3071\">Erh\u00e4ltlich in mehreren Gr\u00f6\u00dfen:<\/strong><br \/>\nDie <strong data-start=\"3078\" data-end=\"3125\">Titan-Edelstahl-Naturstein-Ring<\/strong> ist in einer Reihe von Gr\u00f6\u00dfen erh\u00e4ltlich, um eine bequeme, ma\u00dfgeschneiderte Passform zu gew\u00e4hrleisten. Egal, ob Sie es als gewagtes Statement-St\u00fcck tragen oder ein eher dezentes Design bevorzugen, Sie werden die richtige Gr\u00f6\u00dfe f\u00fcr Ihren Stil finden.<\/p>\n<\/li>\n<\/ul>\n<h4 data-start=\"3325\" data-end=\"3353\"><strong data-start=\"3330\" data-end=\"3353\">Warum Sie es lieben werden:<\/strong><\/h4>\n<ul data-start=\"3355\" data-end=\"4134\">\n<li data-start=\"3355\" data-end=\"3603\">\n<p data-start=\"3357\" data-end=\"3603\"><strong data-start=\"3357\" data-end=\"3383\">Einzigartig und aussagekr\u00e4ftig:<\/strong> Jeder Naturstein hat seine eigene Bedeutung und verleiht Ihrem Ring eine pers\u00f6nliche Note. Vielen Steinen werden bestimmte Eigenschaften zugeschrieben - wie Heilung, Schutz und Gleichgewicht - und verleihen dem Ring sowohl Stil als auch Substanz.<\/p>\n<\/li>\n<li data-start=\"3604\" data-end=\"3755\">\n<p data-start=\"3606\" data-end=\"3755\"><strong data-start=\"3606\" data-end=\"3624\">F\u00fcr die Ewigkeit gebaut:<\/strong> Die Kombination aus Titan und Edelstahl gew\u00e4hrleistet, dass Ihr Ring jahrelang h\u00e4lt, ohne seine Sch\u00f6nheit oder Struktur zu verlieren.<\/p>\n<\/li>\n<li data-start=\"3756\" data-end=\"3949\">\n<p data-start=\"3758\" data-end=\"3949\"><strong data-start=\"3758\" data-end=\"3783\">Umweltbewusste Sch\u00f6nheit:<\/strong> Mit seinem Naturstein in der Mitte ist dieser Ring eine gro\u00dfartige Option f\u00fcr alle, die nachhaltige, umweltfreundliche Designs sch\u00e4tzen, die dennoch hochwertige Handwerkskunst bieten.<\/p>\n<\/li>\n<li data-start=\"3950\" data-end=\"4134\">\n<p data-start=\"3952\" data-end=\"4134\"><strong data-start=\"3952\" data-end=\"3979\">Vielseitig und zeitlos:<\/strong> Dieser Ring passt zu jeder Gelegenheit, vom t\u00e4glichen Tragen bis hin zu formellen Anl\u00e4ssen. Seine nat\u00fcrliche \u00c4sthetik und sein modernes Design sorgen daf\u00fcr, dass er Saison f\u00fcr Saison stilvoll bleibt.<\/p>\n<\/li>\n<\/ul>\n<h3 data-start=\"4141\" data-end=\"4170\"><strong data-start=\"4145\" data-end=\"4170\">Tragen Sie die Sch\u00f6nheit der Natur:<\/strong><\/h3>\n<p data-start=\"4171\" data-end=\"4506\">Verleihen Sie Ihrem Look einen Hauch von schlichter Eleganz mit dem <strong data-start=\"4224\" data-end=\"4271\">Titan-Edelstahl-Naturstein-Ring<\/strong>. Ob Sie sich von der St\u00e4rke der Materialien, der Sch\u00f6nheit des Natursteins oder der bedeutungsvollen Symbolik dahinter angezogen f\u00fchlen, dieser Ring wird eine zeitlose Erg\u00e4nzung Ihrer Schmucksammlung sein. Genie\u00dfen Sie die Sch\u00f6nheit der Natur mit jedem Tragen.<\/p>","protected":false},"excerpt":{"rendered":"<p>Entdecken Sie die perfekte Verschmelzung von moderner Haltbarkeit und nat\u00fcrlicher Sch\u00f6nheit mit unseren <strong data-start=\"266\" data-end=\"313\">Titan-Edelstahl-Naturstein-Ring<\/strong>. Dieser aus einer Kombination von starkem Titan und Edelstahl gefertigte Ring ist f\u00fcr alle gedacht, die sowohl einen modernen Stil als auch die zeitlose Anziehungskraft von Natursteinen sch\u00e4tzen. Ganz gleich, ob Sie ein einzigartiges Statement-St\u00fcck oder ein langlebiges Alltags-Accessoire suchen, dieser Ring bietet das Beste aus beiden Welten - St\u00e4rke, Stil und nat\u00fcrliche Eleganz.<\/p>","protected":false},"featured_media":298,"comment_status":"open","ping_status":"closed","template":"","meta":[],"product_brand":[],"product_cat":[17],"product_tag":[],"class_list":{"0":"post-293","1":"product","2":"type-product","3":"status-publish","4":"has-post-thumbnail","6":"product_cat-rings","8":"first","9":"instock","10":"shipping-taxable","11":"product-type-simple"},"_links":{"self":[{"href":"https:\/\/wangshajewelry.com\/de\/wp-json\/wp\/v2\/product\/293","targetHints":{"allow":["GET"]}}],"collection":[{"href":"https:\/\/wangshajewelry.com\/de\/wp-json\/wp\/v2\/product"}],"about":[{"href":"https:\/\/wangshajewelry.com\/de\/wp-json\/wp\/v2\/types\/product"}],"replies":[{"embeddable":true,"href":"https:\/\/wangshajewelry.com\/de\/wp-json\/wp\/v2\/comments?post=293"}],"wp:featuredmedia":[{"embeddable":true,"href":"https:\/\/wangshajewelry.com\/de\/wp-json\/wp\/v2\/media\/298"}],"wp:attachment":[{"href":"https:\/\/wangshajewelry.com\/de\/wp-json\/wp\/v2\/media?parent=293"}],"wp:term":[{"taxonomy":"product_brand","embeddable":true,"href":"https:\/\/wangshajewelry.com\/de\/wp-json\/wp\/v2\/product_brand?post=293"},{"taxonomy":"product_cat","embeddable":true,"href":"https:\/\/wangshajewelry.com\/de\/wp-json\/wp\/v2\/product_cat?post=293"},{"taxonomy":"product_tag","embeddable":true,"href":"https:\/\/wangshajewelry.com\/de\/wp-json\/wp\/v2\/product_tag?post=293"}],"curies":[{"name":"wp","href":"https:\/\/api.w.org\/{rel}","templated":true}]}}