{"id":304,"date":"2025-11-27T23:48:53","date_gmt":"2025-11-27T23:48:53","guid":{"rendered":"https:\/\/wangshajewelry.com\/?post_type=product&#038;p=304"},"modified":"2025-11-28T08:09:40","modified_gmt":"2025-11-28T08:09:40","slug":"titan-stahl-doppelring-ohrringe","status":"publish","type":"product","link":"https:\/\/wangshajewelry.com\/de\/product\/titan-stahl-doppelring-ohrringe\/","title":{"rendered":"Titan-Stahl-Doppelring-Ohrringe"},"content":{"rendered":"<h3 data-start=\"89\" data-end=\"172\"><strong data-start=\"93\" data-end=\"172\">Doppelter Titan-Stahl-Ohrring - modern, schlank und zeitlos stilvoll<\/strong><\/h3>\n<p data-start=\"174\" data-end=\"589\">Werten Sie Ihre Schmucksammlung mit dem eleganten und raffinierten Design unserer <strong data-start=\"253\" data-end=\"292\">Titan-Stahl-Doppelring-Ohrringe<\/strong>. Diese Ohrringe kombinieren die St\u00e4rke und Haltbarkeit von Titan mit der k\u00fchnen Eleganz eines doppelten Reifendesigns und bieten eine moderne Interpretation eines klassischen Looks. Egal, ob du dich f\u00fcr einen Abend herausputzt oder deinem Alltagsstil einen Hauch von Sch\u00e4rfe hinzuf\u00fcgst, diese Ohrringe sind sicher, ein Statement zu setzen.<\/p>\n<p data-start=\"591\" data-end=\"960\">Diese Ohrringe aus hochwertigem Titanstahl sind f\u00fcr eine lange Lebensdauer konzipiert und bieten sowohl Komfort als auch eine lange Tragedauer. Das doppelte Reifendesign verleiht Dimension und Bewegung und f\u00e4ngt das Licht ein, wenn Sie sich bewegen, um einen strahlenden, auff\u00e4lligen Effekt zu erzielen. Diese minimalistischen, aber wirkungsvollen Ohrringe sind perfekt f\u00fcr alle, die klare Linien, moderne \u00c4sthetik und einen Hauch von K\u00fchnheit lieben.<\/p>\n<h4 data-start=\"962\" data-end=\"984\"><strong data-start=\"967\" data-end=\"984\">Wesentliche Merkmale:<\/strong><\/h4>\n<ul data-start=\"986\" data-end=\"2885\">\n<li data-start=\"986\" data-end=\"1288\">\n<p data-start=\"988\" data-end=\"1288\"><strong data-start=\"988\" data-end=\"1028\">Premium-Titanstahl-Konstruktion:<\/strong><br \/>\nDiese Ohrringe aus langlebigem Titanstahl sind leicht, korrosionsbest\u00e4ndig und hypoallergen. Das Titanmaterial sorgt daf\u00fcr, dass sie nicht nur langlebig, sondern auch sanft zu empfindlicher Haut sind, was sie ideal f\u00fcr Menschen mit Metallallergien macht.<\/p>\n<\/li>\n<li data-start=\"1290\" data-end=\"1555\">\n<p data-start=\"1292\" data-end=\"1555\"><strong data-start=\"1292\" data-end=\"1315\">Double Hoop Design:<\/strong><br \/>\nDie einzigartige Doppelringstruktur verleiht dem klassischen Creolenohrring visuelles Interesse und Tiefe. Mit zwei ineinander verschlungenen oder gestapelten Reifen schaffen diese Ohrringe eine k\u00fchne, aber elegante Silhouette, die sowohl f\u00fcr legere als auch f\u00fcr formelle Anl\u00e4sse perfekt ist.<\/p>\n<\/li>\n<li data-start=\"1557\" data-end=\"1865\">\n<p data-start=\"1559\" data-end=\"1865\"><strong data-start=\"1559\" data-end=\"1587\">Schlanke, moderne \u00c4sthetik:<\/strong><br \/>\nDas minimalistische und doch raffinierte Design dieser Ohrringe macht sie vielseitig und einfach zu jedem Outfit kombinierbar. Egal, ob Sie sich f\u00fcr das B\u00fcro oder f\u00fcr einen Abend in der Stadt kleiden, diese Ohrringe erg\u00e4nzen eine breite Palette von Stilen, von professionell bis l\u00e4ssig schick.<\/p>\n<\/li>\n<li data-start=\"1867\" data-end=\"2143\">\n<p data-start=\"1869\" data-end=\"2143\"><strong data-start=\"1869\" data-end=\"1901\">Leicht und bequem:<\/strong><br \/>\nTrotz ihres auff\u00e4lligen Aussehens sind diese Ohrringe dank der Titan-Stahl-Konstruktion unglaublich leicht und sorgen den ganzen Tag \u00fcber f\u00fcr einen angenehmen Tragekomfort. Die glatte Oberfl\u00e4che sorgt daf\u00fcr, dass sie bequem im Ohr sitzen, ohne zu irritieren.<\/p>\n<\/li>\n<li data-start=\"2145\" data-end=\"2376\">\n<p data-start=\"2147\" data-end=\"2376\"><strong data-start=\"2147\" data-end=\"2184\">Hypoallergen und hautvertr\u00e4glich:<\/strong><br \/>\nTitan ist f\u00fcr seine hypoallergenen Eigenschaften bekannt, was diese Ohrringe zu einer perfekten Wahl f\u00fcr Menschen mit empfindlicher Haut macht. Sie verursachen keine Hautreizungen und sind daher ideal f\u00fcr das langfristige Tragen.<\/p>\n<\/li>\n<li data-start=\"2378\" data-end=\"2685\">\n<p data-start=\"2380\" data-end=\"2685\"><strong data-start=\"2380\" data-end=\"2407\">Vielseitig und zeitlos:<\/strong><br \/>\nDer klassische Reif-Stil ist immer in Mode, und die zus\u00e4tzliche Dimension des doppelten Reif-Designs h\u00e4lt diese Ohrringe frisch und modern. Ob Sie sie zu einem l\u00e4ssigen Outfit oder einem glamour\u00f6sen Abendlook tragen, diese Ohrringe sind vielseitig genug, um jede Garderobe zu erg\u00e4nzen.<\/p>\n<\/li>\n<li data-start=\"2687\" data-end=\"2885\">\n<p data-start=\"2689\" data-end=\"2885\"><strong data-start=\"2689\" data-end=\"2717\">Sicher und leicht zu tragen:<\/strong><br \/>\nDas Design dieser Ohrringe sorgt daf\u00fcr, dass sie sich leicht an- und ablegen lassen, w\u00e4hrend der sichere Verschluss daf\u00fcr sorgt, dass sie den ganzen Tag und die ganze Nacht an ihrem Platz bleiben.<\/p>\n<\/li>\n<\/ul>\n<h4 data-start=\"2887\" data-end=\"2915\"><strong data-start=\"2892\" data-end=\"2915\">Warum Sie es lieben werden:<\/strong><\/h4>\n<ul data-start=\"2917\" data-end=\"3518\">\n<li data-start=\"2917\" data-end=\"3076\">\n<p data-start=\"2919\" data-end=\"3076\"><strong data-start=\"2919\" data-end=\"2943\">K\u00fchn und minimalistisch:<\/strong> Das doppelte Reifendesign verleiht Tiefe und Raffinesse, ohne zu auff\u00e4llig zu sein - perfekt f\u00fcr alle, die schlichte Eleganz sch\u00e4tzen.<\/p>\n<\/li>\n<li data-start=\"3077\" data-end=\"3217\">\n<p data-start=\"3079\" data-end=\"3217\"><strong data-start=\"3079\" data-end=\"3108\">Strapazierf\u00e4hig und langlebig:<\/strong> Titanstahl ist f\u00fcr seine Festigkeit bekannt und sorgt daf\u00fcr, dass Ihre Ohrringe \u00fcber Jahre hinweg sch\u00f6n und intakt bleiben.<\/p>\n<\/li>\n<li data-start=\"3218\" data-end=\"3375\">\n<p data-start=\"3220\" data-end=\"3375\"><strong data-start=\"3220\" data-end=\"3240\">Bequeme Passform:<\/strong> Durch ihr geringes Gewicht sind die Ohrringe bequem genug, um sie den ganzen Tag \u00fcber zu tragen, so dass Sie ihre Sch\u00f6nheit genie\u00dfen k\u00f6nnen, ohne sich unwohl zu f\u00fchlen.<\/p>\n<\/li>\n<li data-start=\"3376\" data-end=\"3518\">\n<p data-start=\"3378\" data-end=\"3518\"><strong data-start=\"3378\" data-end=\"3407\">Perfekt f\u00fcr jede Gelegenheit:<\/strong> Ob an einem l\u00e4ssigen Tag bei der Arbeit oder bei einem Abend mit Freunden, diese Ohrringe heben Ihren Stil m\u00fchelos hervor.<\/p>\n<\/li>\n<\/ul>\n<hr data-start=\"3520\" data-end=\"3523\" \/>\n<h3 data-start=\"3525\" data-end=\"3565\"><strong data-start=\"3529\" data-end=\"3565\">Zeitlose Eleganz in jedem Paar:<\/strong><\/h3>\n<p data-start=\"3566\" data-end=\"3890\">Verleihen Sie Ihrem Look einen Hauch von moderner Raffinesse mit unserem <strong data-start=\"3625\" data-end=\"3664\">Titan-Stahl-Doppelring-Ohrringe<\/strong>. Mit ihrer robusten Konstruktion, dem minimalistischen Design und der bequemen Passform sind diese Ohrringe ein Muss f\u00fcr jede modebewusste Person, die mit Leichtigkeit ein Statement setzen m\u00f6chte. Umarmen Sie den eleganten, zeitlosen Stil mit jedem Tragen.<\/p>","protected":false},"excerpt":{"rendered":"<p>Werten Sie Ihre Schmucksammlung mit dem eleganten und raffinierten Design unserer <strong data-start=\"253\" data-end=\"292\">Titan-Stahl-Doppelring-Ohrringe<\/strong>. Diese Ohrringe kombinieren die St\u00e4rke und Haltbarkeit von Titan mit der k\u00fchnen Eleganz eines doppelten Reifendesigns und bieten eine moderne Interpretation eines klassischen Looks. Egal, ob du dich f\u00fcr einen Abend herausputzt oder deinem Alltagsstil einen Hauch von Sch\u00e4rfe hinzuf\u00fcgst, diese Ohrringe sind sicher, ein Statement zu setzen.<\/p>","protected":false},"featured_media":309,"comment_status":"open","ping_status":"closed","template":"","meta":[],"product_brand":[],"product_cat":[20],"product_tag":[],"class_list":{"0":"post-304","1":"product","2":"type-product","3":"status-publish","4":"has-post-thumbnail","6":"product_cat-ear-rings","8":"first","9":"instock","10":"shipping-taxable","11":"product-type-simple"},"_links":{"self":[{"href":"https:\/\/wangshajewelry.com\/de\/wp-json\/wp\/v2\/product\/304","targetHints":{"allow":["GET"]}}],"collection":[{"href":"https:\/\/wangshajewelry.com\/de\/wp-json\/wp\/v2\/product"}],"about":[{"href":"https:\/\/wangshajewelry.com\/de\/wp-json\/wp\/v2\/types\/product"}],"replies":[{"embeddable":true,"href":"https:\/\/wangshajewelry.com\/de\/wp-json\/wp\/v2\/comments?post=304"}],"wp:featuredmedia":[{"embeddable":true,"href":"https:\/\/wangshajewelry.com\/de\/wp-json\/wp\/v2\/media\/309"}],"wp:attachment":[{"href":"https:\/\/wangshajewelry.com\/de\/wp-json\/wp\/v2\/media?parent=304"}],"wp:term":[{"taxonomy":"product_brand","embeddable":true,"href":"https:\/\/wangshajewelry.com\/de\/wp-json\/wp\/v2\/product_brand?post=304"},{"taxonomy":"product_cat","embeddable":true,"href":"https:\/\/wangshajewelry.com\/de\/wp-json\/wp\/v2\/product_cat?post=304"},{"taxonomy":"product_tag","embeddable":true,"href":"https:\/\/wangshajewelry.com\/de\/wp-json\/wp\/v2\/product_tag?post=304"}],"curies":[{"name":"wp","href":"https:\/\/api.w.org\/{rel}","templated":true}]}}