{"id":459,"date":"2025-11-30T02:18:39","date_gmt":"2025-11-30T02:18:39","guid":{"rendered":"https:\/\/wangshajewelry.com\/?post_type=product&#038;p=459"},"modified":"2025-11-30T02:18:39","modified_gmt":"2025-11-30T02:18:39","slug":"suswasserperlenkette-aus-titan-stahl","status":"publish","type":"product","link":"https:\/\/wangshajewelry.com\/de\/product\/suswasserperlenkette-aus-titan-stahl\/","title":{"rendered":"Titan-Stahl-S\u00fc\u00dfwasserperlenkette"},"content":{"rendered":"<p data-start=\"89\" data-end=\"133\"><strong data-start=\"89\" data-end=\"133\">Titan-Stahl-S\u00fc\u00dfwasserperlenkette<\/strong><\/p>\n<p data-start=\"135\" data-end=\"428\">Verleihen Sie Ihrer Schmucksammlung zeitlose Eleganz mit unserem <strong data-start=\"193\" data-end=\"237\">Titan-Stahl-S\u00fc\u00dfwasserperlenkette<\/strong>. Dieses exquisite St\u00fcck kombiniert die St\u00e4rke von <strong data-start=\"285\" data-end=\"303\">Titanium Stahl<\/strong> mit der nat\u00fcrlichen Sch\u00f6nheit der <strong data-start=\"331\" data-end=\"352\">S\u00fc\u00dfwasserperlen<\/strong>, Sie ist ein raffiniertes und vielseitiges Accessoire, das jedes Outfit aufwertet.<\/p>\n<p data-start=\"430\" data-end=\"447\"><strong data-start=\"430\" data-end=\"447\">Wesentliche Merkmale:<\/strong><\/p>\n<ul data-start=\"449\" data-end=\"1670\">\n<li data-start=\"449\" data-end=\"702\">\n<p data-start=\"451\" data-end=\"702\"><strong data-start=\"451\" data-end=\"463\">Material<\/strong>: Hergestellt aus <strong data-start=\"475\" data-end=\"506\">hochwertiger Titan-Stahl<\/strong>, ist bekannt f\u00fcr seine hohe Festigkeit, Korrosionsbest\u00e4ndigkeit und hypoallergenen Eigenschaften. Es sorgt f\u00fcr eine haltbare und langlebige Halskette, die auch bei t\u00e4glichem Tragen ihren Glanz beibeh\u00e4lt.<\/p>\n<\/li>\n<li data-start=\"703\" data-end=\"910\">\n<p data-start=\"705\" data-end=\"910\"><strong data-start=\"705\" data-end=\"714\">Perle<\/strong>: Merkmale <strong data-start=\"725\" data-end=\"754\">echte S\u00fc\u00dfwasserperlen<\/strong>, Die Perlen wurden wegen ihres schimmernden Glanzes und ihrer nat\u00fcrlichen Sch\u00f6nheit handverlesen. Jede Perle ist einzigartig und bietet einen sanften, schillernden Glanz, der das Licht bei jeder Bewegung einf\u00e4ngt.<\/p>\n<\/li>\n<li data-start=\"911\" data-end=\"1175\">\n<p data-start=\"913\" data-end=\"1175\"><strong data-start=\"913\" data-end=\"923\">Gestaltung<\/strong>: Die Halskette verf\u00fcgt \u00fcber ein <strong data-start=\"947\" data-end=\"980\">klassisches und minimalistisches Design<\/strong>, mit fein verteilten Perlen entlang des <strong data-start=\"1022\" data-end=\"1040\">Titanium Stahl<\/strong> Kette. Das schlichte, aber elegante Design passt zu jedem Stil, von leger bis formell, und ist perfekt zum \u00dcbereinanderlegen oder allein tragen.<\/p>\n<\/li>\n<li data-start=\"1176\" data-end=\"1339\">\n<p data-start=\"1178\" data-end=\"1339\"><strong data-start=\"1178\" data-end=\"1196\">Vielseitig tragbar<\/strong>: Ideal f\u00fcr jeden Anlass, egal ob Sie an einer formellen Veranstaltung oder einer Hochzeit teilnehmen oder einfach Ihrem Alltagslook einen Hauch von Raffinesse verleihen wollen.<\/p>\n<\/li>\n<li data-start=\"1340\" data-end=\"1507\">\n<p data-start=\"1342\" data-end=\"1507\"><strong data-start=\"1342\" data-end=\"1363\">Einstellbare L\u00e4nge<\/strong>: Die Halskette verf\u00fcgt \u00fcber eine verstellbare Kette, so dass Sie die Passform f\u00fcr Komfort und Stil anpassen k\u00f6nnen, so dass es f\u00fcr verschiedene Halsgr\u00f6\u00dfen geeignet ist.<\/p>\n<\/li>\n<li data-start=\"1508\" data-end=\"1670\">\n<p data-start=\"1510\" data-end=\"1670\"><strong data-start=\"1510\" data-end=\"1528\">Hypoallergen<\/strong>: Titanium Steel ist ein nicht reaktives Metall, was diese Halskette zu einer ausgezeichneten Wahl f\u00fcr Menschen mit empfindlicher Haut oder Allergien gegen andere Metalle macht.<\/p>\n<\/li>\n<\/ul>\n<p data-start=\"1672\" data-end=\"1688\"><strong data-start=\"1672\" data-end=\"1687\">Perfekt f\u00fcr<\/strong>:<\/p>\n<ul data-start=\"1689\" data-end=\"2166\">\n<li data-start=\"1689\" data-end=\"1878\">\n<p data-start=\"1691\" data-end=\"1878\"><strong data-start=\"1691\" data-end=\"1706\">Schenken<\/strong>: Ein sch\u00f6nes Geschenk f\u00fcr Jubil\u00e4en, Geburtstage, Hochzeiten oder besondere Anl\u00e4sse. Die zeitlose Kombination aus Perlen und Titanstahl macht diese Halskette zu einem gesch\u00e4tzten Geschenk.<\/p>\n<\/li>\n<li data-start=\"1879\" data-end=\"2042\">\n<p data-start=\"1881\" data-end=\"2042\"><strong data-start=\"1881\" data-end=\"1902\">Allt\u00e4gliche Eleganz<\/strong>: Ob zu Freizeitkleidung oder als Statement-St\u00fcck f\u00fcr die Abendgarderobe, diese Halskette verleiht jedem Look einen Hauch von Luxus und Raffinesse.<\/p>\n<\/li>\n<li data-start=\"2043\" data-end=\"2166\">\n<p data-start=\"2045\" data-end=\"2166\"><strong data-start=\"2045\" data-end=\"2063\">Brautschmuck<\/strong>: Eine ideale Wahl f\u00fcr Br\u00e4ute, die ein modernes und doch klassisches St\u00fcck suchen, um ihr Hochzeitsensemble zu vervollst\u00e4ndigen.<\/p>\n<\/li>\n<\/ul>\n<p data-start=\"2168\" data-end=\"2228\"><strong data-start=\"2168\" data-end=\"2228\">Warum sollten Sie sich f\u00fcr unsere S\u00fc\u00dfwasserperlenkette aus Titaniumstahl entscheiden?<\/strong><\/p>\n<p data-start=\"2230\" data-end=\"2482\">Die <strong data-start=\"2234\" data-end=\"2278\">Titan-Stahl-S\u00fc\u00dfwasserperlenkette<\/strong> bietet die perfekte Mischung aus St\u00e4rke, Eleganz und unaufdringlichem Luxus. Ganz gleich, ob Sie sich selbst verw\u00f6hnen oder ein aufmerksames Geschenk suchen, diese Halskette wird Sie beeindrucken und die Zeit \u00fcberdauern.<\/p>","protected":false},"excerpt":{"rendered":"<p>Verleihen Sie Ihrer Schmucksammlung zeitlose Eleganz mit unserem <strong data-start=\"193\" data-end=\"237\">Titan-Stahl-S\u00fc\u00dfwasserperlenkette<\/strong>. Dieses exquisite St\u00fcck kombiniert die St\u00e4rke von <strong data-start=\"285\" data-end=\"303\">Titanium Stahl<\/strong> mit der nat\u00fcrlichen Sch\u00f6nheit der <strong data-start=\"331\" data-end=\"352\">S\u00fc\u00dfwasserperlen<\/strong>, Sie ist ein raffiniertes und vielseitiges Accessoire, das jedes Outfit aufwertet.<\/p>","protected":false},"featured_media":464,"comment_status":"open","ping_status":"closed","template":"","meta":[],"product_brand":[],"product_cat":[38],"product_tag":[],"class_list":{"0":"post-459","1":"product","2":"type-product","3":"status-publish","4":"has-post-thumbnail","6":"product_cat-necklaces","8":"first","9":"instock","10":"shipping-taxable","11":"product-type-simple"},"_links":{"self":[{"href":"https:\/\/wangshajewelry.com\/de\/wp-json\/wp\/v2\/product\/459","targetHints":{"allow":["GET"]}}],"collection":[{"href":"https:\/\/wangshajewelry.com\/de\/wp-json\/wp\/v2\/product"}],"about":[{"href":"https:\/\/wangshajewelry.com\/de\/wp-json\/wp\/v2\/types\/product"}],"replies":[{"embeddable":true,"href":"https:\/\/wangshajewelry.com\/de\/wp-json\/wp\/v2\/comments?post=459"}],"wp:featuredmedia":[{"embeddable":true,"href":"https:\/\/wangshajewelry.com\/de\/wp-json\/wp\/v2\/media\/464"}],"wp:attachment":[{"href":"https:\/\/wangshajewelry.com\/de\/wp-json\/wp\/v2\/media?parent=459"}],"wp:term":[{"taxonomy":"product_brand","embeddable":true,"href":"https:\/\/wangshajewelry.com\/de\/wp-json\/wp\/v2\/product_brand?post=459"},{"taxonomy":"product_cat","embeddable":true,"href":"https:\/\/wangshajewelry.com\/de\/wp-json\/wp\/v2\/product_cat?post=459"},{"taxonomy":"product_tag","embeddable":true,"href":"https:\/\/wangshajewelry.com\/de\/wp-json\/wp\/v2\/product_tag?post=459"}],"curies":[{"name":"wp","href":"https:\/\/api.w.org\/{rel}","templated":true}]}}