{"id":465,"date":"2025-11-30T02:20:45","date_gmt":"2025-11-30T02:20:45","guid":{"rendered":"https:\/\/wangshajewelry.com\/?post_type=product&#038;p=465"},"modified":"2025-11-30T02:20:45","modified_gmt":"2025-11-30T02:20:45","slug":"titan-stahl-ohrringe-mit-grosem-ring","status":"publish","type":"product","link":"https:\/\/wangshajewelry.com\/de\/product\/titan-stahl-ohrringe-mit-grosem-ring\/","title":{"rendered":"Gro\u00dfe Titan-Stahl-Ohrringe"},"content":{"rendered":"<p data-start=\"83\" data-end=\"121\"><strong data-start=\"83\" data-end=\"121\">Gro\u00dfe Titan-Stahl-Ohrringe<\/strong><\/p>\n<p data-start=\"123\" data-end=\"407\">Setzen Sie ein klares Zeichen mit unserem <strong data-start=\"154\" data-end=\"192\">Gro\u00dfe Titan-Stahl-Ohrringe<\/strong>, die moderne Raffinesse mit zeitlosem Stil verbindet. Gefertigt aus hochwertigem <strong data-start=\"283\" data-end=\"301\">Titanium Stahl<\/strong>, Diese Ohrringe sind das perfekte Accessoire, um sowohl l\u00e4ssigen als auch formellen Outfits einen Hauch von Luxus zu verleihen.<\/p>\n<p data-start=\"409\" data-end=\"426\"><strong data-start=\"409\" data-end=\"426\">Wesentliche Merkmale:<\/strong><\/p>\n<ul data-start=\"428\" data-end=\"1728\">\n<li data-start=\"428\" data-end=\"649\">\n<p data-start=\"430\" data-end=\"649\"><strong data-start=\"430\" data-end=\"442\">Material<\/strong>: Hergestellt aus strapazierf\u00e4higem <strong data-start=\"462\" data-end=\"480\">Titanium Stahl<\/strong>, bekannt f\u00fcr seine St\u00e4rke, Korrosionsbest\u00e4ndigkeit und Leichtigkeit. Diese Ohrringe sind so konzipiert, dass sie dem t\u00e4glichen Tragen standhalten und dabei ihre glatte und gl\u00e4nzende Oberfl\u00e4che behalten.<\/p>\n<\/li>\n<li data-start=\"650\" data-end=\"887\">\n<p data-start=\"652\" data-end=\"887\"><strong data-start=\"652\" data-end=\"662\">Gestaltung<\/strong>: Mit einem <strong data-start=\"676\" data-end=\"705\">klassisches gro\u00dfes Reifendesign<\/strong>, bieten diese Ohrringe einen k\u00fchnen und modernen Look. Die glatte, polierte Oberfl\u00e4che verleiht ihnen eine hochgl\u00e4nzende, reflektierende Qualit\u00e4t, die sie zu einem herausragenden St\u00fcck in jeder Schmucksammlung macht.<\/p>\n<\/li>\n<li data-start=\"888\" data-end=\"1144\">\n<p data-start=\"890\" data-end=\"1144\"><strong data-start=\"890\" data-end=\"914\">Komfort und Langlebigkeit<\/strong>: Trotz ihrer Gr\u00f6\u00dfe sind die <strong data-start=\"946\" data-end=\"964\">Titanium Stahl<\/strong> Konstruktion sorgt daf\u00fcr, dass diese Ohrringe leicht und bequem den ganzen Tag zu tragen sind. Sie sind au\u00dferdem hypoallergen und daher ideal f\u00fcr Menschen mit empfindlicher Haut.<\/p>\n<\/li>\n<li data-start=\"1145\" data-end=\"1409\">\n<p data-start=\"1147\" data-end=\"1409\"><strong data-start=\"1147\" data-end=\"1166\">Vielseitiger Stil<\/strong>: Diese Ohrringe sind perfekt f\u00fcr jede Gelegenheit, egal ob Sie Ihrem Alltagsstil einen Hauch von Sch\u00e4rfe verleihen oder Ihre Abendgarderobe aufwerten wollen. Ihr vielseitiges Design l\u00e4sst sich sowohl mit legeren als auch mit formellen Outfits kombinieren und sorgt f\u00fcr einen m\u00fchelos schicken Look.<\/p>\n<\/li>\n<li data-start=\"1410\" data-end=\"1571\">\n<p data-start=\"1412\" data-end=\"1571\"><strong data-start=\"1412\" data-end=\"1428\">Perfekte Gr\u00f6\u00dfe<\/strong>: Gro\u00df genug, um einen Akzent zu setzen, aber leicht genug, um den ganzen Tag getragen zu werden, verleihen diese Reifen das perfekte Ma\u00df an Drama, ohne den Komfort zu beeintr\u00e4chtigen.<\/p>\n<\/li>\n<li data-start=\"1572\" data-end=\"1728\">\n<p data-start=\"1574\" data-end=\"1728\"><strong data-start=\"1574\" data-end=\"1592\">Hypoallergen<\/strong>: Der Titanstahl ist nicht reaktiv, so dass diese Ohrringe auch f\u00fcr empfindliche Ohren geeignet sind und einen angenehmen Tragekomfort f\u00fcr alle Hauttypen bieten.<\/p>\n<\/li>\n<\/ul>\n<p data-start=\"1730\" data-end=\"1746\"><strong data-start=\"1730\" data-end=\"1745\">Perfekt f\u00fcr<\/strong>:<\/p>\n<ul data-start=\"1747\" data-end=\"2193\">\n<li data-start=\"1747\" data-end=\"1885\">\n<p data-start=\"1749\" data-end=\"1885\"><strong data-start=\"1749\" data-end=\"1766\">Alltagskleidung<\/strong>: Ein modisches Accessoire, das zu jedem Outfit passt - egal ob Jeans und T-Shirt oder elegantes Abendkleid.<\/p>\n<\/li>\n<li data-start=\"1886\" data-end=\"2040\">\n<p data-start=\"1888\" data-end=\"2040\"><strong data-start=\"1888\" data-end=\"1903\">Schenken<\/strong>: Ein ausgezeichnetes Geschenk f\u00fcr Geburtstage, Jahrestage oder besondere Anl\u00e4sse. Diese Ohrringe sind zeitlos und passen zu jedem Stil.<\/p>\n<\/li>\n<li data-start=\"2041\" data-end=\"2193\">\n<p data-start=\"2043\" data-end=\"2193\"><strong data-start=\"2043\" data-end=\"2067\">Modebewusster Look<\/strong>: Das k\u00fchne Design dieser gro\u00dfen Reifen ist perfekt f\u00fcr alle, die ihre Schmucksammlung um ein trendiges, ausgefallenes Element erweitern m\u00f6chten.<\/p>\n<\/li>\n<\/ul>\n<p data-start=\"2195\" data-end=\"2249\"><strong data-start=\"2195\" data-end=\"2249\">Warum sollten Sie unsere gro\u00dfen Titan-Stahl-Ohrringe w\u00e4hlen?<\/strong><\/p>\n<p data-start=\"2251\" data-end=\"2574\">Diese <strong data-start=\"2257\" data-end=\"2295\">Gro\u00dfe Titan-Stahl-Ohrringe<\/strong> kombinieren Langlebigkeit, Komfort und ein modernes Design zu einem praktischen und zugleich stilvollen Schmuckst\u00fcck. Egal, ob Sie auf der Suche nach einem unverwechselbaren Accessoire oder einem beeindruckenden Geschenk sind, diese Ohrringe sind die perfekte Wahl f\u00fcr alle, die auff\u00e4lligen, hochwertigen Schmuck lieben.<\/p>","protected":false},"excerpt":{"rendered":"<p>Setzen Sie ein klares Zeichen mit unserem <strong data-start=\"154\" data-end=\"192\">Gro\u00dfe Titan-Stahl-Ohrringe<\/strong>, die moderne Raffinesse mit zeitlosem Stil verbindet. Gefertigt aus hochwertigem <strong data-start=\"283\" data-end=\"301\">Titanium Stahl<\/strong>, Diese Ohrringe sind das perfekte Accessoire, um sowohl l\u00e4ssigen als auch formellen Outfits einen Hauch von Luxus zu verleihen.<\/p>","protected":false},"featured_media":468,"comment_status":"open","ping_status":"closed","template":"","meta":[],"product_brand":[],"product_cat":[20],"product_tag":[],"class_list":{"0":"post-465","1":"product","2":"type-product","3":"status-publish","4":"has-post-thumbnail","6":"product_cat-ear-rings","8":"first","9":"instock","10":"shipping-taxable","11":"product-type-simple"},"_links":{"self":[{"href":"https:\/\/wangshajewelry.com\/de\/wp-json\/wp\/v2\/product\/465","targetHints":{"allow":["GET"]}}],"collection":[{"href":"https:\/\/wangshajewelry.com\/de\/wp-json\/wp\/v2\/product"}],"about":[{"href":"https:\/\/wangshajewelry.com\/de\/wp-json\/wp\/v2\/types\/product"}],"replies":[{"embeddable":true,"href":"https:\/\/wangshajewelry.com\/de\/wp-json\/wp\/v2\/comments?post=465"}],"wp:featuredmedia":[{"embeddable":true,"href":"https:\/\/wangshajewelry.com\/de\/wp-json\/wp\/v2\/media\/468"}],"wp:attachment":[{"href":"https:\/\/wangshajewelry.com\/de\/wp-json\/wp\/v2\/media?parent=465"}],"wp:term":[{"taxonomy":"product_brand","embeddable":true,"href":"https:\/\/wangshajewelry.com\/de\/wp-json\/wp\/v2\/product_brand?post=465"},{"taxonomy":"product_cat","embeddable":true,"href":"https:\/\/wangshajewelry.com\/de\/wp-json\/wp\/v2\/product_cat?post=465"},{"taxonomy":"product_tag","embeddable":true,"href":"https:\/\/wangshajewelry.com\/de\/wp-json\/wp\/v2\/product_tag?post=465"}],"curies":[{"name":"wp","href":"https:\/\/api.w.org\/{rel}","templated":true}]}}