{"id":607,"date":"2025-12-04T05:37:02","date_gmt":"2025-12-04T05:37:02","guid":{"rendered":"https:\/\/wangshajewelry.com\/?post_type=product&#038;p=607"},"modified":"2025-12-04T05:37:02","modified_gmt":"2025-12-04T05:37:02","slug":"titan-stahl-armband-18k-gold-vielseitig-luxus-mode","status":"publish","type":"product","link":"https:\/\/wangshajewelry.com\/de\/product\/titan-stahl-armband-18k-gold-vielseitig-luxus-mode\/","title":{"rendered":"Titan-Stahl-Armband 18k Gold Vielseitig Luxuri\u00f6s Mode"},"content":{"rendered":"<h2 data-start=\"0\" data-end=\"82\"><strong data-start=\"0\" data-end=\"82\">Titan-Stahl-Armband 18k Gold Vielseitig Luxuri\u00f6s Mode<\/strong><\/h2>\n<p data-start=\"84\" data-end=\"559\">Erh\u00f6hen Sie Ihren Stil mit dem <strong data-start=\"112\" data-end=\"173\">Titan-Stahl-Armband 18k Gold Vielseitig Luxuri\u00f6s Mode<\/strong> wo moderne Handwerkskunst auf zeitlosen Luxus trifft. Dieses Armband wurde f\u00fcr modebewusste Menschen entworfen und kombiniert nahtlos die robuste St\u00e4rke von Titanstahl mit dem satten, opulenten Glanz der 18-kar\u00e4tigen Goldbeschichtung. Ganz gleich, ob Sie sich f\u00fcr eine formelle Veranstaltung herausputzen oder Ihrem Alltag einen Hauch von Eleganz verleihen m\u00f6chten, dieses Armband bietet Vielseitigkeit, Raffinesse und Langlebigkeit.<\/p>\n<h3 data-start=\"561\" data-end=\"582\"><strong data-start=\"565\" data-end=\"582\">Wesentliche Merkmale:<\/strong><\/h3>\n<ol data-start=\"584\" data-end=\"3038\">\n<li data-start=\"584\" data-end=\"1208\">\n<p data-start=\"587\" data-end=\"637\"><strong data-start=\"587\" data-end=\"637\">Material: Titanium Stahl mit 18k Goldplattierung<\/strong><\/p>\n<ul data-start=\"641\" data-end=\"1208\">\n<li data-start=\"641\" data-end=\"939\">\n<p data-start=\"643\" data-end=\"939\"><strong data-start=\"643\" data-end=\"661\">Titanium Stahl<\/strong>: Titan ist bekannt f\u00fcr seine Festigkeit und sein geringes Gewicht und ist das ideale Material f\u00fcr alle, die ein Gleichgewicht zwischen Widerstandsf\u00e4higkeit und Komfort suchen. Das Armband ist korrosionsbest\u00e4ndig, kratzfest und hypoallergen, so dass es auch bei t\u00e4glichem Tragen in einem tadellosen Zustand bleibt.<\/p>\n<\/li>\n<li data-start=\"943\" data-end=\"1208\">\n<p data-start=\"945\" data-end=\"1208\"><strong data-start=\"945\" data-end=\"965\">18k-Vergoldung<\/strong>: Das Armband ist mit einer luxuri\u00f6sen Schicht aus 18-kar\u00e4tigem Gold \u00fcberzogen, die f\u00fcr ein reiches, strahlendes Finish sorgt. Diese Beschichtung verleiht dem Armband eine zus\u00e4tzliche Schicht von Eleganz und Raffinesse und l\u00e4sst es in einem warmen, goldenen Glanz erstrahlen, der jedes Outfit erg\u00e4nzt.<\/p>\n<\/li>\n<\/ul>\n<\/li>\n<li data-start=\"1210\" data-end=\"1691\">\n<p data-start=\"1213\" data-end=\"1233\"><strong data-start=\"1213\" data-end=\"1233\">Vielseitiges Design<\/strong><\/p>\n<ul data-start=\"1237\" data-end=\"1691\">\n<li data-start=\"1237\" data-end=\"1514\">\n<p data-start=\"1239\" data-end=\"1514\">Mit seinem minimalistischen und dennoch luxuri\u00f6sen Design ist das Armband sehr vielseitig und eignet sich sowohl f\u00fcr legere als auch f\u00fcr formelle Anl\u00e4sse. Dank der klaren Linien und der raffinierten \u00c4sthetik l\u00e4sst es sich problemlos mit anderen Schmuckst\u00fccken kombinieren oder f\u00fcr einen subtilen, aussagekr\u00e4ftigen Look allein tragen.<\/p>\n<\/li>\n<li data-start=\"1518\" data-end=\"1691\">\n<p data-start=\"1520\" data-end=\"1691\">Die glatte, polierte Oberfl\u00e4che des Armbands sorgt f\u00fcr ein modernes, schickes Aussehen, w\u00e4hrend das klassische Design daf\u00fcr sorgt, dass es zeitlos bleibt und sich an verschiedene Trends und Stile anpassen l\u00e4sst.<\/p>\n<\/li>\n<\/ul>\n<\/li>\n<li data-start=\"1693\" data-end=\"2081\">\n<p data-start=\"1696\" data-end=\"1722\"><strong data-start=\"1696\" data-end=\"1722\">Langlebigkeit und Komfort<\/strong><\/p>\n<ul data-start=\"1726\" data-end=\"2081\">\n<li data-start=\"1726\" data-end=\"1957\">\n<p data-start=\"1728\" data-end=\"1957\">Titanstahl ist sehr haltbar und widerstandsf\u00e4hig, so dass dieses Armband jahrelang halten wird. Es ist au\u00dferdem leicht und sorgt f\u00fcr ein angenehmes Tragegef\u00fchl, ohne dabei Kompromisse bei St\u00e4rke oder Stil einzugehen.<\/p>\n<\/li>\n<li data-start=\"1961\" data-end=\"2081\">\n<p data-start=\"1963\" data-end=\"2081\">Die glatte Oberfl\u00e4che und die sorgf\u00e4ltig polierten Kanten sorgen f\u00fcr einen hohen Tragekomfort, so dass Sie ihn den ganzen Tag \u00fcber tragen k\u00f6nnen, ohne dass er Sie st\u00f6rt.<\/p>\n<\/li>\n<\/ul>\n<\/li>\n<li data-start=\"2083\" data-end=\"2358\">\n<p data-start=\"2086\" data-end=\"2104\"><strong data-start=\"2086\" data-end=\"2104\">Einstellbare Passform<\/strong><\/p>\n<ul data-start=\"2108\" data-end=\"2358\">\n<li data-start=\"2108\" data-end=\"2358\">\n<p data-start=\"2110\" data-end=\"2358\">Dieses praktische Armband verf\u00fcgt \u00fcber einen verstellbaren Verschluss oder eine verstellbare Kette, so dass es f\u00fcr eine Vielzahl von Handgelenkgr\u00f6\u00dfen geeignet ist. Egal, ob Sie eine enge oder lockere Passform bevorzugen, das Armband kann nach Ihren W\u00fcnschen angepasst werden, damit es sicher an seinem Platz bleibt.<\/p>\n<\/li>\n<\/ul>\n<\/li>\n<li data-start=\"2360\" data-end=\"2724\">\n<p data-start=\"2363\" data-end=\"2388\"><strong data-start=\"2363\" data-end=\"2388\">Luxus-Mode Appeal<\/strong><\/p>\n<ul data-start=\"2392\" data-end=\"2724\">\n<li data-start=\"2392\" data-end=\"2724\">\n<p data-start=\"2394\" data-end=\"2724\">Dieses Armband kombiniert moderne Materialien mit dem zeitlosen Charme von Gold und strahlt Luxus und Raffinesse aus. Es verleiht jedem Ensemble sofort einen Hauch von Glamour, egal ob Sie an einem Gesch\u00e4ftstreffen, einem Ausgehabend oder einer besonderen Feier teilnehmen. Die Vielseitigkeit des Armbands erm\u00f6glicht einen nahtlosen \u00dcbergang vom Tag zum Abend.<\/p>\n<\/li>\n<\/ul>\n<\/li>\n<li data-start=\"2726\" data-end=\"3038\">\n<p data-start=\"2729\" data-end=\"2745\"><strong data-start=\"2729\" data-end=\"2745\">Perfektes Geschenk<\/strong><\/p>\n<ul data-start=\"2749\" data-end=\"3038\">\n<li data-start=\"2749\" data-end=\"3038\">\n<p data-start=\"2751\" data-end=\"3038\">Ganz gleich, ob Sie sich selbst verw\u00f6hnen oder ein sinnvolles Geschenk suchen, dieses Titanium Steel 18k Gold Armband ist die perfekte Wahl. Sein luxuri\u00f6ses Design und seine Langlebigkeit machen es zu einem aufmerksamen Geschenk f\u00fcr Geburtstage, Jahrestage oder jede andere Gelegenheit, bei der Sie jemandem zeigen m\u00f6chten, dass Sie ihn m\u00f6gen.<\/p>\n<\/li>\n<\/ul>\n<\/li>\n<\/ol>\n<h3 data-start=\"3040\" data-end=\"3057\"><strong data-start=\"3044\" data-end=\"3057\">Vorteile:<\/strong><\/h3>\n<ul data-start=\"3059\" data-end=\"3609\">\n<li data-start=\"3059\" data-end=\"3155\">\n<p data-start=\"3061\" data-end=\"3155\"><strong data-start=\"3061\" data-end=\"3089\">Langlebig &amp; hypoallergen<\/strong>: Titan-Stahl sorgt f\u00fcr Langlebigkeit und ist sicher f\u00fcr empfindliche Haut.<\/p>\n<\/li>\n<li data-start=\"3156\" data-end=\"3256\">\n<p data-start=\"3158\" data-end=\"3256\"><strong data-start=\"3158\" data-end=\"3180\">Elegant und zeitlos<\/strong>: Die 18k-Vergoldung verleiht ihm Raffinesse und Vielseitigkeit f\u00fcr jeden Anlass.<\/p>\n<\/li>\n<li data-start=\"3257\" data-end=\"3373\">\n<p data-start=\"3259\" data-end=\"3373\"><strong data-start=\"3259\" data-end=\"3288\">Leicht und bequem<\/strong>: Entwickelt, um den ganzen Tag \u00fcber bequem zu sein und gleichzeitig St\u00e4rke und Widerstandsf\u00e4higkeit zu bieten.<\/p>\n<\/li>\n<li data-start=\"3374\" data-end=\"3487\">\n<p data-start=\"3376\" data-end=\"3487\"><strong data-start=\"3376\" data-end=\"3396\">Anpassbare Passform<\/strong>: Der verstellbare Verschluss oder die verstellbare Kette sorgen daf\u00fcr, dass das Armband bequem an verschiedene Handgelenkgr\u00f6\u00dfen passt.<\/p>\n<\/li>\n<li data-start=\"3488\" data-end=\"3609\">\n<p data-start=\"3490\" data-end=\"3609\"><strong data-start=\"3490\" data-end=\"3523\">Luxus zu einem erschwinglichen Preis<\/strong>: Bietet einen High-End-Look mit der Haltbarkeit von Titan und der Eleganz von 18 Karat Gold.<\/p>\n<\/li>\n<\/ul>\n<h3 data-start=\"3611\" data-end=\"3630\"><strong data-start=\"3615\" data-end=\"3630\">Schlussfolgerung:<\/strong><\/h3>\n<p data-start=\"3632\" data-end=\"4085\" data-is-last-node=\"\" data-is-only-node=\"\">Die <strong data-start=\"3636\" data-end=\"3697\">Titan-Stahl-Armband 18k Gold Vielseitig Luxuri\u00f6s Mode<\/strong> ist ein Must-Have f\u00fcr alle, die die Verschmelzung von modernem Stil und klassischem Luxus sch\u00e4tzen. Ob allein getragen oder mit anderen Armb\u00e4ndern kombiniert, es ist ein zeitloses Accessoire, das Ihrer Garderobe einen raffinierten Touch verleiht. Dieses robuste, elegante und stilvolle Armband wird mit Sicherheit zu einem gesch\u00e4tzten Bestandteil Ihrer Schmucksammlung und ist somit ein perfektes Geschenk oder ein pers\u00f6nliches Vergn\u00fcgen.<\/p>","protected":false},"excerpt":{"rendered":"<p>Erh\u00f6hen Sie Ihren Stil mit dem <strong data-start=\"112\" data-end=\"173\">Titan-Stahl-Armband 18k Gold Vielseitig Luxuri\u00f6s Mode<\/strong> wo moderne Handwerkskunst auf zeitlosen Luxus trifft. Dieses Armband wurde f\u00fcr modebewusste Menschen entworfen und kombiniert nahtlos die robuste St\u00e4rke von Titanstahl mit dem satten, opulenten Glanz der 18-kar\u00e4tigen Goldbeschichtung. Ganz gleich, ob Sie sich f\u00fcr eine formelle Veranstaltung herausputzen oder Ihrem Alltag einen Hauch von Eleganz verleihen m\u00f6chten, dieses Armband bietet Vielseitigkeit, Raffinesse und Langlebigkeit.<\/p>","protected":false},"featured_media":612,"comment_status":"open","ping_status":"closed","template":"","meta":[],"product_brand":[],"product_cat":[36],"product_tag":[],"class_list":{"0":"post-607","1":"product","2":"type-product","3":"status-publish","4":"has-post-thumbnail","6":"product_cat-bracelets","8":"first","9":"instock","10":"shipping-taxable","11":"product-type-simple"},"_links":{"self":[{"href":"https:\/\/wangshajewelry.com\/de\/wp-json\/wp\/v2\/product\/607","targetHints":{"allow":["GET"]}}],"collection":[{"href":"https:\/\/wangshajewelry.com\/de\/wp-json\/wp\/v2\/product"}],"about":[{"href":"https:\/\/wangshajewelry.com\/de\/wp-json\/wp\/v2\/types\/product"}],"replies":[{"embeddable":true,"href":"https:\/\/wangshajewelry.com\/de\/wp-json\/wp\/v2\/comments?post=607"}],"wp:featuredmedia":[{"embeddable":true,"href":"https:\/\/wangshajewelry.com\/de\/wp-json\/wp\/v2\/media\/612"}],"wp:attachment":[{"href":"https:\/\/wangshajewelry.com\/de\/wp-json\/wp\/v2\/media?parent=607"}],"wp:term":[{"taxonomy":"product_brand","embeddable":true,"href":"https:\/\/wangshajewelry.com\/de\/wp-json\/wp\/v2\/product_brand?post=607"},{"taxonomy":"product_cat","embeddable":true,"href":"https:\/\/wangshajewelry.com\/de\/wp-json\/wp\/v2\/product_cat?post=607"},{"taxonomy":"product_tag","embeddable":true,"href":"https:\/\/wangshajewelry.com\/de\/wp-json\/wp\/v2\/product_tag?post=607"}],"curies":[{"name":"wp","href":"https:\/\/api.w.org\/{rel}","templated":true}]}}