{"id":613,"date":"2025-12-04T05:40:34","date_gmt":"2025-12-04T05:40:34","guid":{"rendered":"https:\/\/wangshajewelry.com\/?post_type=product&#038;p=613"},"modified":"2025-12-04T05:40:34","modified_gmt":"2025-12-04T05:40:34","slug":"katzenzirkonia-ohrringe-aus-edelstahl","status":"publish","type":"product","link":"https:\/\/wangshajewelry.com\/de\/product\/katzenzirkonia-ohrringe-aus-edelstahl\/","title":{"rendered":"Edelstahl-Ohrringe mit Katzen-Zirkonia"},"content":{"rendered":"<h2 data-start=\"0\" data-end=\"62\"><strong data-start=\"0\" data-end=\"62\">Edelstahl-Ohrringe mit Katzen-Zirkonia<\/strong><\/h2>\n<p data-start=\"64\" data-end=\"532\">Verleihen Sie Ihrer Schmucksammlung einen verspielten und doch eleganten Touch mit dem <strong data-start=\"132\" data-end=\"173\">Edelstahl-Ohrringe mit Katzen-Zirkonia<\/strong>. Diese Ohrringe wurden f\u00fcr Katzenliebhaber und Modebegeisterte gleicherma\u00dfen entworfen. Sie kombinieren die Eleganz von Edelstahl mit dem Funkeln von Zirkonia und sind damit ein charmantes und auff\u00e4lliges Accessoire. Egal, ob Sie sich f\u00fcr einen besonderen Anlass herausputzen oder etwas Lustiges f\u00fcr jeden Tag suchen, diese Ohrringe sind die perfekte Mischung aus Laune und Raffinesse.<\/p>\n<h3 data-start=\"534\" data-end=\"555\"><strong data-start=\"538\" data-end=\"555\">Wesentliche Merkmale:<\/strong><\/h3>\n<ol data-start=\"557\" data-end=\"2872\">\n<li data-start=\"557\" data-end=\"1019\">\n<p data-start=\"560\" data-end=\"597\"><strong data-start=\"560\" data-end=\"597\">Material: Premium-Edelstahl<\/strong><\/p>\n<ul data-start=\"601\" data-end=\"1019\">\n<li data-start=\"601\" data-end=\"866\">\n<p data-start=\"603\" data-end=\"866\">Gefertigt aus hochwertigem <strong data-start=\"629\" data-end=\"648\">rostfreier Stahl<\/strong>, bieten diese Ohrringe die perfekte Kombination aus St\u00e4rke, Haltbarkeit und Glanz. Edelstahl ist resistent gegen Anlaufen, Rost und Korrosion und macht diese Ohrringe zu einer langlebigen Erg\u00e4nzung Ihrer Schmucksammlung.<\/p>\n<\/li>\n<li data-start=\"870\" data-end=\"1019\">\n<p data-start=\"872\" data-end=\"1019\">Dank der hypoallergenen Eigenschaften von Edelstahl sind diese Ohrringe auch f\u00fcr empfindliche Ohren geeignet und bieten ganzt\u00e4gigen Tragekomfort ohne Reizungen.<\/p>\n<\/li>\n<\/ul>\n<\/li>\n<li data-start=\"1021\" data-end=\"1392\">\n<p data-start=\"1024\" data-end=\"1047\"><strong data-start=\"1024\" data-end=\"1047\">Charmantes Katzendesign<\/strong><\/p>\n<ul data-start=\"1051\" data-end=\"1392\">\n<li data-start=\"1051\" data-end=\"1392\">\n<p data-start=\"1053\" data-end=\"1392\">Die Ohrringe sind mit einem bezaubernden <strong data-start=\"1086\" data-end=\"1099\">Katzenmotiv<\/strong>, eine perfekte Wahl f\u00fcr Katzenliebhaber. Das Design ist sowohl verspielt als auch stilvoll, mit der Katze Form aufwendig detailliert, um die Eleganz und den Charme Ihres Lieblings pelzigen Freund zu erfassen. Das minimalistische und doch ausdrucksstarke Design macht diese Ohrringe vielseitig einsetzbar, sowohl f\u00fcr legere als auch f\u00fcr halb-formale Kleidung.<\/p>\n<\/li>\n<\/ul>\n<\/li>\n<li data-start=\"1394\" data-end=\"1827\">\n<p data-start=\"1397\" data-end=\"1426\"><strong data-start=\"1397\" data-end=\"1426\">Funkelnde Zirkonia-Steine<\/strong><\/p>\n<ul data-start=\"1430\" data-end=\"1827\">\n<li data-start=\"1430\" data-end=\"1676\">\n<p data-start=\"1432\" data-end=\"1676\">Die Ohrringe sind verziert mit <strong data-start=\"1462\" data-end=\"1480\">kubischer Zirkoniumdioxid<\/strong> Steine, die ein funkelndes und raffiniertes Element hinzuf\u00fcgen. Diese Steine sind sorgf\u00e4ltig gefasst, um den Glanz von Diamanten zu imitieren und einen schillernden Effekt zu erzielen, der das Licht aus jedem Winkel einf\u00e4ngt.<\/p>\n<\/li>\n<li data-start=\"1680\" data-end=\"1827\">\n<p data-start=\"1682\" data-end=\"1827\">Die Verwendung von Zirkonia wertet das Gesamtdesign auf und sorgt f\u00fcr ein luxuri\u00f6ses und auff\u00e4lliges Aussehen, w\u00e4hrend der verspielte Charme des Katzenmotivs erhalten bleibt.<\/p>\n<\/li>\n<\/ul>\n<\/li>\n<li data-start=\"1829\" data-end=\"2226\">\n<p data-start=\"1832\" data-end=\"1861\"><strong data-start=\"1832\" data-end=\"1861\">Leicht und bequem<\/strong><\/p>\n<ul data-start=\"1865\" data-end=\"2226\">\n<li data-start=\"1865\" data-end=\"2106\">\n<p data-start=\"1867\" data-end=\"2106\">Trotz ihres komplizierten Designs sind diese Ohrringe leicht und angenehm zu tragen. Ihre gut verarbeitete Form und die polierte Oberfl\u00e4che sorgen daf\u00fcr, dass sie sicher an ihrem Platz bleiben, ohne Unbehagen zu verursachen, was sie perfekt f\u00fcr stundenlanges Tragen macht.<\/p>\n<\/li>\n<li data-start=\"2110\" data-end=\"2226\">\n<p data-start=\"2112\" data-end=\"2226\">Die glatte Oberfl\u00e4che und die abgerundeten Kanten verhindern zudem jegliche Irritation und sind daher ideal f\u00fcr Menschen mit empfindlicher Haut.<\/p>\n<\/li>\n<\/ul>\n<\/li>\n<li data-start=\"2228\" data-end=\"2536\">\n<p data-start=\"2231\" data-end=\"2262\"><strong data-start=\"2231\" data-end=\"2262\">Perfektes Geschenk f\u00fcr Katzenliebhaber<\/strong><\/p>\n<ul data-start=\"2266\" data-end=\"2536\">\n<li data-start=\"2266\" data-end=\"2536\">\n<p data-start=\"2268\" data-end=\"2536\">Diese Ohrringe sind ein hervorragendes Geschenk f\u00fcr Katzenliebhaber, Tierfreunde oder alle, die einzigartige, charmante Accessoires m\u00f6gen. Ihre Kombination aus Niedlichkeit und Luxus macht sie zu einem idealen Geschenk f\u00fcr Geburtstage, Feiertage oder einfach als aufmerksame \u00dcberraschung f\u00fcr einen geliebten Menschen.<\/p>\n<\/li>\n<\/ul>\n<\/li>\n<li data-start=\"2538\" data-end=\"2872\">\n<p data-start=\"2541\" data-end=\"2560\"><strong data-start=\"2541\" data-end=\"2560\">Vielseitiger Stil<\/strong><\/p>\n<ul data-start=\"2564\" data-end=\"2872\">\n<li data-start=\"2564\" data-end=\"2872\">\n<p data-start=\"2566\" data-end=\"2872\">Ob Sie sie f\u00fcr einen Tag mit Freunden, einen l\u00e4ssigen Arbeitstag oder eine Abendveranstaltung tragen, diese <strong data-start=\"2667\" data-end=\"2708\">Edelstahl-Ohrringe mit Katzen-Zirkonia<\/strong> k\u00f6nnen problemlos eine Vielzahl von Outfits erg\u00e4nzen. Ihr verspieltes Design verleiht jedem Look einen Hauch von Spa\u00df, w\u00e4hrend die Zirkoniasteine daf\u00fcr sorgen, dass sie stilvoll und elegant bleiben.<\/p>\n<\/li>\n<\/ul>\n<\/li>\n<\/ol>\n<h3 data-start=\"2874\" data-end=\"2891\"><strong data-start=\"2878\" data-end=\"2891\">Vorteile:<\/strong><\/h3>\n<ul data-start=\"2893\" data-end=\"3370\">\n<li data-start=\"2893\" data-end=\"3024\">\n<p data-start=\"2895\" data-end=\"3024\"><strong data-start=\"2895\" data-end=\"2909\">Dauerhaftigkeit<\/strong>: Edelstahl ist resistent gegen Korrosion, Anlaufen und Kratzer, so dass diese Ohrringe ideal f\u00fcr das t\u00e4gliche Tragen sind.<\/p>\n<\/li>\n<li data-start=\"3025\" data-end=\"3107\">\n<p data-start=\"3027\" data-end=\"3107\"><strong data-start=\"3027\" data-end=\"3045\">Hypoallergen<\/strong>: Unbedenklich f\u00fcr empfindliche Haut, gew\u00e4hrleistet einen bequemen Sitz f\u00fcr alle.<\/p>\n<\/li>\n<li data-start=\"3108\" data-end=\"3194\">\n<p data-start=\"3110\" data-end=\"3194\"><strong data-start=\"3110\" data-end=\"3129\">Charmantes Design<\/strong>: Das Katzenmotiv ist niedlich, einzigartig und lustig, perfekt f\u00fcr Katzenliebhaber.<\/p>\n<\/li>\n<li data-start=\"3195\" data-end=\"3292\">\n<p data-start=\"3197\" data-end=\"3292\"><strong data-start=\"3197\" data-end=\"3216\">Funkeln &amp; Gl\u00e4nzen<\/strong>: Cubic Zirkonia-Steine verleihen den Ohrringen Glanz und ein luxuri\u00f6ses Gef\u00fchl.<\/p>\n<\/li>\n<li data-start=\"3293\" data-end=\"3370\">\n<p data-start=\"3295\" data-end=\"3370\"><strong data-start=\"3295\" data-end=\"3318\">Leichter Komfort<\/strong>: Entwickelt f\u00fcr ganzt\u00e4giges Tragen bei minimalem Tragekomfort.<\/p>\n<\/li>\n<\/ul>\n<h3 data-start=\"3372\" data-end=\"3391\"><strong data-start=\"3376\" data-end=\"3391\">Schlussfolgerung:<\/strong><\/h3>\n<p data-start=\"3393\" data-end=\"3853\" data-is-last-node=\"\" data-is-only-node=\"\">Die <strong data-start=\"3397\" data-end=\"3438\">Edelstahl-Ohrringe mit Katzen-Zirkonia<\/strong> sind eine reizvolle Mischung aus Skurrilit\u00e4t und Eleganz und bieten ein verspieltes Design, das dennoch Raffinesse ausstrahlt. Ganz gleich, ob Sie eine Katzenliebhaberin sind oder einfach nur ein einzigartiges Paar Ohrringe suchen, um Ihre Sammlung aufzuwerten, diese Ohrringe werden mit Sicherheit ein Statement abgeben. Mit ihren funkelnden Zirkonia-Akzenten und der robusten Edelstahlkonstruktion sind sie das perfekte Accessoire, um jedem Outfit einen Hauch von Charme und Luxus zu verleihen.<\/p>","protected":false},"excerpt":{"rendered":"<p>Verleihen Sie Ihrer Schmucksammlung einen verspielten und doch eleganten Touch mit dem <strong data-start=\"132\" data-end=\"173\">Edelstahl-Ohrringe mit Katzen-Zirkonia<\/strong>. Diese Ohrringe wurden f\u00fcr Katzenliebhaber und Modebegeisterte gleicherma\u00dfen entworfen. Sie kombinieren die Eleganz von Edelstahl mit dem Funkeln von Zirkonia und sind damit ein charmantes und auff\u00e4lliges Accessoire. Egal, ob Sie sich f\u00fcr einen besonderen Anlass herausputzen oder etwas Lustiges f\u00fcr jeden Tag suchen, diese Ohrringe sind die perfekte Mischung aus Laune und Raffinesse.<\/p>","protected":false},"featured_media":618,"comment_status":"open","ping_status":"closed","template":"","meta":[],"product_brand":[],"product_cat":[17],"product_tag":[],"class_list":{"0":"post-613","1":"product","2":"type-product","3":"status-publish","4":"has-post-thumbnail","6":"product_cat-rings","8":"first","9":"instock","10":"shipping-taxable","11":"product-type-simple"},"_links":{"self":[{"href":"https:\/\/wangshajewelry.com\/de\/wp-json\/wp\/v2\/product\/613","targetHints":{"allow":["GET"]}}],"collection":[{"href":"https:\/\/wangshajewelry.com\/de\/wp-json\/wp\/v2\/product"}],"about":[{"href":"https:\/\/wangshajewelry.com\/de\/wp-json\/wp\/v2\/types\/product"}],"replies":[{"embeddable":true,"href":"https:\/\/wangshajewelry.com\/de\/wp-json\/wp\/v2\/comments?post=613"}],"wp:featuredmedia":[{"embeddable":true,"href":"https:\/\/wangshajewelry.com\/de\/wp-json\/wp\/v2\/media\/618"}],"wp:attachment":[{"href":"https:\/\/wangshajewelry.com\/de\/wp-json\/wp\/v2\/media?parent=613"}],"wp:term":[{"taxonomy":"product_brand","embeddable":true,"href":"https:\/\/wangshajewelry.com\/de\/wp-json\/wp\/v2\/product_brand?post=613"},{"taxonomy":"product_cat","embeddable":true,"href":"https:\/\/wangshajewelry.com\/de\/wp-json\/wp\/v2\/product_cat?post=613"},{"taxonomy":"product_tag","embeddable":true,"href":"https:\/\/wangshajewelry.com\/de\/wp-json\/wp\/v2\/product_tag?post=613"}],"curies":[{"name":"wp","href":"https:\/\/api.w.org\/{rel}","templated":true}]}}