{"id":625,"date":"2025-12-04T05:48:54","date_gmt":"2025-12-04T05:48:54","guid":{"rendered":"https:\/\/wangshajewelry.com\/?post_type=product&#038;p=625"},"modified":"2025-12-04T05:48:54","modified_gmt":"2025-12-04T05:48:54","slug":"titan-stahl-zirkon-licht-luxus-halskette","status":"publish","type":"product","link":"https:\/\/wangshajewelry.com\/de\/product\/titan-stahl-zirkon-licht-luxus-halskette\/","title":{"rendered":"Titan-Stahl-Zirkon-Leicht-Luxus-Halskette"},"content":{"rendered":"<article class=\"text-token-text-primary w-full focus:outline-none [--shadow-height:45px] has-data-writing-block:pointer-events-none has-data-writing-block:-mt-(--shadow-height) has-data-writing-block:pt-(--shadow-height) [&amp;:has([data-writing-block])&gt;*]:pointer-events-auto scroll-mt-[calc(var(--header-height)+min(200px,max(70px,20svh)))]\" dir=\"auto\" tabindex=\"-1\" data-turn-id=\"request-WEB:9f589f27-e4c2-4935-a006-7fb9d9e140d4-4\" data-testid=\"conversation-turn-10\" data-scroll-anchor=\"true\" data-turn=\"assistant\">\n<div class=\"text-base my-auto mx-auto pb-10 [--thread-content-margin:--spacing(4)] thread-sm:[--thread-content-margin:--spacing(6)] thread-lg:[--thread-content-margin:--spacing(16)] px-(--thread-content-margin)\">\n<div class=\"[--thread-content-max-width:40rem] thread-lg:[--thread-content-max-width:48rem] mx-auto max-w-(--thread-content-max-width) flex-1 group\/turn-messages focus-visible:outline-hidden relative flex w-full min-w-0 flex-col agent-turn\" tabindex=\"-1\">\n<div class=\"flex max-w-full flex-col grow\">\n<div class=\"min-h-8 text-message relative flex w-full flex-col items-end gap-2 text-start break-words whitespace-normal [.text-message+&amp;]:mt-1\" dir=\"auto\" data-message-author-role=\"assistant\" data-message-id=\"c994ec6e-a81b-4df6-8e98-caa3ef6cadf7\" data-message-model-slug=\"gpt-5-1\">\n<div class=\"flex w-full flex-col gap-1 empty:hidden first:pt-[1px]\">\n<div class=\"markdown prose dark:prose-invert w-full break-words light markdown-new-styling\">\n<h2 data-start=\"0\" data-end=\"68\"><strong data-start=\"0\" data-end=\"68\">Titan-Stahl-Zirkon-Leicht-Luxus-Halskette<\/strong><\/h2>\n<p data-start=\"70\" data-end=\"540\">Erh\u00f6hen Sie Ihre Eleganz mit dem <strong data-start=\"101\" data-end=\"148\">Titan-Stahl-Zirkon-Leicht-Luxus-Halskette<\/strong>, Ein raffiniertes St\u00fcck, das jedem Outfit einen Hauch von raffiniertem Luxus verleiht. Gefertigt aus hochwertigem Titanstahl und verziert mit funkelnden Zirkonsteinen, verk\u00f6rpert diese Halskette die perfekte Balance aus St\u00e4rke, Sch\u00f6nheit und zeitlosem Stil. Ganz gleich, ob Sie an einer besonderen Veranstaltung teilnehmen oder ein schickes Accessoire f\u00fcr den Alltag suchen, diese Halskette strahlt unaufdringlichen Luxus mit einem modernen Twist aus.<\/p>\n<h3 data-start=\"542\" data-end=\"563\"><strong data-start=\"546\" data-end=\"563\">Wesentliche Merkmale:<\/strong><\/h3>\n<ol data-start=\"565\" data-end=\"3264\">\n<li data-start=\"565\" data-end=\"1074\">\n<p data-start=\"568\" data-end=\"604\"><strong data-start=\"568\" data-end=\"604\">Material: Premium-Titanstahl<\/strong><\/p>\n<ul data-start=\"608\" data-end=\"1074\">\n<li data-start=\"608\" data-end=\"911\">\n<p data-start=\"610\" data-end=\"911\">Die Halskette ist hergestellt aus <strong data-start=\"636\" data-end=\"667\">hochwertiger Titanstahl<\/strong>, Ein Material, das f\u00fcr seine St\u00e4rke, sein geringes Gewicht und seine Widerstandsf\u00e4higkeit gegen Anlaufen, Rost und Korrosion gesch\u00e4tzt wird. Titanstahl sorgt daf\u00fcr, dass die Halskette jahrelang in makellosem Zustand bleibt, was sie zu einer langlebigen Erg\u00e4nzung Ihrer Schmucksammlung macht.<\/p>\n<\/li>\n<li data-start=\"915\" data-end=\"1074\">\n<p data-start=\"917\" data-end=\"1074\">Die hypoallergenen Eigenschaften von Titanstahl machen diese Halskette ideal f\u00fcr empfindliche Haut. Sie bietet sowohl Haltbarkeit als auch Komfort, ohne Reizungen zu verursachen.<\/p>\n<\/li>\n<\/ul>\n<\/li>\n<li data-start=\"1076\" data-end=\"1524\">\n<p data-start=\"1079\" data-end=\"1107\"><strong data-start=\"1079\" data-end=\"1107\">Funkelnde Zirkon-Akzente<\/strong><\/p>\n<ul data-start=\"1111\" data-end=\"1524\">\n<li data-start=\"1111\" data-end=\"1392\">\n<p data-start=\"1113\" data-end=\"1392\">Die Halskette ist verziert mit <strong data-start=\"1146\" data-end=\"1164\">kubischer Zirkoniumdioxid<\/strong> Steine, die ein brillantes Funkeln erzeugen, das an Diamanten erinnert. Die hochwertigen Zirkonsteine sind sorgf\u00e4ltig gefasst, um ihre lichtreflektierenden Eigenschaften zu maximieren und einen schillernden Effekt zu erzeugen, der bei jeder Bewegung ins Auge sticht.<\/p>\n<\/li>\n<li data-start=\"1396\" data-end=\"1524\">\n<p data-start=\"1398\" data-end=\"1524\">Die Verwendung von Zirkonen verleiht der Halskette ein luxuri\u00f6ses Gef\u00fchl und bietet den Glanz von Edelsteinen, ohne den hohen Preis.<\/p>\n<\/li>\n<\/ul>\n<\/li>\n<li data-start=\"1526\" data-end=\"2068\">\n<p data-start=\"1529\" data-end=\"1552\"><strong data-start=\"1529\" data-end=\"1552\">Licht-Luxus-Design<\/strong><\/p>\n<ul data-start=\"1556\" data-end=\"2068\">\n<li data-start=\"1556\" data-end=\"1904\">\n<p data-start=\"1558\" data-end=\"1904\">Mit dem Schwerpunkt auf schlichter Eleganz entworfen, ist die <strong data-start=\"1609\" data-end=\"1625\">leichter Luxus<\/strong> Die \u00c4sthetik dieser Halskette macht sie perfekt f\u00fcr den Alltag, eignet sich aber auch f\u00fcr formellere Anl\u00e4sse. Das klare, schlichte Design unterstreicht die nat\u00fcrliche Sch\u00f6nheit der Zirkonsteine und sorgt daf\u00fcr, dass die Halskette genau die richtige Menge an Glanz verleiht, ohne Ihren Look zu erdr\u00fccken.<\/p>\n<\/li>\n<li data-start=\"1908\" data-end=\"2068\">\n<p data-start=\"1910\" data-end=\"2068\">Der minimalistische Ansatz von Luxus sorgt daf\u00fcr, dass er sowohl mit legerer als auch mit formeller Kleidung m\u00fchelos kombiniert werden kann, was ihn zu einem vielseitigen St\u00fcck f\u00fcr jede Garderobe macht.<\/p>\n<\/li>\n<\/ul>\n<\/li>\n<li data-start=\"2070\" data-end=\"2525\">\n<p data-start=\"2073\" data-end=\"2100\"><strong data-start=\"2073\" data-end=\"2100\">Einstellbare Kettenl\u00e4nge<\/strong><\/p>\n<ul data-start=\"2104\" data-end=\"2525\">\n<li data-start=\"2104\" data-end=\"2378\">\n<p data-start=\"2106\" data-end=\"2378\">Die Kette ist verstellbar, so dass Sie die L\u00e4nge an Ihr Dekollet\u00e9 und Ihre pers\u00f6nlichen Vorlieben anpassen k\u00f6nnen. Ganz gleich, ob Sie eine Halskette im Choker-Stil oder eine l\u00e4ngere Tropfenkette bevorzugen, die verstellbare L\u00e4nge sorgt daf\u00fcr, dass sie bequem und sicher um Ihren Hals sitzt.<\/p>\n<\/li>\n<li data-start=\"2382\" data-end=\"2525\">\n<p data-start=\"2384\" data-end=\"2525\">Der Verschluss ist so konzipiert, dass er einfach zu bedienen ist und die Kette den ganzen Tag \u00fcber an Ort und Stelle bleibt, w\u00e4hrend sie bei Bedarf flexibel angepasst werden kann.<\/p>\n<\/li>\n<\/ul>\n<\/li>\n<li data-start=\"2527\" data-end=\"2929\">\n<p data-start=\"2530\" data-end=\"2551\"><strong data-start=\"2530\" data-end=\"2551\">Zeitlose Eleganz<\/strong><\/p>\n<ul data-start=\"2555\" data-end=\"2929\">\n<li data-start=\"2555\" data-end=\"2800\">\n<p data-start=\"2557\" data-end=\"2800\">Die Kombination aus Titanstahl und funkelnden Zirkonen macht diese Halskette zu einem Schmuckst\u00fcck, das keine Trends ausl\u00e4sst. Ihr klassisches Design sorgt daf\u00fcr, dass sie \u00fcber Jahre hinweg stilvoll und relevant bleibt. Sie bietet dauerhafte Eleganz, die jeden Look erg\u00e4nzt.<\/p>\n<\/li>\n<li data-start=\"2804\" data-end=\"2929\">\n<p data-start=\"2806\" data-end=\"2929\">Diese Halskette eignet sich perfekt zum Kombinieren mit anderen Ketten oder zum alleinigen Tragen und verleiht jedem Outfit einen subtilen Hauch von Luxus.<\/p>\n<\/li>\n<\/ul>\n<\/li>\n<li data-start=\"2931\" data-end=\"3264\">\n<p data-start=\"2934\" data-end=\"2957\"><strong data-start=\"2934\" data-end=\"2957\">Perfekt zum Verschenken<\/strong><\/p>\n<ul data-start=\"2961\" data-end=\"3264\">\n<li data-start=\"2961\" data-end=\"3264\">\n<p data-start=\"2963\" data-end=\"3264\">Die <strong data-start=\"2967\" data-end=\"3014\">Titan-Stahl-Zirkon-Leicht-Luxus-Halskette<\/strong> ist ein durchdachtes und luxuri\u00f6ses Geschenk f\u00fcr besondere Anl\u00e4sse wie Geburtstage, Jahrestage oder Feiern. Egal, ob Sie sich selbst oder jemand anderem eine Freude machen, das atemberaubende Design und die luxuri\u00f6se Haptik dieser Halskette werden einen bleibenden Eindruck hinterlassen.<\/p>\n<\/li>\n<\/ul>\n<\/li>\n<\/ol>\n<h3 data-start=\"3266\" data-end=\"3283\"><strong data-start=\"3270\" data-end=\"3283\">Vorteile:<\/strong><\/h3>\n<ul data-start=\"3285\" data-end=\"3882\">\n<li data-start=\"3285\" data-end=\"3413\">\n<p data-start=\"3287\" data-end=\"3413\"><strong data-start=\"3287\" data-end=\"3315\">Langlebig &amp; hypoallergen<\/strong>: Diese Halskette aus Titanstahl ist anlaufgesch\u00fctzt und f\u00fcr alle Hauttypen geeignet.<\/p>\n<\/li>\n<li data-start=\"3414\" data-end=\"3556\">\n<p data-start=\"3416\" data-end=\"3556\"><strong data-start=\"3416\" data-end=\"3439\">Elegant &amp; prickelnd<\/strong>: Die kubischen Zirkoniasteine sorgen f\u00fcr einen luxuri\u00f6sen Glanz und bieten die Brillanz von Diamanten zu einem Bruchteil der Kosten.<\/p>\n<\/li>\n<li data-start=\"3557\" data-end=\"3659\">\n<p data-start=\"3559\" data-end=\"3659\"><strong data-start=\"3559\" data-end=\"3582\">Vielseitig &amp; stilvoll<\/strong>: Durch sein minimalistisches Design eignet er sich sowohl f\u00fcr legere als auch f\u00fcr formelle Anl\u00e4sse.<\/p>\n<\/li>\n<li data-start=\"3660\" data-end=\"3763\">\n<p data-start=\"3662\" data-end=\"3763\"><strong data-start=\"3662\" data-end=\"3680\">Einstellbare Passform<\/strong>: Die anpassbare Kettenl\u00e4nge sorgt daf\u00fcr, dass die Halskette bequem und sicher sitzt.<\/p>\n<\/li>\n<li data-start=\"3764\" data-end=\"3882\">\n<p data-start=\"3766\" data-end=\"3882\"><strong data-start=\"3766\" data-end=\"3785\">Zeitloser Luxus<\/strong>: Ein klassisches St\u00fcck, das t\u00e4glich getragen oder f\u00fcr besondere Anl\u00e4sse aufbewahrt werden kann und einen dauerhaften Stil bietet.<\/p>\n<\/li>\n<\/ul>\n<h3 data-start=\"3884\" data-end=\"3903\"><strong data-start=\"3888\" data-end=\"3903\">Schlussfolgerung:<\/strong><\/h3>\n<p data-start=\"3905\" data-end=\"4481\" data-is-last-node=\"\" data-is-only-node=\"\">Die <strong data-start=\"3909\" data-end=\"3956\">Titan-Stahl-Zirkon-Leicht-Luxus-Halskette<\/strong> ist ein atemberaubendes St\u00fcck, das moderne Materialien mit zeitloser Eleganz verbindet. Der Titanstahl sorgt f\u00fcr St\u00e4rke und Haltbarkeit, w\u00e4hrend die Zirkonsteine einen brillanten Hauch von Funkeln hinzuf\u00fcgen, der perfekt f\u00fcr jede Gelegenheit ist. Ganz gleich, ob Sie ein auff\u00e4lliges Accessoire f\u00fcr einen besonderen Abend oder ein vielseitiges Accessoire f\u00fcr den Alltag suchen, diese Halskette ist die perfekte Mischung aus Luxus und Zweckm\u00e4\u00dfigkeit. Mit ihrem dauerhaften Reiz und ihrem dezenten Glamour ist sie ein Schmuckst\u00fcck, an dem Sie noch lange Freude haben werden.<\/p>\n<\/div>\n<\/div>\n<\/div>\n<\/div>\n<div class=\"z-0 flex min-h-[46px] justify-start\"><\/div>\n<\/div>\n<\/div>\n<\/article>\n<div class=\"pointer-events-none h-px w-px\" aria-hidden=\"true\" data-edge=\"true\"><\/div>","protected":false},"excerpt":{"rendered":"<p>Erh\u00f6hen Sie Ihre Eleganz mit dem <strong data-start=\"101\" data-end=\"148\">Titan-Stahl-Zirkon-Leicht-Luxus-Halskette<\/strong>, Ein raffiniertes St\u00fcck, das jedem Outfit einen Hauch von raffiniertem Luxus verleiht. Gefertigt aus hochwertigem Titanstahl und verziert mit funkelnden Zirkonsteinen, verk\u00f6rpert diese Halskette die perfekte Balance aus St\u00e4rke, Sch\u00f6nheit und zeitlosem Stil. Ganz gleich, ob Sie an einer besonderen Veranstaltung teilnehmen oder ein schickes Accessoire f\u00fcr den Alltag suchen, diese Halskette strahlt unaufdringlichen Luxus mit einem modernen Twist aus.<\/p>","protected":false},"featured_media":630,"comment_status":"open","ping_status":"closed","template":"","meta":[],"product_brand":[],"product_cat":[37],"product_tag":[],"class_list":{"0":"post-625","1":"product","2":"type-product","3":"status-publish","4":"has-post-thumbnail","6":"product_cat-combo-sets","8":"first","9":"instock","10":"shipping-taxable","11":"product-type-simple"},"_links":{"self":[{"href":"https:\/\/wangshajewelry.com\/de\/wp-json\/wp\/v2\/product\/625","targetHints":{"allow":["GET"]}}],"collection":[{"href":"https:\/\/wangshajewelry.com\/de\/wp-json\/wp\/v2\/product"}],"about":[{"href":"https:\/\/wangshajewelry.com\/de\/wp-json\/wp\/v2\/types\/product"}],"replies":[{"embeddable":true,"href":"https:\/\/wangshajewelry.com\/de\/wp-json\/wp\/v2\/comments?post=625"}],"wp:featuredmedia":[{"embeddable":true,"href":"https:\/\/wangshajewelry.com\/de\/wp-json\/wp\/v2\/media\/630"}],"wp:attachment":[{"href":"https:\/\/wangshajewelry.com\/de\/wp-json\/wp\/v2\/media?parent=625"}],"wp:term":[{"taxonomy":"product_brand","embeddable":true,"href":"https:\/\/wangshajewelry.com\/de\/wp-json\/wp\/v2\/product_brand?post=625"},{"taxonomy":"product_cat","embeddable":true,"href":"https:\/\/wangshajewelry.com\/de\/wp-json\/wp\/v2\/product_cat?post=625"},{"taxonomy":"product_tag","embeddable":true,"href":"https:\/\/wangshajewelry.com\/de\/wp-json\/wp\/v2\/product_tag?post=625"}],"curies":[{"name":"wp","href":"https:\/\/api.w.org\/{rel}","templated":true}]}}