{"id":679,"date":"2025-12-06T12:59:40","date_gmt":"2025-12-06T12:59:40","guid":{"rendered":"https:\/\/wangshajewelry.com\/?post_type=product&#038;p=679"},"modified":"2025-12-06T12:59:40","modified_gmt":"2025-12-06T12:59:40","slug":"edelstahl-zirkon-armband","status":"publish","type":"product","link":"https:\/\/wangshajewelry.com\/de\/product\/edelstahl-zirkon-armband\/","title":{"rendered":"Edelstahl-Zirkon-Armband"},"content":{"rendered":"<h2 data-start=\"90\" data-end=\"168\"><strong data-start=\"90\" data-end=\"168\">Elegantes Edelstahl-Zirkon-Armband\u00a0<\/strong><\/h2>\n<p data-start=\"170\" data-end=\"611\">Verleihen Sie Ihrem Handgelenk einen Hauch von Raffinesse und Glanz mit dem <strong data-start=\"232\" data-end=\"267\">Edelstahl-Zirkon-Armband<\/strong>. Dieses Armband wurde f\u00fcr den modernen Menschen entworfen, der sowohl Stil als auch Substanz sch\u00e4tzt. Es besteht aus hochwertigem Edelstahl und atemberaubenden Zirkonsteinen f\u00fcr einen auff\u00e4lligen, eleganten Look. Ganz gleich, ob Sie sich f\u00fcr einen besonderen Anlass herausputzen oder Ihrem Alltagsoutfit einen Hauch von Glamour verleihen m\u00f6chten, dieses Armband ist das perfekte Accessoire.<\/p>\n<p data-start=\"613\" data-end=\"636\"><strong data-start=\"613\" data-end=\"636\">Produkt-Highlights:<\/strong><\/p>\n<ul data-start=\"638\" data-end=\"2405\">\n<li data-start=\"638\" data-end=\"973\">\n<p data-start=\"640\" data-end=\"973\"><strong data-start=\"640\" data-end=\"681\">Premium-Edelstahlkonstruktion:<\/strong> Dieses aus hochwertigem Edelstahl gefertigte Armband h\u00e4lt dem t\u00e4glichen Gebrauch stand, ohne seinen polierten Glanz zu verlieren. Edelstahl ist bekannt f\u00fcr seine Festigkeit, Rostbest\u00e4ndigkeit und die F\u00e4higkeit, seinen Glanz im Laufe der Zeit zu bewahren, wodurch sichergestellt wird, dass Ihr Armband immer frisch und stilvoll aussieht.<\/p>\n<\/li>\n<li data-start=\"975\" data-end=\"1312\">\n<p data-start=\"977\" data-end=\"1312\"><strong data-start=\"977\" data-end=\"1005\">Gl\u00e4nzende Zirkon-Akzente:<\/strong> Dieses Armband ist mit sorgf\u00e4ltig gefassten Zirkonsteinen verziert und bietet ein luxuri\u00f6ses, funkelndes Finish. Die Zirkonsteine ahmen das Aussehen von Diamanten nach und bieten einen Glanz, der bei jedem Licht die Aufmerksamkeit auf sich zieht. Jeder Stein ist sorgf\u00e4ltig platziert und sorgt f\u00fcr ein makelloses Aussehen, das Ihrem Handgelenk einen Hauch von Eleganz verleiht.<\/p>\n<\/li>\n<li data-start=\"1314\" data-end=\"1585\">\n<p data-start=\"1316\" data-end=\"1585\"><strong data-start=\"1316\" data-end=\"1353\">Hypoallergen und hautvertr\u00e4glich:<\/strong> Dieses Armband wurde mit R\u00fccksicht auf empfindliche Haut entwickelt und ist hypoallergen, was es zu einer perfekten Wahl f\u00fcr alle macht, die zu Irritationen oder allergischen Reaktionen neigen. Tragen Sie es den ganzen Tag, jeden Tag, ohne Unbehagen oder Bedenken \u00fcber Hautreaktionen.<\/p>\n<\/li>\n<li data-start=\"1587\" data-end=\"1889\">\n<p data-start=\"1589\" data-end=\"1889\"><strong data-start=\"1589\" data-end=\"1620\">Schlankes und vielseitiges Design:<\/strong> Mit seinem schlichten, minimalistischen Design passt das Armband sowohl zu legeren als auch zu formellen Outfits. Egal, ob Sie eine Gala besuchen, sich zum Essen verabreden oder einfach nur einen entspannten Tag verbringen, das <strong data-start=\"1806\" data-end=\"1841\">Edelstahl-Zirkon-Armband<\/strong> erg\u00e4nzt jeden Look mit unaufdringlicher Eleganz.<\/p>\n<\/li>\n<li data-start=\"1891\" data-end=\"2154\">\n<p data-start=\"1893\" data-end=\"2154\"><strong data-start=\"1893\" data-end=\"1922\">Strapazierf\u00e4hig und langlebig:<\/strong> Edelstahl ist f\u00fcr seine Langlebigkeit bekannt, was bedeutet, dass dieses Armband resistent gegen Kratzer, Anlaufen und Korrosion ist. Es ist f\u00fcr die Ewigkeit gemacht, sodass du dich jahrelang an seiner Sch\u00f6nheit und seinem Charme erfreuen kannst, ohne dir Gedanken \u00fcber Verschlei\u00df zu machen.<\/p>\n<\/li>\n<li data-start=\"2156\" data-end=\"2405\">\n<p data-start=\"2158\" data-end=\"2405\"><strong data-start=\"2158\" data-end=\"2182\">Perfekte Geschenkwahl:<\/strong> Mit seiner hochwertigen Verarbeitung und den funkelnden Zirkonsteinen ist dieses Armband ein durchdachtes und stilvolles Geschenk. Ob zum Geburtstag, Jahrestag, Urlaub oder einfach nur so, es ist ein zeitloses St\u00fcck, das nie aus der Mode kommt.<\/p>\n<\/li>\n<\/ul>\n<p data-start=\"2407\" data-end=\"2426\"><strong data-start=\"2407\" data-end=\"2426\">Spezifikationen:<\/strong><\/p>\n<ul data-start=\"2427\" data-end=\"2724\">\n<li data-start=\"2427\" data-end=\"2469\">\n<p data-start=\"2429\" data-end=\"2469\">Material: Edelstahl, Zirkon-Steine<\/p>\n<\/li>\n<li data-start=\"2470\" data-end=\"2495\">\n<p data-start=\"2472\" data-end=\"2495\">L\u00e4nge: [L\u00e4nge w\u00e4hlen]<\/p>\n<\/li>\n<li data-start=\"2496\" data-end=\"2519\">\n<p data-start=\"2498\" data-end=\"2519\">Breite: [Breite w\u00e4hlen]<\/p>\n<\/li>\n<li data-start=\"2520\" data-end=\"2545\">\n<p data-start=\"2522\" data-end=\"2545\">Gewicht: [Gewicht w\u00e4hlen]<\/p>\n<\/li>\n<li data-start=\"2546\" data-end=\"2576\">\n<p data-start=\"2548\" data-end=\"2576\">Ausf\u00fchrung: Poliert, Hochglanz<\/p>\n<\/li>\n<li data-start=\"2577\" data-end=\"2620\">\n<p data-start=\"2579\" data-end=\"2620\">Verf\u00fcgbare Farben: Silber, Gold, Ros\u00e9gold<\/p>\n<\/li>\n<li data-start=\"2621\" data-end=\"2685\">\n<p data-start=\"2623\" data-end=\"2685\">Verschlusstyp: Verstellbar\/Federverschluss (oder individuell, falls zutreffend)<\/p>\n<\/li>\n<li data-start=\"2686\" data-end=\"2724\">\n<p data-start=\"2688\" data-end=\"2724\">Hypoallergen und anlaufgesch\u00fctzt<\/p>\n<\/li>\n<\/ul>\n<p data-start=\"2726\" data-end=\"2768\"><strong data-start=\"2726\" data-end=\"2768\">Warum ausgerechnet Edelstahl und Zirkon?<\/strong><\/p>\n<p data-start=\"2770\" data-end=\"3113\">Edelstahl ist bekannt f\u00fcr seine Rost- und Korrosionsbest\u00e4ndigkeit und damit das perfekte Material f\u00fcr langlebigen Schmuck. Zirkonsteine sind f\u00fcr ihren brillanten Glanz und ihr diamant\u00e4hnliches Aussehen bekannt und bieten das Funkeln eines Edelsteins, ohne den hohen Preis zu haben. Zusammen bieten sie das Beste aus beiden Welten: Langlebigkeit und Sch\u00f6nheit.<\/p>\n<p data-start=\"3115\" data-end=\"3135\"><strong data-start=\"3115\" data-end=\"3135\">Wie man es stylt:<\/strong><\/p>\n<p data-start=\"3137\" data-end=\"3525\">Die <strong data-start=\"3141\" data-end=\"3176\">Edelstahl-Zirkon-Armband<\/strong> ist das ultimative Accessoire f\u00fcr jeden Anlass. Kombinieren Sie ihn mit einer einfachen Bluse und Jeans f\u00fcr einen raffinierten Freizeitlook oder tragen Sie ihn zu einem eleganten Abendkleid, um Ihre formelle Kleidung aufzuwerten. Durch sein vielseitiges Design passt er zu fast jedem Outfit, egal ob Sie sich f\u00fcr einen minimalistischen Ansatz entscheiden oder ihn zu einem Stapel Armb\u00e4nder f\u00fcr einen mehrschichtigen Look hinzuf\u00fcgen.<\/p>","protected":false},"excerpt":{"rendered":"<p>Verleihen Sie Ihrem Handgelenk einen Hauch von Raffinesse und Glanz mit dem <strong data-start=\"232\" data-end=\"267\">Edelstahl-Zirkon-Armband<\/strong>. Dieses Armband wurde f\u00fcr den modernen Menschen entworfen, der sowohl Stil als auch Substanz sch\u00e4tzt. Es besteht aus hochwertigem Edelstahl und atemberaubenden Zirkonsteinen f\u00fcr einen auff\u00e4lligen, eleganten Look. Ganz gleich, ob Sie sich f\u00fcr einen besonderen Anlass herausputzen oder Ihrem Alltagsoutfit einen Hauch von Glamour verleihen m\u00f6chten, dieses Armband ist das perfekte Accessoire.<\/p>","protected":false},"featured_media":684,"comment_status":"open","ping_status":"closed","template":"","meta":[],"product_brand":[],"product_cat":[37,36],"product_tag":[],"class_list":{"0":"post-679","1":"product","2":"type-product","3":"status-publish","4":"has-post-thumbnail","6":"product_cat-combo-sets","7":"product_cat-bracelets","9":"first","10":"instock","11":"shipping-taxable","12":"product-type-simple"},"_links":{"self":[{"href":"https:\/\/wangshajewelry.com\/de\/wp-json\/wp\/v2\/product\/679","targetHints":{"allow":["GET"]}}],"collection":[{"href":"https:\/\/wangshajewelry.com\/de\/wp-json\/wp\/v2\/product"}],"about":[{"href":"https:\/\/wangshajewelry.com\/de\/wp-json\/wp\/v2\/types\/product"}],"replies":[{"embeddable":true,"href":"https:\/\/wangshajewelry.com\/de\/wp-json\/wp\/v2\/comments?post=679"}],"wp:featuredmedia":[{"embeddable":true,"href":"https:\/\/wangshajewelry.com\/de\/wp-json\/wp\/v2\/media\/684"}],"wp:attachment":[{"href":"https:\/\/wangshajewelry.com\/de\/wp-json\/wp\/v2\/media?parent=679"}],"wp:term":[{"taxonomy":"product_brand","embeddable":true,"href":"https:\/\/wangshajewelry.com\/de\/wp-json\/wp\/v2\/product_brand?post=679"},{"taxonomy":"product_cat","embeddable":true,"href":"https:\/\/wangshajewelry.com\/de\/wp-json\/wp\/v2\/product_cat?post=679"},{"taxonomy":"product_tag","embeddable":true,"href":"https:\/\/wangshajewelry.com\/de\/wp-json\/wp\/v2\/product_tag?post=679"}],"curies":[{"name":"wp","href":"https:\/\/api.w.org\/{rel}","templated":true}]}}