{"id":766,"date":"2025-12-10T08:37:43","date_gmt":"2025-12-10T08:37:43","guid":{"rendered":"https:\/\/wangshajewelry.com\/?post_type=product&#038;p=766"},"modified":"2025-12-10T08:37:43","modified_gmt":"2025-12-10T08:37:43","slug":"ewelry-halskette-aus-edelstahl-mit-achtzackigem-stern","status":"publish","type":"product","link":"https:\/\/wangshajewelry.com\/de\/product\/ewelry-halskette-aus-edelstahl-mit-achtzackigem-stern\/","title":{"rendered":"ewelry Edelstahl-Halskette mit achtzackigem Stern"},"content":{"rendered":"<h2 data-start=\"121\" data-end=\"168\"><strong data-start=\"121\" data-end=\"168\">Edelstahl-Halskette mit achtzackigem Stern<\/strong><\/h2>\n<p data-start=\"170\" data-end=\"495\">Diese elegante Edelstahl-Halskette mit achtzackigem Stern verbindet modernes Design mit zeitloser Symbolik und bietet sowohl Stil als auch Bedeutung in einem atemberaubenden St\u00fcck. Egal, ob Sie Ihren Alltagslook aufwerten oder ein Accessoire f\u00fcr einen besonderen Anlass suchen, diese Halskette setzt ein gewagtes Statement, ohne Kompromisse bei der Vielseitigkeit einzugehen.<\/p>\n<h3 data-start=\"497\" data-end=\"518\"><strong data-start=\"501\" data-end=\"518\">Wesentliche Merkmale:<\/strong><\/h3>\n<ul data-start=\"520\" data-end=\"2635\">\n<li data-start=\"520\" data-end=\"841\">\n<p data-start=\"522\" data-end=\"841\"><strong data-start=\"522\" data-end=\"550\">Premium-Edelstahl:<\/strong><br data-start=\"550\" data-end=\"553\" \/>Diese Halskette ist aus hochwertigem Edelstahl gefertigt und f\u00fcr eine lange Lebensdauer konzipiert. Sie ist sehr widerstandsf\u00e4hig gegen Anlaufen, Rost und Korrosion, sodass sie ihre gl\u00e4nzende, polierte Oberfl\u00e4che \u00fcber Jahre hinweg beibeh\u00e4lt. Die glatte Textur f\u00fchlt sich angenehm auf der Haut an und ist perfekt f\u00fcr das t\u00e4gliche Tragen.<\/p>\n<\/li>\n<li data-start=\"843\" data-end=\"1270\">\n<p data-start=\"845\" data-end=\"1270\"><strong data-start=\"845\" data-end=\"882\">Einzigartiges Design mit achtzackigem Stern:<\/strong><br data-start=\"882\" data-end=\"885\" \/>Der achtzackige Stern ist ein Symbol des kosmischen Gleichgewichts, des Schutzes und der Erleuchtung und wird oft mit spiritueller Bedeutung assoziiert. Sein symmetrisches Design steht f\u00fcr Harmonie und Einheit und macht diese Halskette nicht nur zu einem modischen Accessoire, sondern zu einem bedeutungsvollen St\u00fcck. Die Spitzen des Sterns sind so gestaltet, dass sie das Licht aus verschiedenen Winkeln einfangen, was ihm eine auff\u00e4llige, strahlende Ausstrahlung verleiht.<\/p>\n<\/li>\n<li data-start=\"1272\" data-end=\"1512\">\n<p data-start=\"1274\" data-end=\"1512\"><strong data-start=\"1274\" data-end=\"1294\">Polierte Oberfl\u00e4che:<\/strong><br data-start=\"1294\" data-end=\"1297\" \/>Die Halskette ist mit einer glatten, hochgl\u00e4nzenden Oberfl\u00e4che versehen, die ihr einen zus\u00e4tzlichen Hauch von Raffinesse verleiht. Die reflektierende Oberfl\u00e4che sorgt daf\u00fcr, dass die Halskette sowohl bei hellem Licht als auch bei Tageslicht auff\u00e4llt.<\/p>\n<\/li>\n<li data-start=\"1514\" data-end=\"1766\">\n<p data-start=\"1516\" data-end=\"1766\"><strong data-start=\"1516\" data-end=\"1551\">Hypoallergen und hautvertr\u00e4glich:<\/strong><br data-start=\"1551\" data-end=\"1554\" \/>Edelstahl ist bekannt daf\u00fcr, hypoallergen zu sein, was diese Halskette zu einer hervorragenden Wahl f\u00fcr Menschen mit empfindlicher Haut oder Metallallergien macht. Sie ist langlebig und dennoch sanft und bietet auch bei l\u00e4ngerem Tragen Komfort.<\/p>\n<\/li>\n<li data-start=\"1768\" data-end=\"2035\">\n<p data-start=\"1770\" data-end=\"2035\"><strong data-start=\"1770\" data-end=\"1798\">Einstellbare Kettenl\u00e4nge:<\/strong><br data-start=\"1798\" data-end=\"1801\" \/>Die Kette ist verstellbar, so dass Sie die Passform an Ihre gew\u00fcnschte L\u00e4nge anpassen k\u00f6nnen. Egal, ob Sie einen Choker-Stil oder einen l\u00e4ngeren Anh\u00e4nger bevorzugen, diese Halskette kann an Ihren pers\u00f6nlichen Stil und Ihr Dekollet\u00e9 angepasst werden.<\/p>\n<\/li>\n<li data-start=\"2037\" data-end=\"2420\">\n<p data-start=\"2039\" data-end=\"2420\"><strong data-start=\"2039\" data-end=\"2061\">Vielseitiges Styling:<\/strong><br data-start=\"2061\" data-end=\"2064\" \/>Durch ihr minimalistisches und doch auff\u00e4lliges Design eignet sich diese Halskette f\u00fcr eine Vielzahl von Anl\u00e4ssen. Kombinieren Sie sie mit Freizeitkleidung f\u00fcr einen Hauch von Raffinesse, oder tragen Sie sie zu formeller oder Abendgarderobe, um Ihrem Outfit einen eleganten Akzent zu verleihen. Sie eignet sich auch hervorragend als Geschenk f\u00fcr Geburtstage, Jahrestage oder Feierlichkeiten, die pers\u00f6nliche Erfolge markieren.<\/p>\n<\/li>\n<li data-start=\"2422\" data-end=\"2635\">\n<p data-start=\"2424\" data-end=\"2635\"><strong data-start=\"2424\" data-end=\"2439\">Langlebigkeit:<\/strong><br data-start=\"2439\" data-end=\"2442\" \/>Diese Halskette ist kratzfest, verblasst nicht und beh\u00e4lt auch nach h\u00e4ufigem Gebrauch ihr makelloses Aussehen. Sie ist perfekt f\u00fcr einen aktiven Lebensstil und bietet sowohl Sch\u00f6nheit als auch Zweckm\u00e4\u00dfigkeit.<\/p>\n<\/li>\n<\/ul>\n<h3 data-start=\"2637\" data-end=\"2668\"><strong data-start=\"2641\" data-end=\"2668\">Produktspezifikationen:<\/strong><\/h3>\n<ul data-start=\"2669\" data-end=\"2988\">\n<li data-start=\"2669\" data-end=\"2705\">\n<p data-start=\"2671\" data-end=\"2705\"><strong data-start=\"2671\" data-end=\"2684\">Material:<\/strong> 100% Rostfreier Stahl<\/p>\n<\/li>\n<li data-start=\"2706\" data-end=\"2763\">\n<p data-start=\"2708\" data-end=\"2763\"><strong data-start=\"2708\" data-end=\"2731\">Abmessungen des Anh\u00e4ngers:<\/strong> 1,5 Zoll (3,8 cm) Durchmesser<\/p>\n<\/li>\n<li data-start=\"2764\" data-end=\"2831\">\n<p data-start=\"2766\" data-end=\"2831\"><strong data-start=\"2766\" data-end=\"2783\">L\u00e4nge der Kette:<\/strong> Einstellbar von 16\u201d bis 20\u201d (40,6 cm bis 50,8 cm)<\/p>\n<\/li>\n<li data-start=\"2832\" data-end=\"2877\">\n<p data-start=\"2834\" data-end=\"2877\"><strong data-start=\"2834\" data-end=\"2845\">Gewicht:<\/strong> Geringes Gewicht f\u00fcr ganzt\u00e4gigen Komfort<\/p>\n<\/li>\n<li data-start=\"2878\" data-end=\"2930\">\n<p data-start=\"2880\" data-end=\"2930\"><strong data-start=\"2880\" data-end=\"2895\">Verschluss Typ:<\/strong> Karabinerhakenverschluss f\u00fcr sicheren Verschluss<\/p>\n<\/li>\n<li data-start=\"2931\" data-end=\"2988\">\n<p data-start=\"2933\" data-end=\"2988\"><strong data-start=\"2933\" data-end=\"2954\">Verf\u00fcgbare Farben:<\/strong> Silber, Gold-Ton, Rose Gold-Ton<\/p>\n<\/li>\n<\/ul>\n<h3 data-start=\"2990\" data-end=\"3017\"><strong data-start=\"2994\" data-end=\"3017\">Warum Sie es lieben werden:<\/strong><\/h3>\n<ul data-start=\"3018\" data-end=\"3489\">\n<li data-start=\"3018\" data-end=\"3174\">\n<p data-start=\"3020\" data-end=\"3174\"><strong data-start=\"3020\" data-end=\"3034\">Symbolik:<\/strong> Der achtzackige Stern ist nicht nur ein wundersch\u00f6nes Design, er hat auch eine tiefe Bedeutung, die Hoffnung, Schutz und spirituelle Ausrichtung hervorruft.<\/p>\n<\/li>\n<li data-start=\"3175\" data-end=\"3333\">\n<p data-start=\"3177\" data-end=\"3333\"><strong data-start=\"3177\" data-end=\"3203\">Handwerkliche Qualit\u00e4t:<\/strong> Diese Halskette aus hochwertigem Edelstahl ist langlebig und damit eine lohnende Investition in Ihre Schmucksammlung.<\/p>\n<\/li>\n<li data-start=\"3334\" data-end=\"3486\">\n<p data-start=\"3336\" data-end=\"3486\"><strong data-start=\"3336\" data-end=\"3356\">Zeitlose Anziehungskraft:<\/strong> Die Kombination aus moderner \u00c4sthetik und klassischer Symbolik sorgt daf\u00fcr, dass diese Halskette auch in den kommenden Jahren stilvoll und relevant bleibt.<\/p>\n<\/li>\n<\/ul>","protected":false},"excerpt":{"rendered":"<p>Diese elegante Edelstahl-Halskette mit achtzackigem Stern verbindet modernes Design mit zeitloser Symbolik und bietet sowohl Stil als auch Bedeutung in einem atemberaubenden St\u00fcck. Egal, ob Sie Ihren Alltagslook aufwerten oder ein Accessoire f\u00fcr einen besonderen Anlass suchen, diese Halskette setzt ein gewagtes Statement, ohne Kompromisse bei der Vielseitigkeit einzugehen.<\/p>","protected":false},"featured_media":771,"comment_status":"open","ping_status":"closed","template":"","meta":[],"product_brand":[],"product_cat":[38,37],"product_tag":[],"class_list":{"0":"post-766","1":"product","2":"type-product","3":"status-publish","4":"has-post-thumbnail","6":"product_cat-necklaces","7":"product_cat-combo-sets","9":"first","10":"instock","11":"shipping-taxable","12":"product-type-simple"},"_links":{"self":[{"href":"https:\/\/wangshajewelry.com\/de\/wp-json\/wp\/v2\/product\/766","targetHints":{"allow":["GET"]}}],"collection":[{"href":"https:\/\/wangshajewelry.com\/de\/wp-json\/wp\/v2\/product"}],"about":[{"href":"https:\/\/wangshajewelry.com\/de\/wp-json\/wp\/v2\/types\/product"}],"replies":[{"embeddable":true,"href":"https:\/\/wangshajewelry.com\/de\/wp-json\/wp\/v2\/comments?post=766"}],"wp:featuredmedia":[{"embeddable":true,"href":"https:\/\/wangshajewelry.com\/de\/wp-json\/wp\/v2\/media\/771"}],"wp:attachment":[{"href":"https:\/\/wangshajewelry.com\/de\/wp-json\/wp\/v2\/media?parent=766"}],"wp:term":[{"taxonomy":"product_brand","embeddable":true,"href":"https:\/\/wangshajewelry.com\/de\/wp-json\/wp\/v2\/product_brand?post=766"},{"taxonomy":"product_cat","embeddable":true,"href":"https:\/\/wangshajewelry.com\/de\/wp-json\/wp\/v2\/product_cat?post=766"},{"taxonomy":"product_tag","embeddable":true,"href":"https:\/\/wangshajewelry.com\/de\/wp-json\/wp\/v2\/product_tag?post=766"}],"curies":[{"name":"wp","href":"https:\/\/api.w.org\/{rel}","templated":true}]}}