{"id":772,"date":"2025-12-10T08:41:16","date_gmt":"2025-12-10T08:41:16","guid":{"rendered":"https:\/\/wangshajewelry.com\/?post_type=product&#038;p=772"},"modified":"2025-12-10T08:41:16","modified_gmt":"2025-12-10T08:41:16","slug":"titan-stahl-zirkon-ring","status":"publish","type":"product","link":"https:\/\/wangshajewelry.com\/de\/product\/titan-stahl-zirkon-ring\/","title":{"rendered":"Titan-Stahl-Zirkon-Ring"},"content":{"rendered":"<h2 data-start=\"88\" data-end=\"118\"><strong data-start=\"88\" data-end=\"118\">Titan-Stahl-Zirkon-Ring<\/strong><\/h2>\n<p data-start=\"120\" data-end=\"532\">Erleben Sie die perfekte Mischung aus moderner Eleganz und dauerhafter St\u00e4rke mit dem <strong data-start=\"199\" data-end=\"229\">Titan-Stahl-Zirkon-Ring<\/strong>. Dieser Ring ist aus hochwertigem Titanstahl gefertigt und mit einem schillernden Zirkon verziert. Er bietet einen eleganten und stilvollen Look, der sowohl k\u00fchn als auch zeitlos ist. Egal, ob Sie ihn als Statement-St\u00fcck oder als allt\u00e4gliches Accessoire tragen, er ist so konzipiert, dass er auff\u00e4llt und gleichzeitig \u00fcber Jahre hinweg Komfort und Haltbarkeit bietet.<\/p>\n<h3 data-start=\"534\" data-end=\"555\"><strong data-start=\"538\" data-end=\"555\">Wesentliche Merkmale:<\/strong><\/h3>\n<ul data-start=\"557\" data-end=\"2489\">\n<li data-start=\"557\" data-end=\"968\">\n<p data-start=\"559\" data-end=\"968\"><strong data-start=\"559\" data-end=\"599\">Premium-Titanstahl-Konstruktion:<\/strong><br data-start=\"599\" data-end=\"602\" \/>Dieser Ring aus hochwertigem Titanstahl ist unglaublich leicht, stabil und korrosionsbest\u00e4ndig. Titan ist bekannt f\u00fcr seine Langlebigkeit und eignet sich daher perfekt f\u00fcr den t\u00e4glichen Gebrauch. Au\u00dferdem ist es hypoallergen, also ideal f\u00fcr Menschen mit empfindlicher Haut oder Metallallergien. Die glatte, polierte Oberfl\u00e4che des Titans sorgt daf\u00fcr, dass es mit der Zeit sein makelloses Aussehen beibeh\u00e4lt.<\/p>\n<\/li>\n<li data-start=\"970\" data-end=\"1338\">\n<p data-start=\"972\" data-end=\"1338\"><strong data-start=\"972\" data-end=\"999\">Brillant Zirkon Stein:<\/strong><br data-start=\"999\" data-end=\"1002\" \/>Das Herzst\u00fcck des Rings ist ein lupenreiner Zirkon, der so perfekt geschliffen ist, dass er das Licht einf\u00e4ngt und reflektiert. Der Zirkon ist bekannt f\u00fcr seine Brillanz und sein Feuer, das dem Funkeln eines Diamanten sehr \u00e4hnlich ist. Dieser schillernde Stein verleiht dem Ring eine zus\u00e4tzliche Ebene der Raffinesse und Eleganz und macht ihn perfekt f\u00fcr formelle und legere Anl\u00e4sse.<\/p>\n<\/li>\n<li data-start=\"1340\" data-end=\"1680\">\n<p data-start=\"1342\" data-end=\"1680\"><strong data-start=\"1342\" data-end=\"1366\">Zeitgen\u00f6ssisches Design:<\/strong><br data-start=\"1366\" data-end=\"1369\" \/>Der Ring zeichnet sich durch ein klares, minimalistisches Design aus, das ihn so vielseitig macht, dass er sowohl allein als auch in Kombination mit anderen Ringen getragen werden kann. Der Zirkonstein ist dezent in einer Zackenfassung gefasst, was ihm ein modernes und doch zeitloses Aussehen verleiht. Sein schlichtes, aber raffiniertes Design ist perfekt f\u00fcr alle, die schlichte Eleganz zu sch\u00e4tzen wissen.<\/p>\n<\/li>\n<li data-start=\"1682\" data-end=\"1954\">\n<p data-start=\"1684\" data-end=\"1954\"><strong data-start=\"1684\" data-end=\"1700\">Bequeme Passform:<\/strong><br data-start=\"1700\" data-end=\"1703\" \/>Das Band ist glatt und abgerundet, damit es bequem sitzt und Sie es den ganzen Tag \u00fcber tragen k\u00f6nnen, ohne sich unwohl zu f\u00fchlen. Dank der Festigkeit des Titans beh\u00e4lt das Band seine Form bei und l\u00e4sst sich nicht verbiegen, sodass es dauerhaft passt und seine Struktur nicht mit der Zeit verliert.<\/p>\n<\/li>\n<li data-start=\"1956\" data-end=\"2177\">\n<p data-start=\"1958\" data-end=\"2177\"><strong data-start=\"1958\" data-end=\"1997\">Kratzfest und anlaufgesch\u00fctzt:<\/strong><br data-start=\"1997\" data-end=\"2000\" \/>Titan ist sehr widerstandsf\u00e4hig gegen Kratzer und Anlaufen, was diesen Ring perfekt f\u00fcr das t\u00e4gliche Tragen macht. Er beh\u00e4lt seinen Glanz und sein Aussehen \u00fcber Jahre hinweg, selbst in rauen Umgebungen.<\/p>\n<\/li>\n<li data-start=\"2179\" data-end=\"2489\">\n<p data-start=\"2181\" data-end=\"2489\"><strong data-start=\"2181\" data-end=\"2207\">Vielseitig und stilvoll:<\/strong><br data-start=\"2207\" data-end=\"2210\" \/>Ganz gleich, ob Sie einen Statement-Ring, einen Verlobungsring oder ein Geschenk f\u00fcr einen geliebten Menschen suchen, der Zirkonring aus Titan-Stahl passt zu einer Vielzahl von Anl\u00e4ssen. Durch seine Vielseitigkeit eignet er sich sowohl f\u00fcr legere als auch f\u00fcr formelle Anl\u00e4sse und ist somit eine ideale Erg\u00e4nzung f\u00fcr jede Schmucksammlung.<\/p>\n<\/li>\n<\/ul>\n<h3 data-start=\"2491\" data-end=\"2522\"><strong data-start=\"2495\" data-end=\"2522\">Produktspezifikationen:<\/strong><\/h3>\n<ul data-start=\"2523\" data-end=\"3082\">\n<li data-start=\"2523\" data-end=\"2566\">\n<p data-start=\"2525\" data-end=\"2566\"><strong data-start=\"2525\" data-end=\"2538\">Material:<\/strong> Hochwertiger Titanium Stahl<\/p>\n<\/li>\n<li data-start=\"2567\" data-end=\"2677\">\n<p data-start=\"2569\" data-end=\"2677\"><strong data-start=\"2569\" data-end=\"2582\">Edelstein:<\/strong> Brillant-Zirkon (alternativ k\u00f6nnen Sie die Gr\u00f6\u00dfe und den Schliff des Zirkons angeben)<\/p>\n<\/li>\n<li data-start=\"2678\" data-end=\"2774\">\n<p data-start=\"2680\" data-end=\"2774\"><strong data-start=\"2680\" data-end=\"2694\">Ringgr\u00f6\u00dfe:<\/strong> Erh\u00e4ltlich in verschiedenen Gr\u00f6\u00dfen (bitte angeben, wenn Sie einen bestimmten Gr\u00f6\u00dfenbereich w\u00fcnschen)<\/p>\n<\/li>\n<li data-start=\"2775\" data-end=\"2821\">\n<p data-start=\"2777\" data-end=\"2821\"><strong data-start=\"2777\" data-end=\"2792\">Breite des Bandes:<\/strong> 6mm (oder bei Bedarf anpassen)<\/p>\n<\/li>\n<li data-start=\"2822\" data-end=\"2875\">\n<p data-start=\"2824\" data-end=\"2875\"><strong data-start=\"2824\" data-end=\"2835\">Beenden:<\/strong> Hochglanzpolitur f\u00fcr ein glattes und gl\u00e4nzendes Aussehen<\/p>\n<\/li>\n<li data-start=\"2876\" data-end=\"2913\">\n<p data-start=\"2878\" data-end=\"2913\"><strong data-start=\"2878\" data-end=\"2889\">Gewicht:<\/strong> Leicht und dennoch langlebig<\/p>\n<\/li>\n<li data-start=\"2914\" data-end=\"2960\">\n<p data-start=\"2916\" data-end=\"2960\"><strong data-start=\"2916\" data-end=\"2935\">Hypoallergen:<\/strong> Ideal f\u00fcr empfindliche Haut<\/p>\n<\/li>\n<li data-start=\"2961\" data-end=\"3082\">\n<p data-start=\"2963\" data-end=\"3082\"><strong data-start=\"2963\" data-end=\"2984\">Verf\u00fcgbare Farben:<\/strong> Silber, Schwarz, Gunmetal (Sie k\u00f6nnen auch Oberfl\u00e4chen oder Farbt\u00f6ne wie matt, geb\u00fcrstet oder poliert angeben)<\/p>\n<\/li>\n<\/ul>\n<h3 data-start=\"3084\" data-end=\"3111\"><strong data-start=\"3088\" data-end=\"3111\">Warum Sie es lieben werden:<\/strong><\/h3>\n<ul data-start=\"3112\" data-end=\"3771\">\n<li data-start=\"3112\" data-end=\"3278\">\n<p data-start=\"3114\" data-end=\"3278\"><strong data-start=\"3114\" data-end=\"3140\">Langlebigkeit und St\u00e4rke:<\/strong> Titanstahl bietet eine un\u00fcbertroffene Festigkeit und Widerstandsf\u00e4higkeit, so dass dieser Ring perfekt f\u00fcr das t\u00e4gliche Tragen geeignet ist, ohne dass man sich Gedanken \u00fcber Verschlei\u00df machen muss.<\/p>\n<\/li>\n<li data-start=\"3279\" data-end=\"3454\">\n<p data-start=\"3281\" data-end=\"3454\"><strong data-start=\"3281\" data-end=\"3301\">Zeitlose Sch\u00f6nheit:<\/strong> Der Glanz des Zirkons und das elegante Titanband sorgen f\u00fcr einen raffinierten Look, der zu jedem Anlass getragen werden kann, von zwanglosen Ausfl\u00fcgen bis hin zu formellen Anl\u00e4ssen.<\/p>\n<\/li>\n<li data-start=\"3455\" data-end=\"3610\">\n<p data-start=\"3457\" data-end=\"3610\"><strong data-start=\"3457\" data-end=\"3490\">Hypoallergen und bequem:<\/strong> Das geringe Gewicht von Titan und seine hypoallergenen Eigenschaften sorgen f\u00fcr einen bequemen Sitz, auch bei l\u00e4ngerem Tragen.<\/p>\n<\/li>\n<li data-start=\"3611\" data-end=\"3771\">\n<p data-start=\"3613\" data-end=\"3771\"><strong data-start=\"3613\" data-end=\"3637\">Vielseitig und elegant:<\/strong> Ob als Geschenk oder als pers\u00f6nliches Statement, dieser Ring besticht durch sein modernes Design und den schillernden Zirkon in der Mitte.<\/p>\n<\/li>\n<\/ul>","protected":false},"excerpt":{"rendered":"<p>Erleben Sie die perfekte Mischung aus moderner Eleganz und dauerhafter St\u00e4rke mit dem <strong data-start=\"199\" data-end=\"229\">Titan-Stahl-Zirkon-Ring<\/strong>. Dieser Ring ist aus hochwertigem Titanstahl gefertigt und mit einem schillernden Zirkon verziert. Er bietet einen eleganten und stilvollen Look, der sowohl k\u00fchn als auch zeitlos ist. Egal, ob Sie ihn als Statement-St\u00fcck oder als allt\u00e4gliches Accessoire tragen, er ist so konzipiert, dass er auff\u00e4llt und gleichzeitig \u00fcber Jahre hinweg Komfort und Haltbarkeit bietet.<\/p>","protected":false},"featured_media":778,"comment_status":"open","ping_status":"closed","template":"","meta":[],"product_brand":[],"product_cat":[17],"product_tag":[],"class_list":{"0":"post-772","1":"product","2":"type-product","3":"status-publish","4":"has-post-thumbnail","6":"product_cat-rings","8":"first","9":"instock","10":"shipping-taxable","11":"product-type-simple"},"_links":{"self":[{"href":"https:\/\/wangshajewelry.com\/de\/wp-json\/wp\/v2\/product\/772","targetHints":{"allow":["GET"]}}],"collection":[{"href":"https:\/\/wangshajewelry.com\/de\/wp-json\/wp\/v2\/product"}],"about":[{"href":"https:\/\/wangshajewelry.com\/de\/wp-json\/wp\/v2\/types\/product"}],"replies":[{"embeddable":true,"href":"https:\/\/wangshajewelry.com\/de\/wp-json\/wp\/v2\/comments?post=772"}],"wp:featuredmedia":[{"embeddable":true,"href":"https:\/\/wangshajewelry.com\/de\/wp-json\/wp\/v2\/media\/778"}],"wp:attachment":[{"href":"https:\/\/wangshajewelry.com\/de\/wp-json\/wp\/v2\/media?parent=772"}],"wp:term":[{"taxonomy":"product_brand","embeddable":true,"href":"https:\/\/wangshajewelry.com\/de\/wp-json\/wp\/v2\/product_brand?post=772"},{"taxonomy":"product_cat","embeddable":true,"href":"https:\/\/wangshajewelry.com\/de\/wp-json\/wp\/v2\/product_cat?post=772"},{"taxonomy":"product_tag","embeddable":true,"href":"https:\/\/wangshajewelry.com\/de\/wp-json\/wp\/v2\/product_tag?post=772"}],"curies":[{"name":"wp","href":"https:\/\/api.w.org\/{rel}","templated":true}]}}