{"id":797,"date":"2025-12-11T04:56:49","date_gmt":"2025-12-11T04:56:49","guid":{"rendered":"https:\/\/wangshajewelry.com\/?post_type=product&#038;p=797"},"modified":"2025-12-11T04:56:49","modified_gmt":"2025-12-11T04:56:49","slug":"titan-stahl-quasten-zirkon-halskette","status":"publish","type":"product","link":"https:\/\/wangshajewelry.com\/de\/product\/titan-stahl-quasten-zirkon-halskette\/","title":{"rendered":"Titan-Stahl Quasten-Zirkon-Halskette"},"content":{"rendered":"<h2 data-start=\"138\" data-end=\"638\"><strong>Titan-Stahl Quasten-Zirkon-Halskette<\/strong><\/h2>\n<p data-start=\"138\" data-end=\"638\">Erweitern Sie Ihr Accessoire-Spiel mit dem <strong data-start=\"175\" data-end=\"216\">Titan-Stahl Quasten-Zirkon-Halskette<\/strong>-Ein Schmuckst\u00fcck, das zeitgen\u00f6ssische Eleganz und zeitloses Funkeln perfekt miteinander verbindet. Die Halskette ist aus robustem Titanstahl gefertigt und mit brillanten Zirkon-Edelsteinen besetzt. Das atemberaubende Quastendesign strahlt Raffinesse und Bewegung aus. Ganz gleich, ob Sie sich f\u00fcr einen Abend herausputzen oder Ihrem Alltagsoutfit eine einzigartige Note verleihen m\u00f6chten, diese Halskette ist eine gewagte und luxuri\u00f6se Erg\u00e4nzung Ihrer Schmucksammlung.<\/p>\n<h3 data-start=\"640\" data-end=\"661\"><strong data-start=\"644\" data-end=\"661\">Wesentliche Merkmale:<\/strong><\/h3>\n<ul data-start=\"663\" data-end=\"2714\">\n<li data-start=\"663\" data-end=\"1037\">\n<p data-start=\"665\" data-end=\"1037\"><strong data-start=\"665\" data-end=\"692\">Premium-Titanstahl:<\/strong><br data-start=\"692\" data-end=\"695\" \/>Diese Halskette aus hochwertigem Titanstahl ist sowohl robust als auch leicht und bequem. Titan ist f\u00fcr seine au\u00dfergew\u00f6hnliche Langlebigkeit, Korrosionsbest\u00e4ndigkeit und hypoallergenen Eigenschaften bekannt, was dieses St\u00fcck ideal f\u00fcr den t\u00e4glichen Gebrauch macht. Die glatte, polierte Oberfl\u00e4che sorgt daf\u00fcr, dass die Kette jahrelang ihren strahlenden Glanz beibeh\u00e4lt.<\/p>\n<\/li>\n<li data-start=\"1039\" data-end=\"1449\">\n<p data-start=\"1041\" data-end=\"1449\"><strong data-start=\"1041\" data-end=\"1068\">Schillernde Zirkon-Steine:<\/strong><br data-start=\"1068\" data-end=\"1071\" \/>Die Halskette ist mit funkelnden Zirkon-Edelsteinen verziert, die das Licht einfangen und reflektieren und so einen brillanten Schimmer erzeugen, der das Aussehen von Diamanten imitiert. Die Zirkone sind sorgf\u00e4ltig in Zacken gefasst, um ihre Brillanz zu maximieren, und verleihen dem Quastendesign einen Hauch von Luxus. Der Zirkon ist f\u00fcr seine Klarheit und sein Feuer bekannt und bildet einen auff\u00e4lligen Kontrast zum Titanstahl.<\/p>\n<\/li>\n<li data-start=\"1451\" data-end=\"1838\">\n<p data-start=\"1453\" data-end=\"1838\"><strong data-start=\"1453\" data-end=\"1479\">Elegantes Quastendesign:<\/strong><br data-start=\"1479\" data-end=\"1482\" \/>Der Schwerpunkt dieser Halskette liegt auf den atemberaubenden Quasten, die ein Element der Bewegung und des Flusses hinzuf\u00fcgen. Die Quasten bestehen aus feinen Ketten, von denen jede einzelne so gestaltet ist, dass sie anmutig drapiert wird und ein Gef\u00fchl von Flie\u00dfbarkeit und Raffinesse vermittelt. Die Kombination aus den glitzernden Zirkonen und den flie\u00dfenden Quasten verleiht diesem Schmuckst\u00fcck einen modernen und doch zeitlosen Reiz.<\/p>\n<\/li>\n<li data-start=\"1840\" data-end=\"2114\">\n<p data-start=\"1842\" data-end=\"2114\"><strong data-start=\"1842\" data-end=\"1870\">Einstellbare Kettenl\u00e4nge:<\/strong><br data-start=\"1870\" data-end=\"1873\" \/>Die Kette ist in der L\u00e4nge verstellbar, so dass Sie die perfekte Passform w\u00e4hlen k\u00f6nnen. Ob Sie einen Choker-Look oder einen l\u00e4ngeren Anh\u00e4nger bevorzugen, Sie k\u00f6nnen die L\u00e4nge ganz einfach an Ihr Dekollet\u00e9 und Ihren gew\u00fcnschten Stil anpassen.<\/p>\n<\/li>\n<li data-start=\"2116\" data-end=\"2419\">\n<p data-start=\"2118\" data-end=\"2419\"><strong data-start=\"2118\" data-end=\"2140\">Vielseitiges Styling:<\/strong><br data-start=\"2140\" data-end=\"2143\" \/>Ganz gleich, ob Sie sich f\u00fcr einen formellen Anlass herausputzen, an einer Gala teilnehmen oder einfach nur einem legeren Outfit einen eleganten Touch verleihen m\u00f6chten, diese Quasten-Halskette wertet jeden Look m\u00fchelos auf. Durch ihr vielseitiges Design eignet sie sich f\u00fcr verschiedene Anl\u00e4sse, vom Tagesausflug bis zur Abendveranstaltung.<\/p>\n<\/li>\n<li data-start=\"2421\" data-end=\"2714\">\n<p data-start=\"2423\" data-end=\"2714\"><strong data-start=\"2423\" data-end=\"2448\">Komfort und Langlebigkeit:<\/strong><br data-start=\"2448\" data-end=\"2451\" \/>Das geringe Gewicht von Titan sorgt f\u00fcr langen Tragekomfort, w\u00e4hrend die Elastizit\u00e4t daf\u00fcr sorgt, dass die Halskette ihre Sch\u00f6nheit beh\u00e4lt, ohne sich zu verbiegen, anzulaufen oder ihren Glanz zu verlieren. Sie ist perfekt f\u00fcr alle, die sowohl \u00c4sthetik als auch Langlebigkeit bei ihrem Schmuck sch\u00e4tzen.<\/p>\n<\/li>\n<\/ul>\n<h3 data-start=\"2716\" data-end=\"2747\"><strong data-start=\"2720\" data-end=\"2747\">Produktspezifikationen:<\/strong><\/h3>\n<ul data-start=\"2748\" data-end=\"3248\">\n<li data-start=\"2748\" data-end=\"2778\">\n<p data-start=\"2750\" data-end=\"2778\"><strong data-start=\"2750\" data-end=\"2763\">Material:<\/strong> Titanium Stahl<\/p>\n<\/li>\n<li data-start=\"2779\" data-end=\"2856\">\n<p data-start=\"2781\" data-end=\"2856\"><strong data-start=\"2781\" data-end=\"2794\">Edelstein:<\/strong> Hochwertiger Zirkon (ca. 2mm-4mm je nach Design)<\/p>\n<\/li>\n<li data-start=\"2857\" data-end=\"2924\">\n<p data-start=\"2859\" data-end=\"2924\"><strong data-start=\"2859\" data-end=\"2877\">Quaste L\u00e4nge:<\/strong> Ungef\u00e4hr 3-4 Zoll (je nach Design)<\/p>\n<\/li>\n<li data-start=\"2925\" data-end=\"2998\">\n<p data-start=\"2927\" data-end=\"2998\"><strong data-start=\"2927\" data-end=\"2944\">L\u00e4nge der Kette:<\/strong> Einstellbar, typischerweise 16\u201d bis 20\u201d (40,6 cm bis 50,8 cm)<\/p>\n<\/li>\n<li data-start=\"2999\" data-end=\"3048\">\n<p data-start=\"3001\" data-end=\"3048\"><strong data-start=\"3001\" data-end=\"3012\">Beenden:<\/strong> Hochglanzpolitur f\u00fcr ein glattes, gl\u00e4nzendes Aussehen<\/p>\n<\/li>\n<li data-start=\"3049\" data-end=\"3086\">\n<p data-start=\"3051\" data-end=\"3086\"><strong data-start=\"3051\" data-end=\"3062\">Gewicht:<\/strong> Leichtgewicht f\u00fcr Komfort<\/p>\n<\/li>\n<li data-start=\"3087\" data-end=\"3139\">\n<p data-start=\"3089\" data-end=\"3139\"><strong data-start=\"3089\" data-end=\"3104\">Verschluss Typ:<\/strong> Karabinerhakenverschluss f\u00fcr sicheren Verschluss<\/p>\n<\/li>\n<li data-start=\"3140\" data-end=\"3185\">\n<p data-start=\"3142\" data-end=\"3185\"><strong data-start=\"3142\" data-end=\"3161\">Hypoallergen:<\/strong> Sicher f\u00fcr empfindliche Haut<\/p>\n<\/li>\n<li data-start=\"3186\" data-end=\"3248\">\n<p data-start=\"3188\" data-end=\"3248\"><strong data-start=\"3188\" data-end=\"3209\">Verf\u00fcgbare Farben:<\/strong> Silber-Ton, Gold-Ton, Rose Gold-Ton<\/p>\n<\/li>\n<\/ul>\n<h3 data-start=\"3250\" data-end=\"3277\"><strong data-start=\"3254\" data-end=\"3277\">Warum Sie es lieben werden:<\/strong><\/h3>\n<ul data-start=\"3278\" data-end=\"3959\">\n<li data-start=\"3278\" data-end=\"3447\">\n<p data-start=\"3280\" data-end=\"3447\"><strong data-start=\"3280\" data-end=\"3307\">Modern und anspruchsvoll:<\/strong> Die Kombination aus funkelnden Zirkonen und dem Quastendesign sorgt f\u00fcr einen modernen, glamour\u00f6sen Look, der perfekt f\u00fcr jede modebewusste Person ist.<\/p>\n<\/li>\n<li data-start=\"3448\" data-end=\"3621\">\n<p data-start=\"3450\" data-end=\"3621\"><strong data-start=\"3450\" data-end=\"3477\">Strapazierf\u00e4hig und langlebig:<\/strong> Diese Halskette aus Titanstahl ist anlauf-, rost- und korrosionsbest\u00e4ndig und beh\u00e4lt auch bei regelm\u00e4\u00dfigem Tragen ihr makelloses Aussehen.<\/p>\n<\/li>\n<li data-start=\"3622\" data-end=\"3772\">\n<p data-start=\"3624\" data-end=\"3772\"><strong data-start=\"3624\" data-end=\"3644\">Bequeme Passform:<\/strong> Diese leichte und verstellbare Halskette bietet Komfort, ohne auf Stil zu verzichten, und ist somit ein ideales St\u00fcck f\u00fcr den ganzen Tag.<\/p>\n<\/li>\n<li data-start=\"3773\" data-end=\"3959\">\n<p data-start=\"3775\" data-end=\"3959\"><strong data-start=\"3775\" data-end=\"3799\">Vielseitig und elegant:<\/strong> Von einer formellen Abendveranstaltung bis hin zu legeren Anl\u00e4ssen - diese Halskette l\u00e4sst sich m\u00fchelos mit einer Vielzahl von Outfits kombinieren und ist somit ein unverzichtbares Accessoire f\u00fcr jeden Anlass.<\/p>\n<\/li>\n<\/ul>","protected":false},"excerpt":{"rendered":"<p>Erweitern Sie Ihr Accessoire-Spiel mit dem <strong data-start=\"175\" data-end=\"216\">Titan-Stahl Quasten-Zirkon-Halskette<\/strong>-Ein Schmuckst\u00fcck, das zeitgen\u00f6ssische Eleganz und zeitloses Funkeln perfekt miteinander verbindet. Die Halskette ist aus robustem Titanstahl gefertigt und mit brillanten Zirkon-Edelsteinen besetzt. Das atemberaubende Quastendesign strahlt Raffinesse und Bewegung aus. Ganz gleich, ob Sie sich f\u00fcr einen Abend herausputzen oder Ihrem Alltagsoutfit eine einzigartige Note verleihen m\u00f6chten, diese Halskette ist eine gewagte und luxuri\u00f6se Erg\u00e4nzung Ihrer Schmucksammlung.<\/p>","protected":false},"featured_media":802,"comment_status":"open","ping_status":"closed","template":"","meta":[],"product_brand":[],"product_cat":[38,15],"product_tag":[],"class_list":{"0":"post-797","1":"product","2":"type-product","3":"status-publish","4":"has-post-thumbnail","6":"product_cat-necklaces","7":"product_cat-uncategorized","9":"first","10":"instock","11":"shipping-taxable","12":"product-type-simple"},"_links":{"self":[{"href":"https:\/\/wangshajewelry.com\/de\/wp-json\/wp\/v2\/product\/797","targetHints":{"allow":["GET"]}}],"collection":[{"href":"https:\/\/wangshajewelry.com\/de\/wp-json\/wp\/v2\/product"}],"about":[{"href":"https:\/\/wangshajewelry.com\/de\/wp-json\/wp\/v2\/types\/product"}],"replies":[{"embeddable":true,"href":"https:\/\/wangshajewelry.com\/de\/wp-json\/wp\/v2\/comments?post=797"}],"wp:featuredmedia":[{"embeddable":true,"href":"https:\/\/wangshajewelry.com\/de\/wp-json\/wp\/v2\/media\/802"}],"wp:attachment":[{"href":"https:\/\/wangshajewelry.com\/de\/wp-json\/wp\/v2\/media?parent=797"}],"wp:term":[{"taxonomy":"product_brand","embeddable":true,"href":"https:\/\/wangshajewelry.com\/de\/wp-json\/wp\/v2\/product_brand?post=797"},{"taxonomy":"product_cat","embeddable":true,"href":"https:\/\/wangshajewelry.com\/de\/wp-json\/wp\/v2\/product_cat?post=797"},{"taxonomy":"product_tag","embeddable":true,"href":"https:\/\/wangshajewelry.com\/de\/wp-json\/wp\/v2\/product_tag?post=797"}],"curies":[{"name":"wp","href":"https:\/\/api.w.org\/{rel}","templated":true}]}}