{"id":809,"date":"2025-12-11T05:03:22","date_gmt":"2025-12-11T05:03:22","guid":{"rendered":"https:\/\/wangshajewelry.com\/?post_type=product&#038;p=809"},"modified":"2026-01-28T00:46:23","modified_gmt":"2026-01-28T00:46:23","slug":"edelstahlarmband-nach-amerikanischem-vorbild-2","status":"publish","type":"product","link":"https:\/\/wangshajewelry.com\/de\/product\/edelstahlarmband-nach-amerikanischem-vorbild-2\/","title":{"rendered":"American Style Edelstahlarmband"},"content":{"rendered":"<h2 data-start=\"96\" data-end=\"139\"><strong data-start=\"96\" data-end=\"139\">American Style Edelstahlarmband<\/strong><\/h2>\n<p data-start=\"141\" data-end=\"520\">Verstr\u00f6men Sie Selbstvertrauen und modernen Stil mit diesem <strong data-start=\"185\" data-end=\"228\">American Style Edelstahlarmband<\/strong>, ist ein gewagtes und vielseitiges St\u00fcck, das St\u00e4rke, Schlichtheit und Handwerkskunst perfekt vereint. Ganz gleich, ob Sie Ihrem Alltagslook einen kantigen Touch verleihen oder Ihre Abendgarderobe mit einem schlichten, minimalistischen Design erg\u00e4nzen m\u00f6chten, dieses Armband bietet zeitlosen Reiz mit einem modernen Twist.<\/p>\n<h3 data-start=\"522\" data-end=\"543\"><strong data-start=\"526\" data-end=\"543\">Wesentliche Merkmale:<\/strong><\/h3>\n<ul data-start=\"545\" data-end=\"2783\">\n<li data-start=\"545\" data-end=\"929\">\n<p data-start=\"547\" data-end=\"929\"><strong data-start=\"547\" data-end=\"580\">Hochwertiger rostfreier Stahl:<\/strong><br data-start=\"580\" data-end=\"583\" \/>Dieses Armband aus hochwertigem Edelstahl bietet au\u00dfergew\u00f6hnliche Haltbarkeit und ein poliertes, elegantes Finish. Edelstahl ist bekannt f\u00fcr seine Widerstandsf\u00e4higkeit gegen Anlaufen, Rost und Korrosion und sorgt daf\u00fcr, dass dieses Armband auch nach langem Tragen seinen strahlenden Glanz beh\u00e4lt. Es ist eine robuste und langlebige Option, die perfekt f\u00fcr den t\u00e4glichen Gebrauch ist.<\/p>\n<\/li>\n<li data-start=\"931\" data-end=\"1305\">\n<p data-start=\"933\" data-end=\"1305\"><strong data-start=\"933\" data-end=\"959\">Design im amerikanischen Stil:<\/strong><br data-start=\"959\" data-end=\"962\" \/>Das Armband zeichnet sich durch ein klares, von der Industrie inspiriertes Design aus, das die Essenz des amerikanischen Stils widerspiegelt. Seine k\u00fchnen, maskulinen Linien werden mit schlanken Kurven kombiniert und machen es zu einem idealen Accessoire f\u00fcr legere und formellere Outfits. Ob beim Barbecue am Wochenende oder beim Ausgehen in der Stadt, dieses Armband ist das perfekte Accessoire.<\/p>\n<\/li>\n<li data-start=\"1307\" data-end=\"1682\">\n<p data-start=\"1309\" data-end=\"1682\"><strong data-start=\"1309\" data-end=\"1338\">Vielseitig und minimalistisch:<\/strong><br data-start=\"1338\" data-end=\"1341\" \/>Mit seinem schlichten und doch auff\u00e4lligen Look ist dieses Armband sehr vielseitig. Dank des schlichten Designs l\u00e4sst es sich nahtlos mit anderen Accessoires wie Ringen oder Uhren kombinieren, w\u00e4hrend das moderne Design daf\u00fcr sorgt, dass es zu einer Vielzahl von Outfits getragen werden kann. Es ist perfekt f\u00fcr M\u00e4nner und Frauen, die minimalistische Eleganz mit einem gewissen Etwas sch\u00e4tzen.<\/p>\n<\/li>\n<li data-start=\"1684\" data-end=\"1966\">\n<p data-start=\"1686\" data-end=\"1966\"><strong data-start=\"1686\" data-end=\"1706\">Bequeme Passform:<\/strong><br data-start=\"1706\" data-end=\"1709\" \/>Das Armband wurde mit Blick auf den Tragekomfort entworfen und passt sich den meisten Handgelenksgr\u00f6\u00dfen bequem an, wobei es einen festen und dennoch flexiblen Sitz bietet. Die glatte Oberfl\u00e4che sorgt daf\u00fcr, dass es nicht auf der Haut reizt, w\u00e4hrend der stabile Verschluss daf\u00fcr sorgt, dass es den ganzen Tag \u00fcber sicher an seinem Platz bleibt.<\/p>\n<\/li>\n<li data-start=\"1968\" data-end=\"2225\">\n<p data-start=\"1970\" data-end=\"2225\"><strong data-start=\"1970\" data-end=\"2007\">Kratzfest und anlaufgesch\u00fctzt:<\/strong><br data-start=\"2007\" data-end=\"2010\" \/>Edelstahl ist nicht nur robust, sondern auch widerstandsf\u00e4hig gegen Kratzer, was dieses Armband ideal f\u00fcr den t\u00e4glichen Gebrauch macht. Seine anlauffreie Qualit\u00e4t sorgt daf\u00fcr, dass es auch bei h\u00e4ufigem Gebrauch so neu aussieht wie am Tag des Kaufs.<\/p>\n<\/li>\n<li data-start=\"2227\" data-end=\"2482\">\n<p data-start=\"2229\" data-end=\"2482\"><strong data-start=\"2229\" data-end=\"2264\">Hypoallergen und hautvertr\u00e4glich:<\/strong><br data-start=\"2264\" data-end=\"2267\" \/>Dieses Armband ist perfekt f\u00fcr Menschen mit empfindlicher Haut. Es besteht aus hypoallergenem Edelstahl, der keine Reizungen oder allergischen Reaktionen hervorruft. Sie k\u00f6nnen es mit Zuversicht tragen, weil Sie wissen, dass es sanft zu Ihrer Haut ist.<\/p>\n<\/li>\n<li data-start=\"2484\" data-end=\"2783\">\n<p data-start=\"2486\" data-end=\"2783\"><strong data-start=\"2486\" data-end=\"2508\">Ideale Geschenkoption:<\/strong><br data-start=\"2508\" data-end=\"2511\" \/>Dieses Armband im amerikanischen Stil eignet sich hervorragend als Geschenk f\u00fcr einen geliebten Menschen oder als besondere Freude f\u00fcr Sie selbst. Ob zum Geburtstag, Jahrestag oder einfach nur, um einen Meilenstein zu feiern, sein zeitloses Design wird sicher all diejenigen ansprechen, die sowohl Stil als auch Langlebigkeit sch\u00e4tzen.<\/p>\n<\/li>\n<\/ul>\n<h3 data-start=\"2785\" data-end=\"2816\"><strong data-start=\"2789\" data-end=\"2816\">Produktspezifikationen:<\/strong><\/h3>\n<ul data-start=\"2817\" data-end=\"3321\">\n<li data-start=\"2817\" data-end=\"2861\">\n<p data-start=\"2819\" data-end=\"2861\"><strong data-start=\"2819\" data-end=\"2832\">Material:<\/strong> Hochwertiger Edelstahl<\/p>\n<\/li>\n<li data-start=\"2862\" data-end=\"2919\">\n<p data-start=\"2864\" data-end=\"2919\"><strong data-start=\"2864\" data-end=\"2875\">Entwurf:<\/strong> Amerikanischer Stil, minimalistisch mit klaren Linien<\/p>\n<\/li>\n<li data-start=\"2920\" data-end=\"2994\">\n<p data-start=\"2922\" data-end=\"2994\"><strong data-start=\"2922\" data-end=\"2932\">Schlie\u00dfe:<\/strong> Sichere Karabinerschlie\u00dfe oder Faltschlie\u00dfe (je nach Design)<\/p>\n<\/li>\n<li data-start=\"2995\" data-end=\"3078\">\n<p data-start=\"2997\" data-end=\"3078\"><strong data-start=\"2997\" data-end=\"3017\">L\u00e4nge des Armbands:<\/strong> Normalerweise 7,5\u201d - 8,5\u201d (einstellbar oder Gr\u00f6\u00dfe angeben, falls erforderlich)<\/p>\n<\/li>\n<li data-start=\"3079\" data-end=\"3137\">\n<p data-start=\"3081\" data-end=\"3137\"><strong data-start=\"3081\" data-end=\"3100\">Breite des Armbands:<\/strong> 6mm - 10mm (je nach Ausf\u00fchrung)<\/p>\n<\/li>\n<li data-start=\"3138\" data-end=\"3211\">\n<p data-start=\"3140\" data-end=\"3211\"><strong data-start=\"3140\" data-end=\"3151\">Beenden:<\/strong> Hochglanz oder matt, je nach Vorliebe anpassbar<\/p>\n<\/li>\n<li data-start=\"3212\" data-end=\"3257\">\n<p data-start=\"3214\" data-end=\"3257\"><strong data-start=\"3214\" data-end=\"3233\">Hypoallergen:<\/strong> Sicher f\u00fcr empfindliche Haut<\/p>\n<\/li>\n<li data-start=\"3258\" data-end=\"3321\">\n<p data-start=\"3260\" data-end=\"3321\"><strong data-start=\"3260\" data-end=\"3281\">Verf\u00fcgbare Farben:<\/strong> Silber-Ton, Schwarz, Rotguss, Gold-Ton<\/p>\n<\/li>\n<\/ul>\n<h3 data-start=\"3323\" data-end=\"3350\"><strong data-start=\"3327\" data-end=\"3350\">Warum Sie es lieben werden:<\/strong><\/h3>\n<ul data-start=\"3351\" data-end=\"4023\">\n<li data-start=\"3351\" data-end=\"3530\">\n<p data-start=\"3353\" data-end=\"3530\"><strong data-start=\"3353\" data-end=\"3381\">Zeitloser amerikanischer Stil:<\/strong> Mit seinen klaren Linien und seinem starken, minimalistischen Design f\u00e4ngt dieses Armband den Geist des amerikanischen Stils perfekt ein - k\u00fchn, anspruchsvoll und best\u00e4ndig.<\/p>\n<\/li>\n<li data-start=\"3531\" data-end=\"3691\">\n<p data-start=\"3533\" data-end=\"3691\"><strong data-start=\"3533\" data-end=\"3558\">Langlebigkeit und Komfort:<\/strong> Der hochwertige Edelstahl gew\u00e4hrleistet die Widerstandsf\u00e4higkeit des Armbands, w\u00e4hrend die glatte Oberfl\u00e4che f\u00fcr einen hohen Tragekomfort sorgt.<\/p>\n<\/li>\n<li data-start=\"3692\" data-end=\"3882\">\n<p data-start=\"3694\" data-end=\"3882\"><strong data-start=\"3694\" data-end=\"3718\">Vielseitig und stilvoll:<\/strong> Die minimalistische \u00c4sthetik dieses Armbands erlaubt es, es zu praktisch jedem Outfit zu tragen, und macht es zu einem allt\u00e4glichen Accessoire, das sowohl zu legeren als auch zu formellen Outfits passt.<\/p>\n<\/li>\n<li data-start=\"3883\" data-end=\"4023\">\n<p data-start=\"3885\" data-end=\"4023\"><strong data-start=\"3885\" data-end=\"3905\">Tolle Geschenkidee:<\/strong> Ob zu einem besonderen Anlass oder als einfache Geste, dieses Armband ist ein vielseitiges Geschenk, das sicher Eindruck macht.<\/p>\n<\/li>\n<\/ul>","protected":false},"excerpt":{"rendered":"<p>Verstr\u00f6men Sie Selbstvertrauen und modernen Stil mit diesem <strong data-start=\"185\" data-end=\"228\">American Style Edelstahlarmband<\/strong>, ist ein gewagtes und vielseitiges St\u00fcck, das St\u00e4rke, Schlichtheit und Handwerkskunst perfekt vereint. Ganz gleich, ob Sie Ihrem Alltagslook einen kantigen Touch verleihen oder Ihre Abendgarderobe mit einem schlichten, minimalistischen Design erg\u00e4nzen m\u00f6chten, dieses Armband bietet zeitlosen Reiz mit einem modernen Twist.<\/p>","protected":false},"featured_media":814,"comment_status":"open","ping_status":"closed","template":"","meta":[],"product_brand":[],"product_cat":[36,37],"product_tag":[],"class_list":{"0":"post-809","1":"product","2":"type-product","3":"status-publish","4":"has-post-thumbnail","6":"product_cat-bracelets","7":"product_cat-combo-sets","9":"first","10":"instock","11":"shipping-taxable","12":"product-type-simple"},"_links":{"self":[{"href":"https:\/\/wangshajewelry.com\/de\/wp-json\/wp\/v2\/product\/809","targetHints":{"allow":["GET"]}}],"collection":[{"href":"https:\/\/wangshajewelry.com\/de\/wp-json\/wp\/v2\/product"}],"about":[{"href":"https:\/\/wangshajewelry.com\/de\/wp-json\/wp\/v2\/types\/product"}],"replies":[{"embeddable":true,"href":"https:\/\/wangshajewelry.com\/de\/wp-json\/wp\/v2\/comments?post=809"}],"wp:featuredmedia":[{"embeddable":true,"href":"https:\/\/wangshajewelry.com\/de\/wp-json\/wp\/v2\/media\/814"}],"wp:attachment":[{"href":"https:\/\/wangshajewelry.com\/de\/wp-json\/wp\/v2\/media?parent=809"}],"wp:term":[{"taxonomy":"product_brand","embeddable":true,"href":"https:\/\/wangshajewelry.com\/de\/wp-json\/wp\/v2\/product_brand?post=809"},{"taxonomy":"product_cat","embeddable":true,"href":"https:\/\/wangshajewelry.com\/de\/wp-json\/wp\/v2\/product_cat?post=809"},{"taxonomy":"product_tag","embeddable":true,"href":"https:\/\/wangshajewelry.com\/de\/wp-json\/wp\/v2\/product_tag?post=809"}],"curies":[{"name":"wp","href":"https:\/\/api.w.org\/{rel}","templated":true}]}}