{"id":815,"date":"2025-12-11T05:10:36","date_gmt":"2025-12-11T05:10:36","guid":{"rendered":"https:\/\/wangshajewelry.com\/?post_type=product&#038;p=815"},"modified":"2025-12-11T05:10:48","modified_gmt":"2025-12-11T05:10:48","slug":"edelstahl-herz-sonne-luxus-ohrringe","status":"publish","type":"product","link":"https:\/\/wangshajewelry.com\/de\/product\/edelstahl-herz-sonne-luxus-ohrringe\/","title":{"rendered":"Edelstahl-Herz-Sonne-Luxus-Ohrringe"},"content":{"rendered":"<h2 data-start=\"95\" data-end=\"140\"><strong data-start=\"95\" data-end=\"140\">Edelstahl-Herz-Sonne-Luxus-Ohrringe<\/strong><\/h2>\n<p data-start=\"142\" data-end=\"561\">Strahlen Sie Eleganz und Charme aus mit diesen <strong data-start=\"180\" data-end=\"225\">Edelstahl-Herz-Sonne-Luxus-Ohrringe<\/strong>. Diese Ohrringe, die die symbolische Sch\u00f6nheit eines Herzens mit der strahlenden Energie der Sonne kombinieren, strahlen so hell wie Ihre Pers\u00f6nlichkeit. Gefertigt aus hochwertigem Edelstahl, verziert mit aufwendigen Details und veredelt mit luxuri\u00f6sen Akzenten, bieten sie einen raffinierten Touch f\u00fcr jeden Anlass - egal ob leger oder formell.<\/p>\n<h3 data-start=\"563\" data-end=\"584\"><strong data-start=\"567\" data-end=\"584\">Wesentliche Merkmale:<\/strong><\/h3>\n<ul data-start=\"586\" data-end=\"2755\">\n<li data-start=\"586\" data-end=\"956\">\n<p data-start=\"588\" data-end=\"956\"><strong data-start=\"588\" data-end=\"616\">Premium-Edelstahl:<\/strong><br data-start=\"616\" data-end=\"619\" \/>Diese Ohrringe sind aus haltbarem, rostfreiem Edelstahl gefertigt und f\u00fcr eine lange Lebensdauer ausgelegt. Edelstahl sorgt nicht nur f\u00fcr einen lang anhaltenden Glanz, sondern ist auch hypoallergen, was sie perfekt f\u00fcr Menschen mit empfindlichen Ohren macht. Die hochwertige Konstruktion verhindert das Anlaufen und Ausbleichen, so dass diese Ohrringe ihre Sch\u00f6nheit \u00fcber lange Zeit behalten.<\/p>\n<\/li>\n<li data-start=\"958\" data-end=\"1273\">\n<p data-start=\"960\" data-end=\"1273\"><strong data-start=\"960\" data-end=\"993\">Elegantes Herz- und Sonnen-Design:<\/strong><br data-start=\"993\" data-end=\"996\" \/>Diese Ohrringe zeigen eine atemberaubende Mischung aus zwei kraftvollen Symbolen - dem Herz, das f\u00fcr Liebe und Zuneigung steht, und der Sonne, die Leben, Energie und Positivit\u00e4t symbolisiert. Die Kombination dieser beiden Symbole schafft ein Design, das sowohl romantisch als auch energiegeladen ist - perfekt, um ein Statement zu setzen.<\/p>\n<\/li>\n<li data-start=\"1275\" data-end=\"1631\">\n<p data-start=\"1277\" data-end=\"1631\"><strong data-start=\"1277\" data-end=\"1298\">Luxus Detailing:<\/strong><br data-start=\"1298\" data-end=\"1301\" \/>Die herzf\u00f6rmige Mitte ist mit feinen Details versehen, und die Sonnenstrahlen umgeben das Herz mit einem Hauch von Eleganz. Die Sonnenstrahlen umgeben das Herz mit einem Hauch von Eleganz. Das Sonnenschliff-Design wertet das Gesamtbild der Ohrringe auf und verleiht ihnen ein luxuri\u00f6ses, strahlendes Finish. Ob bei einer besonderen Veranstaltung oder beim Ausgehen, diese Ohrringe ziehen garantiert die Blicke auf sich.<\/p>\n<\/li>\n<li data-start=\"1633\" data-end=\"1867\">\n<p data-start=\"1635\" data-end=\"1867\"><strong data-start=\"1635\" data-end=\"1663\">Polierte, gl\u00e4nzende Oberfl\u00e4che:<\/strong><br data-start=\"1663\" data-end=\"1666\" \/>Die Ohrringe sind mit einem glatten, hochgl\u00e4nzenden Schimmer versehen, der sie in jedem Licht funkeln l\u00e4sst. Die gl\u00e4nzende Oberfl\u00e4che verleiht ihnen einen raffinierten, anspruchsvollen Look, der sich m\u00fchelos mit jedem Outfit kombinieren l\u00e4sst.<\/p>\n<\/li>\n<li data-start=\"1869\" data-end=\"2129\">\n<p data-start=\"1871\" data-end=\"2129\"><strong data-start=\"1871\" data-end=\"1900\">Bequemer und sicherer Sitz:<\/strong><br data-start=\"1900\" data-end=\"1903\" \/>Die Ohrringe sind leicht und verf\u00fcgen \u00fcber sichere, einfach zu handhabende Ohrstecker, die f\u00fcr ganzt\u00e4gigen Tragekomfort sorgen. Die Edelstahlstifte sind robust und dennoch bequem, sodass die Ohrringe sicher an ihrem Platz bleiben, ohne zu reizen.<\/p>\n<\/li>\n<li data-start=\"2131\" data-end=\"2474\">\n<p data-start=\"2133\" data-end=\"2474\"><strong data-start=\"2133\" data-end=\"2154\">Vielseitiger Luxus:<\/strong><br data-start=\"2154\" data-end=\"2157\" \/>Diese Ohrringe sind das perfekte Accessoire sowohl f\u00fcr legere als auch f\u00fcr formelle Anl\u00e4sse. Kombinieren Sie sie mit einem eleganten Outfit f\u00fcr einen glamour\u00f6sen Abendlook, oder tragen Sie sie zu einem legeren Ensemble, um Ihrem Alltagsstil einen Hauch von Eleganz zu verleihen. Das zeitlose Herz- und Sonnendesign macht sie so vielseitig, dass sie das ganze Jahr \u00fcber getragen werden k\u00f6nnen.<\/p>\n<\/li>\n<li data-start=\"2476\" data-end=\"2755\">\n<p data-start=\"2478\" data-end=\"2755\"><strong data-start=\"2478\" data-end=\"2500\">Perfekte Geschenkidee:<\/strong><br data-start=\"2500\" data-end=\"2503\" \/>Diese Ohrringe sind ein luxuri\u00f6ses und bedeutungsvolles Geschenk, ob zum Geburtstag, Jahrestag oder einfach nur als nette Geste. Ihr symboltr\u00e4chtiges Design und die hochwertigen Materialien machen sie zu einem wertvollen Andenken f\u00fcr alle, die schicken, anspruchsvollen Schmuck lieben.<\/p>\n<\/li>\n<\/ul>\n<h3 data-start=\"2757\" data-end=\"2788\"><strong data-start=\"2761\" data-end=\"2788\">Produktspezifikationen:<\/strong><\/h3>\n<ul data-start=\"2789\" data-end=\"3267\">\n<li data-start=\"2789\" data-end=\"2820\">\n<p data-start=\"2791\" data-end=\"2820\"><strong data-start=\"2791\" data-end=\"2804\">Material:<\/strong> Rostfreier Stahl<\/p>\n<\/li>\n<li data-start=\"2821\" data-end=\"2865\">\n<p data-start=\"2823\" data-end=\"2865\"><strong data-start=\"2823\" data-end=\"2834\">Entwurf:<\/strong> Herzform mit Sonnenstrahlen<\/p>\n<\/li>\n<li data-start=\"2866\" data-end=\"2958\">\n<p data-start=\"2868\" data-end=\"2958\"><strong data-start=\"2868\" data-end=\"2888\">Edelstein Detail:<\/strong> Optionale Zirkonakzente oder zus\u00e4tzliche Steinverzierungen (falls zutreffend)<\/p>\n<\/li>\n<li data-start=\"2959\" data-end=\"3051\">\n<p data-start=\"2961\" data-end=\"3051\"><strong data-start=\"2961\" data-end=\"2970\">Gr\u00f6\u00dfe:<\/strong> Ungef\u00e4hr 3 cm (1,2 Zoll) im Durchmesser (kann f\u00fcr bestimmte Gr\u00f6\u00dfen angepasst werden)<\/p>\n<\/li>\n<li data-start=\"3052\" data-end=\"3111\">\n<p data-start=\"3054\" data-end=\"3111\"><strong data-start=\"3054\" data-end=\"3069\">Verschluss Typ:<\/strong> Postr\u00fccken f\u00fcr sicheren und bequemen Tragekomfort<\/p>\n<\/li>\n<li data-start=\"3112\" data-end=\"3151\">\n<p data-start=\"3114\" data-end=\"3151\"><strong data-start=\"3114\" data-end=\"3125\">Beenden:<\/strong> Hochglanzpolierte, gl\u00e4nzende Oberfl\u00e4che<\/p>\n<\/li>\n<li data-start=\"3152\" data-end=\"3197\">\n<p data-start=\"3154\" data-end=\"3197\"><strong data-start=\"3154\" data-end=\"3173\">Hypoallergen:<\/strong> Sicher f\u00fcr empfindliche Haut<\/p>\n<\/li>\n<li data-start=\"3198\" data-end=\"3267\">\n<p data-start=\"3200\" data-end=\"3267\"><strong data-start=\"3200\" data-end=\"3221\">Verf\u00fcgbare Farben:<\/strong> Silber-Ton, Gold-Ton, Rose Gold-Ton, Schwarz<\/p>\n<\/li>\n<\/ul>\n<h3 data-start=\"3269\" data-end=\"3296\"><strong data-start=\"3273\" data-end=\"3296\">Warum Sie es lieben werden:<\/strong><\/h3>\n<ul data-start=\"3297\" data-end=\"3873\">\n<li data-start=\"3297\" data-end=\"3426\">\n<p data-start=\"3299\" data-end=\"3426\"><strong data-start=\"3299\" data-end=\"3322\">Zeitlose Symbolik:<\/strong> Das Herz- und Sonnenmotiv ist romantisch und kraftvoll zugleich und macht diese Ohrringe zu einem bedeutungsvollen Accessoire.<\/p>\n<\/li>\n<li data-start=\"3427\" data-end=\"3577\">\n<p data-start=\"3429\" data-end=\"3577\"><strong data-start=\"3429\" data-end=\"3449\">Luxuri\u00f6ser Glanz:<\/strong> Der polierte Edelstahl und die Sonnenschliff-Details erzeugen einen strahlenden, luxuri\u00f6sen Effekt, der das Licht aus jedem Winkel einf\u00e4ngt.<\/p>\n<\/li>\n<li data-start=\"3578\" data-end=\"3715\">\n<p data-start=\"3580\" data-end=\"3715\"><strong data-start=\"3580\" data-end=\"3605\">Komfort und Langlebigkeit:<\/strong> Diese hypoallergenen und leichten Ohrringe k\u00f6nnen den ganzen Tag \u00fcber getragen werden, ohne dass es zu Irritationen oder Unbehagen kommt.<\/p>\n<\/li>\n<li data-start=\"3716\" data-end=\"3873\">\n<p data-start=\"3718\" data-end=\"3873\"><strong data-start=\"3718\" data-end=\"3739\">Vielseitiger Luxus:<\/strong> Egal, ob Sie sich f\u00fcr einen besonderen Anlass herausputzen oder einem legeren Outfit Eleganz verleihen, diese Ohrringe sind der perfekte letzte Schliff.<\/p>\n<\/li>\n<\/ul>","protected":false},"excerpt":{"rendered":"<p>Strahlen Sie Eleganz und Charme aus mit diesen <strong data-start=\"180\" data-end=\"225\">Edelstahl-Herz-Sonne-Luxus-Ohrringe<\/strong>. Diese Ohrringe, die die symbolische Sch\u00f6nheit eines Herzens mit der strahlenden Energie der Sonne kombinieren, strahlen so hell wie Ihre Pers\u00f6nlichkeit. Gefertigt aus hochwertigem Edelstahl, verziert mit aufwendigen Details und veredelt mit luxuri\u00f6sen Akzenten, bieten sie einen raffinierten Touch f\u00fcr jeden Anlass - egal ob leger oder formell.<\/p>","protected":false},"featured_media":820,"comment_status":"open","ping_status":"closed","template":"","meta":[],"product_brand":[],"product_cat":[20,15],"product_tag":[],"class_list":{"0":"post-815","1":"product","2":"type-product","3":"status-publish","4":"has-post-thumbnail","6":"product_cat-ear-rings","7":"product_cat-uncategorized","9":"first","10":"instock","11":"shipping-taxable","12":"product-type-simple"},"_links":{"self":[{"href":"https:\/\/wangshajewelry.com\/de\/wp-json\/wp\/v2\/product\/815","targetHints":{"allow":["GET"]}}],"collection":[{"href":"https:\/\/wangshajewelry.com\/de\/wp-json\/wp\/v2\/product"}],"about":[{"href":"https:\/\/wangshajewelry.com\/de\/wp-json\/wp\/v2\/types\/product"}],"replies":[{"embeddable":true,"href":"https:\/\/wangshajewelry.com\/de\/wp-json\/wp\/v2\/comments?post=815"}],"wp:featuredmedia":[{"embeddable":true,"href":"https:\/\/wangshajewelry.com\/de\/wp-json\/wp\/v2\/media\/820"}],"wp:attachment":[{"href":"https:\/\/wangshajewelry.com\/de\/wp-json\/wp\/v2\/media?parent=815"}],"wp:term":[{"taxonomy":"product_brand","embeddable":true,"href":"https:\/\/wangshajewelry.com\/de\/wp-json\/wp\/v2\/product_brand?post=815"},{"taxonomy":"product_cat","embeddable":true,"href":"https:\/\/wangshajewelry.com\/de\/wp-json\/wp\/v2\/product_cat?post=815"},{"taxonomy":"product_tag","embeddable":true,"href":"https:\/\/wangshajewelry.com\/de\/wp-json\/wp\/v2\/product_tag?post=815"}],"curies":[{"name":"wp","href":"https:\/\/api.w.org\/{rel}","templated":true}]}}