{"id":821,"date":"2025-12-11T11:44:04","date_gmt":"2025-12-11T11:44:04","guid":{"rendered":"https:\/\/wangshajewelry.com\/?post_type=product&#038;p=821"},"modified":"2025-12-11T11:44:04","modified_gmt":"2025-12-11T11:44:04","slug":"leichte-luxuriose-hochwertige-perlenohrringe","status":"publish","type":"product","link":"https:\/\/wangshajewelry.com\/de\/product\/leichte-luxuriose-hochwertige-perlenohrringe\/","title":{"rendered":"Leichte luxuri\u00f6se High-End-Perlenohrringe"},"content":{"rendered":"<h2 data-start=\"90\" data-end=\"130\"><strong data-start=\"90\" data-end=\"130\">Leichte luxuri\u00f6se High-End-Perlenohrringe<\/strong><\/h2>\n<p data-start=\"132\" data-end=\"568\">Verstr\u00f6men Sie zeitlose Eleganz und raffinierte Raffinesse mit diesen <strong data-start=\"194\" data-end=\"234\">Leichte luxuri\u00f6se High-End-Perlenohrringe<\/strong>. Diese fachm\u00e4nnisch gefertigten Ohrringe, die die klassische Sch\u00f6nheit von Perlen mit modernem Luxus kombinieren, verleihen jedem Outfit einen Hauch von Opulenz und unterstreichen Ihren Stil. Ob Sie sich f\u00fcr einen glamour\u00f6sen Abend kleiden oder ein elegantes Accessoire f\u00fcr den Alltag suchen, diese Ohrringe bieten die perfekte Balance aus Luxus und Schlichtheit.<\/p>\n<h3 data-start=\"570\" data-end=\"591\"><strong data-start=\"574\" data-end=\"591\">Wesentliche Merkmale:<\/strong><\/h3>\n<ul data-start=\"593\" data-end=\"2736\">\n<li data-start=\"593\" data-end=\"992\">\n<p data-start=\"595\" data-end=\"992\"><strong data-start=\"595\" data-end=\"623\">Premium-Zuchtperlen:<\/strong><br data-start=\"623\" data-end=\"626\" \/>Diese Ohrringe bestehen aus hochwertigen Zuchtperlen, die f\u00fcr ihren strahlenden Glanz und ihre glatte, runde Form bekannt sind. Die Perlen werden von Hand f\u00fcr ihre makellose Oberfl\u00e4che, ihren strahlenden Glanz und ihre satte, cremige Farbe ausgew\u00e4hlt. Ihre nat\u00fcrliche Eleganz verleiht Ihrem Look einen Hauch von Anmut und Raffinesse, ganz gleich, ob Sie an einer formellen Veranstaltung teilnehmen oder einfach Ihren Alltagsstil aufwerten m\u00f6chten.<\/p>\n<\/li>\n<li data-start=\"994\" data-end=\"1425\">\n<p data-start=\"996\" data-end=\"1425\"><strong data-start=\"996\" data-end=\"1023\">High-End-Luxus-Design:<\/strong><br data-start=\"1023\" data-end=\"1026\" \/>Das Design dieser Ohrringe verbindet klassische Eleganz mit moderner Raffinesse. Die Perlen sind in einer schlichten, minimalistischen Fassung gefasst, die ihre nat\u00fcrliche Sch\u00f6nheit zur Geltung bringt. Das subtile und doch luxuri\u00f6se Design erg\u00e4nzt die Perlen und macht sie zum Mittelpunkt der Ohrringe. Die Gesamt\u00e4sthetik ist schick, raffiniert und vielseitig, so dass sie eine zeitlose Erg\u00e4nzung f\u00fcr jede Schmucksammlung sind.<\/p>\n<\/li>\n<li data-start=\"1427\" data-end=\"1843\">\n<p data-start=\"1429\" data-end=\"1843\"><strong data-start=\"1429\" data-end=\"1456\">Hochwertige Materialien:<\/strong><br data-start=\"1456\" data-end=\"1459\" \/>Diese Ohrringe werden aus hochwertigen Metallen wie 18 Karat Gold, Wei\u00dfgold oder Sterlingsilber gefertigt und sind f\u00fcr eine lange Lebensdauer konzipiert. Die bei der Herstellung verwendeten hochwertigen Materialien sorgen daf\u00fcr, dass sie nicht nur luxuri\u00f6s aussehen, sondern auch langlebig und anlaufbest\u00e4ndig sind. Die Kombination von Edelmetallen mit den leuchtenden Perlen garantiert, dass diese Ohrringe jahrelang wundersch\u00f6n bleiben.<\/p>\n<\/li>\n<li data-start=\"1845\" data-end=\"2179\">\n<p data-start=\"1847\" data-end=\"2179\"><strong data-start=\"1847\" data-end=\"1873\">Elegant und leicht:<\/strong><br data-start=\"1873\" data-end=\"1876\" \/>Die Ohrringe wurden f\u00fcr einen hohen Tragekomfort entwickelt und sind so leicht, dass sie sich m\u00fchelos tragen lassen. Trotz ihres luxuri\u00f6sen Aussehens sind sie bequem genug, um den ganzen Tag oder die ganze Nacht getragen zu werden, egal ob Sie zu einer besonderen Veranstaltung gehen oder einen Hauch von Eleganz zu Ihrem t\u00e4glichen Ensemble hinzuf\u00fcgen.<\/p>\n<\/li>\n<li data-start=\"2181\" data-end=\"2461\">\n<p data-start=\"2183\" data-end=\"2461\"><strong data-start=\"2183\" data-end=\"2212\">Sicherer und bequemer Sitz:<\/strong><br data-start=\"2212\" data-end=\"2215\" \/>Die Ohrringe sind mit einem Sicherheitsverschluss ausgestattet, der daf\u00fcr sorgt, dass sie den ganzen Tag \u00fcber sicher an ihrem Platz bleiben. Die glatten, gut verarbeiteten Ohrstecker sind sanft zu den Ohren und bieten sowohl Komfort als auch Sicherheit, sodass Sie sie mit Vertrauen tragen k\u00f6nnen.<\/p>\n<\/li>\n<li data-start=\"2463\" data-end=\"2736\">\n<p data-start=\"2465\" data-end=\"2736\"><strong data-start=\"2465\" data-end=\"2487\">Zeitlose Eleganz:<\/strong><br data-start=\"2487\" data-end=\"2490\" \/>Die klassische Anziehungskraft von Perlen macht diese Ohrringe zu einem zeitlosen Schmuckst\u00fcck, das \u00fcber Jahre hinweg getragen werden kann. Ganz gleich, ob Sie sie zu einem besonderen Anlass verschenken oder sich selbst verw\u00f6hnen, diese Ohrringe bieten dauerhafte Eleganz, die nie aus der Mode kommt.<\/p>\n<\/li>\n<\/ul>\n<h3 data-start=\"2738\" data-end=\"2769\"><strong data-start=\"2742\" data-end=\"2769\">Produktspezifikationen:<\/strong><\/h3>\n<ul data-start=\"2770\" data-end=\"3316\">\n<li data-start=\"2770\" data-end=\"2848\">\n<p data-start=\"2772\" data-end=\"2848\"><strong data-start=\"2772\" data-end=\"2785\">Material:<\/strong> 18K Gold, Wei\u00dfgold oder Sterling Silber (je nach Design)<\/p>\n<\/li>\n<li data-start=\"2849\" data-end=\"2901\">\n<p data-start=\"2851\" data-end=\"2901\"><strong data-start=\"2851\" data-end=\"2866\">Perlen-Typ:<\/strong> Hochwertige S\u00fc\u00dfwasser-Zuchtperlen<\/p>\n<\/li>\n<li data-start=\"2902\" data-end=\"2978\">\n<p data-start=\"2904\" data-end=\"2978\"><strong data-start=\"2904\" data-end=\"2919\">Perle Gr\u00f6\u00dfe:<\/strong> Normalerweise 8 mm bis 10 mm Durchmesser (kundenspezifische Gr\u00f6\u00dfen erh\u00e4ltlich)<\/p>\n<\/li>\n<li data-start=\"2979\" data-end=\"3031\">\n<p data-start=\"2981\" data-end=\"3031\"><strong data-start=\"2981\" data-end=\"2999\">Ohrring Stil:<\/strong> Bolzen mit sicherer Pfostenbefestigung<\/p>\n<\/li>\n<li data-start=\"3032\" data-end=\"3095\">\n<p data-start=\"3034\" data-end=\"3095\"><strong data-start=\"3034\" data-end=\"3045\">Beenden:<\/strong> Hochglanzpolitur f\u00fcr ein gl\u00e4nzendes, luxuri\u00f6ses Aussehen<\/p>\n<\/li>\n<li data-start=\"3096\" data-end=\"3165\">\n<p data-start=\"3098\" data-end=\"3165\"><strong data-start=\"3098\" data-end=\"3107\">Gr\u00f6\u00dfe:<\/strong> Erh\u00e4ltlich in verschiedenen Gr\u00f6\u00dfen, um verschiedenen Vorlieben gerecht zu werden<\/p>\n<\/li>\n<li data-start=\"3166\" data-end=\"3215\">\n<p data-start=\"3168\" data-end=\"3215\"><strong data-start=\"3168\" data-end=\"3187\">Hypoallergen:<\/strong> Geeignet f\u00fcr empfindliche Ohren<\/p>\n<\/li>\n<li data-start=\"3216\" data-end=\"3316\">\n<p data-start=\"3218\" data-end=\"3316\"><strong data-start=\"3218\" data-end=\"3239\">Verf\u00fcgbare Farben:<\/strong> Klassische wei\u00dfe, cremefarbene oder schwarze Perlen (benutzerdefinierte Farben auf Anfrage erh\u00e4ltlich)<\/p>\n<\/li>\n<\/ul>\n<h3 data-start=\"3318\" data-end=\"3345\"><strong data-start=\"3322\" data-end=\"3345\">Warum Sie es lieben werden:<\/strong><\/h3>\n<ul data-start=\"3346\" data-end=\"4005\">\n<li data-start=\"3346\" data-end=\"3487\">\n<p data-start=\"3348\" data-end=\"3487\"><strong data-start=\"3348\" data-end=\"3368\">Zeitloser Luxus:<\/strong> Die Kombination aus hochwertigen Perlen und Edelmetallen verleiht diesen Ohrringen einen Luxus, der nie aus der Mode kommt.<\/p>\n<\/li>\n<li data-start=\"3488\" data-end=\"3647\">\n<p data-start=\"3490\" data-end=\"3647\"><strong data-start=\"3490\" data-end=\"3514\">Elegant und vielseitig:<\/strong> Diese Ohrringe eignen sich perfekt f\u00fcr Hochzeiten, formelle Anl\u00e4sse oder f\u00fcr einen Hauch von Raffinesse im Alltag und werten jedes Outfit auf.<\/p>\n<\/li>\n<li data-start=\"3648\" data-end=\"3806\">\n<p data-start=\"3650\" data-end=\"3806\"><strong data-start=\"3650\" data-end=\"3675\">Komfort und Langlebigkeit:<\/strong> Das leichte Design und die hochwertigen Materialien sorgen daf\u00fcr, dass diese Ohrringe nicht nur wundersch\u00f6n, sondern auch bequem genug sind, um sie den ganzen Tag zu tragen.<\/p>\n<\/li>\n<li data-start=\"3807\" data-end=\"4005\">\n<p data-start=\"3809\" data-end=\"4005\"><strong data-start=\"3809\" data-end=\"3824\">Ideales Geschenk:<\/strong> Diese Ohrringe sind ein unvergessliches Geschenk f\u00fcr Jubil\u00e4en, Geburtstage oder andere wichtige Anl\u00e4sse. Ihr zeitloses Design und ihre luxuri\u00f6se Ausstrahlung werden jeden, der sie erh\u00e4lt, begeistern.<\/p>\n<\/li>\n<\/ul>","protected":false},"excerpt":{"rendered":"<p>Verstr\u00f6men Sie zeitlose Eleganz und raffinierte Raffinesse mit diesen <strong data-start=\"194\" data-end=\"234\">Leichte luxuri\u00f6se High-End-Perlenohrringe<\/strong>. Diese fachm\u00e4nnisch gefertigten Ohrringe, die die klassische Sch\u00f6nheit von Perlen mit modernem Luxus kombinieren, verleihen jedem Outfit einen Hauch von Opulenz und unterstreichen Ihren Stil. Ob Sie sich f\u00fcr einen glamour\u00f6sen Abend kleiden oder ein elegantes Accessoire f\u00fcr den Alltag suchen, diese Ohrringe bieten die perfekte Balance aus Luxus und Schlichtheit.<\/p>","protected":false},"featured_media":826,"comment_status":"open","ping_status":"closed","template":"","meta":[],"product_brand":[],"product_cat":[20],"product_tag":[],"class_list":{"0":"post-821","1":"product","2":"type-product","3":"status-publish","4":"has-post-thumbnail","6":"product_cat-ear-rings","8":"first","9":"instock","10":"shipping-taxable","11":"product-type-simple"},"_links":{"self":[{"href":"https:\/\/wangshajewelry.com\/de\/wp-json\/wp\/v2\/product\/821","targetHints":{"allow":["GET"]}}],"collection":[{"href":"https:\/\/wangshajewelry.com\/de\/wp-json\/wp\/v2\/product"}],"about":[{"href":"https:\/\/wangshajewelry.com\/de\/wp-json\/wp\/v2\/types\/product"}],"replies":[{"embeddable":true,"href":"https:\/\/wangshajewelry.com\/de\/wp-json\/wp\/v2\/comments?post=821"}],"wp:featuredmedia":[{"embeddable":true,"href":"https:\/\/wangshajewelry.com\/de\/wp-json\/wp\/v2\/media\/826"}],"wp:attachment":[{"href":"https:\/\/wangshajewelry.com\/de\/wp-json\/wp\/v2\/media?parent=821"}],"wp:term":[{"taxonomy":"product_brand","embeddable":true,"href":"https:\/\/wangshajewelry.com\/de\/wp-json\/wp\/v2\/product_brand?post=821"},{"taxonomy":"product_cat","embeddable":true,"href":"https:\/\/wangshajewelry.com\/de\/wp-json\/wp\/v2\/product_cat?post=821"},{"taxonomy":"product_tag","embeddable":true,"href":"https:\/\/wangshajewelry.com\/de\/wp-json\/wp\/v2\/product_tag?post=821"}],"curies":[{"name":"wp","href":"https:\/\/api.w.org\/{rel}","templated":true}]}}