{"id":827,"date":"2025-12-11T11:47:38","date_gmt":"2025-12-11T11:47:38","guid":{"rendered":"https:\/\/wangshajewelry.com\/?post_type=product&#038;p=827"},"modified":"2025-12-11T11:47:38","modified_gmt":"2025-12-11T11:47:38","slug":"titan-stahl-kreuz-zirkonia-halskette","status":"publish","type":"product","link":"https:\/\/wangshajewelry.com\/de\/product\/titan-stahl-kreuz-zirkonia-halskette\/","title":{"rendered":"Titan Stahl Kreuz Zirkonia Halskette"},"content":{"rendered":"<h2 data-start=\"94\" data-end=\"136\"><strong data-start=\"94\" data-end=\"136\">Titan Stahl Kreuz Zirkonia Halskette<\/strong><\/h2>\n<p data-start=\"138\" data-end=\"627\">Umfassen Sie beides, Glauben und Mode, mit dem <strong data-start=\"178\" data-end=\"220\">Titan Stahl Kreuz Zirkonia Halskette<\/strong>-ein atemberaubendes Accessoire, das spirituelle Symbolik mit moderner Eleganz verbindet. Die Halskette ist aus robustem Titanstahl gefertigt und mit funkelnden Zirkoniasteinen verziert. Sie bietet ein auffallendes und bedeutungsvolles Design. Ganz gleich, ob Sie Ihren pers\u00f6nlichen Glauben zum Ausdruck bringen oder Ihrem Alltagslook einfach einen Hauch von Luxus verleihen m\u00f6chten, diese Halskette ist die perfekte Erg\u00e4nzung Ihrer Schmucksammlung.<\/p>\n<h3 data-start=\"629\" data-end=\"650\"><strong data-start=\"633\" data-end=\"650\">Wesentliche Merkmale:<\/strong><\/h3>\n<ul data-start=\"652\" data-end=\"2884\">\n<li data-start=\"652\" data-end=\"1022\">\n<p data-start=\"654\" data-end=\"1022\"><strong data-start=\"654\" data-end=\"694\">Premium-Titanstahl-Konstruktion:<\/strong><br data-start=\"694\" data-end=\"697\" \/>Diese Halskette aus hochwertigem Titanstahl ist sowohl robust als auch stilvoll. Titan ist f\u00fcr seine au\u00dfergew\u00f6hnliche Haltbarkeit, Korrosionsbest\u00e4ndigkeit und hypoallergenen Eigenschaften bekannt, was dieses St\u00fcck ideal f\u00fcr langes Tragen macht. Die glatte, polierte Oberfl\u00e4che verleiht jedem Outfit einen modernen und raffinierten Touch.<\/p>\n<\/li>\n<li data-start=\"1024\" data-end=\"1408\">\n<p data-start=\"1026\" data-end=\"1408\"><strong data-start=\"1026\" data-end=\"1056\">Funkelnde Zirkonia-Steine:<\/strong><br data-start=\"1056\" data-end=\"1059\" \/>Der Kreuzanh\u00e4nger ist mit hochwertigen Zirkoniasteinen besetzt, die bei jeder Bewegung wundersch\u00f6n funkeln. Der Zirkonia, der f\u00fcr seinen diamant\u00e4hnlichen Glanz bekannt ist, verleiht der Halskette Eleganz und Luxus und bildet einen auff\u00e4lligen Kontrast zum robusten Titanstahl. Die Steine sind sorgf\u00e4ltig gefasst, um maximalen Glanz und Klarheit zu gew\u00e4hrleisten.<\/p>\n<\/li>\n<li data-start=\"1410\" data-end=\"1761\">\n<p data-start=\"1412\" data-end=\"1761\"><strong data-start=\"1412\" data-end=\"1440\">Sinnvolle Kreuzgestaltung:<\/strong><br data-start=\"1440\" data-end=\"1443\" \/>Der Kreuzanh\u00e4nger symbolisiert Glaube, Hoffnung und Liebe und ist damit nicht nur ein modisches St\u00fcck, sondern auch ein starkes spirituelles Symbol. Die klaren Linien und das minimalistische Design des Kreuzes machen es zu einem vielseitigen Schmuckst\u00fcck, das zu einer Vielzahl von Outfits getragen werden kann, w\u00e4hrend die funkelnden Zirkoniasteine f\u00fcr einen Hauch von Raffinesse sorgen.<\/p>\n<\/li>\n<li data-start=\"1763\" data-end=\"2081\">\n<p data-start=\"1765\" data-end=\"2081\"><strong data-start=\"1765\" data-end=\"1793\">Schlanke und bequeme Passform:<\/strong><br data-start=\"1793\" data-end=\"1796\" \/>Die Kette verf\u00fcgt \u00fcber eine verstellbare Kette, so dass Sie die L\u00e4nge f\u00fcr die perfekte Passform anpassen k\u00f6nnen. Egal, ob Sie eine Halskette oder einen l\u00e4ngeren Anh\u00e4nger bevorzugen, diese Halskette bietet Flexibilit\u00e4t und Komfort. Die glatte Oberfl\u00e4che und das leichte Titan sorgen den ganzen Tag f\u00fcr ein angenehmes Tragegef\u00fchl.<\/p>\n<\/li>\n<li data-start=\"2083\" data-end=\"2365\">\n<p data-start=\"2085\" data-end=\"2365\"><strong data-start=\"2085\" data-end=\"2117\">Langlebig und anlaufgesch\u00fctzt:<\/strong><br data-start=\"2117\" data-end=\"2120\" \/>Titanstahl ist \u00e4u\u00dferst widerstandsf\u00e4hig gegen Kratzer, Anlaufen und Ausbleichen und sorgt daf\u00fcr, dass die Halskette ihre polierte Oberfl\u00e4che und ihr sch\u00f6nes Aussehen \u00fcber lange Zeit beh\u00e4lt. Sie k\u00f6nnen die Kette jeden Tag tragen, ohne sich Gedanken \u00fcber Abnutzung zu machen.<\/p>\n<\/li>\n<li data-start=\"2367\" data-end=\"2588\">\n<p data-start=\"2369\" data-end=\"2588\"><strong data-start=\"2369\" data-end=\"2404\">Hypoallergen und hautvertr\u00e4glich:<\/strong><br data-start=\"2404\" data-end=\"2407\" \/>Titan ist hypoallergen, was diese Halskette zu einer guten Wahl f\u00fcr Menschen mit empfindlicher Haut macht. Sie ist sanft und angenehm zu tragen, sodass Sie ihre Sch\u00f6nheit ohne Irritationen genie\u00dfen k\u00f6nnen.<\/p>\n<\/li>\n<li data-start=\"2590\" data-end=\"2884\">\n<p data-start=\"2592\" data-end=\"2884\"><strong data-start=\"2592\" data-end=\"2616\">Perfekt zum Verschenken:<\/strong><br data-start=\"2616\" data-end=\"2619\" \/>Ob zu einem religi\u00f6sen Meilenstein, einem besonderen Anlass oder einfach als aufmerksames Geschenk, diese Halskette ist ein bedeutungsvolles und stilvolles Geschenk. Die Kombination aus religi\u00f6ser Symbolik und funkelnden Zirkonia sorgt daf\u00fcr, dass jeder, der sie erh\u00e4lt, sie in Ehren halten wird.<\/p>\n<\/li>\n<\/ul>\n<h3 data-start=\"2886\" data-end=\"2917\"><strong data-start=\"2890\" data-end=\"2917\">Produktspezifikationen:<\/strong><\/h3>\n<ul data-start=\"2918\" data-end=\"3388\">\n<li data-start=\"2918\" data-end=\"2961\">\n<p data-start=\"2920\" data-end=\"2961\"><strong data-start=\"2920\" data-end=\"2933\">Material:<\/strong> Hochwertiger Titanium Stahl<\/p>\n<\/li>\n<li data-start=\"2962\" data-end=\"3044\">\n<p data-start=\"2964\" data-end=\"3044\"><strong data-start=\"2964\" data-end=\"2978\">Edelsteine:<\/strong> Hochwertige Zirkonia (ca. 1mm-3mm je nach Design)<\/p>\n<\/li>\n<li data-start=\"3045\" data-end=\"3101\">\n<p data-start=\"3047\" data-end=\"3101\"><strong data-start=\"3047\" data-end=\"3064\">Gr\u00f6\u00dfe des Anh\u00e4ngers:<\/strong> Ungef\u00e4hr 3 cm (1,2 Zoll) gro\u00df<\/p>\n<\/li>\n<li data-start=\"3102\" data-end=\"3169\">\n<p data-start=\"3104\" data-end=\"3169\"><strong data-start=\"3104\" data-end=\"3121\">L\u00e4nge der Kette:<\/strong> Einstellbar von 16\u201d bis 20\u201d (40,6 cm bis 50,8 cm)<\/p>\n<\/li>\n<li data-start=\"3170\" data-end=\"3219\">\n<p data-start=\"3172\" data-end=\"3219\"><strong data-start=\"3172\" data-end=\"3183\">Beenden:<\/strong> Hochglanzpolitur f\u00fcr ein glattes, gl\u00e4nzendes Aussehen<\/p>\n<\/li>\n<li data-start=\"3220\" data-end=\"3272\">\n<p data-start=\"3222\" data-end=\"3272\"><strong data-start=\"3222\" data-end=\"3237\">Verschluss Typ:<\/strong> Karabinerhakenverschluss f\u00fcr sicheren Verschluss<\/p>\n<\/li>\n<li data-start=\"3273\" data-end=\"3318\">\n<p data-start=\"3275\" data-end=\"3318\"><strong data-start=\"3275\" data-end=\"3294\">Hypoallergen:<\/strong> Sicher f\u00fcr empfindliche Haut<\/p>\n<\/li>\n<li data-start=\"3319\" data-end=\"3388\">\n<p data-start=\"3321\" data-end=\"3388\"><strong data-start=\"3321\" data-end=\"3342\">Verf\u00fcgbare Farben:<\/strong> Silber-Ton, Gold-Ton, Schwarz, Rose Gold-Ton<\/p>\n<\/li>\n<\/ul>\n<h3 data-start=\"3390\" data-end=\"3417\"><strong data-start=\"3394\" data-end=\"3417\">Warum Sie es lieben werden:<\/strong><\/h3>\n<ul data-start=\"3418\" data-end=\"4042\">\n<li data-start=\"3418\" data-end=\"3554\">\n<p data-start=\"3420\" data-end=\"3554\"><strong data-start=\"3420\" data-end=\"3450\">Zeitloses spirituelles Symbol:<\/strong> Der Kreuzanh\u00e4nger ist eine aussagekr\u00e4ftige Darstellung des Glaubens, die sowohl Stil als auch Bedeutung hat.<\/p>\n<\/li>\n<li data-start=\"3555\" data-end=\"3721\">\n<p data-start=\"3557\" data-end=\"3721\"><strong data-start=\"3557\" data-end=\"3579\">Langlebig und stilvoll:<\/strong> Die Titan-Stahl-Konstruktion sorgt daf\u00fcr, dass die Halskette in makellosem Zustand bleibt, w\u00e4hrend die funkelnden Zirkoniasteine f\u00fcr Luxus und Glanz sorgen.<\/p>\n<\/li>\n<li data-start=\"3722\" data-end=\"3887\">\n<p data-start=\"3724\" data-end=\"3887\"><strong data-start=\"3724\" data-end=\"3752\">Vielseitig und bequem:<\/strong> Ob f\u00fcr die Freizeit oder besondere Anl\u00e4sse, die verstellbare Kette und das leichte Design machen die Kette perfekt f\u00fcr den t\u00e4glichen Gebrauch.<\/p>\n<\/li>\n<li data-start=\"3888\" data-end=\"4042\">\n<p data-start=\"3890\" data-end=\"4042\"><strong data-start=\"3890\" data-end=\"3922\">Perfektes Geschenk f\u00fcr geliebte Menschen:<\/strong> Diese Halskette ist ein sch\u00f6nes Geschenk f\u00fcr Geburtstage, religi\u00f6se Anl\u00e4sse oder einfach nur, um jemandem zu zeigen, wie sehr man ihn mag.<\/p>\n<\/li>\n<\/ul>","protected":false},"excerpt":{"rendered":"<p>Umfassen Sie beides, Glauben und Mode, mit dem <strong data-start=\"178\" data-end=\"220\">Titan Stahl Kreuz Zirkonia Halskette<\/strong>-ein atemberaubendes Accessoire, das spirituelle Symbolik mit moderner Eleganz verbindet. Die Halskette ist aus robustem Titanstahl gefertigt und mit funkelnden Zirkoniasteinen verziert. Sie bietet ein auffallendes und bedeutungsvolles Design. Ganz gleich, ob Sie Ihren pers\u00f6nlichen Glauben zum Ausdruck bringen oder Ihrem Alltagslook einfach einen Hauch von Luxus verleihen m\u00f6chten, diese Halskette ist die perfekte Erg\u00e4nzung Ihrer Schmucksammlung.<\/p>","protected":false},"featured_media":833,"comment_status":"open","ping_status":"closed","template":"","meta":[],"product_brand":[],"product_cat":[38],"product_tag":[],"class_list":{"0":"post-827","1":"product","2":"type-product","3":"status-publish","4":"has-post-thumbnail","6":"product_cat-necklaces","8":"first","9":"instock","10":"shipping-taxable","11":"product-type-simple"},"_links":{"self":[{"href":"https:\/\/wangshajewelry.com\/de\/wp-json\/wp\/v2\/product\/827","targetHints":{"allow":["GET"]}}],"collection":[{"href":"https:\/\/wangshajewelry.com\/de\/wp-json\/wp\/v2\/product"}],"about":[{"href":"https:\/\/wangshajewelry.com\/de\/wp-json\/wp\/v2\/types\/product"}],"replies":[{"embeddable":true,"href":"https:\/\/wangshajewelry.com\/de\/wp-json\/wp\/v2\/comments?post=827"}],"wp:featuredmedia":[{"embeddable":true,"href":"https:\/\/wangshajewelry.com\/de\/wp-json\/wp\/v2\/media\/833"}],"wp:attachment":[{"href":"https:\/\/wangshajewelry.com\/de\/wp-json\/wp\/v2\/media?parent=827"}],"wp:term":[{"taxonomy":"product_brand","embeddable":true,"href":"https:\/\/wangshajewelry.com\/de\/wp-json\/wp\/v2\/product_brand?post=827"},{"taxonomy":"product_cat","embeddable":true,"href":"https:\/\/wangshajewelry.com\/de\/wp-json\/wp\/v2\/product_cat?post=827"},{"taxonomy":"product_tag","embeddable":true,"href":"https:\/\/wangshajewelry.com\/de\/wp-json\/wp\/v2\/product_tag?post=827"}],"curies":[{"name":"wp","href":"https:\/\/api.w.org\/{rel}","templated":true}]}}