{"id":834,"date":"2025-12-11T11:51:06","date_gmt":"2025-12-11T11:51:06","guid":{"rendered":"https:\/\/wangshajewelry.com\/?post_type=product&#038;p=834"},"modified":"2025-12-11T11:51:06","modified_gmt":"2025-12-11T11:51:06","slug":"titan-stahl-armband-18k-gold-vielseitig","status":"publish","type":"product","link":"https:\/\/wangshajewelry.com\/de\/product\/titan-stahl-armband-18k-gold-vielseitig\/","title":{"rendered":"Titan-Stahl-Armband 18k Gold Vielseitig"},"content":{"rendered":"<article class=\"text-token-text-primary w-full focus:outline-none [--shadow-height:45px] has-data-writing-block:pointer-events-none has-data-writing-block:-mt-(--shadow-height) has-data-writing-block:pt-(--shadow-height) [&amp;:has([data-writing-block])&gt;*]:pointer-events-auto scroll-mt-[calc(var(--header-height)+min(200px,max(70px,20svh)))]\" dir=\"auto\" tabindex=\"-1\" data-turn-id=\"request-WEB:2f06d8a4-df36-47d1-ba23-24a2a5e10183-11\" data-testid=\"conversation-turn-24\" data-scroll-anchor=\"true\" data-turn=\"assistant\">\n<div class=\"text-base my-auto mx-auto pb-10 [--thread-content-margin:--spacing(4)] @w-sm\/main:[--thread-content-margin:--spacing(6)] @w-lg\/main:[--thread-content-margin:--spacing(16)] px-(--thread-content-margin)\">\n<div class=\"[--thread-content-max-width:40rem] @w-lg\/main:[--thread-content-max-width:48rem] mx-auto max-w-(--thread-content-max-width) flex-1 group\/turn-messages focus-visible:outline-hidden relative flex w-full min-w-0 flex-col agent-turn\" tabindex=\"-1\">\n<div class=\"flex max-w-full flex-col grow\">\n<div class=\"min-h-8 text-message relative flex w-full flex-col items-end gap-2 text-start break-words whitespace-normal [.text-message+&amp;]:mt-1\" dir=\"auto\" data-message-author-role=\"assistant\" data-message-id=\"a080bfd2-e918-46c3-89e5-efe24379b5c7\" data-message-model-slug=\"gpt-5-1\">\n<div class=\"flex w-full flex-col gap-1 empty:hidden first:pt-[1px]\">\n<div class=\"markdown prose dark:prose-invert w-full break-words light markdown-new-styling\">\n<h2 data-start=\"98\" data-end=\"144\"><strong data-start=\"98\" data-end=\"144\">Titan-Stahl-Armband 18k Gold Vielseitig<\/strong><\/h2>\n<p data-start=\"146\" data-end=\"543\">Eine perfekte Mischung aus St\u00e4rke, Stil und Raffinesse, die <strong data-start=\"206\" data-end=\"252\">Titan-Stahl-Armband 18k Gold Vielseitig<\/strong> wurde f\u00fcr all jene entworfen, die schlichte Eleganz mit einem Hauch von Luxus sch\u00e4tzen. Das aus hochwertigem Titanstahl gefertigte und mit gl\u00e4nzendem 18-kar\u00e4tigem Gold beschichtete Armband bietet Langlebigkeit, Komfort und ein zeitloses Design, das sich leicht von legeren zu formellen Anl\u00e4ssen kombinieren l\u00e4sst.<\/p>\n<h3 data-start=\"545\" data-end=\"566\"><strong data-start=\"549\" data-end=\"566\">Wesentliche Merkmale:<\/strong><\/h3>\n<ul data-start=\"568\" data-end=\"2820\">\n<li data-start=\"568\" data-end=\"919\">\n<p data-start=\"570\" data-end=\"919\"><strong data-start=\"570\" data-end=\"610\">Premium-Titanstahl-Konstruktion:<\/strong><br data-start=\"610\" data-end=\"613\" \/>Dieses Armband ist aus hochwertigem Titanstahl gefertigt, der f\u00fcr seine au\u00dfergew\u00f6hnliche Festigkeit, sein geringes Gewicht und seine Korrosionsbest\u00e4ndigkeit bekannt ist. Titan bietet die perfekte Kombination aus Langlebigkeit und Komfort und sorgt daf\u00fcr, dass das Armband dem Test der Zeit standh\u00e4lt und gleichzeitig sein elegantes Aussehen beh\u00e4lt.<\/p>\n<\/li>\n<li data-start=\"921\" data-end=\"1295\">\n<p data-start=\"923\" data-end=\"1295\"><strong data-start=\"923\" data-end=\"953\">Luxuri\u00f6ses 18k Gold Finish:<\/strong><br data-start=\"953\" data-end=\"956\" \/>Das Armband ist mit einer wundersch\u00f6nen 18-kar\u00e4tigen Goldschicht \u00fcberzogen, die dem Armband einen satten, warmen Ton und einen luxuri\u00f6sen Glanz verleiht. Die Goldoberfl\u00e4che ist perfekt poliert und sorgt f\u00fcr einen raffinierten Look, der sich m\u00fchelos mit einer Vielzahl von Outfits kombinieren l\u00e4sst. Ob allein getragen oder mit anderen Armb\u00e4ndern gestapelt, die goldenen Akzente verleihen einen Hauch von Opulenz.<\/p>\n<\/li>\n<li data-start=\"1297\" data-end=\"1678\">\n<p data-start=\"1299\" data-end=\"1678\"><strong data-start=\"1299\" data-end=\"1331\">Vielseitiges und zeitloses Design:<\/strong><br data-start=\"1331\" data-end=\"1334\" \/>Das schlichte und minimalistische Design macht dieses Armband unglaublich vielseitig und eignet sich f\u00fcr eine breite Palette von Anl\u00e4ssen. Seine klaren Linien und die polierte Oberfl\u00e4che sorgen daf\u00fcr, dass es sowohl zu Freizeitkleidung als auch zu formeller Kleidung passt. Ganz gleich, ob Sie sich f\u00fcr eine besondere Veranstaltung herausputzen oder Ihrem Alltagslook Eleganz verleihen m\u00f6chten, dieses Armband f\u00fcgt sich nahtlos in jeden Stil ein.<\/p>\n<\/li>\n<li data-start=\"1680\" data-end=\"1978\">\n<p data-start=\"1682\" data-end=\"1978\"><strong data-start=\"1682\" data-end=\"1712\">Bequem und leicht:<\/strong><br data-start=\"1712\" data-end=\"1715\" \/>Trotz seines luxuri\u00f6sen Aussehens ist das Armband dank der Titan-Stahl-Konstruktion leicht und bequem und kann den ganzen Tag getragen werden. Die glatten Kanten und das schlanke Design sorgen daf\u00fcr, dass es bequem am Handgelenk sitzt und den ganzen Tag \u00fcber getragen werden kann, ohne zu beschweren.<\/p>\n<\/li>\n<li data-start=\"1980\" data-end=\"2274\">\n<p data-start=\"1982\" data-end=\"2274\"><strong data-start=\"1982\" data-end=\"2014\">Langlebig und kratzfest:<\/strong><br data-start=\"2014\" data-end=\"2017\" \/>Titan ist sehr widerstandsf\u00e4hig gegen Kratzer, Anlaufen und Ausbleichen und sorgt daf\u00fcr, dass das Armband auch nach regelm\u00e4\u00dfigem Tragen seine polierte Goldoberfl\u00e4che beh\u00e4lt. Ob Sie es t\u00e4glich oder zu besonderen Anl\u00e4ssen tragen, dieses Armband beh\u00e4lt sein makelloses Aussehen.<\/p>\n<\/li>\n<li data-start=\"2276\" data-end=\"2511\">\n<p data-start=\"2278\" data-end=\"2511\"><strong data-start=\"2278\" data-end=\"2313\">Hypoallergen und hautvertr\u00e4glich:<\/strong><br data-start=\"2313\" data-end=\"2316\" \/>Ideal f\u00fcr Menschen mit empfindlicher Haut: Titan ist hypoallergen und sanft und sorgt f\u00fcr einen bequemen Sitz ohne Hautreizungen. Sie k\u00f6nnen es mit Zuversicht tragen, weil Sie wissen, dass es sicher f\u00fcr Ihre Haut ist.<\/p>\n<\/li>\n<li data-start=\"2513\" data-end=\"2820\">\n<p data-start=\"2515\" data-end=\"2820\"><strong data-start=\"2515\" data-end=\"2539\">Perfekte Geschenkoption:<\/strong><br data-start=\"2539\" data-end=\"2542\" \/>Mit seinem eleganten Design und der luxuri\u00f6sen 18-kar\u00e4tigen Goldoberfl\u00e4che ist dieses Armband ein wunderbares Geschenk f\u00fcr liebe Menschen. Ob zum Geburtstag, Jahrestag oder einfach als aufmerksame Geste, dieses Armband wird jeden beeindrucken, der hochwertige Handwerkskunst und zeitloses Design zu sch\u00e4tzen wei\u00df.<\/p>\n<\/li>\n<\/ul>\n<h3 data-start=\"2822\" data-end=\"2853\"><strong data-start=\"2826\" data-end=\"2853\">Produktspezifikationen:<\/strong><\/h3>\n<ul data-start=\"2854\" data-end=\"3314\">\n<li data-start=\"2854\" data-end=\"2913\">\n<p data-start=\"2856\" data-end=\"2913\"><strong data-start=\"2856\" data-end=\"2869\">Material:<\/strong> Hochwertiger Titan-Stahl mit 18k Gold-Finish<\/p>\n<\/li>\n<li data-start=\"2914\" data-end=\"2972\">\n<p data-start=\"2916\" data-end=\"2972\"><strong data-start=\"2916\" data-end=\"2935\">Breite des Armbands:<\/strong> 6mm - 10mm (je nach Ausf\u00fchrung)<\/p>\n<\/li>\n<li data-start=\"2973\" data-end=\"3056\">\n<p data-start=\"2975\" data-end=\"3056\"><strong data-start=\"2975\" data-end=\"2986\">L\u00e4nge:<\/strong> Erh\u00e4ltlich in verschiedenen Gr\u00f6\u00dfen (normalerweise 7\u201d bis 8\u201d \/ 17,8 cm bis 20,3 cm)<\/p>\n<\/li>\n<li data-start=\"3057\" data-end=\"3112\">\n<p data-start=\"3059\" data-end=\"3112\"><strong data-start=\"3059\" data-end=\"3070\">Beenden:<\/strong> Hochglanzpoliertes 18-kar\u00e4tiges Gold f\u00fcr ein luxuri\u00f6ses Aussehen<\/p>\n<\/li>\n<li data-start=\"3113\" data-end=\"3198\">\n<p data-start=\"3115\" data-end=\"3198\"><strong data-start=\"3115\" data-end=\"3130\">Verschluss Typ:<\/strong> Sichere Schlie\u00dfe (Karabiner oder Faltschlie\u00dfe je nach Design)<\/p>\n<\/li>\n<li data-start=\"3199\" data-end=\"3244\">\n<p data-start=\"3201\" data-end=\"3244\"><strong data-start=\"3201\" data-end=\"3220\">Hypoallergen:<\/strong> Sicher f\u00fcr empfindliche Haut<\/p>\n<\/li>\n<li data-start=\"3245\" data-end=\"3314\">\n<p data-start=\"3247\" data-end=\"3314\"><strong data-start=\"3247\" data-end=\"3268\">Verf\u00fcgbare Farben:<\/strong> Gold-Ton, Silber-Ton, Schwarz, Rose Gold-Ton<\/p>\n<\/li>\n<\/ul>\n<h3 data-start=\"3316\" data-end=\"3343\"><strong data-start=\"3320\" data-end=\"3343\">Warum Sie es lieben werden:<\/strong><\/h3>\n<ul data-start=\"3344\" data-end=\"3947\">\n<li data-start=\"3344\" data-end=\"3494\">\n<p data-start=\"3346\" data-end=\"3494\"><strong data-start=\"3346\" data-end=\"3368\">Zeitlose Eleganz:<\/strong> Das minimalistische Design in Kombination mit der luxuri\u00f6sen 18-kar\u00e4tigen Goldoberfl\u00e4che macht dieses Armband zum perfekten Accessoire f\u00fcr jeden Anlass.<\/p>\n<\/li>\n<li data-start=\"3495\" data-end=\"3644\">\n<p data-start=\"3497\" data-end=\"3644\"><strong data-start=\"3497\" data-end=\"3522\">Langlebigkeit und Komfort:<\/strong> Dieses Armband aus strapazierf\u00e4higem Titan ist leicht, kratzfest und bequem genug f\u00fcr den t\u00e4glichen Gebrauch.<\/p>\n<\/li>\n<li data-start=\"3645\" data-end=\"3795\">\n<p data-start=\"3647\" data-end=\"3795\"><strong data-start=\"3647\" data-end=\"3671\">Vielseitig und stilvoll:<\/strong> Das schlichte Design passt sowohl zu legeren als auch zu formellen Outfits und macht ihn zu einer vielseitigen Erg\u00e4nzung Ihrer Schmucksammlung.<\/p>\n<\/li>\n<li data-start=\"3796\" data-end=\"3947\">\n<p data-start=\"3798\" data-end=\"3947\"><strong data-start=\"3798\" data-end=\"3815\">Perfektes Geschenk:<\/strong> Ob f\u00fcr einen geliebten Menschen oder f\u00fcr sich selbst - dieses Armband ist ein durchdachtes und luxuri\u00f6ses Geschenk f\u00fcr jede Gelegenheit.<\/p>\n<\/li>\n<\/ul>\n<p data-start=\"3954\" data-end=\"4182\" data-is-last-node=\"\" data-is-only-node=\"\">Diese Beschreibung unterstreicht die Eleganz, Vielseitigkeit und Langlebigkeit des <strong data-start=\"4031\" data-end=\"4077\">Titan-Stahl-Armband 18k Gold Vielseitig<\/strong>, Das macht sie zu einem perfekten Accessoire f\u00fcr jede Gelegenheit. Lassen Sie mich wissen, wenn Sie etwas \u00e4ndern oder hinzuf\u00fcgen m\u00f6chten!<\/p>\n<\/div>\n<\/div>\n<\/div>\n<\/div>\n<div class=\"z-0 flex min-h-[46px] justify-start\"><\/div>\n<\/div>\n<\/div>\n<\/article>\n<div class=\"pointer-events-none h-px w-px\" aria-hidden=\"true\" data-edge=\"true\"><\/div>","protected":false},"excerpt":{"rendered":"<p>Eine perfekte Mischung aus St\u00e4rke, Stil und Raffinesse, die <strong data-start=\"206\" data-end=\"252\">Titan-Stahl-Armband 18k Gold Vielseitig<\/strong> wurde f\u00fcr all jene entworfen, die schlichte Eleganz mit einem Hauch von Luxus sch\u00e4tzen. Das aus hochwertigem Titanstahl gefertigte und mit gl\u00e4nzendem 18-kar\u00e4tigem Gold beschichtete Armband bietet Langlebigkeit, Komfort und ein zeitloses Design, das sich leicht von legeren zu formellen Anl\u00e4ssen kombinieren l\u00e4sst.<\/p>","protected":false},"featured_media":839,"comment_status":"open","ping_status":"closed","template":"","meta":[],"product_brand":[],"product_cat":[36,37],"product_tag":[],"class_list":{"0":"post-834","1":"product","2":"type-product","3":"status-publish","4":"has-post-thumbnail","6":"product_cat-bracelets","7":"product_cat-combo-sets","9":"first","10":"instock","11":"shipping-taxable","12":"product-type-simple"},"_links":{"self":[{"href":"https:\/\/wangshajewelry.com\/de\/wp-json\/wp\/v2\/product\/834","targetHints":{"allow":["GET"]}}],"collection":[{"href":"https:\/\/wangshajewelry.com\/de\/wp-json\/wp\/v2\/product"}],"about":[{"href":"https:\/\/wangshajewelry.com\/de\/wp-json\/wp\/v2\/types\/product"}],"replies":[{"embeddable":true,"href":"https:\/\/wangshajewelry.com\/de\/wp-json\/wp\/v2\/comments?post=834"}],"wp:featuredmedia":[{"embeddable":true,"href":"https:\/\/wangshajewelry.com\/de\/wp-json\/wp\/v2\/media\/839"}],"wp:attachment":[{"href":"https:\/\/wangshajewelry.com\/de\/wp-json\/wp\/v2\/media?parent=834"}],"wp:term":[{"taxonomy":"product_brand","embeddable":true,"href":"https:\/\/wangshajewelry.com\/de\/wp-json\/wp\/v2\/product_brand?post=834"},{"taxonomy":"product_cat","embeddable":true,"href":"https:\/\/wangshajewelry.com\/de\/wp-json\/wp\/v2\/product_cat?post=834"},{"taxonomy":"product_tag","embeddable":true,"href":"https:\/\/wangshajewelry.com\/de\/wp-json\/wp\/v2\/product_tag?post=834"}],"curies":[{"name":"wp","href":"https:\/\/api.w.org\/{rel}","templated":true}]}}