{"id":842,"date":"2025-12-12T06:36:34","date_gmt":"2025-12-12T06:36:34","guid":{"rendered":"https:\/\/wangshajewelry.com\/?post_type=product&#038;p=842"},"modified":"2025-12-12T06:36:34","modified_gmt":"2025-12-12T06:36:34","slug":"titan-stahl-zirkon-vierblattriges-kleeblatt-halskette-2","status":"publish","type":"product","link":"https:\/\/wangshajewelry.com\/de\/product\/titan-stahl-zirkon-vierblattriges-kleeblatt-halskette-2\/","title":{"rendered":"Titan Stahl Zirkon Vierbl\u00e4ttriges Kleeblatt Halskette"},"content":{"rendered":"<h2 data-start=\"103\" data-end=\"154\"><strong data-start=\"103\" data-end=\"154\">Titan Stahl Zirkon Vierbl\u00e4ttriges Kleeblatt Halskette<\/strong><\/h2>\n<p data-start=\"156\" data-end=\"566\">Bringen Sie Gl\u00fcck und zeitlose Eleganz in Ihr Leben mit dem <strong data-start=\"218\" data-end=\"269\">Titan Stahl Zirkon Vierbl\u00e4ttriges Kleeblatt Halskette<\/strong>. Dieses atemberaubende St\u00fcck kombiniert die symbolische Sch\u00f6nheit des vierbl\u00e4ttrigen Kleeblatts mit der modernen Eleganz von Zirkonsteinen und langlebigem Titanstahl. Perfekt f\u00fcr jeden Anlass ist diese Halskette eine sch\u00f6ne Erinnerung an Glaube, Hoffnung, Liebe und Gl\u00fcck und bietet gleichzeitig ein luxuri\u00f6ses Funkeln, das die Blicke auf sich zieht.<\/p>\n<h3 data-start=\"568\" data-end=\"589\"><strong data-start=\"572\" data-end=\"589\">Wesentliche Merkmale:<\/strong><\/h3>\n<ul data-start=\"591\" data-end=\"2982\">\n<li data-start=\"591\" data-end=\"966\">\n<p data-start=\"593\" data-end=\"966\"><strong data-start=\"593\" data-end=\"633\">Langlebige Titan-Stahlkonstruktion:<\/strong><br data-start=\"633\" data-end=\"636\" \/>Diese Halskette aus hochwertigem Titanstahl ist f\u00fcr lang anhaltende Sch\u00f6nheit und St\u00e4rke ausgelegt. Titan ist bekannt f\u00fcr seine Widerstandsf\u00e4higkeit gegen Rost, Anlaufen und Korrosion und sorgt daf\u00fcr, dass die Halskette so sch\u00f6n bleibt wie an dem Tag, an dem Sie sie gekauft haben. Leicht und dennoch unglaublich haltbar, bietet diese Halskette sowohl Stil als auch Komfort.<\/p>\n<\/li>\n<li data-start=\"968\" data-end=\"1371\">\n<p data-start=\"970\" data-end=\"1371\"><strong data-start=\"970\" data-end=\"998\">Funkelnde Zirkon-Steine:<\/strong><br data-start=\"998\" data-end=\"1001\" \/>Der vierbl\u00e4ttrige Kleeblatt-Anh\u00e4nger ist mit gl\u00e4nzenden Zirkonia-Steinen besetzt, die ein strahlendes Funkeln erzeugen und das Aussehen von Diamanten imitieren. Die Zirkoniasteine sind sorgf\u00e4ltig in den Anh\u00e4nger gefasst, was seinen Glanz verst\u00e4rkt und dem Design einen Hauch von Glamour verleiht. Ob bei einem zwanglosen Beisammensein oder einer formellen Veranstaltung, diese Steine fangen das Licht aus jedem Winkel ein.<\/p>\n<\/li>\n<li data-start=\"1373\" data-end=\"1779\">\n<p data-start=\"1375\" data-end=\"1779\"><strong data-start=\"1375\" data-end=\"1412\">Symbolisches vierbl\u00e4ttriges Kleeblatt-Design:<\/strong><br data-start=\"1412\" data-end=\"1415\" \/>Das vierbl\u00e4ttrige Kleeblatt ist ein zeitloses Gl\u00fcckssymbol, wobei jedes Blatt f\u00fcr Glaube, Hoffnung, Liebe und Gl\u00fcck steht. Diese Halskette tr\u00e4gt nicht nur ein sch\u00f6nes Design, sondern auch positive Energie und Symbolik in sich, was sie zu einem bedeutungsvollen Geschenk oder pers\u00f6nlichen Accessoire macht. Ihr zartes und doch gewagtes Design ist perfekt f\u00fcr alle, die an die Kraft des Gl\u00fccks und die Sch\u00f6nheit der Natur glauben.<\/p>\n<\/li>\n<li data-start=\"1781\" data-end=\"2134\">\n<p data-start=\"1783\" data-end=\"2134\"><strong data-start=\"1783\" data-end=\"1813\">Schlanker und vielseitiger Anh\u00e4nger:<\/strong><br data-start=\"1813\" data-end=\"1816\" \/>Der vierbl\u00e4ttrige Kleeblatt-Anh\u00e4nger hat ein minimalistisches, aber elegantes Design, das zu jedem Outfit passt. Egal, ob Sie ihn zu einem l\u00e4ssigen T-Shirt oder einem eleganten Kleid tragen, diese Halskette verleiht einen Hauch von Charme und Raffinesse. Seine Vielseitigkeit macht ihn zu einem Accessoire, das sowohl im Alltag als auch bei besonderen Anl\u00e4ssen getragen werden kann.<\/p>\n<\/li>\n<li data-start=\"2136\" data-end=\"2397\">\n<p data-start=\"2138\" data-end=\"2397\"><strong data-start=\"2138\" data-end=\"2167\">Bequemer und sicherer Sitz:<\/strong><br data-start=\"2167\" data-end=\"2170\" \/>Die Kette ist in der L\u00e4nge verstellbar, so dass Sie die Passform nach Ihren W\u00fcnschen anpassen k\u00f6nnen. Der sichere Verschluss sorgt daf\u00fcr, dass die Halskette an ihrem Platz bleibt und bietet den ganzen Tag \u00fcber Komfort und Vertrauen.<\/p>\n<\/li>\n<li data-start=\"2399\" data-end=\"2622\">\n<p data-start=\"2401\" data-end=\"2622\"><strong data-start=\"2401\" data-end=\"2436\">Hypoallergen und hautvertr\u00e4glich:<\/strong><br data-start=\"2436\" data-end=\"2439\" \/>Diese Halskette aus Titanstahl ist hypoallergen und somit auch f\u00fcr Menschen mit empfindlicher Haut geeignet. Sie k\u00f6nnen sie bequem tragen, ohne sich Gedanken \u00fcber Reizungen oder Unbehagen zu machen.<\/p>\n<\/li>\n<li data-start=\"2624\" data-end=\"2982\">\n<p data-start=\"2626\" data-end=\"2982\"><strong data-start=\"2626\" data-end=\"2650\">Perfekte Geschenkoption:<\/strong><br data-start=\"2650\" data-end=\"2653\" \/>Mit ihrem aussagekr\u00e4ftigen Design und den hochwertigen Materialien ist diese Halskette ein hervorragendes Geschenk f\u00fcr Geburtstage, Jahrestage oder andere besondere Anl\u00e4sse. Ganz gleich, ob Sie einen Meilenstein feiern oder einfach einem geliebten Menschen etwas Bedeutungsvolles schenken m\u00f6chten, das vierbl\u00e4ttrige Kleeblatt symbolisiert Gl\u00fcck und Positivit\u00e4t und macht es zu einem unvergesslichen Geschenk.<\/p>\n<\/li>\n<\/ul>\n<h3 data-start=\"2984\" data-end=\"3015\"><strong data-start=\"2988\" data-end=\"3015\">Produktspezifikationen:<\/strong><\/h3>\n<ul data-start=\"3016\" data-end=\"3494\">\n<li data-start=\"3016\" data-end=\"3059\">\n<p data-start=\"3018\" data-end=\"3059\"><strong data-start=\"3018\" data-end=\"3031\">Material:<\/strong> Hochwertiger Titanium Stahl<\/p>\n<\/li>\n<li data-start=\"3060\" data-end=\"3132\">\n<p data-start=\"3062\" data-end=\"3132\"><strong data-start=\"3062\" data-end=\"3076\">Edelsteine:<\/strong> Cubic Zirkonia (ca. 1mm bis 3mm je nach Design)<\/p>\n<\/li>\n<li data-start=\"3133\" data-end=\"3196\">\n<p data-start=\"3135\" data-end=\"3196\"><strong data-start=\"3135\" data-end=\"3152\">Gr\u00f6\u00dfe des Anh\u00e4ngers:<\/strong> Ungef\u00e4hr 2 cm (0,8 Zoll) im Durchmesser<\/p>\n<\/li>\n<li data-start=\"3197\" data-end=\"3275\">\n<p data-start=\"3199\" data-end=\"3275\"><strong data-start=\"3199\" data-end=\"3216\">L\u00e4nge der Kette:<\/strong> Verstellbar, typischerweise von 16\u201d bis 20\u201d (40,6 cm bis 50,8 cm)<\/p>\n<\/li>\n<li data-start=\"3276\" data-end=\"3325\">\n<p data-start=\"3278\" data-end=\"3325\"><strong data-start=\"3278\" data-end=\"3289\">Beenden:<\/strong> Hochglanzpolitur f\u00fcr ein glattes, gl\u00e4nzendes Aussehen<\/p>\n<\/li>\n<li data-start=\"3326\" data-end=\"3378\">\n<p data-start=\"3328\" data-end=\"3378\"><strong data-start=\"3328\" data-end=\"3343\">Verschluss Typ:<\/strong> Karabinerhakenverschluss f\u00fcr sicheren Verschluss<\/p>\n<\/li>\n<li data-start=\"3379\" data-end=\"3424\">\n<p data-start=\"3381\" data-end=\"3424\"><strong data-start=\"3381\" data-end=\"3400\">Hypoallergen:<\/strong> Sicher f\u00fcr empfindliche Haut<\/p>\n<\/li>\n<li data-start=\"3425\" data-end=\"3494\">\n<p data-start=\"3427\" data-end=\"3494\"><strong data-start=\"3427\" data-end=\"3448\">Verf\u00fcgbare Farben:<\/strong> Silber-Ton, Gold-Ton, Rose Gold-Ton, Schwarz<\/p>\n<\/li>\n<\/ul>\n<h3 data-start=\"3496\" data-end=\"3523\"><strong data-start=\"3500\" data-end=\"3523\">Warum Sie es lieben werden:<\/strong><\/h3>\n<ul data-start=\"3524\" data-end=\"4293\">\n<li data-start=\"3524\" data-end=\"3678\">\n<p data-start=\"3526\" data-end=\"3678\"><strong data-start=\"3526\" data-end=\"3552\">Symbolisch und bedeutungsvoll:<\/strong> Das vierbl\u00e4ttrige Kleeblatt verleiht Ihrem Look nicht nur Charme, sondern ist auch ein starkes Symbol f\u00fcr Gl\u00fcck, Liebe, Glauben und Hoffnung.<\/p>\n<\/li>\n<li data-start=\"3679\" data-end=\"3819\">\n<p data-start=\"3681\" data-end=\"3819\"><strong data-start=\"3681\" data-end=\"3703\">Brillantes Funkeln:<\/strong> Die funkelnden Zirkonsteine verleihen der Halskette einen besonderen Glanz und machen sie zu einem atemberaubenden Schmuckst\u00fcck.<\/p>\n<\/li>\n<li data-start=\"3820\" data-end=\"3998\">\n<p data-start=\"3822\" data-end=\"3998\"><strong data-start=\"3822\" data-end=\"3848\">Langlebig und komfortabel:<\/strong> Diese Halskette aus haltbarem Titanstahl ist leicht und hypoallergen, so dass Sie sie den ganzen Tag \u00fcber tragen k\u00f6nnen, ohne dass es zu Beschwerden oder Reizungen kommt.<\/p>\n<\/li>\n<li data-start=\"3999\" data-end=\"4176\">\n<p data-start=\"4001\" data-end=\"4176\"><strong data-start=\"4001\" data-end=\"4024\">Vielseitige Eleganz:<\/strong> Egal, ob Sie sich f\u00fcr einen besonderen Anlass herausputzen oder einen Hauch von Glitzer in den Alltag bringen wollen, diese Halskette ist das perfekte Accessoire f\u00fcr jedes Outfit.<\/p>\n<\/li>\n<li data-start=\"4177\" data-end=\"4293\">\n<p data-start=\"4179\" data-end=\"4293\"><strong data-start=\"4179\" data-end=\"4201\">Perfekte Geschenkidee:<\/strong> Ein durchdachtes und sinnvolles Geschenk, das dem Empf\u00e4nger mit Sicherheit Freude und Positivit\u00e4t bringt.<\/p>\n<\/li>\n<\/ul>","protected":false},"excerpt":{"rendered":"<p>Bringen Sie Gl\u00fcck und zeitlose Eleganz in Ihr Leben mit dem <strong data-start=\"218\" data-end=\"269\">Titan Stahl Zirkon Vierbl\u00e4ttriges Kleeblatt Halskette<\/strong>. Dieses atemberaubende St\u00fcck kombiniert die symbolische Sch\u00f6nheit des vierbl\u00e4ttrigen Kleeblatts mit der modernen Eleganz von Zirkonsteinen und langlebigem Titanstahl. Perfekt f\u00fcr jeden Anlass ist diese Halskette eine sch\u00f6ne Erinnerung an Glaube, Hoffnung, Liebe und Gl\u00fcck und bietet gleichzeitig ein luxuri\u00f6ses Funkeln, das die Blicke auf sich zieht.<\/p>","protected":false},"featured_media":847,"comment_status":"open","ping_status":"closed","template":"","meta":[],"product_brand":[],"product_cat":[38],"product_tag":[],"class_list":{"0":"post-842","1":"product","2":"type-product","3":"status-publish","4":"has-post-thumbnail","6":"product_cat-necklaces","8":"first","9":"instock","10":"shipping-taxable","11":"product-type-simple"},"_links":{"self":[{"href":"https:\/\/wangshajewelry.com\/de\/wp-json\/wp\/v2\/product\/842","targetHints":{"allow":["GET"]}}],"collection":[{"href":"https:\/\/wangshajewelry.com\/de\/wp-json\/wp\/v2\/product"}],"about":[{"href":"https:\/\/wangshajewelry.com\/de\/wp-json\/wp\/v2\/types\/product"}],"replies":[{"embeddable":true,"href":"https:\/\/wangshajewelry.com\/de\/wp-json\/wp\/v2\/comments?post=842"}],"wp:featuredmedia":[{"embeddable":true,"href":"https:\/\/wangshajewelry.com\/de\/wp-json\/wp\/v2\/media\/847"}],"wp:attachment":[{"href":"https:\/\/wangshajewelry.com\/de\/wp-json\/wp\/v2\/media?parent=842"}],"wp:term":[{"taxonomy":"product_brand","embeddable":true,"href":"https:\/\/wangshajewelry.com\/de\/wp-json\/wp\/v2\/product_brand?post=842"},{"taxonomy":"product_cat","embeddable":true,"href":"https:\/\/wangshajewelry.com\/de\/wp-json\/wp\/v2\/product_cat?post=842"},{"taxonomy":"product_tag","embeddable":true,"href":"https:\/\/wangshajewelry.com\/de\/wp-json\/wp\/v2\/product_tag?post=842"}],"curies":[{"name":"wp","href":"https:\/\/api.w.org\/{rel}","templated":true}]}}