{"id":848,"date":"2025-12-12T06:39:51","date_gmt":"2025-12-12T06:39:51","guid":{"rendered":"https:\/\/wangshajewelry.com\/?post_type=product&#038;p=848"},"modified":"2025-12-12T06:39:51","modified_gmt":"2025-12-12T06:39:51","slug":"titan-stahl-zirkon-halskette-2","status":"publish","type":"product","link":"https:\/\/wangshajewelry.com\/de\/product\/titan-stahl-zirkon-halskette-2\/","title":{"rendered":"Titan-Stahl-Zirkon-Halskette"},"content":{"rendered":"<h2 data-start=\"86\" data-end=\"120\"><strong data-start=\"86\" data-end=\"120\">Titan-Stahl-Zirkon-Halskette<\/strong><\/h2>\n<p data-start=\"122\" data-end=\"586\">Erh\u00f6hen Sie Ihren Stil mit dem <strong data-start=\"150\" data-end=\"184\">Titan-Stahl-Zirkon-Halskette<\/strong>-eine perfekte Verbindung von St\u00e4rke, Luxus und zeitloser Eleganz. Diese Halskette ist aus robustem Titanstahl gefertigt und mit brillanten Zirkoniasteinen verziert. Sie verleiht jedem Outfit einen Hauch von Raffinesse und Glanz. Ganz gleich, ob Sie sich f\u00fcr einen besonderen Anlass herausputzen oder Ihrem Alltagslook ein elegantes Flair verleihen m\u00f6chten, diese Halskette ist ein vielseitiges und schickes Accessoire, das ein Statement setzt.<\/p>\n<h3 data-start=\"588\" data-end=\"609\"><strong data-start=\"592\" data-end=\"609\">Wesentliche Merkmale:<\/strong><\/h3>\n<ul data-start=\"611\" data-end=\"3012\">\n<li data-start=\"611\" data-end=\"1022\">\n<p data-start=\"613\" data-end=\"1022\"><strong data-start=\"613\" data-end=\"658\">Konstruktion aus hochwertigem Titanstahl:<\/strong><br data-start=\"658\" data-end=\"661\" \/>Diese Halskette aus hochwertigem Titanstahl ist bekannt f\u00fcr ihre au\u00dfergew\u00f6hnliche St\u00e4rke, ihr geringes Gewicht und ihre Widerstandsf\u00e4higkeit gegen Anlaufen, Rost und Korrosion. Titanstahl ist das perfekte Material f\u00fcr langlebigen Schmuck und sorgt daf\u00fcr, dass diese Halskette ihre Sch\u00f6nheit und Haltbarkeit \u00fcber lange Zeit beh\u00e4lt. Die glatte, polierte Oberfl\u00e4che bietet einen modernen, raffinierten Look.<\/p>\n<\/li>\n<li data-start=\"1024\" data-end=\"1455\">\n<p data-start=\"1026\" data-end=\"1455\"><strong data-start=\"1026\" data-end=\"1062\">Brillante Cubic Zirkonia Steine:<\/strong><br data-start=\"1062\" data-end=\"1065\" \/>Die Halskette ist mit schillernden Zirkoniasteinen besetzt, die wie Diamanten gl\u00e4nzen und eine atemberaubende Brillanz bieten. Jeder Zirkoniastein ist sorgf\u00e4ltig in einer sicheren Zacken- oder L\u00fcnettenfassung gefasst, damit er an seinem Platz bleibt und aus jedem Winkel funkelt. Ganz gleich, ob Sie an einer formellen Veranstaltung teilnehmen oder einen Abend im Freien verbringen, die Zirkoniasteine verleihen Ihrem Ensemble genau die richtige Prise Glanz.<\/p>\n<\/li>\n<li data-start=\"1457\" data-end=\"1850\">\n<p data-start=\"1459\" data-end=\"1850\"><strong data-start=\"1459\" data-end=\"1489\">Schlankes und minimalistisches Design:<\/strong><br data-start=\"1489\" data-end=\"1492\" \/>Mit ihrem klaren, minimalistischen Design wertet diese Halskette m\u00fchelos jedes Outfit auf. Die Zirkonsteine sind strategisch entlang der Kette oder als zentraler Anh\u00e4nger platziert und sorgen f\u00fcr einen ausgewogenen, stilvollen Look, der sowohl zu l\u00e4ssigen als auch zu formellen Outfits passt. Dank ihrer Vielseitigkeit l\u00e4sst sie sich perfekt mit anderen Halsketten kombinieren oder als einzelnes Schmuckst\u00fcck tragen.<\/p>\n<\/li>\n<li data-start=\"1852\" data-end=\"2210\">\n<p data-start=\"1854\" data-end=\"2210\"><strong data-start=\"1854\" data-end=\"1883\">Bequemer und sicherer Sitz:<\/strong><br data-start=\"1883\" data-end=\"1886\" \/>Die Halskette verf\u00fcgt \u00fcber eine verstellbare Kette, mit der Sie die L\u00e4nge an Ihre gew\u00fcnschte Passform anpassen k\u00f6nnen. Der sichere Verschluss sorgt daf\u00fcr, dass die Halskette den ganzen Tag \u00fcber an ihrem Platz bleibt und bietet Komfort und Sicherheit beim Tragen. Die glatte Titanstahlkette ist sanft zur Haut und eignet sich daher ideal f\u00fcr langes Tragen.<\/p>\n<\/li>\n<li data-start=\"2212\" data-end=\"2539\">\n<p data-start=\"2214\" data-end=\"2539\"><strong data-start=\"2214\" data-end=\"2246\">Langlebig und kratzfest:<\/strong><br data-start=\"2246\" data-end=\"2249\" \/>Dank der hochwertigen Titankonstruktion ist diese Halskette kratzfest und so konzipiert, dass sie dem Test der Zeit standh\u00e4lt. Die Zirkoniasteine sind perfekt geschliffen und verleihen Glanz, ohne dabei zu filigran zu sein. Dadurch eignet sich die Halskette sowohl f\u00fcr das t\u00e4gliche Tragen als auch f\u00fcr besondere Anl\u00e4sse.<\/p>\n<\/li>\n<li data-start=\"2541\" data-end=\"2755\">\n<p data-start=\"2543\" data-end=\"2755\"><strong data-start=\"2543\" data-end=\"2578\">Hypoallergen und hautvertr\u00e4glich:<\/strong><br data-start=\"2578\" data-end=\"2581\" \/>Titan ist hypoallergen, was diese Halskette zu einer hervorragenden Wahl f\u00fcr Menschen mit empfindlicher Haut macht. Sie k\u00f6nnen sie den ganzen Tag tragen, ohne sich Gedanken \u00fcber Irritationen oder Unbehagen zu machen.<\/p>\n<\/li>\n<li data-start=\"2757\" data-end=\"3012\">\n<p data-start=\"2759\" data-end=\"3012\"><strong data-start=\"2759\" data-end=\"2781\">Perfekte Geschenkidee:<\/strong><br data-start=\"2781\" data-end=\"2784\" \/>Mit ihrem raffinierten Design und ihrem luxuri\u00f6sen Glanz ist diese Halskette ein wunderbares Geschenk f\u00fcr Geburtstage, Jahrestage, Feiertage oder einfach als aufmerksame Geste. Es ist ein zeitloses St\u00fcck, das \u00fcber Jahre hinweg in Ehren gehalten wird.<\/p>\n<\/li>\n<\/ul>\n<h3 data-start=\"3014\" data-end=\"3045\"><strong data-start=\"3018\" data-end=\"3045\">Produktspezifikationen:<\/strong><\/h3>\n<ul data-start=\"3046\" data-end=\"3559\">\n<li data-start=\"3046\" data-end=\"3089\">\n<p data-start=\"3048\" data-end=\"3089\"><strong data-start=\"3048\" data-end=\"3061\">Material:<\/strong> Hochwertiger Titanium Stahl<\/p>\n<\/li>\n<li data-start=\"3090\" data-end=\"3151\">\n<p data-start=\"3092\" data-end=\"3151\"><strong data-start=\"3092\" data-end=\"3106\">Edelsteine:<\/strong> Kubischer Zirkon (Gr\u00f6\u00dfe variiert je nach Design)<\/p>\n<\/li>\n<li data-start=\"3152\" data-end=\"3238\">\n<p data-start=\"3154\" data-end=\"3238\"><strong data-start=\"3154\" data-end=\"3171\">Gr\u00f6\u00dfe des Anh\u00e4ngers:<\/strong> Etwa 2 cm bis 3 cm (0,8\u201d bis 1,2\u201d), je nach Design<\/p>\n<\/li>\n<li data-start=\"3239\" data-end=\"3306\">\n<p data-start=\"3241\" data-end=\"3306\"><strong data-start=\"3241\" data-end=\"3258\">L\u00e4nge der Kette:<\/strong> Einstellbar von 16\u201d bis 20\u201d (40,6 cm bis 50,8 cm)<\/p>\n<\/li>\n<li data-start=\"3307\" data-end=\"3369\">\n<p data-start=\"3309\" data-end=\"3369\"><strong data-start=\"3309\" data-end=\"3320\">Beenden:<\/strong> Hochglanz oder mattes Finish (je nach Stil)<\/p>\n<\/li>\n<li data-start=\"3370\" data-end=\"3443\">\n<p data-start=\"3372\" data-end=\"3443\"><strong data-start=\"3372\" data-end=\"3387\">Verschluss Typ:<\/strong> Karabinerhakenverschluss oder Federringverschluss f\u00fcr sicheren Verschluss<\/p>\n<\/li>\n<li data-start=\"3444\" data-end=\"3489\">\n<p data-start=\"3446\" data-end=\"3489\"><strong data-start=\"3446\" data-end=\"3465\">Hypoallergen:<\/strong> Sicher f\u00fcr empfindliche Haut<\/p>\n<\/li>\n<li data-start=\"3490\" data-end=\"3559\">\n<p data-start=\"3492\" data-end=\"3559\"><strong data-start=\"3492\" data-end=\"3513\">Verf\u00fcgbare Farben:<\/strong> Silber-Ton, Gold-Ton, Rose Gold-Ton, Schwarz<\/p>\n<\/li>\n<\/ul>\n<h3 data-start=\"3561\" data-end=\"3588\"><strong data-start=\"3565\" data-end=\"3588\">Warum Sie es lieben werden:<\/strong><\/h3>\n<ul data-start=\"3589\" data-end=\"4456\">\n<li data-start=\"3589\" data-end=\"3732\">\n<p data-start=\"3591\" data-end=\"3732\"><strong data-start=\"3591\" data-end=\"3614\">Elegant und zeitlos:<\/strong> Die Kombination aus Zirkonia und Titanstahl sorgt f\u00fcr einen sch\u00f6nen und dauerhaften Look, der sich f\u00fcr jeden Anlass eignet.<\/p>\n<\/li>\n<li data-start=\"3733\" data-end=\"3892\">\n<p data-start=\"3735\" data-end=\"3892\"><strong data-start=\"3735\" data-end=\"3755\">Brillanter Glanz:<\/strong> Die Zirkoniasteine sorgen f\u00fcr ein atemberaubendes Funkeln und machen diese Halskette zum perfekten Accessoire, das jedem Outfit einen Hauch von Luxus verleiht.<\/p>\n<\/li>\n<li data-start=\"3893\" data-end=\"4115\">\n<p data-start=\"3895\" data-end=\"4115\"><strong data-start=\"3895\" data-end=\"3920\">Langlebigkeit und Komfort:<\/strong> Diese Halskette aus strapazierf\u00e4higem Titan ist leicht und anlaufbest\u00e4ndig, sodass sie \u00fcber Jahre hinweg makellos aussieht. Au\u00dferdem ist sie hypoallergen, was sie f\u00fcr empfindliche Haut angenehm macht.<\/p>\n<\/li>\n<li data-start=\"4116\" data-end=\"4290\">\n<p data-start=\"4118\" data-end=\"4290\"><strong data-start=\"4118\" data-end=\"4138\">Vielseitiger Stil:<\/strong> Ob im Alltag oder zu besonderen Anl\u00e4ssen, diese Halskette ist ein vielseitiges St\u00fcck, das sich m\u00fchelos mit einer Vielzahl von Looks kombinieren l\u00e4sst, von leger bis formell.<\/p>\n<\/li>\n<li data-start=\"4291\" data-end=\"4456\">\n<p data-start=\"4293\" data-end=\"4456\"><strong data-start=\"4293\" data-end=\"4313\">Tolle Geschenkidee:<\/strong> Diese Halskette ist ein wundersch\u00f6nes, durchdachtes Geschenk, das mit Sicherheit beeindruckt. Sie ist ideal f\u00fcr Geburtstage, Jahrestage oder als besonderes Geschenk f\u00fcr Sie selbst.<\/p>\n<\/li>\n<\/ul>","protected":false},"excerpt":{"rendered":"<p>Erh\u00f6hen Sie Ihren Stil mit dem <strong data-start=\"150\" data-end=\"184\">Titan-Stahl-Zirkon-Halskette<\/strong>-eine perfekte Verbindung von St\u00e4rke, Luxus und zeitloser Eleganz. Diese Halskette ist aus robustem Titanstahl gefertigt und mit brillanten Zirkoniasteinen verziert. Sie verleiht jedem Outfit einen Hauch von Raffinesse und Glanz. Ganz gleich, ob Sie sich f\u00fcr einen besonderen Anlass herausputzen oder Ihrem Alltagslook ein elegantes Flair verleihen m\u00f6chten, diese Halskette ist ein vielseitiges und schickes Accessoire, das ein Statement setzt.<\/p>","protected":false},"featured_media":853,"comment_status":"open","ping_status":"closed","template":"","meta":[],"product_brand":[],"product_cat":[38],"product_tag":[],"class_list":{"0":"post-848","1":"product","2":"type-product","3":"status-publish","4":"has-post-thumbnail","6":"product_cat-necklaces","8":"first","9":"instock","10":"shipping-taxable","11":"product-type-simple"},"_links":{"self":[{"href":"https:\/\/wangshajewelry.com\/de\/wp-json\/wp\/v2\/product\/848","targetHints":{"allow":["GET"]}}],"collection":[{"href":"https:\/\/wangshajewelry.com\/de\/wp-json\/wp\/v2\/product"}],"about":[{"href":"https:\/\/wangshajewelry.com\/de\/wp-json\/wp\/v2\/types\/product"}],"replies":[{"embeddable":true,"href":"https:\/\/wangshajewelry.com\/de\/wp-json\/wp\/v2\/comments?post=848"}],"wp:featuredmedia":[{"embeddable":true,"href":"https:\/\/wangshajewelry.com\/de\/wp-json\/wp\/v2\/media\/853"}],"wp:attachment":[{"href":"https:\/\/wangshajewelry.com\/de\/wp-json\/wp\/v2\/media?parent=848"}],"wp:term":[{"taxonomy":"product_brand","embeddable":true,"href":"https:\/\/wangshajewelry.com\/de\/wp-json\/wp\/v2\/product_brand?post=848"},{"taxonomy":"product_cat","embeddable":true,"href":"https:\/\/wangshajewelry.com\/de\/wp-json\/wp\/v2\/product_cat?post=848"},{"taxonomy":"product_tag","embeddable":true,"href":"https:\/\/wangshajewelry.com\/de\/wp-json\/wp\/v2\/product_tag?post=848"}],"curies":[{"name":"wp","href":"https:\/\/api.w.org\/{rel}","templated":true}]}}