{"id":860,"date":"2025-12-12T06:45:39","date_gmt":"2025-12-12T06:45:39","guid":{"rendered":"https:\/\/wangshajewelry.com\/?post_type=product&#038;p=860"},"modified":"2025-12-12T06:45:39","modified_gmt":"2025-12-12T06:45:39","slug":"titan-stahl-armreif-farbecht","status":"publish","type":"product","link":"https:\/\/wangshajewelry.com\/de\/product\/titan-stahl-armreif-farbecht\/","title":{"rendered":"Titan-Stahl-Armreif farbecht"},"content":{"rendered":"<h2 data-start=\"87\" data-end=\"122\"><strong data-start=\"87\" data-end=\"122\">Titan-Stahl-Armreif farbecht<\/strong><\/h2>\n<p data-start=\"124\" data-end=\"639\">Verleihen Sie Ihrer Garderobe einen Hauch von eleganter Raffinesse mit dem <strong data-start=\"186\" data-end=\"221\">Titan-Stahl-Armreif farbecht<\/strong>-ein stilvolles, langlebiges St\u00fcck, das modernes Design mit dauerhafter St\u00e4rke verbindet. Gefertigt aus hochwertigem Titanium-Stahl, der weder ausbleicht noch anl\u00e4uft, ist dieser Armreif ebenso widerstandsf\u00e4hig wie elegant. Ganz gleich, ob Sie ein schickes Accessoire f\u00fcr Ihren t\u00e4glichen Look oder ein Statement-St\u00fcck f\u00fcr einen besonderen Anlass suchen, der <strong data-start=\"554\" data-end=\"589\">Titan-Stahl-Armreif farbecht<\/strong> bietet zeitlose Sch\u00f6nheit und dauerhafte Leistung.<\/p>\n<h3 data-start=\"641\" data-end=\"662\"><strong data-start=\"645\" data-end=\"662\">Wesentliche Merkmale:<\/strong><\/h3>\n<ul data-start=\"664\" data-end=\"2988\">\n<li data-start=\"664\" data-end=\"1072\">\n<p data-start=\"666\" data-end=\"1072\"><strong data-start=\"666\" data-end=\"706\">Premium-Titanstahl-Konstruktion:<\/strong><br data-start=\"706\" data-end=\"709\" \/>Dieser Armreif aus haltbarem Titanstahl ist f\u00fcr seine au\u00dfergew\u00f6hnliche St\u00e4rke, sein geringes Gewicht und seine Korrosionsbest\u00e4ndigkeit bekannt. Titanstahl bietet eine un\u00fcbertroffene Haltbarkeit und sorgt daf\u00fcr, dass dieser Armreif sein perfektes Aussehen beh\u00e4lt, ohne anzulaufen, zu verkratzen oder mit der Zeit zu verblassen. Es ist die perfekte Wahl f\u00fcr alle, die ein langlebiges Schmuckst\u00fcck suchen.<\/p>\n<\/li>\n<li data-start=\"1074\" data-end=\"1458\">\n<p data-start=\"1076\" data-end=\"1458\"><strong data-start=\"1076\" data-end=\"1101\">Farbechte Technologie:<\/strong><br data-start=\"1101\" data-end=\"1104\" \/>Die <strong data-start=\"1110\" data-end=\"1145\">Titan-Stahl-Armreif farbecht<\/strong> verf\u00fcgt \u00fcber eine einzigartige farbechte Beschichtung, d. h. sie beh\u00e4lt ihre urspr\u00fcngliche Farbe und ihren Glanz \u00fcber Jahre hinweg, ohne zu verblassen. Diese fortschrittliche Beschichtung sorgt daf\u00fcr, dass der Armreif sein glattes, poliertes Finish beh\u00e4lt, egal ob er t\u00e4glich oder zu besonderen Anl\u00e4ssen getragen wird. Sie k\u00f6nnen sich darauf verlassen, dass der Glanz auch bei regelm\u00e4\u00dfigem Tragen lebendig bleibt.<\/p>\n<\/li>\n<li data-start=\"1460\" data-end=\"1829\">\n<p data-start=\"1462\" data-end=\"1829\"><strong data-start=\"1462\" data-end=\"1494\">Elegantes und minimalistisches Design:<\/strong><br data-start=\"1494\" data-end=\"1497\" \/>Die klaren Linien und das minimalistische Design dieses Armreifs machen ihn zu einer unverzichtbaren Erg\u00e4nzung f\u00fcr jede Schmucksammlung. Seine schlichte und doch auffallende \u00c4sthetik macht ihn vielseitig genug, um ihn mit einer Vielzahl von Outfits zu kombinieren, von Freizeitkleidung bis hin zu formellen Anl\u00e4ssen. Die glatte, schlichte Oberfl\u00e4che verleiht Ihrem Handgelenk eine subtile Eleganz, ohne dabei \u00fcbertrieben zu wirken.<\/p>\n<\/li>\n<li data-start=\"1831\" data-end=\"2178\">\n<p data-start=\"1833\" data-end=\"2178\"><strong data-start=\"1833\" data-end=\"1863\">Bequem und leicht:<\/strong><br data-start=\"1863\" data-end=\"1866\" \/>Trotz der robusten Titankonstruktion ist der Armreif leicht und angenehm zu tragen. Er liegt eng am Handgelenk an, ohne sich schwer oder einschr\u00e4nkend anzuf\u00fchlen, und ist somit ideal f\u00fcr den ganzen Tag. Ganz gleich, ob Sie ihn allein tragen oder mit anderen Armb\u00e4ndern kombinieren, der Armreif bietet sowohl Stil als auch Komfort.<\/p>\n<\/li>\n<li data-start=\"2180\" data-end=\"2420\">\n<p data-start=\"2182\" data-end=\"2420\"><strong data-start=\"2182\" data-end=\"2217\">Hypoallergen und hautvertr\u00e4glich:<\/strong><br data-start=\"2217\" data-end=\"2220\" \/>Titan ist ein hypoallergenes Material, was diesen Armreif ideal f\u00fcr Menschen mit empfindlicher Haut macht. Sie k\u00f6nnen ihn getrost tragen und wissen, dass er auch bei l\u00e4ngerem Tragen keine Reizungen oder Beschwerden verursacht.<\/p>\n<\/li>\n<li data-start=\"2422\" data-end=\"2738\">\n<p data-start=\"2424\" data-end=\"2738\"><strong data-start=\"2424\" data-end=\"2443\">Vielseitig tragbar:<\/strong><br data-start=\"2443\" data-end=\"2446\" \/>Das minimalistische Design macht diesen Armreif sehr vielseitig. Ob Sie sich f\u00fcr einen legeren Ausflug oder eine formelle Veranstaltung kleiden, der <strong data-start=\"2583\" data-end=\"2618\">Titan-Stahl-Armreif farbecht<\/strong> kann jeden Look erg\u00e4nzen. Es ist perfekt, um es mit anderen Armb\u00e4ndern zu kombinieren oder f\u00fcr einen schicken, unaufdringlichen Effekt solo zu tragen.<\/p>\n<\/li>\n<li data-start=\"2740\" data-end=\"2988\">\n<p data-start=\"2742\" data-end=\"2988\"><strong data-start=\"2742\" data-end=\"2766\">Perfekte Geschenkoption:<\/strong><br data-start=\"2766\" data-end=\"2769\" \/>Mit seinem eleganten Design und seiner Langlebigkeit ist dieser Armreif ein hervorragendes Geschenk f\u00fcr Geburtstage, Jubil\u00e4en oder andere besondere Anl\u00e4sse. Es ist ein durchdachtes und praktisches Geschenk, an dem man noch lange Freude haben wird.<\/p>\n<\/li>\n<\/ul>\n<h3 data-start=\"2990\" data-end=\"3021\"><strong data-start=\"2994\" data-end=\"3021\">Produktspezifikationen:<\/strong><\/h3>\n<ul data-start=\"3022\" data-end=\"3417\">\n<li data-start=\"3022\" data-end=\"3065\">\n<p data-start=\"3024\" data-end=\"3065\"><strong data-start=\"3024\" data-end=\"3037\">Material:<\/strong> Hochwertiger Titanium Stahl<\/p>\n<\/li>\n<li data-start=\"3066\" data-end=\"3130\">\n<p data-start=\"3068\" data-end=\"3130\"><strong data-start=\"3068\" data-end=\"3079\">Beenden:<\/strong> Farbechte Beschichtung f\u00fcr lang anhaltende Farbe und Glanz<\/p>\n<\/li>\n<li data-start=\"3131\" data-end=\"3197\">\n<p data-start=\"3133\" data-end=\"3197\"><strong data-start=\"3133\" data-end=\"3150\">Armreif Breite:<\/strong> Ungef\u00e4hr 6 mm - 10 mm (je nach Ausf\u00fchrung)<\/p>\n<\/li>\n<li data-start=\"3198\" data-end=\"3301\">\n<p data-start=\"3200\" data-end=\"3301\"><strong data-start=\"3200\" data-end=\"3209\">Gr\u00f6\u00dfe:<\/strong> Normalerweise verstellbar f\u00fcr die meisten Handgelenksgr\u00f6\u00dfen (Standardgr\u00f6\u00dfe: 7\u201d bis 8\u201d \/ 17,8 cm bis 20,3 cm)<\/p>\n<\/li>\n<li data-start=\"3302\" data-end=\"3347\">\n<p data-start=\"3304\" data-end=\"3347\"><strong data-start=\"3304\" data-end=\"3323\">Hypoallergen:<\/strong> Sicher f\u00fcr empfindliche Haut<\/p>\n<\/li>\n<li data-start=\"3348\" data-end=\"3417\">\n<p data-start=\"3350\" data-end=\"3417\"><strong data-start=\"3350\" data-end=\"3371\">Verf\u00fcgbare Farben:<\/strong> Silber-Ton, Gold-Ton, Rose Gold-Ton, Schwarz<\/p>\n<\/li>\n<\/ul>\n<h3 data-start=\"3419\" data-end=\"3446\"><strong data-start=\"3423\" data-end=\"3446\">Warum Sie es lieben werden:<\/strong><\/h3>\n<ul data-start=\"3447\" data-end=\"4226\">\n<li data-start=\"3447\" data-end=\"3631\">\n<p data-start=\"3449\" data-end=\"3631\"><strong data-start=\"3449\" data-end=\"3476\">Strapazierf\u00e4higkeit und Langlebigkeit:<\/strong> Dieser Armreif aus Titanstahl mit farbechter Technologie ist resistent gegen Ausbleichen, Anlaufen und Kratzer und bleibt so \u00fcber Jahre hinweg sch\u00f6n.<\/p>\n<\/li>\n<li data-start=\"3632\" data-end=\"3763\">\n<p data-start=\"3634\" data-end=\"3763\"><strong data-start=\"3634\" data-end=\"3658\">Minimalistische Eleganz:<\/strong> Das schlanke, schlichte Design macht ihn zu einem vielseitigen Accessoire, das jedes Outfit aufwertet, von leger bis formell.<\/p>\n<\/li>\n<li data-start=\"3764\" data-end=\"3921\">\n<p data-start=\"3766\" data-end=\"3921\"><strong data-start=\"3766\" data-end=\"3799\">Bequem und hypoallergen:<\/strong> Dieser Armreif ist leicht und sanft zur Haut und bietet den ganzen Tag \u00fcber Tragekomfort - perfekt f\u00fcr Menschen mit empfindlicher Haut.<\/p>\n<\/li>\n<li data-start=\"3922\" data-end=\"4059\">\n<p data-start=\"3924\" data-end=\"4059\"><strong data-start=\"3924\" data-end=\"3949\">Perfekt f\u00fcr die Schichtung:<\/strong> Das minimalistische Design macht es einfach, es mit anderen Armb\u00e4ndern zu kombinieren oder f\u00fcr einen schicken, dezenten Look allein zu tragen.<\/p>\n<\/li>\n<li data-start=\"4060\" data-end=\"4226\">\n<p data-start=\"4062\" data-end=\"4226\"><strong data-start=\"4062\" data-end=\"4077\">Ideales Geschenk:<\/strong> Ein perfektes Geschenk f\u00fcr die Liebsten, das <strong data-start=\"4113\" data-end=\"4148\">Titan-Stahl-Armreif farbecht<\/strong> ist ein zeitloses St\u00fcck, das wegen seiner Sch\u00f6nheit und Zweckm\u00e4\u00dfigkeit gesch\u00e4tzt wird.<\/p>\n<\/li>\n<\/ul>","protected":false},"excerpt":{"rendered":"<p>Verleihen Sie Ihrer Garderobe einen Hauch von eleganter Raffinesse mit dem <strong data-start=\"186\" data-end=\"221\">Titan-Stahl-Armreif farbecht<\/strong>-ein stilvolles, langlebiges St\u00fcck, das modernes Design mit dauerhafter St\u00e4rke verbindet. Gefertigt aus hochwertigem Titanium-Stahl, der weder ausbleicht noch anl\u00e4uft, ist dieser Armreif ebenso widerstandsf\u00e4hig wie elegant. Ganz gleich, ob Sie ein schickes Accessoire f\u00fcr Ihren t\u00e4glichen Look oder ein Statement-St\u00fcck f\u00fcr einen besonderen Anlass suchen, der <strong data-start=\"554\" data-end=\"589\">Titan-Stahl-Armreif farbecht<\/strong> bietet zeitlose Sch\u00f6nheit und dauerhafte Leistung.<\/p>","protected":false},"featured_media":866,"comment_status":"open","ping_status":"closed","template":"","meta":[],"product_brand":[],"product_cat":[17],"product_tag":[],"class_list":{"0":"post-860","1":"product","2":"type-product","3":"status-publish","4":"has-post-thumbnail","6":"product_cat-rings","8":"first","9":"instock","10":"shipping-taxable","11":"product-type-simple"},"_links":{"self":[{"href":"https:\/\/wangshajewelry.com\/de\/wp-json\/wp\/v2\/product\/860","targetHints":{"allow":["GET"]}}],"collection":[{"href":"https:\/\/wangshajewelry.com\/de\/wp-json\/wp\/v2\/product"}],"about":[{"href":"https:\/\/wangshajewelry.com\/de\/wp-json\/wp\/v2\/types\/product"}],"replies":[{"embeddable":true,"href":"https:\/\/wangshajewelry.com\/de\/wp-json\/wp\/v2\/comments?post=860"}],"wp:featuredmedia":[{"embeddable":true,"href":"https:\/\/wangshajewelry.com\/de\/wp-json\/wp\/v2\/media\/866"}],"wp:attachment":[{"href":"https:\/\/wangshajewelry.com\/de\/wp-json\/wp\/v2\/media?parent=860"}],"wp:term":[{"taxonomy":"product_brand","embeddable":true,"href":"https:\/\/wangshajewelry.com\/de\/wp-json\/wp\/v2\/product_brand?post=860"},{"taxonomy":"product_cat","embeddable":true,"href":"https:\/\/wangshajewelry.com\/de\/wp-json\/wp\/v2\/product_cat?post=860"},{"taxonomy":"product_tag","embeddable":true,"href":"https:\/\/wangshajewelry.com\/de\/wp-json\/wp\/v2\/product_tag?post=860"}],"curies":[{"name":"wp","href":"https:\/\/api.w.org\/{rel}","templated":true}]}}