{"id":886,"date":"2025-12-15T07:43:51","date_gmt":"2025-12-15T07:43:51","guid":{"rendered":"https:\/\/wangshajewelry.com\/?post_type=product&#038;p=886"},"modified":"2025-12-15T07:43:52","modified_gmt":"2025-12-15T07:43:52","slug":"edelstahl-halskette-mit-schwarzem-seil","status":"publish","type":"product","link":"https:\/\/wangshajewelry.com\/de\/product\/edelstahl-halskette-mit-schwarzem-seil\/","title":{"rendered":"Schwarze Seil-Halskette aus Edelstahl"},"content":{"rendered":"<div class=\"flex flex-col text-sm @w-xl\/main:pt-header-height pb-25\">\n<article class=\"text-token-text-primary w-full focus:outline-none [--shadow-height:45px] has-data-writing-block:pointer-events-none has-data-writing-block:-mt-(--shadow-height) has-data-writing-block:pt-(--shadow-height) [&amp;:has([data-writing-block])&gt;*]:pointer-events-auto scroll-mt-[calc(var(--header-height)+min(200px,max(70px,20svh)))]\" dir=\"auto\" tabindex=\"-1\" data-turn-id=\"request-WEB:c4ed0205-e3b0-43d2-9ca8-b5814153b264-3\" data-testid=\"conversation-turn-8\" data-scroll-anchor=\"true\" data-turn=\"assistant\">\n<div class=\"text-base my-auto mx-auto pb-10 [--thread-content-margin:--spacing(4)] @w-sm\/main:[--thread-content-margin:--spacing(6)] @w-lg\/main:[--thread-content-margin:--spacing(16)] px-(--thread-content-margin)\">\n<div class=\"[--thread-content-max-width:40rem] @w-lg\/main:[--thread-content-max-width:48rem] mx-auto max-w-(--thread-content-max-width) flex-1 group\/turn-messages focus-visible:outline-hidden relative flex w-full min-w-0 flex-col agent-turn\" tabindex=\"-1\">\n<div class=\"flex max-w-full flex-col grow\">\n<div class=\"min-h-8 text-message relative flex w-full flex-col items-end gap-2 text-start break-words whitespace-normal [.text-message+&amp;]:mt-1\" dir=\"auto\" data-message-author-role=\"assistant\" data-message-id=\"30b4bcfe-698c-4abd-bc92-d44ad7513bca\" data-message-model-slug=\"gpt-5-2\">\n<div class=\"flex w-full flex-col gap-1 empty:hidden first:pt-[1px]\">\n<div class=\"markdown prose dark:prose-invert w-full break-words light markdown-new-styling\">\n<h2 data-start=\"0\" data-end=\"43\"><strong data-start=\"4\" data-end=\"43\">Schwarze Seil-Halskette aus Edelstahl<\/strong><\/h2>\n<p data-start=\"45\" data-end=\"536\">Die <strong data-start=\"49\" data-end=\"88\">Schwarze Seil-Halskette aus Edelstahl<\/strong> ist ein k\u00fchnes und doch raffiniertes Accessoire, das ein Statement setzt und gleichzeitig Haltbarkeit und Stil bietet. Diese mit Pr\u00e4zision gefertigte Halskette kombiniert die elegante St\u00e4rke von <strong data-start=\"256\" data-end=\"275\">rostfreier Stahl<\/strong> mit dem tiefen Kontrast eines schwarzen Seils, was einen einzigartigen und auff\u00e4lligen Look ergibt. Egal, ob Sie einen urbanen, kantigen Look anstreben oder ein vielseitiges St\u00fcck suchen, das eine Vielzahl von Outfits erg\u00e4nzt, diese Halskette ist die perfekte Erg\u00e4nzung f\u00fcr Ihre Schmucksammlung.<\/p>\n<h3 data-start=\"543\" data-end=\"564\"><strong data-start=\"547\" data-end=\"564\">Wesentliche Merkmale:<\/strong><\/h3>\n<h4 data-start=\"566\" data-end=\"599\"><strong data-start=\"571\" data-end=\"599\">Premium-Edelstahl:<\/strong><\/h4>\n<ul data-start=\"600\" data-end=\"1363\">\n<li data-start=\"600\" data-end=\"879\">\n<p data-start=\"602\" data-end=\"879\"><strong data-start=\"602\" data-end=\"628\">Langlebigkeit und St\u00e4rke:<\/strong> Rostfreier Stahl ist bekannt f\u00fcr seine <strong data-start=\"662\" data-end=\"686\">au\u00dfergew\u00f6hnliche Festigkeit<\/strong> und <strong data-start=\"691\" data-end=\"718\">Korrosionsbest\u00e4ndigkeit<\/strong>, Das macht sie perfekt f\u00fcr den Alltag. Die dem Material innewohnende Strapazierf\u00e4higkeit sorgt daf\u00fcr, dass die Halskette auch bei h\u00e4ufigem Gebrauch jahrelang in gutem Zustand bleibt.<\/p>\n<\/li>\n<li data-start=\"880\" data-end=\"1155\">\n<p data-start=\"882\" data-end=\"1155\"><strong data-start=\"882\" data-end=\"916\">Hypoallergen und anlaufgesch\u00fctzt:<\/strong> Rostfreier Stahl ist <strong data-start=\"936\" data-end=\"954\">hypoallergen<\/strong>, Das hei\u00dft, es ist sicher f\u00fcr empfindliche Haut und kann keine Reizungen oder Allergien hervorrufen. Au\u00dferdem ist es anlaufbest\u00e4ndig, sodass Ihre Halskette ihren polierten Glanz beh\u00e4lt, ohne sich mit der Zeit zu verf\u00e4rben.<\/p>\n<\/li>\n<li data-start=\"1156\" data-end=\"1363\">\n<p data-start=\"1158\" data-end=\"1363\"><strong data-start=\"1158\" data-end=\"1178\">Geringer Wartungsaufwand:<\/strong> Im Gegensatz zu vielen anderen Metallen muss Edelstahl nicht h\u00e4ufig poliert oder gepflegt werden, um sein Aussehen zu erhalten, was ihn zu einer guten Wahl f\u00fcr Menschen macht, die pflegeleichten Schmuck bevorzugen.<\/p>\n<\/li>\n<\/ul>\n<h4 data-start=\"1365\" data-end=\"1400\"><strong data-start=\"1370\" data-end=\"1400\">Stilvolles schwarzes Seildesign:<\/strong><\/h4>\n<ul data-start=\"1401\" data-end=\"2051\">\n<li data-start=\"1401\" data-end=\"1691\">\n<p data-start=\"1403\" data-end=\"1691\"><strong data-start=\"1403\" data-end=\"1431\">Moderner und vielseitiger Look:<\/strong> Das schwarze Seil ist fest und sicher geflochten und bietet einen <strong data-start=\"1490\" data-end=\"1508\">schlichter Kontrast<\/strong> auf das k\u00fchle metallische Finish des Edelstahls. Es verleiht der Halskette ein modernes Aussehen, <strong data-start=\"1599\" data-end=\"1615\">minimalistisch<\/strong> Stil, der leicht von der Freizeitkleidung zu formelleren Anl\u00e4ssen \u00fcbergehen kann.<\/p>\n<\/li>\n<li data-start=\"1692\" data-end=\"1885\">\n<p data-start=\"1694\" data-end=\"1885\"><strong data-start=\"1694\" data-end=\"1714\">Texturierte Oberfl\u00e4che:<\/strong> Das Seilelement verleiht dem glatten, polierten Stahl eine einzigartige Textur und bietet einen optisch ansprechenden Kontrast. Es ist die perfekte Mischung aus industrieller und nat\u00fcrlicher \u00c4sthetik.<\/p>\n<\/li>\n<li data-start=\"1886\" data-end=\"2051\">\n<p data-start=\"1888\" data-end=\"2051\"><strong data-start=\"1888\" data-end=\"1906\">Unisex-Appeal:<\/strong> Diese Halskette ist so konzipiert, dass sie <strong data-start=\"1939\" data-end=\"1957\">geschlechtsneutral<\/strong>, Das macht ihn zu einem gro\u00dfartigen Accessoire f\u00fcr M\u00e4nner und Frauen, die modernen, vielseitigen Schmuck sch\u00e4tzen.<\/p>\n<\/li>\n<\/ul>\n<h4 data-start=\"2053\" data-end=\"2075\"><strong data-start=\"2058\" data-end=\"2075\">Design &amp; Passform:<\/strong><\/h4>\n<ul data-start=\"2076\" data-end=\"2552\">\n<li data-start=\"2076\" data-end=\"2309\">\n<p data-start=\"2078\" data-end=\"2309\"><strong data-start=\"2078\" data-end=\"2100\">Einstellbare L\u00e4nge:<\/strong> Die Halskette ist in der Regel in verschiedenen L\u00e4ngen erh\u00e4ltlich, so dass Sie sie leicht an Ihre W\u00fcnsche anpassen k\u00f6nnen. Ob Sie ein Kropfband oder eine l\u00e4ngere Kette bevorzugen, Sie k\u00f6nnen die L\u00e4nge nach Ihrem pers\u00f6nlichen Geschmack anpassen.<\/p>\n<\/li>\n<li data-start=\"2310\" data-end=\"2552\">\n<p data-start=\"2312\" data-end=\"2552\"><strong data-start=\"2312\" data-end=\"2329\">Sichere Schlie\u00dfe:<\/strong> Die Halskette ist mit einem zuverl\u00e4ssigen <strong data-start=\"2371\" data-end=\"2388\">Karabinerhaken<\/strong> oder einen anderen sicheren Verschluss, so dass sie beim Tragen bequem an ihrem Platz bleibt. Der Verschluss ist so konzipiert, dass er einfach zu bedienen ist und das elegante Aussehen der Kette erg\u00e4nzt.<\/p>\n<\/li>\n<\/ul>\n<h4 data-start=\"2554\" data-end=\"2579\"><strong data-start=\"2559\" data-end=\"2579\">Zeitlose Anziehungskraft:<\/strong><\/h4>\n<ul data-start=\"2580\" data-end=\"3162\">\n<li data-start=\"2580\" data-end=\"2891\">\n<p data-start=\"2582\" data-end=\"2891\"><strong data-start=\"2582\" data-end=\"2604\">Vielseitiges Styling:<\/strong> Dank ihrer Schlichtheit und Eleganz l\u00e4sst sich diese Halskette perfekt mit anderen Ketten kombinieren oder als alleinstehendes Schmuckst\u00fcck tragen. Sie l\u00e4sst sich wunderbar mit einer Vielzahl von Outfits kombinieren, von l\u00e4ssigen T-Shirts bis hin zu formeller Kleidung, und verleiht einen Hauch von <strong data-start=\"2849\" data-end=\"2874\">moderne Raffinesse<\/strong> zu jedem Ensemble.<\/p>\n<\/li>\n<li data-start=\"2892\" data-end=\"3162\">\n<p data-start=\"2894\" data-end=\"3162\"><strong data-start=\"2894\" data-end=\"2922\">Gro\u00dfartig f\u00fcr jeden Tag:<\/strong> Die Langlebigkeit und das schlichte Design machen diese Halskette zu einem perfekten Alltags-Accessoire, das Sie bei der Arbeit, in der Freizeit oder bei besonderen Anl\u00e4ssen tragen k\u00f6nnen. Sie eignet sich auch hervorragend als <strong data-start=\"3097\" data-end=\"3105\">Geschenk<\/strong> f\u00fcr jemanden, der minimalistischen, stilvollen Schmuck zu sch\u00e4tzen wei\u00df.<\/p>\n<\/li>\n<\/ul>\n<h3 data-start=\"3169\" data-end=\"3189\"><strong data-start=\"3173\" data-end=\"3189\">Perfekt f\u00fcr:<\/strong><\/h3>\n<ul data-start=\"3191\" data-end=\"3717\">\n<li data-start=\"3191\" data-end=\"3383\">\n<p data-start=\"3193\" data-end=\"3383\"><strong data-start=\"3193\" data-end=\"3221\">Legere und formelle Outfits:<\/strong> Egal, ob Sie sich f\u00fcr einen Abend in Schale werfen oder sich f\u00fcr einen entspannten Tag in Schale werfen wollen, die <strong data-start=\"3307\" data-end=\"3346\">Schwarze Seil-Halskette aus Edelstahl<\/strong> verleiht jedem Look eine coole, schicke Note.<\/p>\n<\/li>\n<li data-start=\"3384\" data-end=\"3539\">\n<p data-start=\"3386\" data-end=\"3539\"><strong data-start=\"3386\" data-end=\"3399\">Schichtung:<\/strong> Das schlichte, minimale Design macht sie zu einem gro\u00dfartigen Schmuckst\u00fcck, das mit anderen Halsketten kombiniert werden kann, so dass Sie eine individuelle, stilvolle Kombination schaffen k\u00f6nnen.<\/p>\n<\/li>\n<li data-start=\"3540\" data-end=\"3717\">\n<p data-start=\"3542\" data-end=\"3717\"><strong data-start=\"3542\" data-end=\"3556\">Geschenkidee:<\/strong> Diese Halskette eignet sich hervorragend als <strong data-start=\"3594\" data-end=\"3602\">Geschenk<\/strong> f\u00fcr Geburtstage, Jahrestage oder besondere Anl\u00e4sse f\u00fcr jemanden, der modernen und vielseitigen Schmuck zu sch\u00e4tzen wei\u00df.<\/p>\n<\/li>\n<\/ul>\n<h3 data-start=\"3724\" data-end=\"3750\"><strong data-start=\"3728\" data-end=\"3750\">Pflegehinweise:<\/strong><\/h3>\n<ul data-start=\"3751\" data-end=\"4310\">\n<li data-start=\"3751\" data-end=\"3927\">\n<p data-start=\"3753\" data-end=\"3927\"><strong data-start=\"3753\" data-end=\"3773\">Regelm\u00e4\u00dfig reinigen:<\/strong> Um den Glanz zu erhalten, reinigen Sie den rostfreien Stahl vorsichtig mit einem weichen Tuch. Vermeiden Sie die Verwendung von scharfen Chemikalien oder Scheuermitteln, die die Oberfl\u00e4che zerkratzen oder stumpf machen k\u00f6nnten.<\/p>\n<\/li>\n<li data-start=\"3928\" data-end=\"4069\">\n<p data-start=\"3930\" data-end=\"4069\"><strong data-start=\"3930\" data-end=\"3949\">Ordnungsgem\u00e4\u00df lagern:<\/strong> Wenn Sie die Halskette nicht benutzen, bewahren Sie sie in einem <strong data-start=\"3991\" data-end=\"4005\">weiches Etui<\/strong> oder Schmuckk\u00e4stchen, damit es nicht zerkratzt oder verheddert wird.<\/p>\n<\/li>\n<li data-start=\"4070\" data-end=\"4310\">\n<p data-start=\"4072\" data-end=\"4310\"><strong data-start=\"4072\" data-end=\"4112\">Vermeiden Sie die Exposition gegen\u00fcber Wasser und Chemikalien:<\/strong> Edelstahl ist zwar korrosionsbest\u00e4ndig, aber l\u00e4ngerer Kontakt mit Wasser, Lotionen oder Parf\u00fcm kann die Oberfl\u00e4che angreifen. Am besten nehmen Sie die Halskette ab, bevor Sie schwimmen oder K\u00f6rperpflegeprodukte auftragen.<\/p>\n<\/li>\n<\/ul>\n<h3 data-start=\"4317\" data-end=\"4376\"><strong data-start=\"4321\" data-end=\"4376\">Warum die schwarze Seil-Halskette aus Edelstahl w\u00e4hlen?<\/strong><\/h3>\n<ul data-start=\"4377\" data-end=\"4946\">\n<li data-start=\"4377\" data-end=\"4523\">\n<p data-start=\"4379\" data-end=\"4523\"><strong data-start=\"4379\" data-end=\"4405\">Langlebigkeit und St\u00e4rke:<\/strong> Die Halskette ist aus hochwertigem Edelstahl gefertigt und wird den Test der Zeit \u00fcberstehen, ohne ihren Glanz oder ihre Qualit\u00e4t zu verlieren.<\/p>\n<\/li>\n<li data-start=\"4524\" data-end=\"4661\">\n<p data-start=\"4526\" data-end=\"4661\"><strong data-start=\"4526\" data-end=\"4553\">Stilvoll und minimalistisch:<\/strong> Das schlichte Design macht ihn zu einer hervorragenden Erg\u00e4nzung f\u00fcr jedes Outfit und bietet Vielseitigkeit und eine moderne \u00c4sthetik.<\/p>\n<\/li>\n<li data-start=\"4662\" data-end=\"4822\">\n<p data-start=\"4664\" data-end=\"4822\"><strong data-start=\"4664\" data-end=\"4697\">Hypoallergen und bequem:<\/strong> Die hypoallergenen Eigenschaften des Edelstahls machen ihn ideal f\u00fcr Menschen mit empfindlicher Haut und sorgen f\u00fcr Komfort den ganzen Tag lang.<\/p>\n<\/li>\n<li data-start=\"4823\" data-end=\"4946\">\n<p data-start=\"4825\" data-end=\"4946\"><strong data-start=\"4825\" data-end=\"4845\">Geringer Wartungsaufwand:<\/strong> Edelstahl ist pflegeleicht, so dass Sie diese Halskette ohne st\u00e4ndige Instandhaltung tragen k\u00f6nnen.<\/p>\n<\/li>\n<\/ul>\n<h3 data-start=\"4953\" data-end=\"4972\"><strong data-start=\"4957\" data-end=\"4972\">Schlussfolgerung:<\/strong><\/h3>\n<p data-start=\"4973\" data-end=\"5392\" data-is-last-node=\"\" data-is-only-node=\"\">Die <strong data-start=\"4977\" data-end=\"5016\">Schwarze Seil-Halskette aus Edelstahl<\/strong> ist die perfekte Mischung aus St\u00e4rke, Stil und Raffinesse. Das schlichte, minimalistische Design in Kombination mit der Langlebigkeit von Edelstahl macht sie zu einem unverzichtbaren Accessoire f\u00fcr den Alltag oder besondere Anl\u00e4sse. Ganz gleich, ob Sie Ihrem Look einen modernen Touch verleihen m\u00f6chten oder eine vielseitige, pflegeleichte Halskette suchen, dieses St\u00fcck wird mit Sicherheit ein fester Bestandteil Ihrer Schmucksammlung werden.<\/p>\n<\/div>\n<\/div>\n<\/div>\n<\/div>\n<div class=\"z-0 flex min-h-[46px] justify-start\"><\/div>\n<\/div>\n<\/div>\n<\/article>\n<\/div>\n<div class=\"pointer-events-none h-px w-px absolute bottom-0\" aria-hidden=\"true\" data-edge=\"true\"><\/div>","protected":false},"excerpt":{"rendered":"<p>Die <strong data-start=\"49\" data-end=\"88\">Schwarze Seil-Halskette aus Edelstahl<\/strong> ist ein k\u00fchnes und doch raffiniertes Accessoire, das ein Statement setzt und gleichzeitig Haltbarkeit und Stil bietet. Diese mit Pr\u00e4zision gefertigte Halskette kombiniert die elegante St\u00e4rke von <strong data-start=\"256\" data-end=\"275\">rostfreier Stahl<\/strong> mit dem tiefen Kontrast eines schwarzen Seils, was einen einzigartigen und auff\u00e4lligen Look ergibt. Egal, ob Sie einen urbanen, kantigen Look anstreben oder ein vielseitiges St\u00fcck suchen, das eine Vielzahl von Outfits erg\u00e4nzt, diese Halskette ist die perfekte Erg\u00e4nzung f\u00fcr Ihre Schmucksammlung.<\/p>","protected":false},"featured_media":891,"comment_status":"open","ping_status":"closed","template":"","meta":[],"product_brand":[],"product_cat":[38],"product_tag":[],"class_list":{"0":"post-886","1":"product","2":"type-product","3":"status-publish","4":"has-post-thumbnail","6":"product_cat-necklaces","8":"first","9":"instock","10":"shipping-taxable","11":"product-type-simple"},"_links":{"self":[{"href":"https:\/\/wangshajewelry.com\/de\/wp-json\/wp\/v2\/product\/886","targetHints":{"allow":["GET"]}}],"collection":[{"href":"https:\/\/wangshajewelry.com\/de\/wp-json\/wp\/v2\/product"}],"about":[{"href":"https:\/\/wangshajewelry.com\/de\/wp-json\/wp\/v2\/types\/product"}],"replies":[{"embeddable":true,"href":"https:\/\/wangshajewelry.com\/de\/wp-json\/wp\/v2\/comments?post=886"}],"wp:featuredmedia":[{"embeddable":true,"href":"https:\/\/wangshajewelry.com\/de\/wp-json\/wp\/v2\/media\/891"}],"wp:attachment":[{"href":"https:\/\/wangshajewelry.com\/de\/wp-json\/wp\/v2\/media?parent=886"}],"wp:term":[{"taxonomy":"product_brand","embeddable":true,"href":"https:\/\/wangshajewelry.com\/de\/wp-json\/wp\/v2\/product_brand?post=886"},{"taxonomy":"product_cat","embeddable":true,"href":"https:\/\/wangshajewelry.com\/de\/wp-json\/wp\/v2\/product_cat?post=886"},{"taxonomy":"product_tag","embeddable":true,"href":"https:\/\/wangshajewelry.com\/de\/wp-json\/wp\/v2\/product_tag?post=886"}],"curies":[{"name":"wp","href":"https:\/\/api.w.org\/{rel}","templated":true}]}}