{"id":892,"date":"2025-12-15T07:46:34","date_gmt":"2025-12-15T07:46:34","guid":{"rendered":"https:\/\/wangshajewelry.com\/?post_type=product&#038;p=892"},"modified":"2025-12-15T07:46:34","modified_gmt":"2025-12-15T07:46:34","slug":"stil-ohrringe-aus-edelstahl-mit-quasten","status":"publish","type":"product","link":"https:\/\/wangshajewelry.com\/de\/product\/stil-ohrringe-aus-edelstahl-mit-quasten\/","title":{"rendered":"Style Edelstahl-Ohrringe mit Quaste"},"content":{"rendered":"<div class=\"flex flex-col text-sm @w-xl\/main:pt-header-height pb-25\">\n<article class=\"text-token-text-primary w-full focus:outline-none [--shadow-height:45px] has-data-writing-block:pointer-events-none has-data-writing-block:-mt-(--shadow-height) has-data-writing-block:pt-(--shadow-height) [&amp;:has([data-writing-block])&gt;*]:pointer-events-auto scroll-mt-[calc(var(--header-height)+min(200px,max(70px,20svh)))]\" dir=\"auto\" tabindex=\"-1\" data-turn-id=\"request-WEB:c4ed0205-e3b0-43d2-9ca8-b5814153b264-4\" data-testid=\"conversation-turn-10\" data-scroll-anchor=\"true\" data-turn=\"assistant\">\n<div class=\"text-base my-auto mx-auto pb-10 [--thread-content-margin:--spacing(4)] @w-sm\/main:[--thread-content-margin:--spacing(6)] @w-lg\/main:[--thread-content-margin:--spacing(16)] px-(--thread-content-margin)\">\n<div class=\"[--thread-content-max-width:40rem] @w-lg\/main:[--thread-content-max-width:48rem] mx-auto max-w-(--thread-content-max-width) flex-1 group\/turn-messages focus-visible:outline-hidden relative flex w-full min-w-0 flex-col agent-turn\" tabindex=\"-1\">\n<div class=\"flex max-w-full flex-col grow\">\n<div class=\"min-h-8 text-message relative flex w-full flex-col items-end gap-2 text-start break-words whitespace-normal [.text-message+&amp;]:mt-1\" dir=\"auto\" data-message-author-role=\"assistant\" data-message-id=\"49a6c0da-0777-407e-9d5a-bb01f3c71ed2\" data-message-model-slug=\"gpt-5-2\">\n<div class=\"flex w-full flex-col gap-1 empty:hidden first:pt-[1px]\">\n<div class=\"markdown prose dark:prose-invert w-full break-words light markdown-new-styling\">\n<h2 data-start=\"0\" data-end=\"45\"><strong data-start=\"4\" data-end=\"45\">Style Edelstahl-Ohrringe mit Quaste<\/strong><\/h2>\n<p data-start=\"47\" data-end=\"515\">Bringen Sie einen Hauch von Bewegung, Eleganz und modernem Flair in Ihre Schmucksammlung mit dem <strong data-start=\"135\" data-end=\"176\">Style Edelstahl-Ohrringe mit Quaste<\/strong>. Diese Ohrringe sind eine perfekte Mischung aus K\u00fchnheit und Raffinesse, die elegante <strong data-start=\"261\" data-end=\"280\">rostfreier Stahl<\/strong> mit dem spielerischen Charme von <strong data-start=\"307\" data-end=\"318\">Quasten<\/strong>. Egal, ob Sie sich f\u00fcr einen Abend in Schale werfen, ein l\u00e4ssiges Outfit mit einem auff\u00e4lligen St\u00fcck erg\u00e4nzen oder ein vielseitiges Accessoire suchen, das sowohl tags\u00fcber als auch abends getragen werden kann, diese Ohrringe sind die perfekte Wahl.<\/p>\n<h3 data-start=\"522\" data-end=\"543\"><strong data-start=\"526\" data-end=\"543\">Wesentliche Merkmale:<\/strong><\/h3>\n<h4 data-start=\"545\" data-end=\"578\"><strong data-start=\"550\" data-end=\"578\">Premium-Edelstahl:<\/strong><\/h4>\n<ul data-start=\"579\" data-end=\"1240\">\n<li data-start=\"579\" data-end=\"846\">\n<p data-start=\"581\" data-end=\"846\"><strong data-start=\"581\" data-end=\"607\">Langlebigkeit und St\u00e4rke:<\/strong> Gefertigt aus hochwertigem <strong data-start=\"634\" data-end=\"653\">rostfreier Stahl<\/strong>, Diese Ohrringe sind so konzipiert, dass sie dem t\u00e4glichen Tragen standhalten und dabei ihren strahlenden Glanz behalten. Edelstahl ist resistent gegen Kratzer, Anlaufen und Korrosion und sorgt f\u00fcr lang anhaltende Sch\u00f6nheit.<\/p>\n<\/li>\n<li data-start=\"847\" data-end=\"1040\">\n<p data-start=\"849\" data-end=\"1040\"><strong data-start=\"849\" data-end=\"868\">Hypoallergen:<\/strong> Rostfreier Stahl ist von Natur aus <strong data-start=\"898\" data-end=\"916\">hypoallergen<\/strong>, Das macht ihn zu einer sicheren Wahl f\u00fcr Menschen mit empfindlicher Haut. Das Material ist sanft zu den Ohren und bietet den ganzen Tag lang Komfort.<\/p>\n<\/li>\n<li data-start=\"1041\" data-end=\"1240\">\n<p data-start=\"1043\" data-end=\"1240\"><strong data-start=\"1043\" data-end=\"1063\">Geringer Wartungsaufwand:<\/strong> Im Gegensatz zu anderen Metallen erfordert Edelstahl nur minimalen Pflegeaufwand. Er ist resistent gegen Rost und Ausbleichen, sodass diese Ohrringe auch ohne h\u00e4ufiges Polieren frisch und gl\u00e4nzend aussehen.<\/p>\n<\/li>\n<\/ul>\n<h4 data-start=\"1242\" data-end=\"1273\"><strong data-start=\"1247\" data-end=\"1273\">Elegantes Quastendesign:<\/strong><\/h4>\n<ul data-start=\"1274\" data-end=\"1916\">\n<li data-start=\"1274\" data-end=\"1513\">\n<p data-start=\"1276\" data-end=\"1513\"><strong data-start=\"1276\" data-end=\"1295\">Fl\u00fcssige Bewegung:<\/strong> Die <strong data-start=\"1300\" data-end=\"1311\">Quasten<\/strong> sind so konzipiert, dass sie bei jeder Bewegung mitschwingen und Ihrem Look ein verspieltes und dynamisches Element verleihen. Diese flie\u00dfende Bewegung macht sie zum Blickfang und perfekt f\u00fcr besondere Anl\u00e4sse oder zur Aufwertung von Alltagsoutfits.<\/p>\n<\/li>\n<li data-start=\"1514\" data-end=\"1752\">\n<p data-start=\"1516\" data-end=\"1752\"><strong data-start=\"1516\" data-end=\"1554\">Mehrere Quasten f\u00fcr zus\u00e4tzliches Volumen:<\/strong> Die Ohrringe tragen oft <strong data-start=\"1582\" data-end=\"1613\">mehrere Str\u00e4nge von Quasten<\/strong>, So entsteht ein mehrschichtiger Look, der Textur und Dimension verleiht. Dieses Design lenkt die Aufmerksamkeit auf die Ohrringe und macht sie zu einem echten Statement.<\/p>\n<\/li>\n<li data-start=\"1753\" data-end=\"1916\">\n<p data-start=\"1755\" data-end=\"1916\"><strong data-start=\"1755\" data-end=\"1780\">Anspruchsvoll L\u00e4nge:<\/strong> Je nach Modell k\u00f6nnen die Quasten in der L\u00e4nge variieren - lang genug, um f\u00fcr Aufsehen zu sorgen, aber ausgewogen genug, um Tragekomfort zu gew\u00e4hrleisten.<\/p>\n<\/li>\n<\/ul>\n<h4 data-start=\"1918\" data-end=\"1952\"><strong data-start=\"1923\" data-end=\"1952\">Schlanke und moderne \u00c4sthetik:<\/strong><\/h4>\n<ul data-start=\"1953\" data-end=\"2493\">\n<li data-start=\"1953\" data-end=\"2232\">\n<p data-start=\"1955\" data-end=\"2232\"><strong data-start=\"1955\" data-end=\"1984\">Minimalistisch und vielseitig:<\/strong> Trotz ihres k\u00fchnen Designs sind diese Ohrringe minimalistisch gehalten, mit klaren Linien und einfachen, geometrischen Formen. Die Kombination aus <strong data-start=\"2124\" data-end=\"2143\">rostfreier Stahl<\/strong> mit zarten Quasten macht sie vielseitig genug, um sie mit l\u00e4ssigen oder formellen Outfits zu kombinieren.<\/p>\n<\/li>\n<li data-start=\"2233\" data-end=\"2490\">\n<p data-start=\"2235\" data-end=\"2490\"><strong data-start=\"2235\" data-end=\"2264\">Polierte oder matte Oberfl\u00e4che:<\/strong> Der rostfreie Stahl kann in verschiedenen Ausf\u00fchrungen geliefert werden.<strong data-start=\"2316\" data-end=\"2328\">poliert<\/strong> f\u00fcr ein gl\u00e4nzendes, glattes Aussehen, oder <strong data-start=\"2363\" data-end=\"2372\">mattes<\/strong> f\u00fcr ein dezenteres, zeitgen\u00f6ssisches Gef\u00fchl. Beide Ausf\u00fchrungen verleihen je nach Vorliebe einen Hauch von Raffinesse.<\/p>\n<\/li>\n<\/ul>\n<h4 data-start=\"2494\" data-end=\"2523\"><strong data-start=\"2499\" data-end=\"2523\">Leichter Komfort:<\/strong><\/h4>\n<ul data-start=\"2524\" data-end=\"2829\">\n<li data-start=\"2524\" data-end=\"2829\">\n<p data-start=\"2526\" data-end=\"2829\"><strong data-start=\"2526\" data-end=\"2543\">Leicht zu tragen:<\/strong> W\u00e4hrend Quastenohrringe manchmal schwer sein k\u00f6nnen, sorgt die Verwendung von rostfreiem Stahl daf\u00fcr, dass diese Ohrringe <strong data-start=\"2647\" data-end=\"2662\">Leichtgewicht<\/strong>, So k\u00f6nnen Sie die Schuhe den ganzen Tag \u00fcber tragen, ohne sich unwohl zu f\u00fchlen. Das Material ist robust, aber dennoch leicht genug f\u00fcr einen l\u00e4ngeren Gebrauch, was sie ideal f\u00fcr Veranstaltungen, Partys oder den Alltag macht.<\/p>\n<\/li>\n<\/ul>\n<h3 data-start=\"2836\" data-end=\"2856\"><strong data-start=\"2840\" data-end=\"2856\">Perfekt f\u00fcr:<\/strong><\/h3>\n<ul data-start=\"2858\" data-end=\"3520\">\n<li data-start=\"2858\" data-end=\"3084\">\n<p data-start=\"2860\" data-end=\"3084\"><strong data-start=\"2860\" data-end=\"2895\">Ausgehen oder besondere Anl\u00e4sse:<\/strong> Die <strong data-start=\"2900\" data-end=\"2941\">Style Edelstahl-Ohrringe mit Quaste<\/strong> verleihen der Abendgarderobe ein gewagtes, auff\u00e4lliges Detail und machen sie zum perfekten Accessoire f\u00fcr Ausgehabende, Cocktailpartys oder besondere Feiern.<\/p>\n<\/li>\n<li data-start=\"3085\" data-end=\"3332\">\n<p data-start=\"3087\" data-end=\"3332\"><strong data-start=\"3087\" data-end=\"3115\">Legere und formelle Outfits:<\/strong> Diese Ohrringe lassen sich leicht mit einer Vielzahl von Stilen kombinieren. Sie werten sowohl legere als auch formelle Looks auf - tragen Sie sie zu einem schicken Kleid f\u00fcr ein formelles Abendessen oder kombinieren Sie sie mit einem T-Shirt und Jeans f\u00fcr einen l\u00e4ssigen und dennoch gehobenen Look.<\/p>\n<\/li>\n<li data-start=\"3333\" data-end=\"3520\">\n<p data-start=\"3335\" data-end=\"3520\"><strong data-start=\"3335\" data-end=\"3349\">Geschenkidee:<\/strong> Mit ihrem auff\u00e4lligen Design und der eleganten Verarbeitung sind diese Ohrringe ein hervorragendes <strong data-start=\"3430\" data-end=\"3438\">Geschenk<\/strong> f\u00fcr Geburtstage, Jubil\u00e4en oder andere Anl\u00e4sse, die ein stilvolles Statement erfordern.<\/p>\n<\/li>\n<\/ul>\n<h3 data-start=\"3527\" data-end=\"3553\"><strong data-start=\"3531\" data-end=\"3553\">Pflegehinweise:<\/strong><\/h3>\n<ul data-start=\"3554\" data-end=\"4066\">\n<li data-start=\"3554\" data-end=\"3729\">\n<p data-start=\"3556\" data-end=\"3729\"><strong data-start=\"3556\" data-end=\"3576\">Regelm\u00e4\u00dfig reinigen:<\/strong> Um ihren Glanz zu erhalten, wischen Sie die Ohrringe vorsichtig mit einem weichen Tuch ab. Edelstahl ist langlebig, aber vermeiden Sie scharfe Chemikalien, die die Oberfl\u00e4che besch\u00e4digen k\u00f6nnten.<\/p>\n<\/li>\n<li data-start=\"3730\" data-end=\"3930\">\n<p data-start=\"3732\" data-end=\"3930\"><strong data-start=\"3732\" data-end=\"3758\">Vermeiden Sie \u00fcberm\u00e4\u00dfige Feuchtigkeit:<\/strong> Edelstahl ist zwar wasserfest, aber es ist immer eine gute Idee, die Ohrringe vor dem Schwimmen, Duschen oder der Verwendung von Kosmetikprodukten wie Haarspray oder Parf\u00fcm zu entfernen.<\/p>\n<\/li>\n<li data-start=\"3931\" data-end=\"4066\">\n<p data-start=\"3933\" data-end=\"4066\"><strong data-start=\"3933\" data-end=\"3952\">Ordnungsgem\u00e4\u00df lagern:<\/strong> Bewahren Sie die Ohrringe in einem weichen Etui oder einer Schmuckschatulle auf, um Kratzer und ein Verheddern der Quasten zu vermeiden, wenn Sie sie nicht benutzen.<\/p>\n<\/li>\n<\/ul>\n<h3 data-start=\"4073\" data-end=\"4130\"><strong data-start=\"4077\" data-end=\"4130\">Warum sollten Sie sich f\u00fcr Style Edelstahl-Ohrringe mit Quaste entscheiden?<\/strong><\/h3>\n<ul data-start=\"4131\" data-end=\"4706\">\n<li data-start=\"4131\" data-end=\"4246\">\n<p data-start=\"4133\" data-end=\"4246\"><strong data-start=\"4133\" data-end=\"4149\">K\u00fchnes Design:<\/strong> Die Kombination aus glattem Edelstahl und flie\u00dfenden Quasten sorgt f\u00fcr einen eindrucksvollen, stilvollen Look.<\/p>\n<\/li>\n<li data-start=\"4247\" data-end=\"4388\">\n<p data-start=\"4249\" data-end=\"4388\"><strong data-start=\"4249\" data-end=\"4265\">Vielseitigkeit:<\/strong> Durch ihr modernes, minimalistisches Design passen diese Ohrringe zu einer Vielzahl von Outfits, von leger bis formell.<\/p>\n<\/li>\n<li data-start=\"4389\" data-end=\"4591\">\n<p data-start=\"4391\" data-end=\"4591\"><strong data-start=\"4391\" data-end=\"4416\">Komfort und Langlebigkeit:<\/strong> Die <strong data-start=\"4421\" data-end=\"4436\">Leichtgewicht<\/strong> Die Konstruktion aus rostfreiem Stahl sorgt daf\u00fcr, dass Sie diese Ohrringe ohne Unannehmlichkeiten genie\u00dfen k\u00f6nnen, und die Widerstandsf\u00e4higkeit des Materials gew\u00e4hrleistet, dass sie jahrelang halten.<\/p>\n<\/li>\n<li data-start=\"4592\" data-end=\"4706\">\n<p data-start=\"4594\" data-end=\"4706\"><strong data-start=\"4594\" data-end=\"4618\">Minimale Wartung:<\/strong> Edelstahl ist pflegeleicht und bietet ein unkompliziertes, langlebiges Schmuckst\u00fcck.<\/p>\n<\/li>\n<\/ul>\n<h3 data-start=\"4713\" data-end=\"4732\"><strong data-start=\"4717\" data-end=\"4732\">Schlussfolgerung:<\/strong><\/h3>\n<p data-start=\"4734\" data-end=\"5271\" data-is-last-node=\"\" data-is-only-node=\"\">Die <strong data-start=\"4738\" data-end=\"4779\">Style Edelstahl-Ohrringe mit Quaste<\/strong> sind das perfekte Statement-Accessoire f\u00fcr alle, die ihren Look mit einer Mischung aus Eleganz, Bewegung und modernem Stil aufwerten m\u00f6chten. Die Kombination aus hochwertigem Edelstahl und dynamischen Quasten sorgt f\u00fcr Langlebigkeit und Flair und macht sie ideal f\u00fcr eine Reihe von Anl\u00e4ssen. Ganz gleich, ob Sie an einer besonderen Veranstaltung teilnehmen, Ihrer t\u00e4glichen Kleidung einen Hauch von Raffinesse verleihen oder jemandem ein unvergessliches Schmuckst\u00fcck schenken m\u00f6chten, diese Ohrringe sind eine auff\u00e4llige Erg\u00e4nzung f\u00fcr jede Schmucksammlung.<\/p>\n<\/div>\n<\/div>\n<\/div>\n<\/div>\n<div class=\"z-0 flex min-h-[46px] justify-start\"><\/div>\n<\/div>\n<\/div>\n<\/article>\n<\/div>\n<div class=\"pointer-events-none h-px w-px absolute bottom-0\" aria-hidden=\"true\" data-edge=\"true\"><\/div>","protected":false},"excerpt":{"rendered":"<p>Bringen Sie einen Hauch von Bewegung, Eleganz und modernem Flair in Ihre Schmucksammlung mit dem <strong data-start=\"135\" data-end=\"176\">Style Edelstahl-Ohrringe mit Quaste<\/strong>. Diese Ohrringe sind eine perfekte Mischung aus K\u00fchnheit und Raffinesse, die elegante <strong data-start=\"261\" data-end=\"280\">rostfreier Stahl<\/strong> mit dem spielerischen Charme von <strong data-start=\"307\" data-end=\"318\">Quasten<\/strong>. Egal, ob Sie sich f\u00fcr einen Abend in Schale werfen, ein l\u00e4ssiges Outfit mit einem auff\u00e4lligen St\u00fcck erg\u00e4nzen oder ein vielseitiges Accessoire suchen, das sowohl tags\u00fcber als auch abends getragen werden kann, diese Ohrringe sind die perfekte Wahl.<\/p>","protected":false},"featured_media":897,"comment_status":"open","ping_status":"closed","template":"","meta":[],"product_brand":[],"product_cat":[20],"product_tag":[],"class_list":{"0":"post-892","1":"product","2":"type-product","3":"status-publish","4":"has-post-thumbnail","6":"product_cat-ear-rings","8":"first","9":"instock","10":"shipping-taxable","11":"product-type-simple"},"_links":{"self":[{"href":"https:\/\/wangshajewelry.com\/de\/wp-json\/wp\/v2\/product\/892","targetHints":{"allow":["GET"]}}],"collection":[{"href":"https:\/\/wangshajewelry.com\/de\/wp-json\/wp\/v2\/product"}],"about":[{"href":"https:\/\/wangshajewelry.com\/de\/wp-json\/wp\/v2\/types\/product"}],"replies":[{"embeddable":true,"href":"https:\/\/wangshajewelry.com\/de\/wp-json\/wp\/v2\/comments?post=892"}],"wp:featuredmedia":[{"embeddable":true,"href":"https:\/\/wangshajewelry.com\/de\/wp-json\/wp\/v2\/media\/897"}],"wp:attachment":[{"href":"https:\/\/wangshajewelry.com\/de\/wp-json\/wp\/v2\/media?parent=892"}],"wp:term":[{"taxonomy":"product_brand","embeddable":true,"href":"https:\/\/wangshajewelry.com\/de\/wp-json\/wp\/v2\/product_brand?post=892"},{"taxonomy":"product_cat","embeddable":true,"href":"https:\/\/wangshajewelry.com\/de\/wp-json\/wp\/v2\/product_cat?post=892"},{"taxonomy":"product_tag","embeddable":true,"href":"https:\/\/wangshajewelry.com\/de\/wp-json\/wp\/v2\/product_tag?post=892"}],"curies":[{"name":"wp","href":"https:\/\/api.w.org\/{rel}","templated":true}]}}