{"id":898,"date":"2025-12-15T07:56:49","date_gmt":"2025-12-15T07:56:49","guid":{"rendered":"https:\/\/wangshajewelry.com\/?post_type=product&#038;p=898"},"modified":"2025-12-15T07:56:49","modified_gmt":"2025-12-15T07:56:49","slug":"titan-stahl-tigerauge-halskette","status":"publish","type":"product","link":"https:\/\/wangshajewelry.com\/de\/product\/titan-stahl-tigerauge-halskette\/","title":{"rendered":"Tigerauge-Halskette aus Titan-Stahl"},"content":{"rendered":"<h2 data-start=\"0\" data-end=\"41\"><strong data-start=\"4\" data-end=\"41\">Tigerauge-Halskette aus Titan-Stahl<\/strong><\/h2>\n<p data-start=\"43\" data-end=\"543\">Die <strong data-start=\"47\" data-end=\"84\">Tigerauge-Halskette aus Titan-Stahl<\/strong> ist ein fesselndes und leistungsf\u00e4higes Accessoire, das die St\u00e4rken von <strong data-start=\"162\" data-end=\"180\">Titanstahl<\/strong> und die hypnotisierende Sch\u00f6nheit der <strong data-start=\"211\" data-end=\"224\">Auge des Tigers<\/strong> Stein. Er ist bekannt f\u00fcr seine nat\u00fcrliche, satte Farbe und seine einzigartigen Reflexionseigenschaften, <strong data-start=\"299\" data-end=\"312\">Auge des Tigers<\/strong> ist ein Stein, der Folgendes symbolisiert <strong data-start=\"340\" data-end=\"354\">Schutz<\/strong>, <strong data-start=\"356\" data-end=\"368\">St\u00e4rke<\/strong>, und <strong data-start=\"374\" data-end=\"388\">Vertrauen<\/strong>. Gepaart mit den langlebigen, leichten Eigenschaften von <strong data-start=\"446\" data-end=\"464\">Titanstahl<\/strong>, Diese Halskette ist eine perfekte Mischung aus modernem Design und zeitloser Eleganz.<\/p>\n<p data-start=\"545\" data-end=\"795\">Egal, ob Sie auf der Suche nach einem auff\u00e4lligen St\u00fcck sind, das Ihr Outfit vervollst\u00e4ndigt, oder nach einem bedeutungsvollen Geschenk mit symbolischem Wert, die <strong data-start=\"668\" data-end=\"705\">Tigerauge-Halskette aus Titan-Stahl<\/strong> bietet sowohl Sch\u00f6nheit als auch St\u00e4rke und ist damit eine hervorragende Erg\u00e4nzung f\u00fcr jede Schmucksammlung.<\/p>\n<h3 data-start=\"802\" data-end=\"823\"><strong data-start=\"806\" data-end=\"823\">Wesentliche Merkmale:<\/strong><\/h3>\n<h4 data-start=\"825\" data-end=\"857\"><strong data-start=\"830\" data-end=\"857\">Premium-Titanstahl:<\/strong><\/h4>\n<ul data-start=\"858\" data-end=\"1561\">\n<li data-start=\"858\" data-end=\"1148\">\n<p data-start=\"860\" data-end=\"1148\"><strong data-start=\"860\" data-end=\"889\">Langlebigkeit und geringes Gewicht:<\/strong> Titanstahl ist unglaublich stark und korrosionsbest\u00e4ndig, aber auch bemerkenswert leicht, so dass er den ganzen Tag \u00fcber bequem zu tragen ist. Er ist perfekt f\u00fcr alle, die ein langlebiges, aber dennoch elegantes Schmuckst\u00fcck suchen, das den Strapazen des Alltags standh\u00e4lt.<\/p>\n<\/li>\n<li data-start=\"1149\" data-end=\"1338\">\n<p data-start=\"1151\" data-end=\"1338\"><strong data-start=\"1151\" data-end=\"1170\">Hypoallergen:<\/strong> Titan ist hypoallergen, was diese Halskette ideal f\u00fcr Menschen mit empfindlicher Haut macht. Es verursacht keine Reizungen oder allergischen Reaktionen und sorgt f\u00fcr einen angenehmen Tragekomfort.<\/p>\n<\/li>\n<li data-start=\"1339\" data-end=\"1561\">\n<p data-start=\"1341\" data-end=\"1561\"><strong data-start=\"1341\" data-end=\"1361\">Geringer Wartungsaufwand:<\/strong> Im Gegensatz zu anderen Metallen ist Titanstahl resistent gegen Rost, Anlaufen und Kratzer, so dass Ihre Halskette mit minimalem Aufwand makellos bleibt. Wischen Sie sie einfach mit einem weichen Tuch ab, damit sie wieder gl\u00e4nzt.<\/p>\n<\/li>\n<\/ul>\n<h4 data-start=\"1563\" data-end=\"1598\"><strong data-start=\"1568\" data-end=\"1598\">Sch\u00f6ner Tigerauge Stein:<\/strong><\/h4>\n<ul data-start=\"1599\" data-end=\"2431\">\n<li data-start=\"1599\" data-end=\"1892\">\n<p data-start=\"1601\" data-end=\"1892\"><strong data-start=\"1601\" data-end=\"1630\">Einzigartige Muster und Farben:<\/strong> Das Tigerauge ist ein auff\u00e4lliger Edelstein mit goldbraunen, bernsteinfarbenen und kupferfarbenen T\u00f6nen, der oft mit schillernden Streifen (einer reflektierenden Eigenschaft) versehen ist, die ihm einen schimmernden, hypnotischen Effekt verleihen. Jeder Stein ist einzigartig, so dass keine Halskette der anderen gleicht.<\/p>\n<\/li>\n<li data-start=\"1893\" data-end=\"2197\">\n<p data-start=\"1895\" data-end=\"2197\"><strong data-start=\"1895\" data-end=\"1919\">Symbolik und Bedeutung:<\/strong> Das Tigerauge wird als ein <strong data-start=\"1946\" data-end=\"1969\">Stein des Ansto\u00dfes<\/strong>, Er soll Gl\u00fcck bringen und die pers\u00f6nliche Kraft st\u00e4rken. Es ist auch bekannt, dass es die <strong data-start=\"2056\" data-end=\"2070\">Vertrauen<\/strong>, <strong data-start=\"2072\" data-end=\"2081\">Fokus<\/strong>, und <strong data-start=\"2087\" data-end=\"2098\">Mut<\/strong>, Das macht diese Halskette zu einer guten Wahl f\u00fcr alle, die einen Schub an positiver Energie und Kraft suchen.<\/p>\n<\/li>\n<li data-start=\"2198\" data-end=\"2431\">\n<p data-start=\"2200\" data-end=\"2431\"><strong data-start=\"2200\" data-end=\"2221\">Vielseitiges Design:<\/strong> Der Tigerauge-Stein kann als zentraler Anh\u00e4nger oder in einer Reihe von Perlen verwendet werden, je nach Gestaltung der Kette. Seine erdigen T\u00f6ne machen ihn vielseitig einsetzbar und erg\u00e4nzen eine breite Palette von Outfits, von leger bis formell.<\/p>\n<\/li>\n<\/ul>\n<h4 data-start=\"2433\" data-end=\"2464\"><strong data-start=\"2438\" data-end=\"2464\">Schlankes und modernes Design:<\/strong><\/h4>\n<ul data-start=\"2465\" data-end=\"3282\">\n<li data-start=\"2465\" data-end=\"2761\">\n<p data-start=\"2467\" data-end=\"2761\"><strong data-start=\"2467\" data-end=\"2488\">Einfach und elegant:<\/strong> Das Design dieser Halskette ist sowohl modern als auch zeitlos. Der Titanstahl bildet einen eleganten Kontrast zu den satten, nat\u00fcrlichen Farbt\u00f6nen des Tigeraugensteins. Sie kann als eigenst\u00e4ndiges Schmuckst\u00fcck getragen werden oder mit anderen Halsketten kombiniert werden, um einen individuellen Look zu kreieren.<\/p>\n<\/li>\n<li data-start=\"2762\" data-end=\"3023\">\n<p data-start=\"2764\" data-end=\"3023\"><strong data-start=\"2764\" data-end=\"2786\">Einstellbare L\u00e4nge:<\/strong> Die Halskette wird oft mit einer verstellbaren Kette geliefert, so dass Sie die L\u00e4nge an Ihr Dekollet\u00e9 und Ihren bevorzugten Stil anpassen k\u00f6nnen. Egal, ob Sie ein Kropfband oder einen l\u00e4ngeren Anh\u00e4nger bevorzugen, es kann f\u00fcr Komfort und optischen Reiz angepasst werden.<\/p>\n<\/li>\n<li data-start=\"3024\" data-end=\"3282\">\n<p data-start=\"3026\" data-end=\"3282\"><strong data-start=\"3026\" data-end=\"3048\">Minimalistische Anziehungskraft:<\/strong> Das minimalistische Design der Titan-Stahlkette in Kombination mit der nat\u00fcrlichen Sch\u00f6nheit des Tigerauge-Steins macht diese Halskette so vielseitig, dass sie sowohl zu legerer als auch zu formeller Kleidung getragen werden kann und jedem Look einen Hauch von Raffinesse verleiht.<\/p>\n<\/li>\n<\/ul>\n<h4 data-start=\"3284\" data-end=\"3306\"><strong data-start=\"3289\" data-end=\"3306\">Sichere Schlie\u00dfe:<\/strong><\/h4>\n<ul data-start=\"3307\" data-end=\"3557\">\n<li data-start=\"3307\" data-end=\"3557\">\n<p data-start=\"3309\" data-end=\"3557\"><strong data-start=\"3309\" data-end=\"3330\">Zuverl\u00e4ssiger Verschluss:<\/strong> Ausgestattet mit einer stabilen Schlie\u00dfe, oft einem <strong data-start=\"3369\" data-end=\"3385\">Hummerschere<\/strong> oder <strong data-start=\"3389\" data-end=\"3402\">Kastenschlie\u00dfe<\/strong>, So bleibt die Halskette sicher an ihrem Platz, ohne dass man sich Sorgen machen muss, dass sie abrutscht. Der Verschluss ist sowohl praktisch als auch stilvoll gestaltet und gew\u00e4hrleistet eine einfache Handhabung.<\/p>\n<\/li>\n<\/ul>\n<h3 data-start=\"3564\" data-end=\"3584\"><strong data-start=\"3568\" data-end=\"3584\">Perfekt f\u00fcr:<\/strong><\/h3>\n<ul data-start=\"3586\" data-end=\"4400\">\n<li data-start=\"3586\" data-end=\"3862\">\n<p data-start=\"3588\" data-end=\"3862\"><strong data-start=\"3588\" data-end=\"3606\">Alltagskleidung:<\/strong> Die Haltbarkeit von Titanstahl in Kombination mit der nat\u00fcrlichen Sch\u00f6nheit des Tigerauges macht diese Halskette alltagstauglich. Sie ist ein gro\u00dfartiges Accessoire f\u00fcr die Arbeit, f\u00fcr zwanglose Ausfl\u00fcge oder f\u00fcr Besorgungen und verleiht Ihrem Look ein subtiles und doch auff\u00e4lliges Element.<\/p>\n<\/li>\n<li data-start=\"3863\" data-end=\"4117\">\n<p data-start=\"3865\" data-end=\"4117\"><strong data-start=\"3865\" data-end=\"3887\">Besondere Anl\u00e4sse:<\/strong> Die k\u00fchne und auff\u00e4llige Natur des Tigerauges macht diese Halskette perfekt f\u00fcr formelle Anl\u00e4sse, Partys oder jeden besonderen Anlass. Seine Symbolik als Stein des Schutzes und der St\u00e4rke verleiht wichtigen Momenten eine zus\u00e4tzliche Bedeutungsebene.<\/p>\n<\/li>\n<li data-start=\"4118\" data-end=\"4400\">\n<p data-start=\"4120\" data-end=\"4400\"><strong data-start=\"4120\" data-end=\"4130\">Geschenke:<\/strong> Mit seinem <strong data-start=\"4140\" data-end=\"4152\">symbolisch<\/strong> und <strong data-start=\"4157\" data-end=\"4170\">\u00c4sthetik<\/strong> Die Tigerauge-Halskette aus Titan-Stahl ist ein ideales Geschenk f\u00fcr Geburtstage, Jubil\u00e4en, Abschlussfeiern oder andere Meilensteine. Es ist auch ein bedeutungsvolles St\u00fcck f\u00fcr alle, die sich f\u00fcr die metaphysischen Eigenschaften von Edelsteinen interessieren.<\/p>\n<\/li>\n<\/ul>\n<h3 data-start=\"4407\" data-end=\"4433\"><strong data-start=\"4411\" data-end=\"4433\">Pflegehinweise:<\/strong><\/h3>\n<ul data-start=\"4435\" data-end=\"5060\">\n<li data-start=\"4435\" data-end=\"4718\">\n<p data-start=\"4437\" data-end=\"4718\"><strong data-start=\"4437\" data-end=\"4454\">Schonend reinigen:<\/strong> Um den Glanz Ihrer Titanstahl-Halskette und den Glanz des Tigerauge-Steins zu erhalten, reinigen Sie sie vorsichtig mit einem weichen Tuch. Bei hartn\u00e4ckigem Schmutz k\u00f6nnen Sie ein feuchtes Tuch mit milder Seife verwenden. Vermeiden Sie jedoch scharfe Chemikalien oder Scheuermittel, die die Oberfl\u00e4che besch\u00e4digen k\u00f6nnten.<\/p>\n<\/li>\n<li data-start=\"4719\" data-end=\"4893\">\n<p data-start=\"4721\" data-end=\"4893\"><strong data-start=\"4721\" data-end=\"4747\">Vermeiden Sie \u00fcberm\u00e4\u00dfige Feuchtigkeit:<\/strong> Obwohl Titan sehr wasserbest\u00e4ndig ist, sollten Sie die Halskette vor dem Schwimmen oder Baden abnehmen, damit der Stein nicht besch\u00e4digt wird.<\/p>\n<\/li>\n<li data-start=\"4894\" data-end=\"5060\">\n<p data-start=\"4896\" data-end=\"5060\"><strong data-start=\"4896\" data-end=\"4915\">Ordnungsgem\u00e4\u00df lagern:<\/strong> Wenn Sie die Halskette nicht benutzen, bewahren Sie sie in einem <strong data-start=\"4958\" data-end=\"4972\">weiches Etui<\/strong> oder Schmuckschatulle, um Kratzer auf dem Titanstahl und dem Tigerauge zu vermeiden.<\/p>\n<\/li>\n<\/ul>\n<h3 data-start=\"5067\" data-end=\"5124\"><strong data-start=\"5071\" data-end=\"5124\">Warum sollten Sie sich f\u00fcr die Tigerauge-Halskette aus Titanstahl entscheiden?<\/strong><\/h3>\n<ul data-start=\"5126\" data-end=\"5832\">\n<li data-start=\"5126\" data-end=\"5297\">\n<p data-start=\"5128\" data-end=\"5297\"><strong data-start=\"5128\" data-end=\"5154\">Langlebig und leicht:<\/strong> Titanstahl sorgt daf\u00fcr, dass diese Halskette stabil und dennoch angenehm zu tragen ist, w\u00e4hrend sie gleichzeitig kratz- und anlaufbest\u00e4ndig ist.<\/p>\n<\/li>\n<li data-start=\"5298\" data-end=\"5475\">\n<p data-start=\"5300\" data-end=\"5475\"><strong data-start=\"5300\" data-end=\"5326\">Bedeutungsvoll und symbolisch:<\/strong> Der Tigerauge-Stein ist nicht nur sch\u00f6n, sondern auch reich an <strong data-start=\"5388\" data-end=\"5401\">Symbolik<\/strong>-Angebot <strong data-start=\"5412\" data-end=\"5426\">Schutz<\/strong>, <strong data-start=\"5428\" data-end=\"5440\">St\u00e4rke<\/strong>, und <strong data-start=\"5446\" data-end=\"5460\">Vertrauen<\/strong> f\u00fcr den Tr\u00e4ger.<\/p>\n<\/li>\n<li data-start=\"5476\" data-end=\"5664\">\n<p data-start=\"5478\" data-end=\"5664\"><strong data-start=\"5478\" data-end=\"5498\">Vielseitiger Stil:<\/strong> Das schlichte Design der Titan-Stahlkette in Kombination mit dem atemberaubenden Tigerauge-Stein macht diese Halskette zu einer Vielzahl von Outfits passend, von leger bis formell.<\/p>\n<\/li>\n<li data-start=\"5665\" data-end=\"5832\">\n<p data-start=\"5667\" data-end=\"5832\"><strong data-start=\"5667\" data-end=\"5687\">Geringer Wartungsaufwand:<\/strong> Titanstahl erfordert nur minimale Pflege, was diese Halskette zu einem praktischen und langlebigen Schmuckst\u00fcck macht, das jahrelang gl\u00e4nzen wird.<\/p>\n<\/li>\n<\/ul>\n<h3 data-start=\"5839\" data-end=\"5858\"><strong data-start=\"5843\" data-end=\"5858\">Schlussfolgerung:<\/strong><\/h3>\n<p data-start=\"5860\" data-end=\"6374\" data-is-last-node=\"\" data-is-only-node=\"\">Die <strong data-start=\"5864\" data-end=\"5901\">Tigerauge-Halskette aus Titan-Stahl<\/strong> ist ein atemberaubendes Schmuckst\u00fcck, das die Eleganz von Titan mit der fesselnden Sch\u00f6nheit des Tigerauges verbindet. Bietet sowohl <strong data-start=\"6017\" data-end=\"6037\">\u00e4sthetischer Anklang<\/strong> und <strong data-start=\"6042\" data-end=\"6062\">symbolische Bedeutung<\/strong>, Sie ist das perfekte Accessoire f\u00fcr alle, die ein Zeichen setzen und gleichzeitig St\u00e4rke, Schutz und Selbstvertrauen verk\u00f6rpern wollen. Ganz gleich, ob Sie auf der Suche nach einem St\u00fcck f\u00fcr den t\u00e4glichen Gebrauch, einem bedeutungsvollen Geschenk oder einer einzigartigen Erg\u00e4nzung Ihrer Schmucksammlung sind, diese Halskette bietet eine perfekte Balance aus Haltbarkeit, Stil und Symbolik.<\/p>","protected":false},"excerpt":{"rendered":"<p>Die <strong data-start=\"47\" data-end=\"84\">Tigerauge-Halskette aus Titan-Stahl<\/strong> ist ein fesselndes und leistungsf\u00e4higes Accessoire, das die St\u00e4rken von <strong data-start=\"162\" data-end=\"180\">Titanstahl<\/strong> und die hypnotisierende Sch\u00f6nheit der <strong data-start=\"211\" data-end=\"224\">Auge des Tigers<\/strong> Stein. Er ist bekannt f\u00fcr seine nat\u00fcrliche, satte Farbe und seine einzigartigen Reflexionseigenschaften, <strong data-start=\"299\" data-end=\"312\">Auge des Tigers<\/strong> ist ein Stein, der Folgendes symbolisiert <strong data-start=\"340\" data-end=\"354\">Schutz<\/strong>, <strong data-start=\"356\" data-end=\"368\">St\u00e4rke<\/strong>, und <strong data-start=\"374\" data-end=\"388\">Vertrauen<\/strong>. Gepaart mit den langlebigen, leichten Eigenschaften von <strong data-start=\"446\" data-end=\"464\">Titanstahl<\/strong>, Diese Halskette ist eine perfekte Mischung aus modernem Design und zeitloser Eleganz.<\/p>","protected":false},"featured_media":903,"comment_status":"open","ping_status":"closed","template":"","meta":[],"product_brand":[],"product_cat":[38,37],"product_tag":[],"class_list":{"0":"post-898","1":"product","2":"type-product","3":"status-publish","4":"has-post-thumbnail","6":"product_cat-necklaces","7":"product_cat-combo-sets","9":"first","10":"instock","11":"shipping-taxable","12":"product-type-simple"},"_links":{"self":[{"href":"https:\/\/wangshajewelry.com\/de\/wp-json\/wp\/v2\/product\/898","targetHints":{"allow":["GET"]}}],"collection":[{"href":"https:\/\/wangshajewelry.com\/de\/wp-json\/wp\/v2\/product"}],"about":[{"href":"https:\/\/wangshajewelry.com\/de\/wp-json\/wp\/v2\/types\/product"}],"replies":[{"embeddable":true,"href":"https:\/\/wangshajewelry.com\/de\/wp-json\/wp\/v2\/comments?post=898"}],"wp:featuredmedia":[{"embeddable":true,"href":"https:\/\/wangshajewelry.com\/de\/wp-json\/wp\/v2\/media\/903"}],"wp:attachment":[{"href":"https:\/\/wangshajewelry.com\/de\/wp-json\/wp\/v2\/media?parent=898"}],"wp:term":[{"taxonomy":"product_brand","embeddable":true,"href":"https:\/\/wangshajewelry.com\/de\/wp-json\/wp\/v2\/product_brand?post=898"},{"taxonomy":"product_cat","embeddable":true,"href":"https:\/\/wangshajewelry.com\/de\/wp-json\/wp\/v2\/product_cat?post=898"},{"taxonomy":"product_tag","embeddable":true,"href":"https:\/\/wangshajewelry.com\/de\/wp-json\/wp\/v2\/product_tag?post=898"}],"curies":[{"name":"wp","href":"https:\/\/api.w.org\/{rel}","templated":true}]}}