{"id":922,"date":"2025-12-15T14:03:20","date_gmt":"2025-12-15T14:03:20","guid":{"rendered":"https:\/\/wangshajewelry.com\/?post_type=product&#038;p=922"},"modified":"2025-12-15T14:03:20","modified_gmt":"2025-12-15T14:03:20","slug":"stil-pullover-kette-halskette","status":"publish","type":"product","link":"https:\/\/wangshajewelry.com\/de\/product\/stil-pullover-kette-halskette\/","title":{"rendered":"Style Pullover Kette Halskette"},"content":{"rendered":"<div class=\"flex flex-col text-sm @w-xl\/main:pt-header-height pb-25\">\n<article class=\"text-token-text-primary w-full focus:outline-none [--shadow-height:45px] has-data-writing-block:pointer-events-none has-data-writing-block:-mt-(--shadow-height) has-data-writing-block:pt-(--shadow-height) [&amp;:has([data-writing-block])&gt;*]:pointer-events-auto scroll-mt-[calc(var(--header-height)+min(200px,max(70px,20svh)))]\" dir=\"auto\" tabindex=\"-1\" data-turn-id=\"request-WEB:c4ed0205-e3b0-43d2-9ca8-b5814153b264-11\" data-testid=\"conversation-turn-20\" data-scroll-anchor=\"true\" data-turn=\"assistant\">\n<div class=\"text-base my-auto mx-auto pb-10 [--thread-content-margin:--spacing(4)] @w-sm\/main:[--thread-content-margin:--spacing(6)] @w-lg\/main:[--thread-content-margin:--spacing(16)] px-(--thread-content-margin)\">\n<div class=\"[--thread-content-max-width:40rem] @w-lg\/main:[--thread-content-max-width:48rem] mx-auto max-w-(--thread-content-max-width) flex-1 group\/turn-messages focus-visible:outline-hidden relative flex w-full min-w-0 flex-col agent-turn\" tabindex=\"-1\">\n<div class=\"flex max-w-full flex-col grow\">\n<div class=\"min-h-8 text-message relative flex w-full flex-col items-end gap-2 text-start break-words whitespace-normal [.text-message+&amp;]:mt-1\" dir=\"auto\" data-message-author-role=\"assistant\" data-message-id=\"c31c6082-fcfb-4952-ae12-4a39e13b47a1\" data-message-model-slug=\"gpt-5-2\">\n<div class=\"flex w-full flex-col gap-1 empty:hidden first:pt-[1px]\">\n<div class=\"markdown prose dark:prose-invert w-full break-words light markdown-new-styling\">\n<h2 data-start=\"0\" data-end=\"36\"><strong data-start=\"4\" data-end=\"36\">Style Pullover Kette Halskette<\/strong><\/h2>\n<p data-start=\"38\" data-end=\"497\">Die <strong data-start=\"42\" data-end=\"74\">Style Pullover Kette Halskette<\/strong> ist das perfekte Accessoire f\u00fcr alle, die ihrer Garderobe einen Hauch von Raffinesse und Vielseitigkeit verleihen wollen. Mit seinem <strong data-start=\"196\" data-end=\"223\">schlankes, langgestrecktes Design<\/strong>, Diese Halskette passt hervorragend zu Pullovern, Tuniken und anderen legeren oder mehrlagigen Outfits. Ob Sie sich f\u00fcr einen gem\u00fctlichen Tag oder einen eleganten Abend kleiden, die <strong data-start=\"389\" data-end=\"415\">Pullover Kette Halskette<\/strong> bietet ein m\u00fcheloses, stilvolles Finish, das Ihren Look mit minimalem Aufwand aufwertet.<\/p>\n<h3 data-start=\"504\" data-end=\"525\"><strong data-start=\"508\" data-end=\"525\">Wesentliche Merkmale:<\/strong><\/h3>\n<h4 data-start=\"527\" data-end=\"563\"><strong data-start=\"532\" data-end=\"563\">Elegantes und vielseitiges Design:<\/strong><\/h4>\n<ul data-start=\"564\" data-end=\"1469\">\n<li data-start=\"564\" data-end=\"866\">\n<p data-start=\"566\" data-end=\"866\"><strong data-start=\"566\" data-end=\"594\">Lange, stromlinienf\u00f6rmige Form:<\/strong> Die Pulloverkette ist typischerweise mit einem <strong data-start=\"643\" data-end=\"653\">l\u00e4nger<\/strong> Design, das sich wunderbar \u00fcber Pullover, Rollkragenpullover oder Strickjacken ziehen l\u00e4sst. Sein <strong data-start=\"731\" data-end=\"749\">langgestreckte Form<\/strong> l\u00e4sst sich perfekt mit hochgeschlossenen Outfits kombinieren und ist somit ideal f\u00fcr die k\u00e4lteren Monate und die \u00dcbergangsjahreszeiten.<\/p>\n<\/li>\n<li data-start=\"867\" data-end=\"1155\">\n<p data-start=\"869\" data-end=\"1155\"><strong data-start=\"869\" data-end=\"895\">Schlichtheit mit Stil:<\/strong> Das minimalistische Design der Halskette sorgt daf\u00fcr, dass sie Ihr Outfit nicht \u00fcberw\u00e4ltigt, sondern ihm eine schicke, zur\u00fcckhaltende Eleganz verleiht. Seine klaren Linien und seine schlanke Silhouette machen es unglaublich <strong data-start=\"1083\" data-end=\"1096\">vielseitig<\/strong>, und l\u00e4sst sich leicht von Tag zu Abend, von leger zu formell kombinieren.<\/p>\n<\/li>\n<li data-start=\"1156\" data-end=\"1469\">\n<p data-start=\"1158\" data-end=\"1469\"><strong data-start=\"1158\" data-end=\"1192\">Eine Vielzahl von Anh\u00e4ngern und Akzenten:<\/strong> Viele Pullover-Kettenhalsb\u00e4nder enthalten <strong data-start=\"1230\" data-end=\"1242\">Anh\u00e4nger<\/strong> oder <strong data-start=\"1246\" data-end=\"1268\">dekorative Akzente<\/strong>, wie zum Beispiel <strong data-start=\"1278\" data-end=\"1298\">Geometrische Formen<\/strong>, <strong data-start=\"1300\" data-end=\"1310\">Steine<\/strong>, oder <strong data-start=\"1315\" data-end=\"1325\">Reize<\/strong>, und verleihen ihr einen zus\u00e4tzlichen Hauch von Pers\u00f6nlichkeit und Stil. Diese Details bieten genau die richtige Menge an Glanz oder Interesse, ohne \u00fcberw\u00e4ltigend zu sein.<\/p>\n<\/li>\n<\/ul>\n<h4 data-start=\"1471\" data-end=\"1511\"><strong data-start=\"1476\" data-end=\"1511\">Langlebiges und leichtes Material:<\/strong><\/h4>\n<ul data-start=\"1512\" data-end=\"2164\">\n<li data-start=\"1512\" data-end=\"1754\">\n<p data-start=\"1514\" data-end=\"1754\"><strong data-start=\"1514\" data-end=\"1539\">Hochwertige Konstruktion:<\/strong> Hergestellt aus hochwertigen Materialien wie <strong data-start=\"1578\" data-end=\"1597\">rostfreier Stahl<\/strong>, <strong data-start=\"1599\" data-end=\"1620\">vergoldetes Metall<\/strong>, oder <strong data-start=\"1625\" data-end=\"1646\">silberfarbene Legierung<\/strong>, Die Pulloverkette ist sowohl <strong data-start=\"1683\" data-end=\"1694\">dauerhaft<\/strong> und <strong data-start=\"1699\" data-end=\"1714\">Leichtgewicht<\/strong>, Dadurch ist sie den ganzen Tag \u00fcber bequem zu tragen.<\/p>\n<\/li>\n<li data-start=\"1755\" data-end=\"1981\">\n<p data-start=\"1757\" data-end=\"1981\"><strong data-start=\"1757\" data-end=\"1785\">Widerstandsf\u00e4hig gegen Anlaufen:<\/strong> Ob es nun mit <strong data-start=\"1811\" data-end=\"1819\">Gold<\/strong>, <strong data-start=\"1821\" data-end=\"1831\">Silber<\/strong>, oder <strong data-start=\"1836\" data-end=\"1847\">rhodium<\/strong>, Das Material ist resistent gegen Rost, Anlaufen und Ausbleichen, so dass Ihre Halskette ihr Aussehen beh\u00e4lt. <strong data-start=\"1943\" data-end=\"1952\">gl\u00e4nzen<\/strong> jahrelang mit minimaler Pflege.<\/p>\n<\/li>\n<li data-start=\"1982\" data-end=\"2164\">\n<p data-start=\"1984\" data-end=\"2164\"><strong data-start=\"1984\" data-end=\"2011\">Hypoallergene Optionen:<\/strong> F\u00fcr Menschen mit empfindlicher Haut sind viele Pulloverketten in <strong data-start=\"2080\" data-end=\"2105\">hypoallergene Metalle<\/strong>, Sie sorgen daf\u00fcr, dass die Haut nicht gereizt wird und gleichzeitig ein elegantes Aussehen beibehalten wird.<\/p>\n<\/li>\n<\/ul>\n<h4 data-start=\"2166\" data-end=\"2193\"><strong data-start=\"2171\" data-end=\"2193\">Einstellbare L\u00e4nge:<\/strong><\/h4>\n<ul data-start=\"2194\" data-end=\"2702\">\n<li data-start=\"2194\" data-end=\"2498\">\n<p data-start=\"2196\" data-end=\"2498\"><strong data-start=\"2196\" data-end=\"2217\">Anpassbare Passform:<\/strong> Viele Pulloverketten sind mit einem <strong data-start=\"2258\" data-end=\"2279\">verstellbare L\u00e4nge<\/strong>, So k\u00f6nnen Sie den Fall der Halskette an Ihr Outfit und Ihr Dekollet\u00e9 anpassen. Ganz gleich, ob Sie die Kette knapp unter dem Schl\u00fcsselbein oder etwas tiefer h\u00e4ngen lassen m\u00f6chten, mit dieser Funktion k\u00f6nnen Sie ganz einfach den perfekten Look kreieren.<\/p>\n<\/li>\n<li data-start=\"2499\" data-end=\"2702\">\n<p data-start=\"2501\" data-end=\"2702\"><strong data-start=\"2501\" data-end=\"2519\">Leicht zu stylen:<\/strong> Die verstellbare L\u00e4nge erm\u00f6glicht au\u00dferdem ein vielseitiges Styling. Sie k\u00f6nnen es tragen <strong data-start=\"2595\" data-end=\"2603\">lang<\/strong> f\u00fcr einen schlichten, eleganten Look oder mit k\u00fcrzeren Halsketten f\u00fcr ein modisches Statement.<\/p>\n<\/li>\n<\/ul>\n<h4 data-start=\"2704\" data-end=\"2736\"><strong data-start=\"2709\" data-end=\"2736\">Schlie\u00dfe und sicherer Verschluss:<\/strong><\/h4>\n<ul data-start=\"2737\" data-end=\"3151\">\n<li data-start=\"2737\" data-end=\"2969\">\n<p data-start=\"2739\" data-end=\"2969\"><strong data-start=\"2739\" data-end=\"2760\">Zuverl\u00e4ssiger Verschluss:<\/strong> Die Halskette wird in der Regel mit einem <strong data-start=\"2797\" data-end=\"2814\">Karabinerhaken<\/strong> oder <strong data-start=\"2818\" data-end=\"2839\">Karabinerhaken<\/strong>, und gew\u00e4hrleistet eine <strong data-start=\"2852\" data-end=\"2866\">sicherer Sitz<\/strong> den ganzen Tag \u00fcber. Der Verschluss ist einfach zu bedienen und macht das An- und Ausziehen zu einem problemlosen Accessoire.<\/p>\n<\/li>\n<li data-start=\"2970\" data-end=\"3151\">\n<p data-start=\"2972\" data-end=\"3151\"><strong data-start=\"2972\" data-end=\"2999\">Bequem und praktisch:<\/strong> Der einfache und sichere Verschluss sorgt daf\u00fcr, dass die Kette an Ort und Stelle bleibt, ohne zu verrutschen oder sich zu verheddern, so dass Sie sie den ganzen Tag \u00fcber selbstbewusst tragen k\u00f6nnen.<\/p>\n<\/li>\n<\/ul>\n<h3 data-start=\"3158\" data-end=\"3178\"><strong data-start=\"3162\" data-end=\"3178\">Perfekt f\u00fcr:<\/strong><\/h3>\n<ul data-start=\"3180\" data-end=\"4013\">\n<li data-start=\"3180\" data-end=\"3439\">\n<p data-start=\"3182\" data-end=\"3439\"><strong data-start=\"3182\" data-end=\"3200\">Mehrschichtige Looks:<\/strong> Die <strong data-start=\"3205\" data-end=\"3237\">Style Pullover Kette Halskette<\/strong> l\u00e4sst sich perfekt mit anderen Halsketten kombinieren oder mit Schals, Jacken oder Strickjacken kombinieren. Dank ihrer L\u00e4nge wird sie zum Blickfang Ihres Outfits und verleiht Ihrem Gesamtlook Tiefe.<\/p>\n<\/li>\n<li data-start=\"3440\" data-end=\"3747\">\n<p data-start=\"3442\" data-end=\"3747\"><strong data-start=\"3442\" data-end=\"3471\">Freizeit- und Business-Kleidung:<\/strong> Egal, ob Sie sich f\u00fcr einen entspannten Brunch kleiden, Besorgungen machen oder Ihre Gesch\u00e4ftskleidung aufwerten m\u00f6chten, diese Halskette verleiht Ihnen genau den richtigen Schliff. Sie l\u00e4sst sich m\u00fchelos mit Pullovern, Blusen und Kleidern kombinieren, was sie zu einer vielseitigen Option f\u00fcr <strong data-start=\"3725\" data-end=\"3746\">Tag-zu-Nacht-Kleidung<\/strong>.<\/p>\n<\/li>\n<li data-start=\"3748\" data-end=\"4010\">\n<p data-start=\"3750\" data-end=\"4010\"><strong data-start=\"3750\" data-end=\"3782\">Besondere Anl\u00e4sse und Geschenkartikel:<\/strong> Das minimalistische und raffinierte Design der Pulloverkette macht sie zu einem perfekten Geschenk f\u00fcr Geburtstage, Feiertage oder Jubil\u00e4en. Sie ist ein durchdachtes Accessoire, das jeden Tag getragen werden kann und jedem Outfit einen Hauch von Eleganz verleiht.<\/p>\n<\/li>\n<\/ul>\n<h3 data-start=\"4019\" data-end=\"4045\"><strong data-start=\"4023\" data-end=\"4045\">Pflegehinweise:<\/strong><\/h3>\n<ul data-start=\"4047\" data-end=\"4689\">\n<li data-start=\"4047\" data-end=\"4288\">\n<p data-start=\"4049\" data-end=\"4288\"><strong data-start=\"4049\" data-end=\"4069\">Regelm\u00e4\u00dfig reinigen:<\/strong> Damit Ihre Pulloverkette immer gut aussieht, wischen Sie sie vorsichtig mit einem <strong data-start=\"4147\" data-end=\"4161\">weiches Tuch<\/strong> um Schmutz, \u00d6l oder Staub zu entfernen. F\u00fcr eine gr\u00fcndlichere Reinigung verwenden Sie ein feuchtes Tuch mit milder Seife, aber trocknen Sie es danach gr\u00fcndlich ab.<\/p>\n<\/li>\n<li data-start=\"4289\" data-end=\"4494\">\n<p data-start=\"4291\" data-end=\"4494\"><strong data-start=\"4291\" data-end=\"4317\">Vermeiden Sie sch\u00e4dliche Chemikalien:<\/strong> Die Halskette ist zwar anlaufbest\u00e4ndig, sollte aber dennoch von scharfen Chemikalien wie Parf\u00fcm, Lotionen oder Reinigungsmitteln ferngehalten werden, um die Oberfl\u00e4che zu sch\u00fctzen.<\/p>\n<\/li>\n<li data-start=\"4495\" data-end=\"4689\">\n<p data-start=\"4497\" data-end=\"4689\"><strong data-start=\"4497\" data-end=\"4509\">Lagerung:<\/strong> Bewahren Sie Ihre Halskette in einem <strong data-start=\"4535\" data-end=\"4550\">Schmuckk\u00e4stchen<\/strong> oder <strong data-start=\"4554\" data-end=\"4568\">weiches Etui<\/strong> um Kratzer und Besch\u00e4digungen zu vermeiden. Die Aufbewahrung an einem sicheren Ort tr\u00e4gt dazu bei, dass die <strong data-start=\"4652\" data-end=\"4661\">gl\u00e4nzen<\/strong> und <strong data-start=\"4666\" data-end=\"4678\">Eleganz<\/strong> im Laufe der Zeit.<\/p>\n<\/li>\n<\/ul>\n<h3 data-start=\"4696\" data-end=\"4748\"><strong data-start=\"4700\" data-end=\"4748\">Warum sollte man sich f\u00fcr die Style Sweater Chain Necklace entscheiden?<\/strong><\/h3>\n<ul data-start=\"4750\" data-end=\"5462\">\n<li data-start=\"4750\" data-end=\"4910\">\n<p data-start=\"4752\" data-end=\"4910\"><strong data-start=\"4752\" data-end=\"4772\">Zeitloses Design:<\/strong> Die <strong data-start=\"4777\" data-end=\"4804\">schlankes, langgestrecktes Design<\/strong> ist sowohl modern als auch zeitlos und macht diese Halskette zu einem unverzichtbaren Bestandteil der Garderobe, den man Saison f\u00fcr Saison tragen kann.<\/p>\n<\/li>\n<li data-start=\"4911\" data-end=\"5116\">\n<p data-start=\"4913\" data-end=\"5116\"><strong data-start=\"4913\" data-end=\"4933\">Vielseitiger Stil:<\/strong> Ganz gleich, ob Sie sich f\u00fcr einen besonderen Anlass herausputzen oder Ihrem Alltagsoutfit den letzten Schliff geben m\u00f6chten, die Pulloverkette bietet <strong data-start=\"5074\" data-end=\"5097\">m\u00fchelose Eleganz<\/strong> f\u00fcr alle Gelegenheiten.<\/p>\n<\/li>\n<li data-start=\"5117\" data-end=\"5294\">\n<p data-start=\"5119\" data-end=\"5294\"><strong data-start=\"5119\" data-end=\"5137\">Einfach zu schichten:<\/strong> Durch seine verstellbare L\u00e4nge und sein minimalistisches Design ist er ideal zum Kombinieren mit anderen Schmuckst\u00fccken geeignet und gibt Ihnen die Flexibilit\u00e4t, Ihren eigenen einzigartigen Look zu kreieren.<\/p>\n<\/li>\n<li data-start=\"5295\" data-end=\"5462\">\n<p data-start=\"5297\" data-end=\"5462\"><strong data-start=\"5297\" data-end=\"5322\">Komfort und Langlebigkeit:<\/strong> Diese Halskette aus leichtem, strapazierf\u00e4higem Material ist perfekt f\u00fcr das t\u00e4gliche Tragen und erfordert nur minimale Pflege, damit sie immer gut aussieht.<\/p>\n<\/li>\n<\/ul>\n<h3 data-start=\"5469\" data-end=\"5488\"><strong data-start=\"5473\" data-end=\"5488\">Schlussfolgerung:<\/strong><\/h3>\n<p data-start=\"5490\" data-end=\"6001\" data-is-last-node=\"\" data-is-only-node=\"\">Die <strong data-start=\"5494\" data-end=\"5526\">Style Pullover Kette Halskette<\/strong> ist das ultimative Accessoire f\u00fcr alle, die die <strong data-start=\"5578\" data-end=\"5601\">m\u00fchelose Eleganz<\/strong> und <strong data-start=\"5606\" data-end=\"5625\">abwechslungsreicher Stil<\/strong>. Ihr minimalistisches Design, gepaart mit der M\u00f6glichkeit, sie \u00fcbereinander zu legen oder einzeln zu tragen, macht sie zu einer perfekten Wahl, um Ihre Garderobe aufzuwerten. Egal, ob Sie Ihrem t\u00e4glichen Outfit einen Hauch von Raffinesse verleihen oder einen formelleren Look vervollst\u00e4ndigen, diese Halskette bietet eine perfekte Balance aus Stil und Funktionalit\u00e4t. Ein Muss f\u00fcr jeden, der in zeitlose Schmuckst\u00fccke investieren m\u00f6chte, <strong data-start=\"5981\" data-end=\"6000\">tragbarer Luxus<\/strong>.<\/p>\n<\/div>\n<\/div>\n<\/div>\n<\/div>\n<div class=\"z-0 flex min-h-[46px] justify-start\"><\/div>\n<\/div>\n<\/div>\n<\/article>\n<\/div>\n<div class=\"pointer-events-none h-px w-px absolute bottom-0\" aria-hidden=\"true\" data-edge=\"true\"><\/div>","protected":false},"excerpt":{"rendered":"<p>Die <strong data-start=\"42\" data-end=\"74\">Style Pullover Kette Halskette<\/strong> ist das perfekte Accessoire f\u00fcr alle, die ihrer Garderobe einen Hauch von Raffinesse und Vielseitigkeit verleihen wollen. Mit seinem <strong data-start=\"196\" data-end=\"223\">schlankes, langgestrecktes Design<\/strong>, Diese Halskette passt hervorragend zu Pullovern, Tuniken und anderen legeren oder mehrlagigen Outfits. Ob Sie sich f\u00fcr einen gem\u00fctlichen Tag oder einen eleganten Abend kleiden, die <strong data-start=\"389\" data-end=\"415\">Pullover Kette Halskette<\/strong> bietet ein m\u00fcheloses, stilvolles Finish, das Ihren Look mit minimalem Aufwand aufwertet.<\/p>","protected":false},"featured_media":927,"comment_status":"open","ping_status":"closed","template":"","meta":[],"product_brand":[],"product_cat":[38],"product_tag":[],"class_list":{"0":"post-922","1":"product","2":"type-product","3":"status-publish","4":"has-post-thumbnail","6":"product_cat-necklaces","8":"first","9":"instock","10":"shipping-taxable","11":"product-type-simple"},"_links":{"self":[{"href":"https:\/\/wangshajewelry.com\/de\/wp-json\/wp\/v2\/product\/922","targetHints":{"allow":["GET"]}}],"collection":[{"href":"https:\/\/wangshajewelry.com\/de\/wp-json\/wp\/v2\/product"}],"about":[{"href":"https:\/\/wangshajewelry.com\/de\/wp-json\/wp\/v2\/types\/product"}],"replies":[{"embeddable":true,"href":"https:\/\/wangshajewelry.com\/de\/wp-json\/wp\/v2\/comments?post=922"}],"wp:featuredmedia":[{"embeddable":true,"href":"https:\/\/wangshajewelry.com\/de\/wp-json\/wp\/v2\/media\/927"}],"wp:attachment":[{"href":"https:\/\/wangshajewelry.com\/de\/wp-json\/wp\/v2\/media?parent=922"}],"wp:term":[{"taxonomy":"product_brand","embeddable":true,"href":"https:\/\/wangshajewelry.com\/de\/wp-json\/wp\/v2\/product_brand?post=922"},{"taxonomy":"product_cat","embeddable":true,"href":"https:\/\/wangshajewelry.com\/de\/wp-json\/wp\/v2\/product_cat?post=922"},{"taxonomy":"product_tag","embeddable":true,"href":"https:\/\/wangshajewelry.com\/de\/wp-json\/wp\/v2\/product_tag?post=922"}],"curies":[{"name":"wp","href":"https:\/\/api.w.org\/{rel}","templated":true}]}}