{"id":951,"date":"2025-12-18T11:26:45","date_gmt":"2025-12-18T11:26:45","guid":{"rendered":"https:\/\/wangshajewelry.com\/?post_type=product&#038;p=951"},"modified":"2025-12-18T11:26:45","modified_gmt":"2025-12-18T11:26:45","slug":"clip-ohrringe-aus-rostfreiem-stahl","status":"publish","type":"product","link":"https:\/\/wangshajewelry.com\/de\/product\/clip-ohrringe-aus-rostfreiem-stahl\/","title":{"rendered":"Edelstahl-Ohrringe zum Anstecken"},"content":{"rendered":"<h2 data-start=\"0\" data-end=\"60\"><strong data-start=\"0\" data-end=\"60\">Edelstahl-Ohrringe zum Anstecken: Eine detaillierte Beschreibung<\/strong><\/h2>\n<p data-start=\"62\" data-end=\"468\"><strong data-start=\"62\" data-end=\"75\">Material:<\/strong><br data-start=\"75\" data-end=\"78\" \/>Ohrringe aus Edelstahl sind aus hochwertigem Edelstahl gefertigt, einem haltbaren, rostfreien und hypoallergenen Material. Edelstahl wird wegen seiner Festigkeit und Korrosionsbest\u00e4ndigkeit bevorzugt und ist daher ideal f\u00fcr den t\u00e4glichen Gebrauch. Im Gegensatz zu herk\u00f6mmlichen Metallen l\u00e4uft Edelstahl nicht an oder oxidiert mit der Zeit, sodass Ihre Ohrringe lange Zeit gl\u00e4nzend und neu bleiben.<\/p>\n<p data-start=\"470\" data-end=\"867\"><strong data-start=\"470\" data-end=\"481\">Entwurf:<\/strong><br data-start=\"481\" data-end=\"484\" \/>Clip-On-Ohrringe sind f\u00fcr Personen gedacht, die keine durchstochenen Ohren haben. Der Mechanismus besteht aus einem kleinen, federbelasteten Clip, der das Ohrl\u00e4ppchen sicher festh\u00e4lt. Dies ist ideal f\u00fcr Personen, die das Aussehen traditioneller Ohrstecker oder Ohrh\u00e4nger w\u00fcnschen, sich aber nicht piercen lassen m\u00f6chten. Der Clip ist in der Regel mit einem weichen, gepolsterten Material oder Silikon ausgekleidet, um den Tragekomfort zu gew\u00e4hrleisten.<\/p>\n<p data-start=\"869\" data-end=\"1055\">Das Design von Ohrsteckern aus Edelstahl kann von einfachen, minimalistischen Ohrsteckern bis hin zu komplizierten, dekorativen St\u00fccken mit Edelsteinen, Emaille oder verschiedenen Texturen reichen. Zu den g\u00e4ngigen Stilen geh\u00f6ren:<\/p>\n<ul data-start=\"1057\" data-end=\"2036\">\n<li data-start=\"1057\" data-end=\"1291\">\n<p data-start=\"1059\" data-end=\"1291\"><strong data-start=\"1059\" data-end=\"1069\">Nieten:<\/strong> Es handelt sich um kleine, runde oder geometrische Formen, die flach am Ohr anliegen. Ohrstecker aus Edelstahl k\u00f6nnen poliert, mattiert oder geb\u00fcrstet sein und mit kleinen Diamanten, Kristallen oder anderen Verzierungen versehen sein.<\/p>\n<\/li>\n<li data-start=\"1295\" data-end=\"1538\">\n<p data-start=\"1297\" data-end=\"1538\"><strong data-start=\"1297\" data-end=\"1307\">Reifen:<\/strong> Runde oder halbkreisf\u00f6rmige Designs, die sich um das Ohr wickeln und einen klassischen, raffinierten Look bieten. Edelstahlringe k\u00f6nnen d\u00fcnn und zart oder gro\u00df und kr\u00e4ftig sein, oft auf Hochglanz poliert oder mit dekorativen Mustern versehen.<\/p>\n<\/li>\n<li data-start=\"1540\" data-end=\"1786\">\n<p data-start=\"1542\" data-end=\"1786\"><strong data-start=\"1542\" data-end=\"1572\">Ohrh\u00e4nger oder Tropfenohrringe:<\/strong> Diese Ohrringe h\u00e4ngen unterhalb des Ohrl\u00e4ppchens und sorgen f\u00fcr Bewegung und Flair. Bei Versionen aus Edelstahl sind oft baumelnde Elemente wie Perlen, Steine oder Ketten eingearbeitet, die den Ohrringen einen eleganten und dynamischen Charakter verleihen.<\/p>\n<\/li>\n<li data-start=\"1788\" data-end=\"2036\">\n<p data-start=\"1790\" data-end=\"2036\"><strong data-start=\"1790\" data-end=\"1827\">Kronleuchter oder Statement-Ohrringe:<\/strong> Gr\u00f6\u00dfere, aufw\u00e4ndigere Designs mit mehreren Schichten oder miteinander verbundenen Teilen. Bei diesen Ohrringen wird oft Edelstahl mit anderen Materialien wie Kristallen oder Kunstharz kombiniert, um auff\u00e4llige, gewagte St\u00fccke zu schaffen.<\/p>\n<\/li>\n<\/ul>\n<p data-start=\"2038\" data-end=\"2433\"><strong data-start=\"2038\" data-end=\"2058\">Komfort und Passform:<\/strong><br data-start=\"2058\" data-end=\"2061\" \/>Der Clip-Mechanismus ist einstellbar, so dass der Tr\u00e4ger den Clip f\u00fcr eine bessere Passform festziehen oder lockern kann. Der Clip ist so konzipiert, dass er genau den richtigen Druck aus\u00fcbt, damit er an seinem Platz bleibt, ohne zu dr\u00fccken oder Unbehagen zu verursachen. F\u00fcr zus\u00e4tzlichen Komfort verf\u00fcgen viele Clip-Ohrringe \u00fcber ein gepolstertes Polster, das am Ohrl\u00e4ppchen anliegt und den ganzen Tag \u00fcber einen weichen, sicheren Sitz gew\u00e4hrleistet.<\/p>\n<p data-start=\"2435\" data-end=\"2533\"><strong data-start=\"2435\" data-end=\"2458\">Oberfl\u00e4che und Textur:<\/strong><br data-start=\"2458\" data-end=\"2461\" \/>Ohrringe zum Anstecken aus Edelstahl sind in verschiedenen Ausf\u00fchrungen erh\u00e4ltlich:<\/p>\n<ul data-start=\"2535\" data-end=\"3134\">\n<li data-start=\"2535\" data-end=\"2645\">\n<p data-start=\"2537\" data-end=\"2645\"><strong data-start=\"2537\" data-end=\"2557\">Polierte Oberfl\u00e4che:<\/strong> Hochgl\u00e4nzende Oberfl\u00e4che, die das Licht reflektiert und den Ohrringen ein elegantes, modernes Aussehen verleiht.<\/p>\n<\/li>\n<li data-start=\"2649\" data-end=\"2787\">\n<p data-start=\"2651\" data-end=\"2787\"><strong data-start=\"2651\" data-end=\"2670\">Geb\u00fcrstetes Finish:<\/strong> Eine matte Textur, die durch sanftes Reiben der Metalloberfl\u00e4che entsteht und ein dezentes, anspruchsvolles Aussehen bietet.<\/p>\n<\/li>\n<li data-start=\"2791\" data-end=\"2965\">\n<p data-start=\"2793\" data-end=\"2965\"><strong data-start=\"2793\" data-end=\"2815\">Texturierte Muster:<\/strong> Einige Ohrclips weisen einzigartige Oberfl\u00e4chenmuster auf, wie z. B. geh\u00e4mmerte, gedrehte oder ge\u00e4tzte Designs, die f\u00fcr visuelles Interesse und eine haptische Qualit\u00e4t sorgen.<\/p>\n<\/li>\n<li data-start=\"2967\" data-end=\"3134\">\n<p data-start=\"2969\" data-end=\"3134\"><strong data-start=\"2969\" data-end=\"2998\">Zweifarbige oder gemischte Ausf\u00fchrung:<\/strong> Viele Ohrringe kombinieren verschiedene Texturen oder Oberfl\u00e4chen, z. B. matten Edelstahl mit polierten Akzenten, um einen modernen Kontrast zu schaffen.<\/p>\n<\/li>\n<\/ul>\n<p data-start=\"3136\" data-end=\"3495\"><strong data-start=\"3136\" data-end=\"3183\">Hypoallergen und sicher f\u00fcr empfindliche Haut:<\/strong><br data-start=\"3183\" data-end=\"3186\" \/>Eines der herausragenden Merkmale von Edelstahl ist seine hypoallergene Eigenschaft. Dies macht ihn zu einer ausgezeichneten Wahl f\u00fcr Menschen mit empfindlicher Haut oder Menschen, die auf andere Metalle wie Nickel allergisch reagieren. Edelstahl ist biokompatibel, d. h. es ist unwahrscheinlich, dass er Reizungen oder Unbehagen verursacht.<\/p>\n<p data-start=\"3497\" data-end=\"3912\"><strong data-start=\"3497\" data-end=\"3528\">Langlebigkeit und Wartung:<\/strong><br data-start=\"3528\" data-end=\"3531\" \/>Ohrringe aus Edelstahl sind sehr langlebig und resistent gegen Kratzer, Rost und Anlaufen. Sie ben\u00f6tigen nur minimale Pflege, um ihren Glanz zu behalten. Gelegentliches Reinigen mit einem weichen Tuch oder einem sanften Schmuckreiniger ist in der Regel ausreichend, um ihr Aussehen zu erhalten. Zum Schutz vor Kratzern bewahren Sie die Ohrringe am besten in einem weichen Etui oder einer Schmuckschatulle auf, wenn Sie sie nicht benutzen.<\/p>\n<p data-start=\"3914\" data-end=\"4183\"><strong data-start=\"3914\" data-end=\"3932\">Erschwinglichkeit:<\/strong><br data-start=\"3932\" data-end=\"3935\" \/>Edelstahl bietet zwar hochwertige Leistung und Haltbarkeit, ist aber im Vergleich zu Edelmetallen wie Gold oder Silber oft erschwinglicher und damit eine gute Wahl f\u00fcr alle, die stilvollen und zuverl\u00e4ssigen Schmuck zu einem erschwinglichen Preis suchen.<\/p>\n<p data-start=\"4185\" data-end=\"4590\" data-is-last-node=\"\" data-is-only-node=\"\"><strong data-start=\"4185\" data-end=\"4200\">Schlussfolgerung:<\/strong><br data-start=\"4200\" data-end=\"4203\" \/>Ohrclips aus Edelstahl sind eine vielseitige und modische Wahl f\u00fcr alle, die nicht durchstochene Ohrringe bevorzugen, aber trotzdem eine Vielzahl von stilvollen Designs genie\u00dfen m\u00f6chten. Ganz gleich, ob Sie einen schlichten, minimalistischen Look oder ein gewagtes, auff\u00e4lliges Accessoire suchen, diese Ohrringe bieten eine Kombination aus Haltbarkeit, Komfort und Stil, die sie zu einer zeitlosen Erg\u00e4nzung jeder Schmucksammlung macht.<\/p>","protected":false},"excerpt":{"rendered":"<p>Ohrclips aus Edelstahl sind eine vielseitige und modische Wahl f\u00fcr alle, die nicht durchstochene Ohrringe bevorzugen, aber trotzdem eine Vielzahl von stilvollen Designs genie\u00dfen m\u00f6chten. Ganz gleich, ob Sie einen schlichten, minimalistischen Look oder ein gewagtes, auff\u00e4lliges Accessoire suchen, diese Ohrringe bieten eine Kombination aus Haltbarkeit, Komfort und Stil, die sie zu einer zeitlosen Erg\u00e4nzung jeder Schmucksammlung macht.<\/p>","protected":false},"featured_media":956,"comment_status":"open","ping_status":"closed","template":"","meta":[],"product_brand":[],"product_cat":[20],"product_tag":[],"class_list":{"0":"post-951","1":"product","2":"type-product","3":"status-publish","4":"has-post-thumbnail","6":"product_cat-ear-rings","8":"first","9":"instock","10":"shipping-taxable","11":"product-type-simple"},"_links":{"self":[{"href":"https:\/\/wangshajewelry.com\/de\/wp-json\/wp\/v2\/product\/951","targetHints":{"allow":["GET"]}}],"collection":[{"href":"https:\/\/wangshajewelry.com\/de\/wp-json\/wp\/v2\/product"}],"about":[{"href":"https:\/\/wangshajewelry.com\/de\/wp-json\/wp\/v2\/types\/product"}],"replies":[{"embeddable":true,"href":"https:\/\/wangshajewelry.com\/de\/wp-json\/wp\/v2\/comments?post=951"}],"wp:featuredmedia":[{"embeddable":true,"href":"https:\/\/wangshajewelry.com\/de\/wp-json\/wp\/v2\/media\/956"}],"wp:attachment":[{"href":"https:\/\/wangshajewelry.com\/de\/wp-json\/wp\/v2\/media?parent=951"}],"wp:term":[{"taxonomy":"product_brand","embeddable":true,"href":"https:\/\/wangshajewelry.com\/de\/wp-json\/wp\/v2\/product_brand?post=951"},{"taxonomy":"product_cat","embeddable":true,"href":"https:\/\/wangshajewelry.com\/de\/wp-json\/wp\/v2\/product_cat?post=951"},{"taxonomy":"product_tag","embeddable":true,"href":"https:\/\/wangshajewelry.com\/de\/wp-json\/wp\/v2\/product_tag?post=951"}],"curies":[{"name":"wp","href":"https:\/\/api.w.org\/{rel}","templated":true}]}}