{"id":1026,"date":"2026-01-04T09:07:57","date_gmt":"2026-01-04T09:07:57","guid":{"rendered":"https:\/\/wangshajewelry.com\/?post_type=product&#038;p=1026"},"modified":"2026-01-04T09:07:58","modified_gmt":"2026-01-04T09:07:58","slug":"heart-titanium-steel-bracelet-for-women-18k-gold-plated-non-tarnish-luxury-jewelry","status":"publish","type":"product","link":"https:\/\/wangshajewelry.com\/es\/product\/heart-titanium-steel-bracelet-for-women-18k-gold-plated-non-tarnish-luxury-jewelry\/","title":{"rendered":"Coraz\u00f3n pulsera de acero de titanio para las mujeres - 18K chapado en oro, sin brillo Joyer\u00eda de lujo"},"content":{"rendered":"<p>Coraz\u00f3n pulsera de acero de titanio para las mujeres - 18K chapado en oro, sin brillo Joyer\u00eda de lujo<\/p>\n<h2>Descripci\u00f3n<\/h2>\n<h2 data-start=\"96\" data-end=\"139\"><strong data-start=\"96\" data-end=\"139\">Pulsera brazalete de acero inoxidable estilo americano<\/strong><\/h2>\n<p data-start=\"141\" data-end=\"520\">Exuda confianza y estilo moderno con este\u00a0<strong data-start=\"185\" data-end=\"228\">Pulsera de acero inoxidable estilo americano<\/strong>, una pieza atrevida y vers\u00e1til que combina a la perfecci\u00f3n fuerza, sencillez y artesan\u00eda. Tanto si buscas a\u00f1adir un toque atrevido a tu look diario como complementar tu atuendo de noche con un dise\u00f1o elegante y minimalista, esta pulsera ofrece un atractivo atemporal con un toque contempor\u00e1neo.<\/p>\n<h3 data-start=\"522\" data-end=\"543\"><strong data-start=\"526\" data-end=\"543\">Caracter\u00edsticas principales:<\/strong><\/h3>\n<ul data-start=\"545\" data-end=\"2783\">\n<li data-start=\"545\" data-end=\"929\">\n<p data-start=\"547\" data-end=\"929\"><strong data-start=\"547\" data-end=\"580\">Acero inoxidable de alta calidad:<\/strong><br data-start=\"580\" data-end=\"583\" \/>Fabricada en acero inoxidable de primera calidad, esta pulsera ofrece una durabilidad excepcional y un acabado pulido y elegante. El acero inoxidable es conocido por su resistencia al deslustre, el \u00f3xido y la corrosi\u00f3n, lo que garantiza que esta pulsera mantendr\u00e1 su brillo radiante incluso tras un uso prolongado. Es una opci\u00f3n duradera y resistente, perfecta para el uso diario.<\/p>\n<\/li>\n<li data-start=\"931\" data-end=\"1305\">\n<p data-start=\"933\" data-end=\"1305\"><strong data-start=\"933\" data-end=\"959\">Dise\u00f1o de estilo americano:<\/strong><br data-start=\"959\" data-end=\"962\" \/>La pulsera presenta un dise\u00f1o limpio de inspiraci\u00f3n industrial que captura la esencia del estilo americano. Sus l\u00edneas atrevidas y masculinas se combinan con elegantes curvas, lo que la convierte en un accesorio ideal tanto para conjuntos informales como m\u00e1s formales. Tanto si est\u00e1s en una barbacoa de fin de semana como en una salida nocturna por la ciudad, esta pulsera a\u00f1ade el toque final perfecto.<\/p>\n<\/li>\n<li data-start=\"1307\" data-end=\"1682\">\n<p data-start=\"1309\" data-end=\"1682\"><strong data-start=\"1309\" data-end=\"1338\">Vers\u00e1til y minimalista:<\/strong><br data-start=\"1338\" data-end=\"1341\" \/>Con su aspecto discreto pero llamativo, esta pulsera es muy vers\u00e1til. La sencillez de su dise\u00f1o permite combinarla a la perfecci\u00f3n con otros accesorios, como anillos o relojes, mientras que su moderno estilo garantiza que pueda llevarse con una gran variedad de atuendos. Es perfecta tanto para hombres como para mujeres que aprecian la elegancia minimalista con un toque vanguardista.<\/p>\n<\/li>\n<li data-start=\"1684\" data-end=\"1966\">\n<p data-start=\"1686\" data-end=\"1966\"><strong data-start=\"1686\" data-end=\"1706\">Ajuste c\u00f3modo:<\/strong><br data-start=\"1706\" data-end=\"1709\" \/>Dise\u00f1ada pensando en la comodidad, la pulsera se adapta c\u00f3modamente a la mayor\u00eda de los tama\u00f1os de mu\u00f1eca, proporcionando un ajuste ce\u00f1ido pero flexible. Su superficie lisa garantiza que no irrite la piel, mientras que el robusto cierre asegura que se mantenga en su sitio durante todo el d\u00eda.<\/p>\n<\/li>\n<li data-start=\"1968\" data-end=\"2225\">\n<p data-start=\"1970\" data-end=\"2225\"><strong data-start=\"1970\" data-end=\"2007\">Resistente a los ara\u00f1azos y sin manchas:<\/strong><br data-start=\"2007\" data-end=\"2010\" \/>El acero inoxidable no s\u00f3lo es fuerte, sino tambi\u00e9n resistente a los ara\u00f1azos, por lo que esta pulsera es ideal para el uso diario. Su calidad sin deslustre garantiza que parecer\u00e1 tan nueva como el d\u00eda que la compr\u00f3, incluso con un uso frecuente.<\/p>\n<\/li>\n<li data-start=\"2227\" data-end=\"2482\">\n<p data-start=\"2229\" data-end=\"2482\"><strong data-start=\"2229\" data-end=\"2264\">Hipoalerg\u00e9nico y respetuoso con la piel:<\/strong><br data-start=\"2264\" data-end=\"2267\" \/>Perfecta para quienes tienen la piel sensible, esta pulsera est\u00e1 fabricada con acero inoxidable hipoalerg\u00e9nico que no causar\u00e1 irritaciones ni reacciones al\u00e9rgicas. Puedes llevarla con confianza, sabiendo que es suave con la piel.<\/p>\n<\/li>\n<li data-start=\"2484\" data-end=\"2783\">\n<p data-start=\"2486\" data-end=\"2783\"><strong data-start=\"2486\" data-end=\"2508\">Opci\u00f3n de regalo ideal:<\/strong><br data-start=\"2508\" data-end=\"2511\" \/>Esta pulsera de estilo americano es un bonito regalo para un ser querido o un capricho especial para uno mismo. Ya sea para un cumplea\u00f1os, un aniversario o simplemente para celebrar un hito, su dise\u00f1o atemporal gustar\u00e1 a quienes aprecian tanto el estilo como la durabilidad.<\/p>\n<\/li>\n<\/ul>\n<h3 data-start=\"2785\" data-end=\"2816\"><strong data-start=\"2789\" data-end=\"2816\">Especificaciones del producto:<\/strong><\/h3>\n<ul data-start=\"2817\" data-end=\"3321\">\n<li data-start=\"2817\" data-end=\"2861\">\n<p data-start=\"2819\" data-end=\"2861\"><strong data-start=\"2819\" data-end=\"2832\">Material:<\/strong>\u00a0Acero inoxidable de alta calidad<\/p>\n<\/li>\n<li data-start=\"2862\" data-end=\"2919\">\n<p data-start=\"2864\" data-end=\"2919\"><strong data-start=\"2864\" data-end=\"2875\">Dise\u00f1o:<\/strong>\u00a0Estilo americano, minimalista con l\u00edneas limpias<\/p>\n<\/li>\n<li data-start=\"2920\" data-end=\"2994\">\n<p data-start=\"2922\" data-end=\"2994\"><strong data-start=\"2922\" data-end=\"2932\">Cierre:<\/strong>\u00a0Cierre de langosta o cierre desplegable (seg\u00fan el dise\u00f1o)<\/p>\n<\/li>\n<li data-start=\"2995\" data-end=\"3078\">\n<p data-start=\"2997\" data-end=\"3078\"><strong data-start=\"2997\" data-end=\"3017\">Longitud de la pulsera:<\/strong>\u00a0Normalmente 7,5\u201d - 8,5\u201d (ajustable o especificar tama\u00f1o si es necesario)<\/p>\n<\/li>\n<li data-start=\"3079\" data-end=\"3137\">\n<p data-start=\"3081\" data-end=\"3137\"><strong data-start=\"3081\" data-end=\"3100\">Ancho de la pulsera:<\/strong>\u00a06mm - 10mm (dependiendo del dise\u00f1o)<\/p>\n<\/li>\n<li data-start=\"3138\" data-end=\"3211\">\n<p data-start=\"3140\" data-end=\"3211\"><strong data-start=\"3140\" data-end=\"3151\">Acabado:<\/strong>\u00a0Alto brillo o mate, personalizable seg\u00fan sus preferencias<\/p>\n<\/li>\n<li data-start=\"3212\" data-end=\"3257\">\n<p data-start=\"3214\" data-end=\"3257\"><strong data-start=\"3214\" data-end=\"3233\">Hipoalerg\u00e9nico:<\/strong>\u00a0Seguro para pieles sensibles<\/p>\n<\/li>\n<li data-start=\"3258\" data-end=\"3321\">\n<p data-start=\"3260\" data-end=\"3321\"><strong data-start=\"3260\" data-end=\"3281\">Colores disponibles:<\/strong>\u00a0Plateado, Negro, Met\u00e1lico, Dorado<\/p>\n<\/li>\n<\/ul>\n<h3 data-start=\"3323\" data-end=\"3350\"><strong data-start=\"3327\" data-end=\"3350\">Por qu\u00e9 te encantar\u00e1:<\/strong><\/h3>\n<ul data-start=\"3351\" data-end=\"4023\">\n<li data-start=\"3351\" data-end=\"3530\">\n<p data-start=\"3353\" data-end=\"3530\"><strong data-start=\"3353\" data-end=\"3381\">Estilo americano atemporal:<\/strong>\u00a0Con sus l\u00edneas limpias y su dise\u00f1o fuerte y minimalista, esta pulsera captura a la perfecci\u00f3n el esp\u00edritu del estilo americano: atrevido, sofisticado y perdurable.<\/p>\n<\/li>\n<li data-start=\"3531\" data-end=\"3691\">\n<p data-start=\"3533\" data-end=\"3691\"><strong data-start=\"3533\" data-end=\"3558\">Durabilidad y comodidad:<\/strong>\u00a0El acero inoxidable de alta calidad garantiza la resistencia del brazalete, mientras que el acabado suave hace que sea c\u00f3modo de llevar durante mucho tiempo.<\/p>\n<\/li>\n<li data-start=\"3692\" data-end=\"3882\">\n<p data-start=\"3694\" data-end=\"3882\"><strong data-start=\"3694\" data-end=\"3718\">Vers\u00e1til y con estilo:<\/strong>\u00a0Su est\u00e9tica minimalista permite llevar esta pulsera con pr\u00e1cticamente cualquier atuendo, lo que la convierte en un accesorio cotidiano que complementa tanto los estilos informales como los formales.<\/p>\n<\/li>\n<li data-start=\"3883\" data-end=\"4023\">\n<p data-start=\"3885\" data-end=\"4023\"><strong data-start=\"3885\" data-end=\"3905\">Una gran idea para regalar:<\/strong>\u00a0Ya sea para una ocasi\u00f3n especial o un simple gesto, esta pulsera es un regalo vers\u00e1til que seguro impresionar\u00e1.<\/p>\n<\/li>\n<\/ul>","protected":false},"excerpt":{"rendered":"<p>Heart Titanium Steel Bracelet for Women \u2013 18K Gold Plated, Non-Tarnish Luxury Jewelry Description American Style Stainless Steel Bracelet bangle Exude confidence and modern style with this\u00a0American Style Stainless Steel Bracelet, a bold and versatile piece that perfectly combines strength, simplicity, and craftsmanship. Whether you\u2019re looking to add an edgy touch to your everyday look or complement your evening attire [&hellip;]<\/p>","protected":false},"featured_media":1027,"comment_status":"open","ping_status":"closed","template":"","meta":[],"product_brand":[],"product_cat":[15],"product_tag":[68,57,62,67,64,65,66,69,59,63],"class_list":{"0":"post-1026","1":"product","2":"type-product","3":"status-publish","4":"has-post-thumbnail","6":"product_cat-uncategorized","7":"product_tag-18k-gold-plated-bracelet","8":"product_tag-bangle","9":"product_tag-bracelet","10":"product_tag-elegant-heart-titanium-steel-bracelet","11":"product_tag-heart-bracelets","12":"product_tag-heart-titanium-steel-bracelet-for-women","13":"product_tag-luxury-heart-stainless-steel-bracelet","14":"product_tag-luxury-womens-jewelry","15":"product_tag-stainless-steel-bangle","16":"product_tag-steel-bracelet","18":"first","19":"instock","20":"shipping-taxable","21":"product-type-simple"},"_links":{"self":[{"href":"https:\/\/wangshajewelry.com\/es\/wp-json\/wp\/v2\/product\/1026","targetHints":{"allow":["GET"]}}],"collection":[{"href":"https:\/\/wangshajewelry.com\/es\/wp-json\/wp\/v2\/product"}],"about":[{"href":"https:\/\/wangshajewelry.com\/es\/wp-json\/wp\/v2\/types\/product"}],"replies":[{"embeddable":true,"href":"https:\/\/wangshajewelry.com\/es\/wp-json\/wp\/v2\/comments?post=1026"}],"wp:featuredmedia":[{"embeddable":true,"href":"https:\/\/wangshajewelry.com\/es\/wp-json\/wp\/v2\/media\/1027"}],"wp:attachment":[{"href":"https:\/\/wangshajewelry.com\/es\/wp-json\/wp\/v2\/media?parent=1026"}],"wp:term":[{"taxonomy":"product_brand","embeddable":true,"href":"https:\/\/wangshajewelry.com\/es\/wp-json\/wp\/v2\/product_brand?post=1026"},{"taxonomy":"product_cat","embeddable":true,"href":"https:\/\/wangshajewelry.com\/es\/wp-json\/wp\/v2\/product_cat?post=1026"},{"taxonomy":"product_tag","embeddable":true,"href":"https:\/\/wangshajewelry.com\/es\/wp-json\/wp\/v2\/product_tag?post=1026"}],"curies":[{"name":"wp","href":"https:\/\/api.w.org\/{rel}","templated":true}]}}