{"id":255,"date":"2025-11-27T10:13:37","date_gmt":"2025-11-27T10:13:37","guid":{"rendered":"https:\/\/wangshajewelry.com\/?post_type=product&#038;p=255"},"modified":"2025-11-28T08:14:41","modified_gmt":"2025-11-28T08:14:41","slug":"brazalete-de-acero-inoxidable-dorado-exagerado","status":"publish","type":"product","link":"https:\/\/wangshajewelry.com\/es\/product\/brazalete-de-acero-inoxidable-dorado-exagerado\/","title":{"rendered":"Pulsera de oro exagerado de acero inoxidable"},"content":{"rendered":"<h3 data-start=\"99\" data-end=\"148\"><strong data-start=\"103\" data-end=\"148\">Pulsera de oro exagerado de acero inoxidable<\/strong><\/h3>\n<p data-start=\"150\" data-end=\"601\"><strong data-start=\"150\" data-end=\"162\">Visi\u00f3n general<\/strong><br data-start=\"162\" data-end=\"165\" \/>Atr\u00e9vete con el <em data-start=\"196\" data-end=\"239\">Pulsera de oro exagerado de acero inoxidable<\/em>, donde el lujo se une al dise\u00f1o moderno en una pieza llamativa que atrae todas las miradas. Fabricada en acero inoxidable resistente y chapada en oro, esta pulsera ofrece un aspecto extravagante y de alta costura, perfecto para quienes desean destacar. Ya sea sola o combinada con otros accesorios, es la pieza definitiva para elevar su estilo.<\/p>\n<p data-start=\"603\" data-end=\"621\"><strong data-start=\"603\" data-end=\"619\">Caracter\u00edsticas principales<\/strong><\/p>\n<ul data-start=\"622\" data-end=\"1869\">\n<li data-start=\"622\" data-end=\"875\">\n<p data-start=\"624\" data-end=\"875\"><strong data-start=\"624\" data-end=\"651\">Dise\u00f1o exagerado y atrevido<\/strong>: Esta pulsera presenta un dise\u00f1o grande y llamativo que combina la est\u00e9tica moderna con la elegancia atemporal. Sus eslabones de gran tama\u00f1o y su forma escultural la convierten en un accesorio llamativo que a\u00f1ade dramatismo y estilo a cualquier atuendo.<\/p>\n<\/li>\n<li data-start=\"876\" data-end=\"1161\">\n<p data-start=\"878\" data-end=\"1161\"><strong data-start=\"878\" data-end=\"918\">Construcci\u00f3n de acero inoxidable de primera calidad<\/strong>: Fabricada en acero inoxidable de alta calidad, esta pulsera est\u00e1 hecha para durar. Conocido por su solidez y resistencia a la corrosi\u00f3n, el acero inoxidable garantiza que tu pulsera se mantenga impecable y conserve su forma con el paso del tiempo, incluso con el uso diario.<\/p>\n<\/li>\n<li data-start=\"1162\" data-end=\"1435\">\n<p data-start=\"1164\" data-end=\"1435\"><strong data-start=\"1164\" data-end=\"1190\">Lujoso ba\u00f1o de oro<\/strong>: La pulsera est\u00e1 chapada con una gruesa capa de oro de ley, que le confiere un acabado c\u00e1lido y radiante que refleja el aspecto del oro macizo. El chapado realza el lujo general de la pulsera y a\u00f1ade una capa de brillo que capta la luz desde todos los \u00e1ngulos.<\/p>\n<\/li>\n<li data-start=\"1436\" data-end=\"1677\">\n<p data-start=\"1438\" data-end=\"1677\"><strong data-start=\"1438\" data-end=\"1457\">Estilo vers\u00e1til<\/strong>: A pesar de su atrevido dise\u00f1o, esta pulsera combina bien tanto con atuendos informales como formales. Tanto si la a\u00f1ades a un traje de negocios como a un elegante vestido de noche o a un look m\u00e1s relajado, aporta un toque sofisticado y moderno.<\/p>\n<\/li>\n<li data-start=\"1678\" data-end=\"1869\">\n<p data-start=\"1680\" data-end=\"1869\"><strong data-start=\"1680\" data-end=\"1699\">Ajuste c\u00f3modo<\/strong>: Aunque el dise\u00f1o es atrevido, la pulsera est\u00e1 hecha para que se adapte c\u00f3modamente a la mu\u00f1eca. Su cierre de seguridad proporciona un ajuste perfecto, por lo que es f\u00e1cil de llevar durante todo el d\u00eda.<\/p>\n<\/li>\n<\/ul>\n<p data-start=\"1871\" data-end=\"1895\"><strong data-start=\"1871\" data-end=\"1893\">Por qu\u00e9 te encantar\u00e1<\/strong><\/p>\n<ul data-start=\"1896\" data-end=\"2765\">\n<li data-start=\"1896\" data-end=\"2149\">\n<p data-start=\"1898\" data-end=\"2149\"><strong data-start=\"1898\" data-end=\"1917\">Declaraci\u00f3n<\/strong>: El dise\u00f1o exagerado de esta pulsera la convierte en el accesorio perfecto para quienes quieren llamar la atenci\u00f3n. Sus eslabones de gran tama\u00f1o y su llamativo acabado dorado llaman la atenci\u00f3n al instante, convirti\u00e9ndola en una pieza destacada de tu colecci\u00f3n de joyas.<\/p>\n<\/li>\n<li data-start=\"2150\" data-end=\"2365\">\n<p data-start=\"2152\" data-end=\"2365\"><strong data-start=\"2152\" data-end=\"2180\">Durabilidad y longevidad<\/strong>: El acero inoxidable es conocido por su resistencia duradera, lo que significa que esta pulsera conservar\u00e1 su bonito acabado dorado y su forma durante a\u00f1os. Es un accesorio de bajo mantenimiento y gran impacto.<\/p>\n<\/li>\n<li data-start=\"2366\" data-end=\"2558\">\n<p data-start=\"2368\" data-end=\"2558\"><strong data-start=\"2368\" data-end=\"2392\">Perfecto para superponer<\/strong>: Aunque esta pulsera es muy llamativa por s\u00ed sola, tambi\u00e9n queda bien en looks de varias capas. Comb\u00ednala con brazaletes o relojes delicados para conseguir un conjunto moderno y sofisticado.<\/p>\n<\/li>\n<li data-start=\"2559\" data-end=\"2765\">\n<p data-start=\"2561\" data-end=\"2765\"><strong data-start=\"2561\" data-end=\"2580\">Atractivo atemporal<\/strong>: El oro ha sido durante mucho tiempo s\u00edmbolo de riqueza y lujo, y esta pulsera emana esa misma sensaci\u00f3n atemporal y elevada, lo que la convierte en el accesorio perfecto tanto para armarios modernos como cl\u00e1sicos.<\/p>\n<\/li>\n<\/ul>\n<p data-start=\"2767\" data-end=\"3084\"><strong data-start=\"2767\" data-end=\"2783\">Cuidado del producto<\/strong><br data-start=\"2783\" data-end=\"2786\" \/>Para mantener su brillo dorado, limpie suavemente la pulsera con un pa\u00f1o suave despu\u00e9s de usarla para eliminar aceites o suciedad. Evite el contacto con productos qu\u00edmicos agresivos, perfumes o superficies abrasivas para conservar el chapado. Guarde la pulsera en un lugar fresco y seco, como un joyero o un estuche, para evitar que se raye.<\/p>","protected":false},"excerpt":{"rendered":"<p>Atr\u00e9vete con el <em data-start=\"196\" data-end=\"239\">Pulsera de oro exagerado de acero inoxidable<\/em>, donde el lujo se une al dise\u00f1o moderno en una pieza llamativa que atrae todas las miradas. Fabricada en acero inoxidable resistente y chapada en oro, esta pulsera ofrece un aspecto extravagante y de alta costura, perfecto para quienes desean destacar. Ya sea sola o combinada con otros accesorios, es la pieza definitiva para elevar su estilo.<\/p>","protected":false},"featured_media":260,"comment_status":"open","ping_status":"closed","template":"","meta":[],"product_brand":[],"product_cat":[36],"product_tag":[],"class_list":{"0":"post-255","1":"product","2":"type-product","3":"status-publish","4":"has-post-thumbnail","6":"product_cat-bracelets","8":"first","9":"instock","10":"shipping-taxable","11":"product-type-simple"},"_links":{"self":[{"href":"https:\/\/wangshajewelry.com\/es\/wp-json\/wp\/v2\/product\/255","targetHints":{"allow":["GET"]}}],"collection":[{"href":"https:\/\/wangshajewelry.com\/es\/wp-json\/wp\/v2\/product"}],"about":[{"href":"https:\/\/wangshajewelry.com\/es\/wp-json\/wp\/v2\/types\/product"}],"replies":[{"embeddable":true,"href":"https:\/\/wangshajewelry.com\/es\/wp-json\/wp\/v2\/comments?post=255"}],"wp:featuredmedia":[{"embeddable":true,"href":"https:\/\/wangshajewelry.com\/es\/wp-json\/wp\/v2\/media\/260"}],"wp:attachment":[{"href":"https:\/\/wangshajewelry.com\/es\/wp-json\/wp\/v2\/media?parent=255"}],"wp:term":[{"taxonomy":"product_brand","embeddable":true,"href":"https:\/\/wangshajewelry.com\/es\/wp-json\/wp\/v2\/product_brand?post=255"},{"taxonomy":"product_cat","embeddable":true,"href":"https:\/\/wangshajewelry.com\/es\/wp-json\/wp\/v2\/product_cat?post=255"},{"taxonomy":"product_tag","embeddable":true,"href":"https:\/\/wangshajewelry.com\/es\/wp-json\/wp\/v2\/product_tag?post=255"}],"curies":[{"name":"wp","href":"https:\/\/api.w.org\/{rel}","templated":true}]}}