{"id":281,"date":"2025-11-27T23:18:19","date_gmt":"2025-11-27T23:18:19","guid":{"rendered":"https:\/\/wangshajewelry.com\/?post_type=product&#038;p=281"},"modified":"2025-11-28T08:15:15","modified_gmt":"2025-11-28T08:15:15","slug":"anillo-serpiente-de-acero-inoxidable","status":"publish","type":"product","link":"https:\/\/wangshajewelry.com\/es\/product\/anillo-serpiente-de-acero-inoxidable\/","title":{"rendered":"Anillo serpiente de acero inoxidable"},"content":{"rendered":"<h3 data-start=\"169\" data-end=\"240\"><strong data-start=\"173\" data-end=\"240\">Anillo de serpiente de acero inoxidable: atrevido, elegante y atemporal<\/strong><\/h3>\n<p data-start=\"242\" data-end=\"687\">Da rienda suelta a tu fuerza interior y a\u00f1ade un toque de misticismo a tu estilo con nuestro <strong data-start=\"321\" data-end=\"351\">Anillo serpiente de acero inoxidable<\/strong>. Esta llamativa pieza est\u00e1 elaborada con acero inoxidable de primera calidad, que ofrece durabilidad y una est\u00e9tica moderna y vanguardista. La serpiente, un antiguo s\u00edmbolo de transformaci\u00f3n, renacimiento y sabidur\u00eda, envuelve sinuosamente su dedo, creando un efecto cautivador y din\u00e1mico que refleja la elegancia y el poder de esta criatura m\u00edtica.<\/p>\n<p data-start=\"689\" data-end=\"940\">Tanto si eres fan de los accesorios atrevidos como si buscas hacer una declaraci\u00f3n \u00fanica, este anillo de serpiente seguro que llamar\u00e1 la atenci\u00f3n. Sus intrincados detalles y su suave acabado lo convierten tanto en una pieza llamativa como en un c\u00f3modo complemento para tu vestuario diario.<\/p>\n<h4 data-start=\"942\" data-end=\"964\"><strong data-start=\"947\" data-end=\"964\">Caracter\u00edsticas principales:<\/strong><\/h4>\n<ul data-start=\"966\" data-end=\"3111\">\n<li data-start=\"966\" data-end=\"1255\">\n<p data-start=\"968\" data-end=\"1255\"><strong data-start=\"968\" data-end=\"1009\">Construcci\u00f3n de acero inoxidable de primera calidad:<\/strong><br data-start=\"1009\" data-end=\"1012\" \/>Fabricado en acero inoxidable de alta calidad, este anillo est\u00e1 dise\u00f1ado para ser duradero y resistente al deslustre, la corrosi\u00f3n y los ara\u00f1azos. Mantiene su aspecto elegante y pulido durante a\u00f1os, por lo que es una adici\u00f3n duradera a su colecci\u00f3n de joyas.<\/p>\n<\/li>\n<li data-start=\"1257\" data-end=\"1543\">\n<p data-start=\"1259\" data-end=\"1543\"><strong data-start=\"1259\" data-end=\"1285\">Dise\u00f1o detallado de la serpiente:<\/strong><br data-start=\"1285\" data-end=\"1288\" \/>El detallado motivo de serpiente envuelve el dedo en un bucle continuo, con una textura de escamas realista y un efecto de enrollado que a\u00f1ade profundidad y dimensi\u00f3n. Sus l\u00edneas afiladas y curvas dan al anillo una sensaci\u00f3n de movimiento, convirti\u00e9ndolo en una pieza de joyer\u00eda llamativa.<\/p>\n<\/li>\n<li data-start=\"1545\" data-end=\"1889\">\n<p data-start=\"1547\" data-end=\"1889\"><strong data-start=\"1547\" data-end=\"1574\">Simbolismo de la serpiente:<\/strong><br data-start=\"1574\" data-end=\"1577\" \/>Las serpientes tienen un rico simbolismo en muchas culturas, ya que representan la transformaci\u00f3n, la protecci\u00f3n, la curaci\u00f3n y la sabidur\u00eda. En la mitolog\u00eda antigua, se las asociaba a menudo con los ciclos de la vida y la muerte, la regeneraci\u00f3n y la capacidad de mudar la piel vieja, lo que convierte a este anillo no s\u00f3lo en un accesorio, sino en un significativo talism\u00e1n.<\/p>\n<\/li>\n<li data-start=\"1891\" data-end=\"2214\">\n<p data-start=\"1893\" data-end=\"2214\"><strong data-start=\"1893\" data-end=\"1922\">C\u00f3modo y ponible:<\/strong><br data-start=\"1922\" data-end=\"1925\" \/>A pesar de su atrevida apariencia, el anillo est\u00e1 dise\u00f1ado pensando en la comodidad. Su interior liso y pulido hace que se adapte perfectamente al dedo, mientras que el material de acero inoxidable es hipoalerg\u00e9nico y respetuoso con la piel, por lo que es perfecto para quienes tienen la piel sensible.<\/p>\n<\/li>\n<li data-start=\"2216\" data-end=\"2564\">\n<p data-start=\"2218\" data-end=\"2564\"><strong data-start=\"2218\" data-end=\"2255\">Dise\u00f1o vers\u00e1til para todos los g\u00e9neros:<\/strong><br data-start=\"2255\" data-end=\"2258\" \/>En <strong data-start=\"2264\" data-end=\"2294\">Anillo serpiente de acero inoxidable<\/strong> es apto tanto para hombres como para mujeres, lo que lo convierte en una pieza vers\u00e1til que puede llevar cualquiera que desee adoptar un look atrevido y vanguardista. Puede combinarse con una gran variedad de atuendos, desde ropa informal de calle hasta atuendos m\u00e1s formales, a\u00f1adiendo un toque de feroz elegancia all\u00e1 donde vayas.<\/p>\n<\/li>\n<li data-start=\"2566\" data-end=\"2849\">\n<p data-start=\"2568\" data-end=\"2849\"><strong data-start=\"2568\" data-end=\"2600\">Disponible en varios tama\u00f1os:<\/strong><br data-start=\"2600\" data-end=\"2603\" \/>El anillo est\u00e1 disponible en varias tallas para adaptarse perfectamente a cualquier dedo. Tanto si quieres lucirlo en el dedo \u00edndice como en el anular, encontrar\u00e1s el tama\u00f1o ideal para tu mano.<\/p>\n<\/li>\n<li data-start=\"2851\" data-end=\"3111\">\n<p data-start=\"2853\" data-end=\"3111\"><strong data-start=\"2853\" data-end=\"2896\">Bajo mantenimiento y brillo duradero:<\/strong><br data-start=\"2896\" data-end=\"2899\" \/>El acero inoxidable es incre\u00edblemente f\u00e1cil de mantener. Para que su anillo conserve su mejor aspecto, basta con limpiarlo con un pa\u00f1o suave. No necesita pulido ni cuidados especiales: conserva su brillo y lustre sin mucho esfuerzo.<\/p>\n<\/li>\n<\/ul>\n<h4 data-start=\"3113\" data-end=\"3141\"><strong data-start=\"3118\" data-end=\"3141\">Por qu\u00e9 te encantar\u00e1:<\/strong><\/h4>\n<ul data-start=\"3143\" data-end=\"3426\">\n<li data-start=\"3143\" data-end=\"3222\">\n<p data-start=\"3145\" data-end=\"3222\">Una pieza llamativa y significativa que a\u00f1ade vanguardia y personalidad a tu estilo.<\/p>\n<\/li>\n<li data-start=\"3223\" data-end=\"3299\">\n<p data-start=\"3225\" data-end=\"3299\">Un s\u00edmbolo de poder que representa la fuerza, la transformaci\u00f3n y la sabidur\u00eda.<\/p>\n<\/li>\n<li data-start=\"3300\" data-end=\"3365\">\n<p data-start=\"3302\" data-end=\"3365\">Hipoalerg\u00e9nico y duradero, dise\u00f1ado para resistir el paso del tiempo.<\/p>\n<\/li>\n<li data-start=\"3366\" data-end=\"3426\">\n<p data-start=\"3368\" data-end=\"3426\">Perfectos para apilar o para llevar solos.<\/p>\n<\/li>\n<\/ul>\n<h3 data-start=\"3428\" data-end=\"3458\"><strong data-start=\"3432\" data-end=\"3458\">Haz una declaraci\u00f3n audaz:<\/strong><\/h3>\n<p data-start=\"3459\" data-end=\"3733\">Tanto si te atrae el simbolismo de la serpiente como si simplemente te encanta su dise\u00f1o feroz y contempor\u00e1neo, este <a href=\"https:\/\/wangshajewelry.com\/es\/\"><strong data-start=\"3556\" data-end=\"3586\">Anillo serpiente de acero inoxidable<\/strong><\/a> es el accesorio definitivo para cualquiera que desee hacer una declaraci\u00f3n audaz. Ll\u00e9valo con confianza y disfruta del poder de la transformaci\u00f3n todos los d\u00edas.<\/p>","protected":false},"excerpt":{"rendered":"<p>Da rienda suelta a tu fuerza interior y a\u00f1ade un toque de misticismo a tu estilo con nuestro <strong data-start=\"321\" data-end=\"351\">Anillo serpiente de acero inoxidable<\/strong>. Esta llamativa pieza est\u00e1 elaborada con acero inoxidable de primera calidad, que ofrece durabilidad y una est\u00e9tica moderna y vanguardista. La serpiente, un antiguo s\u00edmbolo de transformaci\u00f3n, renacimiento y sabidur\u00eda, envuelve sinuosamente su dedo, creando un efecto cautivador y din\u00e1mico que refleja la elegancia y el poder de esta criatura m\u00edtica.<\/p>","protected":false},"featured_media":286,"comment_status":"open","ping_status":"closed","template":"","meta":[],"product_brand":[],"product_cat":[17],"product_tag":[],"class_list":{"0":"post-281","1":"product","2":"type-product","3":"status-publish","4":"has-post-thumbnail","6":"product_cat-rings","8":"first","9":"instock","10":"shipping-taxable","11":"product-type-simple"},"_links":{"self":[{"href":"https:\/\/wangshajewelry.com\/es\/wp-json\/wp\/v2\/product\/281","targetHints":{"allow":["GET"]}}],"collection":[{"href":"https:\/\/wangshajewelry.com\/es\/wp-json\/wp\/v2\/product"}],"about":[{"href":"https:\/\/wangshajewelry.com\/es\/wp-json\/wp\/v2\/types\/product"}],"replies":[{"embeddable":true,"href":"https:\/\/wangshajewelry.com\/es\/wp-json\/wp\/v2\/comments?post=281"}],"wp:featuredmedia":[{"embeddable":true,"href":"https:\/\/wangshajewelry.com\/es\/wp-json\/wp\/v2\/media\/286"}],"wp:attachment":[{"href":"https:\/\/wangshajewelry.com\/es\/wp-json\/wp\/v2\/media?parent=281"}],"wp:term":[{"taxonomy":"product_brand","embeddable":true,"href":"https:\/\/wangshajewelry.com\/es\/wp-json\/wp\/v2\/product_brand?post=281"},{"taxonomy":"product_cat","embeddable":true,"href":"https:\/\/wangshajewelry.com\/es\/wp-json\/wp\/v2\/product_cat?post=281"},{"taxonomy":"product_tag","embeddable":true,"href":"https:\/\/wangshajewelry.com\/es\/wp-json\/wp\/v2\/product_tag?post=281"}],"curies":[{"name":"wp","href":"https:\/\/api.w.org\/{rel}","templated":true}]}}