{"id":453,"date":"2025-11-30T02:16:09","date_gmt":"2025-11-30T02:16:09","guid":{"rendered":"https:\/\/wangshajewelry.com\/?post_type=product&#038;p=453"},"modified":"2025-11-30T02:16:09","modified_gmt":"2025-11-30T02:16:09","slug":"anillo-circonio-lujo-ligero-titanio-acero-2","status":"publish","type":"product","link":"https:\/\/wangshajewelry.com\/es\/product\/anillo-circonio-lujo-ligero-titanio-acero-2\/","title":{"rendered":"Light Luxury Anillo Circonio Titanio Acero"},"content":{"rendered":"<p data-start=\"111\" data-end=\"158\"><strong data-start=\"111\" data-end=\"158\">Anillo de circonitas Light Luxury - Titanio Acero\u00a0<\/strong><\/p>\n<p data-start=\"160\" data-end=\"448\">Eleve su elegancia con nuestro <strong data-start=\"191\" data-end=\"219\">Anillo de circ\u00f3n de lujo ligero<\/strong>, fabricado con materiales <strong data-start=\"242\" data-end=\"260\">Titanio Acero<\/strong> para una mayor durabilidad y un brillo duradero. Este exquisito anillo presenta un <strong data-start=\"335\" data-end=\"345\">Zirc\u00f3n<\/strong> piedra que imita el brillo de un diamante, ofreciendo un equilibrio perfecto entre lujo y asequibilidad.<\/p>\n<p data-start=\"450\" data-end=\"467\"><strong data-start=\"450\" data-end=\"467\">Caracter\u00edsticas principales:<\/strong><\/p>\n<ul data-start=\"468\" data-end=\"1537\">\n<li data-start=\"468\" data-end=\"688\">\n<p data-start=\"470\" data-end=\"688\"><strong data-start=\"470\" data-end=\"482\">Material<\/strong>: Fabricado con materiales de alta calidad <strong data-start=\"510\" data-end=\"528\">Titanio Acero<\/strong>, conocido por su resistencia a la corrosi\u00f3n, el \u00f3xido y el deslustre. Sus propiedades hipoalerg\u00e9nicas lo hacen ideal para todo tipo de pieles, garantizando su comodidad y portabilidad.<\/p>\n<\/li>\n<li data-start=\"689\" data-end=\"882\">\n<p data-start=\"691\" data-end=\"882\"><strong data-start=\"691\" data-end=\"700\">Piedra<\/strong>: Un brillante <strong data-start=\"714\" data-end=\"724\">Zirc\u00f3n<\/strong> se sit\u00faa en el centro, reflejando la luz con su deslumbrante claridad y brillo, creando un look atemporal que encaja tanto en ocasiones informales como formales.<\/p>\n<\/li>\n<li data-start=\"883\" data-end=\"1091\">\n<p data-start=\"885\" data-end=\"1091\"><strong data-start=\"885\" data-end=\"895\">Dise\u00f1o<\/strong>: El dise\u00f1o elegante y minimalista resalta la belleza de la piedra de circ\u00f3n, engastada en un <strong data-start=\"977\" data-end=\"1002\">banda lisa y pulida<\/strong> que a\u00f1ade un toque sofisticado a cualquier atuendo. Perfecto para el d\u00eda a d\u00eda o para eventos especiales.<\/p>\n<\/li>\n<li data-start=\"1092\" data-end=\"1257\">\n<p data-start=\"1094\" data-end=\"1257\"><strong data-start=\"1094\" data-end=\"1108\">Durabilidad<\/strong>: El acero de titanio es famoso por su resistencia, lo que hace que este anillo sea resistente a ara\u00f1azos y da\u00f1os, para que pueda llevarlo con confianza, d\u00eda tras d\u00eda.<\/p>\n<\/li>\n<li data-start=\"1258\" data-end=\"1448\">\n<p data-start=\"1260\" data-end=\"1448\"><strong data-start=\"1260\" data-end=\"1283\">Ligero atractivo de lujo<\/strong>: El dise\u00f1o encarna un <strong data-start=\"1307\" data-end=\"1333\">est\u00e9tica ligera y lujosa<\/strong>, Esta joya ofrece el glamour de la alta joyer\u00eda sin su elevado precio, lo que la convierte en un complemento perfecto para cualquier colecci\u00f3n.<\/p>\n<\/li>\n<li data-start=\"1449\" data-end=\"1537\">\n<p data-start=\"1451\" data-end=\"1537\"><strong data-start=\"1451\" data-end=\"1470\">Tallas disponibles<\/strong>: Disponible en varias tallas para garantizar un ajuste perfecto para todos.<\/p>\n<\/li>\n<\/ul>\n<p data-start=\"1539\" data-end=\"1555\"><strong data-start=\"1539\" data-end=\"1554\">Perfecto para<\/strong>:<\/p>\n<ul data-start=\"1556\" data-end=\"1838\">\n<li data-start=\"1556\" data-end=\"1658\">\n<p data-start=\"1558\" data-end=\"1658\"><strong data-start=\"1558\" data-end=\"1573\">Compromisos<\/strong> o <strong data-start=\"1577\" data-end=\"1594\">aniversarios<\/strong>, Una alternativa brillante a los anillos de diamantes tradicionales.<\/p>\n<\/li>\n<li data-start=\"1659\" data-end=\"1762\">\n<p data-start=\"1661\" data-end=\"1762\"><strong data-start=\"1661\" data-end=\"1676\">Para hacer regalos<\/strong> para tus seres queridos o para ti mismo, este anillo de circonitas no pasar\u00e1 desapercibido.<\/p>\n<\/li>\n<li data-start=\"1763\" data-end=\"1838\">\n<p data-start=\"1765\" data-end=\"1838\"><strong data-start=\"1765\" data-end=\"1782\">Uso diario<\/strong> o para a\u00f1adir un toque extra de lujo a la ropa de noche.<\/p>\n<\/li>\n<\/ul>\n<p data-start=\"1840\" data-end=\"2166\"><strong data-start=\"1840\" data-end=\"1886\">\u00bfPor qu\u00e9 elegir nuestro anillo de titanio, acero y circ\u00f3n?<\/strong><br \/>\nNuestra <strong data-start=\"1891\" data-end=\"1919\">Anillo de circ\u00f3n de lujo ligero<\/strong> est\u00e1 dise\u00f1ado para ofrecer elegancia, estilo y practicidad, todo en uno. Tanto si busca una pieza atemporal para complementar su vestuario como un regalo \u00fanico para alguien especial, este anillo de circonitas ofrece la combinaci\u00f3n perfecta de lujo y durabilidad.<\/p>","protected":false},"excerpt":{"rendered":"<p>Eleve su elegancia con nuestro <strong data-start=\"191\" data-end=\"219\">Anillo de circ\u00f3n de lujo ligero<\/strong>, fabricado con materiales <strong data-start=\"242\" data-end=\"260\">Titanio Acero<\/strong> para una mayor durabilidad y un brillo duradero. Este exquisito anillo presenta un <strong data-start=\"335\" data-end=\"345\">Zirc\u00f3n<\/strong> piedra que imita el brillo de un diamante, ofreciendo un equilibrio perfecto entre lujo y asequibilidad.<\/p>","protected":false},"featured_media":458,"comment_status":"open","ping_status":"closed","template":"","meta":[],"product_brand":[],"product_cat":[17],"product_tag":[],"class_list":{"0":"post-453","1":"product","2":"type-product","3":"status-publish","4":"has-post-thumbnail","6":"product_cat-rings","8":"first","9":"instock","10":"shipping-taxable","11":"product-type-simple"},"_links":{"self":[{"href":"https:\/\/wangshajewelry.com\/es\/wp-json\/wp\/v2\/product\/453","targetHints":{"allow":["GET"]}}],"collection":[{"href":"https:\/\/wangshajewelry.com\/es\/wp-json\/wp\/v2\/product"}],"about":[{"href":"https:\/\/wangshajewelry.com\/es\/wp-json\/wp\/v2\/types\/product"}],"replies":[{"embeddable":true,"href":"https:\/\/wangshajewelry.com\/es\/wp-json\/wp\/v2\/comments?post=453"}],"wp:featuredmedia":[{"embeddable":true,"href":"https:\/\/wangshajewelry.com\/es\/wp-json\/wp\/v2\/media\/458"}],"wp:attachment":[{"href":"https:\/\/wangshajewelry.com\/es\/wp-json\/wp\/v2\/media?parent=453"}],"wp:term":[{"taxonomy":"product_brand","embeddable":true,"href":"https:\/\/wangshajewelry.com\/es\/wp-json\/wp\/v2\/product_brand?post=453"},{"taxonomy":"product_cat","embeddable":true,"href":"https:\/\/wangshajewelry.com\/es\/wp-json\/wp\/v2\/product_cat?post=453"},{"taxonomy":"product_tag","embeddable":true,"href":"https:\/\/wangshajewelry.com\/es\/wp-json\/wp\/v2\/product_tag?post=453"}],"curies":[{"name":"wp","href":"https:\/\/api.w.org\/{rel}","templated":true}]}}