{"id":502,"date":"2025-12-01T06:41:16","date_gmt":"2025-12-01T06:41:16","guid":{"rendered":"https:\/\/wangshajewelry.com\/?post_type=product&#038;p=502"},"modified":"2025-12-01T06:41:16","modified_gmt":"2025-12-01T06:41:16","slug":"pendientes-de-lujo-de-acero-inoxidable-en-forma-de-corazon","status":"publish","type":"product","link":"https:\/\/wangshajewelry.com\/es\/product\/pendientes-de-lujo-de-acero-inoxidable-en-forma-de-corazon\/","title":{"rendered":"Pendientes de lujo de acero inoxidable en forma de coraz\u00f3n"},"content":{"rendered":"<p data-start=\"106\" data-end=\"156\"><strong data-start=\"106\" data-end=\"154\">Pendientes de lujo de acero inoxidable en forma de coraz\u00f3n<\/strong><\/p>\n<p data-start=\"158\" data-end=\"620\">Eleva tu estilo con estos <strong data-start=\"188\" data-end=\"236\">Pendientes de lujo de acero inoxidable en forma de coraz\u00f3n<\/strong>, Una fusi\u00f3n perfecta de elegancia, durabilidad y sofisticaci\u00f3n. Dise\u00f1ados teniendo en cuenta tanto las tendencias contempor\u00e1neas como el atractivo atemporal, estos pendientes est\u00e1n fabricados en acero inoxidable de primera calidad, lo que garantiza un brillo duradero y resistencia al deslustre. Tanto para un d\u00eda informal como para una velada especial, su elegante dise\u00f1o en forma de coraz\u00f3n aporta un toque de romanticismo y encanto.<\/p>\n<h3 data-start=\"622\" data-end=\"639\">Caracter\u00edsticas principales:<\/h3>\n<ul data-start=\"641\" data-end=\"2504\">\n<li data-start=\"641\" data-end=\"925\">\n<p data-start=\"643\" data-end=\"925\"><strong data-start=\"643\" data-end=\"675\">Acero inoxidable de alta calidad<\/strong>:<br data-start=\"676\" data-end=\"679\" \/>Fabricados en acero inoxidable de primera calidad, estos pendientes son resistentes al \u00f3xido, el deslustre y la corrosi\u00f3n. Su superficie lisa y pulida garantiza un acabado refinado que perdura con el uso diario, lo que los convierte en una inversi\u00f3n tanto en estilo como en durabilidad.<\/p>\n<\/li>\n<li data-start=\"927\" data-end=\"1190\">\n<p data-start=\"929\" data-end=\"1190\"><strong data-start=\"929\" data-end=\"960\">Elegante dise\u00f1o en forma de coraz\u00f3n<\/strong>:<br data-start=\"961\" data-end=\"964\" \/>La forma de coraz\u00f3n a\u00f1ade un toque simb\u00f3lico y rom\u00e1ntico, perfecto para expresar amor o agradecimiento. Su moderno dise\u00f1o es a la vez l\u00fadico y chic, lo que convierte a estos pendientes en un accesorio vers\u00e1til para una gran variedad de atuendos y ocasiones.<\/p>\n<\/li>\n<li data-start=\"1192\" data-end=\"1429\">\n<p data-start=\"1194\" data-end=\"1429\"><strong data-start=\"1194\" data-end=\"1211\">Acabado de lujo<\/strong>:<br data-start=\"1212\" data-end=\"1215\" \/>Con un pulido brillante como un espejo, estos pendientes desprenden un aspecto lujoso y de alta gama que puede combinarse tanto con atuendos informales como formales. Su elegante acabado capta la luz, a\u00f1adiendo un sutil brillo a tu look.<\/p>\n<\/li>\n<li data-start=\"1431\" data-end=\"1707\">\n<p data-start=\"1433\" data-end=\"1707\"><strong data-start=\"1433\" data-end=\"1465\">Hipoalerg\u00e9nico y c\u00f3modo<\/strong>:<br data-start=\"1466\" data-end=\"1469\" \/>Fabricados pensando en las pieles sensibles, estos pendientes son hipoalerg\u00e9nicos y no contienen n\u00edquel, por lo que son aptos para todo tipo de pieles. Su dise\u00f1o ligero garantiza comodidad durante todo el d\u00eda, para que puedas llevarlos sin molestias ni irritaciones.<\/p>\n<\/li>\n<li data-start=\"1709\" data-end=\"1961\">\n<p data-start=\"1711\" data-end=\"1961\"><strong data-start=\"1711\" data-end=\"1734\">Perfecto para regalar<\/strong>:<br data-start=\"1735\" data-end=\"1738\" \/>Ya sea para ti o para alguien especial, estos pendientes en forma de coraz\u00f3n son un regalo bonito y atento. Su dise\u00f1o atemporal los convierte en una opci\u00f3n ideal para cumplea\u00f1os, aniversarios o celebraciones especiales.<\/p>\n<\/li>\n<li data-start=\"1963\" data-end=\"2289\">\n<p data-start=\"1965\" data-end=\"2289\"><strong data-start=\"1965\" data-end=\"1986\">Estilo vers\u00e1til<\/strong>:<br data-start=\"1987\" data-end=\"1990\" \/>Estos pendientes de lujo pueden pasar f\u00e1cilmente del d\u00eda a la noche. Comb\u00ednalos con un elegante blazer para un look de oficina sofisticado, o ll\u00e9valos con un vestido de noche para a\u00f1adir un delicado brillo a tu atuendo. Tambi\u00e9n complementan una gran variedad de collares y pulseras, lo que permite una personalizaci\u00f3n infinita.<\/p>\n<\/li>\n<li data-start=\"2291\" data-end=\"2504\">\n<p data-start=\"2293\" data-end=\"2504\"><strong data-start=\"2293\" data-end=\"2307\">Durabilidad<\/strong>:<br data-start=\"2308\" data-end=\"2311\" \/>Gracias al material de acero inoxidable de alta calidad, estos pendientes son incre\u00edblemente duraderos, resistentes a los ara\u00f1azos y al desgaste diario. Mantienen su impresionante brillo, incluso tras un uso frecuente.<\/p>\n<\/li>\n<\/ul>\n<p data-start=\"2511\" data-end=\"2795\" data-is-last-node=\"\" data-is-only-node=\"\">Combinando a la perfecci\u00f3n <strong data-start=\"2531\" data-end=\"2561\">lujo, calidad y estilo<\/strong>, Estos pendientes de acero inoxidable en forma de coraz\u00f3n son un complemento esencial en cualquier colecci\u00f3n de joyas. Tanto si quieres darte un capricho como sorprender a un ser querido, seguro que dejar\u00e1n una impresi\u00f3n duradera con su refinado encanto.<\/p>","protected":false},"excerpt":{"rendered":"<p>Eleva tu estilo con estos <strong data-start=\"188\" data-end=\"236\">Pendientes de lujo de acero inoxidable en forma de coraz\u00f3n<\/strong>, Una fusi\u00f3n perfecta de elegancia, durabilidad y sofisticaci\u00f3n. Dise\u00f1ados teniendo en cuenta tanto las tendencias contempor\u00e1neas como el atractivo atemporal, estos pendientes est\u00e1n fabricados en acero inoxidable de primera calidad, lo que garantiza un brillo duradero y resistencia al deslustre. Tanto para un d\u00eda informal como para una velada especial, su elegante dise\u00f1o en forma de coraz\u00f3n aporta un toque de romanticismo y encanto.<\/p>","protected":false},"featured_media":507,"comment_status":"open","ping_status":"closed","template":"","meta":[],"product_brand":[],"product_cat":[20],"product_tag":[],"class_list":{"0":"post-502","1":"product","2":"type-product","3":"status-publish","4":"has-post-thumbnail","6":"product_cat-ear-rings","8":"first","9":"instock","10":"shipping-taxable","11":"product-type-simple"},"_links":{"self":[{"href":"https:\/\/wangshajewelry.com\/es\/wp-json\/wp\/v2\/product\/502","targetHints":{"allow":["GET"]}}],"collection":[{"href":"https:\/\/wangshajewelry.com\/es\/wp-json\/wp\/v2\/product"}],"about":[{"href":"https:\/\/wangshajewelry.com\/es\/wp-json\/wp\/v2\/types\/product"}],"replies":[{"embeddable":true,"href":"https:\/\/wangshajewelry.com\/es\/wp-json\/wp\/v2\/comments?post=502"}],"wp:featuredmedia":[{"embeddable":true,"href":"https:\/\/wangshajewelry.com\/es\/wp-json\/wp\/v2\/media\/507"}],"wp:attachment":[{"href":"https:\/\/wangshajewelry.com\/es\/wp-json\/wp\/v2\/media?parent=502"}],"wp:term":[{"taxonomy":"product_brand","embeddable":true,"href":"https:\/\/wangshajewelry.com\/es\/wp-json\/wp\/v2\/product_brand?post=502"},{"taxonomy":"product_cat","embeddable":true,"href":"https:\/\/wangshajewelry.com\/es\/wp-json\/wp\/v2\/product_cat?post=502"},{"taxonomy":"product_tag","embeddable":true,"href":"https:\/\/wangshajewelry.com\/es\/wp-json\/wp\/v2\/product_tag?post=502"}],"curies":[{"name":"wp","href":"https:\/\/api.w.org\/{rel}","templated":true}]}}