{"id":679,"date":"2025-12-06T12:59:40","date_gmt":"2025-12-06T12:59:40","guid":{"rendered":"https:\/\/wangshajewelry.com\/?post_type=product&#038;p=679"},"modified":"2025-12-06T12:59:40","modified_gmt":"2025-12-06T12:59:40","slug":"pulsera-de-acero-con-circonitas","status":"publish","type":"product","link":"https:\/\/wangshajewelry.com\/es\/product\/pulsera-de-acero-con-circonitas\/","title":{"rendered":"Pulsera de acero con circonitas"},"content":{"rendered":"<h2 data-start=\"90\" data-end=\"168\"><strong data-start=\"90\" data-end=\"168\">Elegante pulsera de acero inoxidable con circonitas\u00a0<\/strong><\/h2>\n<p data-start=\"170\" data-end=\"611\">A\u00f1ade un toque de sofisticaci\u00f3n y brillo a tu mu\u00f1eca con el <strong data-start=\"232\" data-end=\"267\">Pulsera de acero con circonitas<\/strong>. Dise\u00f1ada para el individuo moderno que aprecia tanto el estilo como la sustancia, esta pulsera cuenta con acero inoxidable de alta calidad e impresionantes piedras de circ\u00f3n para un aspecto llamativo y elegante. Tanto si te vistes para una ocasi\u00f3n especial como si quieres a\u00f1adir un toque de glamour a tu atuendo diario, esta pulsera es el toque final perfecto.<\/p>\n<p data-start=\"613\" data-end=\"636\"><strong data-start=\"613\" data-end=\"636\">Aspectos destacados del producto:<\/strong><\/p>\n<ul data-start=\"638\" data-end=\"2405\">\n<li data-start=\"638\" data-end=\"973\">\n<p data-start=\"640\" data-end=\"973\"><strong data-start=\"640\" data-end=\"681\">Construcci\u00f3n de acero inoxidable de primera calidad:<\/strong> Fabricada en acero inoxidable de alta calidad, esta pulsera est\u00e1 hecha para soportar el uso diario sin perder su brillo pulido. El acero inoxidable es conocido por su solidez, resistencia a la oxidaci\u00f3n y capacidad para mantener su brillo con el paso del tiempo, lo que garantiza que tu pulsera se mantenga fresca y elegante.<\/p>\n<\/li>\n<li data-start=\"975\" data-end=\"1312\">\n<p data-start=\"977\" data-end=\"1312\"><strong data-start=\"977\" data-end=\"1005\">Brillantes detalles de circonitas:<\/strong> Adornada con piedras de circ\u00f3n cuidadosamente engastadas, esta pulsera ofrece un acabado lujoso y brillante. Las piedras de circ\u00f3n imitan el aspecto de los diamantes, ofreciendo un brillo y un resplandor que captan la atenci\u00f3n bajo cualquier luz. Cada piedra est\u00e1 meticulosamente colocada para un aspecto impecable que a\u00f1ade un toque de elegancia a su mu\u00f1eca.<\/p>\n<\/li>\n<li data-start=\"1314\" data-end=\"1585\">\n<p data-start=\"1316\" data-end=\"1585\"><strong data-start=\"1316\" data-end=\"1353\">Hipoalerg\u00e9nico y respetuoso con la piel:<\/strong> Dise\u00f1ada pensando en las pieles sensibles, esta pulsera es hipoalerg\u00e9nica, lo que la convierte en la elecci\u00f3n perfecta para las personas propensas a irritaciones o reacciones al\u00e9rgicas. Ll\u00e9vala todo el d\u00eda, todos los d\u00edas, sin molestias ni preocupaciones por reacciones cut\u00e1neas.<\/p>\n<\/li>\n<li data-start=\"1587\" data-end=\"1889\">\n<p data-start=\"1589\" data-end=\"1889\"><strong data-start=\"1589\" data-end=\"1620\">Dise\u00f1o elegante y vers\u00e1til:<\/strong> Con su dise\u00f1o elegante y minimalista, la pulsera combina sin esfuerzo tanto con atuendos informales como formales. Ya sea para asistir a una gala, una cena o simplemente para salir un d\u00eda de sport, la pulsera <strong data-start=\"1806\" data-end=\"1841\">Pulsera de acero con circonitas<\/strong> complementa cualquier look con discreta elegancia.<\/p>\n<\/li>\n<li data-start=\"1891\" data-end=\"2154\">\n<p data-start=\"1893\" data-end=\"2154\"><strong data-start=\"1893\" data-end=\"1922\">Duradero y de larga duraci\u00f3n:<\/strong> El acero inoxidable es conocido por su durabilidad, lo que significa que esta pulsera es resistente a los ara\u00f1azos, el deslustre y la corrosi\u00f3n. Est\u00e1 hecha para durar, para que puedas disfrutar de su belleza y encanto durante a\u00f1os, sin preocuparte por el desgaste.<\/p>\n<\/li>\n<li data-start=\"2156\" data-end=\"2405\">\n<p data-start=\"2158\" data-end=\"2405\"><strong data-start=\"2158\" data-end=\"2182\">Elecci\u00f3n perfecta como regalo:<\/strong> Con su acabado de alta gama y sus brillantes circonitas, esta pulsera es un regalo elegante y bien pensado. Ya sea para un cumplea\u00f1os, un aniversario, unas vacaciones o simplemente porque s\u00ed, es una pieza atemporal que nunca pasar\u00e1 de moda.<\/p>\n<\/li>\n<\/ul>\n<p data-start=\"2407\" data-end=\"2426\"><strong data-start=\"2407\" data-end=\"2426\">Especificaciones:<\/strong><\/p>\n<ul data-start=\"2427\" data-end=\"2724\">\n<li data-start=\"2427\" data-end=\"2469\">\n<p data-start=\"2429\" data-end=\"2469\">Material: Acero inoxidable, piedras de circ\u00f3n<\/p>\n<\/li>\n<li data-start=\"2470\" data-end=\"2495\">\n<p data-start=\"2472\" data-end=\"2495\">Longitud: [Elija la longitud]<\/p>\n<\/li>\n<li data-start=\"2496\" data-end=\"2519\">\n<p data-start=\"2498\" data-end=\"2519\">Anchura: [Elija Anchura]<\/p>\n<\/li>\n<li data-start=\"2520\" data-end=\"2545\">\n<p data-start=\"2522\" data-end=\"2545\">Peso: [Elegir peso]<\/p>\n<\/li>\n<li data-start=\"2546\" data-end=\"2576\">\n<p data-start=\"2548\" data-end=\"2576\">Acabado: Pulido, alto brillo<\/p>\n<\/li>\n<li data-start=\"2577\" data-end=\"2620\">\n<p data-start=\"2579\" data-end=\"2620\">Colores disponibles: Plata, Oro, Oro Rosa<\/p>\n<\/li>\n<li data-start=\"2621\" data-end=\"2685\">\n<p data-start=\"2623\" data-end=\"2685\">Tipo de cierre: Ajustable\/Bloqueo por muelle (o personalizado si procede)<\/p>\n<\/li>\n<li data-start=\"2686\" data-end=\"2724\">\n<p data-start=\"2688\" data-end=\"2724\">Hipoalerg\u00e9nico y resistente al deslustre<\/p>\n<\/li>\n<\/ul>\n<p data-start=\"2726\" data-end=\"2768\"><strong data-start=\"2726\" data-end=\"2768\">\u00bfPor qu\u00e9 elegir acero inoxidable y circ\u00f3n?<\/strong><\/p>\n<p data-start=\"2770\" data-end=\"3113\">El acero inoxidable es famoso por su resistencia a la oxidaci\u00f3n y la corrosi\u00f3n, lo que lo convierte en el material perfecto para joyas duraderas. Las piedras de circ\u00f3n son famosas por su brillo y su aspecto de diamante, y ofrecen el resplandor de una piedra preciosa sin su elevado precio. Juntas, ofrecen lo mejor de dos mundos: durabilidad y belleza.<\/p>\n<p data-start=\"3115\" data-end=\"3135\"><strong data-start=\"3115\" data-end=\"3135\">C\u00f3mo peinarlo:<\/strong><\/p>\n<p data-start=\"3137\" data-end=\"3525\">En <strong data-start=\"3141\" data-end=\"3176\">Pulsera de acero con circonitas<\/strong> es el accesorio definitivo para cualquier ocasi\u00f3n. Comb\u00ednalo con una sencilla blusa y unos vaqueros para conseguir un sofisticado look informal, o ll\u00e9valo con un elegante vestido de noche para realzar tu vestimenta formal. Su dise\u00f1o vers\u00e1til hace que complemente casi cualquier atuendo, tanto si optas por un enfoque minimalista como si lo a\u00f1ades a una pila de pulseras para un look por capas.<\/p>","protected":false},"excerpt":{"rendered":"<p>A\u00f1ade un toque de sofisticaci\u00f3n y brillo a tu mu\u00f1eca con el <strong data-start=\"232\" data-end=\"267\">Pulsera de acero con circonitas<\/strong>. Dise\u00f1ada para el individuo moderno que aprecia tanto el estilo como la sustancia, esta pulsera cuenta con acero inoxidable de alta calidad e impresionantes piedras de circ\u00f3n para un aspecto llamativo y elegante. Tanto si te vistes para una ocasi\u00f3n especial como si quieres a\u00f1adir un toque de glamour a tu atuendo diario, esta pulsera es el toque final perfecto.<\/p>","protected":false},"featured_media":684,"comment_status":"open","ping_status":"closed","template":"","meta":[],"product_brand":[],"product_cat":[37,36],"product_tag":[],"class_list":{"0":"post-679","1":"product","2":"type-product","3":"status-publish","4":"has-post-thumbnail","6":"product_cat-combo-sets","7":"product_cat-bracelets","9":"first","10":"instock","11":"shipping-taxable","12":"product-type-simple"},"_links":{"self":[{"href":"https:\/\/wangshajewelry.com\/es\/wp-json\/wp\/v2\/product\/679","targetHints":{"allow":["GET"]}}],"collection":[{"href":"https:\/\/wangshajewelry.com\/es\/wp-json\/wp\/v2\/product"}],"about":[{"href":"https:\/\/wangshajewelry.com\/es\/wp-json\/wp\/v2\/types\/product"}],"replies":[{"embeddable":true,"href":"https:\/\/wangshajewelry.com\/es\/wp-json\/wp\/v2\/comments?post=679"}],"wp:featuredmedia":[{"embeddable":true,"href":"https:\/\/wangshajewelry.com\/es\/wp-json\/wp\/v2\/media\/684"}],"wp:attachment":[{"href":"https:\/\/wangshajewelry.com\/es\/wp-json\/wp\/v2\/media?parent=679"}],"wp:term":[{"taxonomy":"product_brand","embeddable":true,"href":"https:\/\/wangshajewelry.com\/es\/wp-json\/wp\/v2\/product_brand?post=679"},{"taxonomy":"product_cat","embeddable":true,"href":"https:\/\/wangshajewelry.com\/es\/wp-json\/wp\/v2\/product_cat?post=679"},{"taxonomy":"product_tag","embeddable":true,"href":"https:\/\/wangshajewelry.com\/es\/wp-json\/wp\/v2\/product_tag?post=679"}],"curies":[{"name":"wp","href":"https:\/\/api.w.org\/{rel}","templated":true}]}}