{"id":744,"date":"2025-12-09T09:30:09","date_gmt":"2025-12-09T09:30:09","guid":{"rendered":"https:\/\/wangshajewelry.com\/?post_type=product&#038;p=744"},"modified":"2025-12-09T09:30:09","modified_gmt":"2025-12-09T09:30:09","slug":"collar-sueter-de-acero-inoxidable","status":"publish","type":"product","link":"https:\/\/wangshajewelry.com\/es\/product\/collar-sueter-de-acero-inoxidable\/","title":{"rendered":"Collar Sweater de acero inoxidable"},"content":{"rendered":"<h2 data-start=\"0\" data-end=\"36\"><strong data-start=\"0\" data-end=\"36\">Collar Sweater de acero inoxidable<\/strong><\/h2>\n<p data-start=\"38\" data-end=\"410\">En <strong data-start=\"42\" data-end=\"78\">Collar Sweater de acero inoxidable<\/strong> es un accesorio elegante y con estilo que aporta elegancia sin esfuerzo a cualquier atuendo. Dise\u00f1ado para ofrecer versatilidad y sofisticaci\u00f3n, este collar presenta un dise\u00f1o minimalista pero llamativo que complementa tanto atuendos informales como m\u00e1s formales. Fabricado en acero inoxidable de alta calidad, ofrece una est\u00e9tica refinada y una gran durabilidad.<\/p>\n<h3 data-start=\"412\" data-end=\"429\">Caracter\u00edsticas principales:<\/h3>\n<ul data-start=\"431\" data-end=\"2169\">\n<li data-start=\"431\" data-end=\"737\">\n<p data-start=\"433\" data-end=\"737\"><strong data-start=\"433\" data-end=\"445\">Material<\/strong>: Fabricado en acero inoxidable de primera calidad, este collar es fuerte y resistente al deslustre. El acero inoxidable es conocido por su durabilidad, lo que garantiza que el collar conservar\u00e1 su brillo y belleza con el paso del tiempo. Tambi\u00e9n es hipoalerg\u00e9nico, lo que lo convierte en una opci\u00f3n ideal para quienes tienen la piel sensible.<\/p>\n<\/li>\n<li data-start=\"739\" data-end=\"1107\">\n<p data-start=\"741\" data-end=\"1107\"><strong data-start=\"741\" data-end=\"751\">Dise\u00f1o<\/strong>: La <strong data-start=\"757\" data-end=\"777\">collar su\u00e9ter<\/strong> presenta una cadena lisa y pulida que se ajusta c\u00f3modamente al cuello. Su dise\u00f1o sencillo y elegante hace que sea f\u00e1cil de llevar a diario, tanto para una ocasi\u00f3n especial como para un look informal. El collar est\u00e1 dise\u00f1ado para colgar con gracia, a\u00f1adiendo un toque refinado sin ser demasiado atrevido ni recargado.<\/p>\n<\/li>\n<li data-start=\"1109\" data-end=\"1366\">\n<p data-start=\"1111\" data-end=\"1366\"><strong data-start=\"1111\" data-end=\"1121\">Longitud<\/strong>: El collar suele medir entre 18 y 20 pulgadas, lo que lo convierte en la longitud perfecta para combinar con una gran variedad de escotes, como cuellos de tortuga, cuellos en V y cuellos redondos. Queda justo por debajo de la clav\u00edcula, ofreciendo un look favorecedor y femenino.<\/p>\n<\/li>\n<li data-start=\"1368\" data-end=\"1573\">\n<p data-start=\"1370\" data-end=\"1573\"><strong data-start=\"1370\" data-end=\"1380\">Acabado<\/strong>: El acero inoxidable est\u00e1 pulido con un brillo intenso, lo que confiere al collar un aspecto elegante y moderno. El acabado liso crea una est\u00e9tica refinada y sofisticada que complementa cualquier armario.<\/p>\n<\/li>\n<li data-start=\"1575\" data-end=\"1831\">\n<p data-start=\"1577\" data-end=\"1831\"><strong data-start=\"1577\" data-end=\"1586\">Cierre<\/strong>: El collar est\u00e1 equipado con un cierre de langosta seguro y f\u00e1cil de usar, que permite quitarlo y ajustarlo r\u00e1pidamente. El cierre garantiza que el collar permanezca en su sitio todo el d\u00eda, tanto si te dedicas a tu rutina diaria como si asistes a un evento especial.<\/p>\n<\/li>\n<li data-start=\"1833\" data-end=\"2169\">\n<p data-start=\"1835\" data-end=\"2169\"><strong data-start=\"1835\" data-end=\"1850\">Versatilidad<\/strong>: Su discreto dise\u00f1o lo hace incre\u00edblemente vers\u00e1til. Se puede llevar solo para conseguir un look sutil y elegante o en capas con otros collares para conseguir un look moderno y a la moda. El tono neutro del acero inoxidable hace que combine bien con casi cualquier atuendo o conjunto de joyas, lo que lo convierte en un complemento imprescindible de su colecci\u00f3n.<\/p>\n<\/li>\n<\/ul>\n<h3 data-start=\"2171\" data-end=\"2187\">Perfecto para:<\/h3>\n<ul data-start=\"2189\" data-end=\"3001\">\n<li data-start=\"2189\" data-end=\"2414\">\n<p data-start=\"2191\" data-end=\"2414\"><strong data-start=\"2191\" data-end=\"2212\">Elegancia cotidiana<\/strong>: Este collar es ideal para quienes aprecian el estilo atemporal y discreto. Su dise\u00f1o minimalista es perfecto para llevarlo a diario, ya sea en el trabajo, con amigos o en un evento informal de fin de semana.<\/p>\n<\/li>\n<li data-start=\"2416\" data-end=\"2587\">\n<p data-start=\"2418\" data-end=\"2587\"><strong data-start=\"2418\" data-end=\"2430\">Capas<\/strong>: Por su dise\u00f1o sencillo y elegante, es una opci\u00f3n excelente para combinar con otros collares de distintas longitudes, creando un look chic de inspiraci\u00f3n boho.<\/p>\n<\/li>\n<li data-start=\"2589\" data-end=\"2804\">\n<p data-start=\"2591\" data-end=\"2804\"><strong data-start=\"2591\" data-end=\"2606\">Regalos<\/strong>: Un regalo fant\u00e1stico para cumplea\u00f1os, aniversarios, o como un gesto considerado para alguien que aprecia la joyer\u00eda minimalista y de alta calidad. Su estilo cl\u00e1sico asegura que ser\u00e1 amado y usado a menudo.<\/p>\n<\/li>\n<li data-start=\"2806\" data-end=\"3001\">\n<p data-start=\"2808\" data-end=\"3001\"><strong data-start=\"2808\" data-end=\"2827\">Moda de vanguardia<\/strong>: Tanto si te vistes elegante para salir por la noche como informal para pasar un acogedor d\u00eda en casa, el <strong data-start=\"2912\" data-end=\"2948\">Collar Sweater de acero inoxidable<\/strong> es el toque final perfecto para elevar tu look.<\/p>\n<\/li>\n<\/ul>\n<h3 data-start=\"3003\" data-end=\"3025\">Instrucciones de cuidado:<\/h3>\n<p data-start=\"3026\" data-end=\"3220\">Para que tu collar conserve su mejor aspecto, l\u00edmpialo regularmente con un pa\u00f1o suave para eliminar cualquier resto de aceite o suciedad. Gu\u00e1rdalo en un lugar fresco y seco para evitar que se deslustre, y evita exponerlo a productos qu\u00edmicos agresivos.<\/p>\n<p data-start=\"3222\" data-end=\"3411\" data-is-last-node=\"\" data-is-only-node=\"\">Elegante, moderno y vers\u00e1til, el <strong data-start=\"3258\" data-end=\"3294\">Collar Sweater de acero inoxidable<\/strong> es el accesorio definitivo para cualquiera que busque una joya chic que resista el paso del tiempo.<\/p>","protected":false},"excerpt":{"rendered":"<p>En <strong data-start=\"42\" data-end=\"78\">Collar Sweater de acero inoxidable<\/strong> es un accesorio elegante y con estilo que aporta elegancia sin esfuerzo a cualquier atuendo. Dise\u00f1ado para ofrecer versatilidad y sofisticaci\u00f3n, este collar presenta un dise\u00f1o minimalista pero llamativo que complementa tanto atuendos informales como m\u00e1s formales. Fabricado en acero inoxidable de alta calidad, ofrece una est\u00e9tica refinada y una gran durabilidad.<\/p>","protected":false},"featured_media":749,"comment_status":"open","ping_status":"closed","template":"","meta":[],"product_brand":[],"product_cat":[38,37],"product_tag":[],"class_list":{"0":"post-744","1":"product","2":"type-product","3":"status-publish","4":"has-post-thumbnail","6":"product_cat-necklaces","7":"product_cat-combo-sets","9":"first","10":"instock","11":"shipping-taxable","12":"product-type-simple"},"_links":{"self":[{"href":"https:\/\/wangshajewelry.com\/es\/wp-json\/wp\/v2\/product\/744","targetHints":{"allow":["GET"]}}],"collection":[{"href":"https:\/\/wangshajewelry.com\/es\/wp-json\/wp\/v2\/product"}],"about":[{"href":"https:\/\/wangshajewelry.com\/es\/wp-json\/wp\/v2\/types\/product"}],"replies":[{"embeddable":true,"href":"https:\/\/wangshajewelry.com\/es\/wp-json\/wp\/v2\/comments?post=744"}],"wp:featuredmedia":[{"embeddable":true,"href":"https:\/\/wangshajewelry.com\/es\/wp-json\/wp\/v2\/media\/749"}],"wp:attachment":[{"href":"https:\/\/wangshajewelry.com\/es\/wp-json\/wp\/v2\/media?parent=744"}],"wp:term":[{"taxonomy":"product_brand","embeddable":true,"href":"https:\/\/wangshajewelry.com\/es\/wp-json\/wp\/v2\/product_brand?post=744"},{"taxonomy":"product_cat","embeddable":true,"href":"https:\/\/wangshajewelry.com\/es\/wp-json\/wp\/v2\/product_cat?post=744"},{"taxonomy":"product_tag","embeddable":true,"href":"https:\/\/wangshajewelry.com\/es\/wp-json\/wp\/v2\/product_tag?post=744"}],"curies":[{"name":"wp","href":"https:\/\/api.w.org\/{rel}","templated":true}]}}