{"id":772,"date":"2025-12-10T08:41:16","date_gmt":"2025-12-10T08:41:16","guid":{"rendered":"https:\/\/wangshajewelry.com\/?post_type=product&#038;p=772"},"modified":"2025-12-10T08:41:16","modified_gmt":"2025-12-10T08:41:16","slug":"titanio-acero-circon-anillo","status":"publish","type":"product","link":"https:\/\/wangshajewelry.com\/es\/product\/titanio-acero-circon-anillo\/","title":{"rendered":"Titanio Acero Circ\u00f3n Anillo"},"content":{"rendered":"<h2 data-start=\"88\" data-end=\"118\"><strong data-start=\"88\" data-end=\"118\">Titanio Acero Circ\u00f3n Anillo<\/strong><\/h2>\n<p data-start=\"120\" data-end=\"532\">Experimente la combinaci\u00f3n perfecta de elegancia moderna y resistencia duradera con el <strong data-start=\"199\" data-end=\"229\">Titanio Acero Circ\u00f3n Anillo<\/strong>. Elaborado con acero de titanio de primera calidad y adornado con una deslumbrante gema de circ\u00f3n, este anillo ofrece un aspecto elegante y estilizado, atrevido y atemporal. Ya sea para lucirlo como una pieza llamativa o como un accesorio de uso diario, est\u00e1 dise\u00f1ado para destacar a la vez que proporciona comodidad y durabilidad durante a\u00f1os.<\/p>\n<h3 data-start=\"534\" data-end=\"555\"><strong data-start=\"538\" data-end=\"555\">Caracter\u00edsticas principales:<\/strong><\/h3>\n<ul data-start=\"557\" data-end=\"2489\">\n<li data-start=\"557\" data-end=\"968\">\n<p data-start=\"559\" data-end=\"968\"><strong data-start=\"559\" data-end=\"599\">Construcci\u00f3n de acero de titanio de primera calidad:<\/strong><br data-start=\"599\" data-end=\"602\" \/>Fabricado en acero de titanio de alta calidad, este anillo es incre\u00edblemente ligero, fuerte y resistente a la corrosi\u00f3n. El titanio es conocido por su durabilidad, lo que lo hace perfecto para llevarlo a diario. Tambi\u00e9n es hipoalerg\u00e9nico, por lo que resulta ideal para quienes tienen la piel sensible o alergias al metal. La superficie lisa y pulida del titanio garantiza que mantenga su aspecto impecable con el paso del tiempo.<\/p>\n<\/li>\n<li data-start=\"970\" data-end=\"1338\">\n<p data-start=\"972\" data-end=\"1338\"><strong data-start=\"972\" data-end=\"999\">Zirc\u00f3n brillante Piedra:<\/strong><br data-start=\"999\" data-end=\"1002\" \/>La pieza central del anillo es una gema de circ\u00f3n impecable, tallada a la perfecci\u00f3n para captar y reflejar la luz. El circ\u00f3n es conocido por su brillo y fuego, muy parecido al de un diamante. Esta deslumbrante piedra a\u00f1ade una capa extra de sofisticaci\u00f3n y elegancia al anillo, haci\u00e9ndolo perfecto tanto para ocasiones formales como informales.<\/p>\n<\/li>\n<li data-start=\"1340\" data-end=\"1680\">\n<p data-start=\"1342\" data-end=\"1680\"><strong data-start=\"1342\" data-end=\"1366\">Dise\u00f1o contempor\u00e1neo:<\/strong><br data-start=\"1366\" data-end=\"1369\" \/>El anillo presenta un dise\u00f1o limpio y minimalista que lo hace lo suficientemente vers\u00e1til como para llevarlo solo o apilado con otros anillos. La piedra de circ\u00f3n est\u00e1 sutilmente engastada, lo que le confiere un aire moderno y atemporal. Su dise\u00f1o sencillo y sofisticado es perfecto para quienes aprecian la elegancia discreta.<\/p>\n<\/li>\n<li data-start=\"1682\" data-end=\"1954\">\n<p data-start=\"1684\" data-end=\"1954\"><strong data-start=\"1684\" data-end=\"1700\">Ajuste c\u00f3modo:<\/strong><br data-start=\"1700\" data-end=\"1703\" \/>La correa es lisa y redondeada para un ajuste c\u00f3modo, lo que garantiza que pueda llevarla todo el d\u00eda sin molestias. La resistencia del titanio permite que la correa mantenga su forma y evite que se doble, garantizando un ajuste duradero que no perder\u00e1 su estructura con el paso del tiempo.<\/p>\n<\/li>\n<li data-start=\"1956\" data-end=\"2177\">\n<p data-start=\"1958\" data-end=\"2177\"><strong data-start=\"1958\" data-end=\"1997\">Resistente a los ara\u00f1azos y sin manchas:<\/strong><br data-start=\"1997\" data-end=\"2000\" \/>El titanio es muy resistente a los ara\u00f1azos y al deslustre, por lo que este anillo es perfecto para el uso diario. Mantiene su brillo y aspecto durante a\u00f1os, incluso en entornos adversos.<\/p>\n<\/li>\n<li data-start=\"2179\" data-end=\"2489\">\n<p data-start=\"2181\" data-end=\"2489\"><strong data-start=\"2181\" data-end=\"2207\">Vers\u00e1til y con estilo:<\/strong><br data-start=\"2207\" data-end=\"2210\" \/>Tanto si busca un anillo de declaraci\u00f3n, un anillo de compromiso o un regalo para un ser querido, el anillo de circonitas de acero y titanio se adapta a una gran variedad de ocasiones. Su versatilidad lo hace adecuado tanto para entornos informales como formales, por lo que es un complemento ideal para cualquier colecci\u00f3n de joyas.<\/p>\n<\/li>\n<\/ul>\n<h3 data-start=\"2491\" data-end=\"2522\"><strong data-start=\"2495\" data-end=\"2522\">Especificaciones del producto:<\/strong><\/h3>\n<ul data-start=\"2523\" data-end=\"3082\">\n<li data-start=\"2523\" data-end=\"2566\">\n<p data-start=\"2525\" data-end=\"2566\"><strong data-start=\"2525\" data-end=\"2538\">Material:<\/strong> Acero al titanio de alta calidad<\/p>\n<\/li>\n<li data-start=\"2567\" data-end=\"2677\">\n<p data-start=\"2569\" data-end=\"2677\"><strong data-start=\"2569\" data-end=\"2582\">Piedra preciosa:<\/strong> Circ\u00f3n brillante (si lo desea, puede especificar el tama\u00f1o y la talla del circonio)<\/p>\n<\/li>\n<li data-start=\"2678\" data-end=\"2774\">\n<p data-start=\"2680\" data-end=\"2774\"><strong data-start=\"2680\" data-end=\"2694\">Tama\u00f1o del anillo:<\/strong> Disponible en varias tallas (especifique si tiene una talla concreta)<\/p>\n<\/li>\n<li data-start=\"2775\" data-end=\"2821\">\n<p data-start=\"2777\" data-end=\"2821\"><strong data-start=\"2777\" data-end=\"2792\">Ancho de banda:<\/strong> 6mm (o personalizar si es necesario)<\/p>\n<\/li>\n<li data-start=\"2822\" data-end=\"2875\">\n<p data-start=\"2824\" data-end=\"2875\"><strong data-start=\"2824\" data-end=\"2835\">Acabado:<\/strong> Alto pulido para un aspecto elegante y brillante<\/p>\n<\/li>\n<li data-start=\"2876\" data-end=\"2913\">\n<p data-start=\"2878\" data-end=\"2913\"><strong data-start=\"2878\" data-end=\"2889\">Peso:<\/strong> Ligero pero duradero<\/p>\n<\/li>\n<li data-start=\"2914\" data-end=\"2960\">\n<p data-start=\"2916\" data-end=\"2960\"><strong data-start=\"2916\" data-end=\"2935\">Hipoalerg\u00e9nico:<\/strong> Ideal para pieles sensibles<\/p>\n<\/li>\n<li data-start=\"2961\" data-end=\"3082\">\n<p data-start=\"2963\" data-end=\"3082\"><strong data-start=\"2963\" data-end=\"2984\">Colores disponibles:<\/strong> Plata, Negro, Gunmetal (tambi\u00e9n puede especificar acabados o tonos como mate, cepillado o pulido)<\/p>\n<\/li>\n<\/ul>\n<h3 data-start=\"3084\" data-end=\"3111\"><strong data-start=\"3088\" data-end=\"3111\">Por qu\u00e9 te encantar\u00e1:<\/strong><\/h3>\n<ul data-start=\"3112\" data-end=\"3771\">\n<li data-start=\"3112\" data-end=\"3278\">\n<p data-start=\"3114\" data-end=\"3278\"><strong data-start=\"3114\" data-end=\"3140\">Durabilidad y resistencia:<\/strong> El acero de titanio ofrece una fuerza y resistencia inigualables, lo que hace que este anillo sea perfecto para llevarlo a diario sin preocuparse por el desgaste.<\/p>\n<\/li>\n<li data-start=\"3279\" data-end=\"3454\">\n<p data-start=\"3281\" data-end=\"3454\"><strong data-start=\"3281\" data-end=\"3301\">Belleza atemporal:<\/strong> El brillo del circ\u00f3n y la elegante correa de titanio crean un look sofisticado que puede llevarse en cualquier ocasi\u00f3n, desde salidas informales a eventos formales.<\/p>\n<\/li>\n<li data-start=\"3455\" data-end=\"3610\">\n<p data-start=\"3457\" data-end=\"3610\"><strong data-start=\"3457\" data-end=\"3490\">Hipoalerg\u00e9nico y c\u00f3modo:<\/strong> La ligereza del titanio y sus propiedades hipoalerg\u00e9nicas garantizan un ajuste c\u00f3modo, incluso con un uso prolongado.<\/p>\n<\/li>\n<li data-start=\"3611\" data-end=\"3771\">\n<p data-start=\"3613\" data-end=\"3771\"><strong data-start=\"3613\" data-end=\"3637\">Vers\u00e1til y elegante:<\/strong> Ya sea para regalo o para uso personal, este anillo impresionar\u00e1 por su moderno dise\u00f1o y su deslumbrante circonita central.<\/p>\n<\/li>\n<\/ul>","protected":false},"excerpt":{"rendered":"<p>Experimente la combinaci\u00f3n perfecta de elegancia moderna y resistencia duradera con el <strong data-start=\"199\" data-end=\"229\">Titanio Acero Circ\u00f3n Anillo<\/strong>. Elaborado con acero de titanio de primera calidad y adornado con una deslumbrante gema de circ\u00f3n, este anillo ofrece un aspecto elegante y estilizado, atrevido y atemporal. Ya sea para lucirlo como una pieza llamativa o como un accesorio de uso diario, est\u00e1 dise\u00f1ado para destacar a la vez que proporciona comodidad y durabilidad durante a\u00f1os.<\/p>","protected":false},"featured_media":778,"comment_status":"open","ping_status":"closed","template":"","meta":[],"product_brand":[],"product_cat":[17],"product_tag":[],"class_list":{"0":"post-772","1":"product","2":"type-product","3":"status-publish","4":"has-post-thumbnail","6":"product_cat-rings","8":"first","9":"instock","10":"shipping-taxable","11":"product-type-simple"},"_links":{"self":[{"href":"https:\/\/wangshajewelry.com\/es\/wp-json\/wp\/v2\/product\/772","targetHints":{"allow":["GET"]}}],"collection":[{"href":"https:\/\/wangshajewelry.com\/es\/wp-json\/wp\/v2\/product"}],"about":[{"href":"https:\/\/wangshajewelry.com\/es\/wp-json\/wp\/v2\/types\/product"}],"replies":[{"embeddable":true,"href":"https:\/\/wangshajewelry.com\/es\/wp-json\/wp\/v2\/comments?post=772"}],"wp:featuredmedia":[{"embeddable":true,"href":"https:\/\/wangshajewelry.com\/es\/wp-json\/wp\/v2\/media\/778"}],"wp:attachment":[{"href":"https:\/\/wangshajewelry.com\/es\/wp-json\/wp\/v2\/media?parent=772"}],"wp:term":[{"taxonomy":"product_brand","embeddable":true,"href":"https:\/\/wangshajewelry.com\/es\/wp-json\/wp\/v2\/product_brand?post=772"},{"taxonomy":"product_cat","embeddable":true,"href":"https:\/\/wangshajewelry.com\/es\/wp-json\/wp\/v2\/product_cat?post=772"},{"taxonomy":"product_tag","embeddable":true,"href":"https:\/\/wangshajewelry.com\/es\/wp-json\/wp\/v2\/product_tag?post=772"}],"curies":[{"name":"wp","href":"https:\/\/api.w.org\/{rel}","templated":true}]}}