{"id":803,"date":"2025-12-11T04:59:31","date_gmt":"2025-12-11T04:59:31","guid":{"rendered":"https:\/\/wangshajewelry.com\/?post_type=product&#038;p=803"},"modified":"2025-12-11T04:59:31","modified_gmt":"2025-12-11T04:59:31","slug":"pendientes-de-perlas-de-resina-en-forma-de-corazon","status":"publish","type":"product","link":"https:\/\/wangshajewelry.com\/es\/product\/pendientes-de-perlas-de-resina-en-forma-de-corazon\/","title":{"rendered":"Pendientes de perlas de resina en forma de coraz\u00f3n"},"content":{"rendered":"<h2 data-start=\"87\" data-end=\"124\"><strong data-start=\"87\" data-end=\"124\">Pendientes de perlas de resina en forma de coraz\u00f3n<\/strong><\/h2>\n<p data-start=\"126\" data-end=\"521\">A\u00f1ade un toque de romanticismo y elegancia a tu colecci\u00f3n de joyas con estas <strong data-start=\"200\" data-end=\"237\">Pendientes de perlas de resina en forma de coraz\u00f3n<\/strong>. Combinando a la perfecci\u00f3n el encanto atemporal de las perlas con un dise\u00f1o contempor\u00e1neo en forma de coraz\u00f3n, estos pendientes ofrecen un look sofisticado a la par que divertido. Ya sea para una ocasi\u00f3n especial o para un atuendo sencillo de diario, seguro que llamar\u00e1n la atenci\u00f3n por su radiante belleza y su dise\u00f1o \u00fanico.<\/p>\n<h3 data-start=\"523\" data-end=\"544\"><strong data-start=\"527\" data-end=\"544\">Caracter\u00edsticas principales:<\/strong><\/h3>\n<ul data-start=\"546\" data-end=\"2585\">\n<li data-start=\"546\" data-end=\"882\">\n<p data-start=\"548\" data-end=\"882\"><strong data-start=\"548\" data-end=\"578\">Dise\u00f1o de resina en forma de coraz\u00f3n:<\/strong><br data-start=\"578\" data-end=\"581\" \/>Estos pendientes presentan un dise\u00f1o \u00fanico en forma de coraz\u00f3n elaborado con resina de alta calidad, que ofrece un toque moderno a los cl\u00e1sicos pendientes de perlas. El acabado liso y brillante de la resina crea una textura suave pero llamativa, mientras que la forma de coraz\u00f3n a\u00f1ade un toque dulce y rom\u00e1ntico perfecto para cualquier ocasi\u00f3n.<\/p>\n<\/li>\n<li data-start=\"884\" data-end=\"1289\">\n<p data-start=\"886\" data-end=\"1289\"><strong data-start=\"886\" data-end=\"911\">Falsas perlas brillantes:<\/strong><br data-start=\"911\" data-end=\"914\" \/>Adornan los pendientes unas lustrosas perlas de imitaci\u00f3n que aportan un brillo sutil pero hermoso. Las perlas se eligen cuidadosamente por su superficie lisa y su aspecto rico y cremoso, imitando la elegancia natural de las perlas reales. Su atractivo atemporal a\u00f1ade sofisticaci\u00f3n y encanto a la base de resina en forma de coraz\u00f3n, lo que hace que estos pendientes sean perfectos tanto para ambientes informales como formales.<\/p>\n<\/li>\n<li data-start=\"1291\" data-end=\"1636\">\n<p data-start=\"1293\" data-end=\"1636\"><strong data-start=\"1293\" data-end=\"1323\">Ligero y c\u00f3modo:<\/strong><br data-start=\"1323\" data-end=\"1326\" \/>Fabricados con resina ligera, estos pendientes est\u00e1n dise\u00f1ados para ofrecer comodidad sin renunciar al estilo. El acabado suave garantiza que se adapten c\u00f3modamente a tus orejas, por lo que son ideales para llevarlos durante todo el d\u00eda. Tanto si te diriges al trabajo como si asistes a un evento especial, podr\u00e1s disfrutar de su belleza sin ninguna molestia.<\/p>\n<\/li>\n<li data-start=\"1638\" data-end=\"1998\">\n<p data-start=\"1640\" data-end=\"1998\"><strong data-start=\"1640\" data-end=\"1662\">Estilo vers\u00e1til:<\/strong><br data-start=\"1662\" data-end=\"1665\" \/>La cl\u00e1sica forma de coraz\u00f3n, combinada con la elegancia de las perlas, hace que estos pendientes sean incre\u00edblemente vers\u00e1tiles. Pueden combinarse con todo, desde ropa informal de d\u00eda hasta elegantes atuendos de noche. Tanto si te arreglas para una cena rom\u00e1ntica como si a\u00f1ades un toque delicado a tu look diario, estos pendientes aportan una dosis extra de encanto.<\/p>\n<\/li>\n<li data-start=\"2000\" data-end=\"2279\">\n<p data-start=\"2002\" data-end=\"2279\"><strong data-start=\"2002\" data-end=\"2047\">Hipoalerg\u00e9nico y seguro para o\u00eddos sensibles:<\/strong><br data-start=\"2047\" data-end=\"2050\" \/>Los pendientes se han dise\u00f1ado pensando en la sensibilidad, con materiales hipoalerg\u00e9nicos que no da\u00f1an la piel. Son ideales para quienes tienen o\u00eddos sensibles o alergias al metal, ya que ofrecen un ajuste c\u00f3modo sin irritaciones.<\/p>\n<\/li>\n<li data-start=\"2281\" data-end=\"2585\">\n<p data-start=\"2283\" data-end=\"2585\"><strong data-start=\"2283\" data-end=\"2315\">El regalo perfecto para sus seres queridos:<\/strong><br data-start=\"2315\" data-end=\"2318\" \/>Estos pendientes de perlas en forma de coraz\u00f3n son un excelente regalo para alguien especial. Ya sea para un cumplea\u00f1os, un aniversario o simplemente para mostrar agradecimiento, el rom\u00e1ntico dise\u00f1o de coraz\u00f3n combinado con la belleza atemporal de las perlas har\u00e1 las delicias de quien los reciba.<\/p>\n<\/li>\n<\/ul>\n<h3 data-start=\"2587\" data-end=\"2618\"><strong data-start=\"2591\" data-end=\"2618\">Especificaciones del producto:<\/strong><\/h3>\n<ul data-start=\"2619\" data-end=\"3094\">\n<li data-start=\"2619\" data-end=\"2653\">\n<p data-start=\"2621\" data-end=\"2653\"><strong data-start=\"2621\" data-end=\"2634\">Material:<\/strong> Resina, perlas de imitaci\u00f3n<\/p>\n<\/li>\n<li data-start=\"2654\" data-end=\"2705\">\n<p data-start=\"2656\" data-end=\"2705\"><strong data-start=\"2656\" data-end=\"2667\">Dise\u00f1o:<\/strong> En forma de coraz\u00f3n con adorno de perlas<\/p>\n<\/li>\n<li data-start=\"2706\" data-end=\"2750\">\n<p data-start=\"2708\" data-end=\"2750\"><strong data-start=\"2708\" data-end=\"2726\">Estilo de pendientes:<\/strong> Esp\u00e1rragos con soporte de poste<\/p>\n<\/li>\n<li data-start=\"2751\" data-end=\"2804\">\n<p data-start=\"2753\" data-end=\"2804\"><strong data-start=\"2753\" data-end=\"2762\">Tama\u00f1o:<\/strong> Aproximadamente 2,5 cm de di\u00e1metro<\/p>\n<\/li>\n<li data-start=\"2805\" data-end=\"2851\">\n<p data-start=\"2807\" data-end=\"2851\"><strong data-start=\"2807\" data-end=\"2818\">Peso:<\/strong> Ligero para llevarlo c\u00f3modamente<\/p>\n<\/li>\n<li data-start=\"2852\" data-end=\"2912\">\n<p data-start=\"2854\" data-end=\"2912\"><strong data-start=\"2854\" data-end=\"2865\">Acabado:<\/strong> Resina brillante con perlas de imitaci\u00f3n lisas y pulidas<\/p>\n<\/li>\n<li data-start=\"2913\" data-end=\"2965\">\n<p data-start=\"2915\" data-end=\"2965\"><strong data-start=\"2915\" data-end=\"2929\">Tipo de puesto:<\/strong> Poste de acero inoxidable para mayor durabilidad<\/p>\n<\/li>\n<li data-start=\"2966\" data-end=\"3012\">\n<p data-start=\"2968\" data-end=\"3012\"><strong data-start=\"2968\" data-end=\"2987\">Hipoalerg\u00e9nico:<\/strong> Ideal para o\u00eddos sensibles<\/p>\n<\/li>\n<li data-start=\"3013\" data-end=\"3094\">\n<p data-start=\"3015\" data-end=\"3094\"><strong data-start=\"3015\" data-end=\"3036\">Colores disponibles:<\/strong> Blanco, marfil, rosa pastel, azul pastel (o colores personalizados)<\/p>\n<\/li>\n<\/ul>\n<h3 data-start=\"3096\" data-end=\"3123\"><strong data-start=\"3100\" data-end=\"3123\">Por qu\u00e9 te encantar\u00e1:<\/strong><\/h3>\n<ul data-start=\"3124\" data-end=\"3712\">\n<li data-start=\"3124\" data-end=\"3262\">\n<p data-start=\"3126\" data-end=\"3262\"><strong data-start=\"3126\" data-end=\"3148\">Elegancia atemporal:<\/strong> La combinaci\u00f3n de resina en forma de coraz\u00f3n y perlas de imitaci\u00f3n crea un look chic y rom\u00e1ntico, perfecto para cualquier ocasi\u00f3n.<\/p>\n<\/li>\n<li data-start=\"3263\" data-end=\"3390\">\n<p data-start=\"3265\" data-end=\"3390\"><strong data-start=\"3265\" data-end=\"3295\">Ligero y c\u00f3modo:<\/strong> Dise\u00f1ados pensando en la comodidad, estos pendientes son f\u00e1ciles de llevar durante todo el d\u00eda sin ninguna molestia.<\/p>\n<\/li>\n<li data-start=\"3391\" data-end=\"3536\">\n<p data-start=\"3393\" data-end=\"3536\"><strong data-start=\"3393\" data-end=\"3417\">Vers\u00e1til y con estilo:<\/strong> Ya sea para una cita nocturna, una boda o simplemente para llevarlos a diario, estos pendientes a\u00f1aden un encantador toque de elegancia a cualquier atuendo.<\/p>\n<\/li>\n<li data-start=\"3537\" data-end=\"3712\">\n<p data-start=\"3539\" data-end=\"3712\"><strong data-start=\"3539\" data-end=\"3559\">Una gran idea para regalar:<\/strong> La forma de coraz\u00f3n y los detalles de perlas hacen de estos pendientes un regalo ideal para cumplea\u00f1os, aniversarios o como muestra de agradecimiento a alguien especial.<\/p>\n<\/li>\n<\/ul>","protected":false},"excerpt":{"rendered":"<p>A\u00f1ade un toque de romanticismo y elegancia a tu colecci\u00f3n de joyas con estas <strong data-start=\"200\" data-end=\"237\">Pendientes de perlas de resina en forma de coraz\u00f3n<\/strong>. Combinando a la perfecci\u00f3n el encanto atemporal de las perlas con un dise\u00f1o contempor\u00e1neo en forma de coraz\u00f3n, estos pendientes ofrecen un look sofisticado a la par que divertido. Ya sea para una ocasi\u00f3n especial o para un atuendo sencillo de diario, seguro que llamar\u00e1n la atenci\u00f3n por su radiante belleza y su dise\u00f1o \u00fanico.<\/p>","protected":false},"featured_media":808,"comment_status":"open","ping_status":"closed","template":"","meta":[],"product_brand":[],"product_cat":[20],"product_tag":[],"class_list":{"0":"post-803","1":"product","2":"type-product","3":"status-publish","4":"has-post-thumbnail","6":"product_cat-ear-rings","8":"first","9":"instock","10":"shipping-taxable","11":"product-type-simple"},"_links":{"self":[{"href":"https:\/\/wangshajewelry.com\/es\/wp-json\/wp\/v2\/product\/803","targetHints":{"allow":["GET"]}}],"collection":[{"href":"https:\/\/wangshajewelry.com\/es\/wp-json\/wp\/v2\/product"}],"about":[{"href":"https:\/\/wangshajewelry.com\/es\/wp-json\/wp\/v2\/types\/product"}],"replies":[{"embeddable":true,"href":"https:\/\/wangshajewelry.com\/es\/wp-json\/wp\/v2\/comments?post=803"}],"wp:featuredmedia":[{"embeddable":true,"href":"https:\/\/wangshajewelry.com\/es\/wp-json\/wp\/v2\/media\/808"}],"wp:attachment":[{"href":"https:\/\/wangshajewelry.com\/es\/wp-json\/wp\/v2\/media?parent=803"}],"wp:term":[{"taxonomy":"product_brand","embeddable":true,"href":"https:\/\/wangshajewelry.com\/es\/wp-json\/wp\/v2\/product_brand?post=803"},{"taxonomy":"product_cat","embeddable":true,"href":"https:\/\/wangshajewelry.com\/es\/wp-json\/wp\/v2\/product_cat?post=803"},{"taxonomy":"product_tag","embeddable":true,"href":"https:\/\/wangshajewelry.com\/es\/wp-json\/wp\/v2\/product_tag?post=803"}],"curies":[{"name":"wp","href":"https:\/\/api.w.org\/{rel}","templated":true}]}}