{"id":815,"date":"2025-12-11T05:10:36","date_gmt":"2025-12-11T05:10:36","guid":{"rendered":"https:\/\/wangshajewelry.com\/?post_type=product&#038;p=815"},"modified":"2025-12-11T05:10:48","modified_gmt":"2025-12-11T05:10:48","slug":"pendientes-de-acero-inoxidable-sol-corazon-de-lujo","status":"publish","type":"product","link":"https:\/\/wangshajewelry.com\/es\/product\/pendientes-de-acero-inoxidable-sol-corazon-de-lujo\/","title":{"rendered":"Pendientes de acero inoxidable Heart Sun Luxury"},"content":{"rendered":"<h2 data-start=\"95\" data-end=\"140\"><strong data-start=\"95\" data-end=\"140\">Pendientes de acero inoxidable Heart Sun Luxury<\/strong><\/h2>\n<p data-start=\"142\" data-end=\"561\">Irradie elegancia y encanto con estos <strong data-start=\"180\" data-end=\"225\">Pendientes de acero inoxidable Heart Sun Luxury<\/strong>. Combinando la belleza simb\u00f3lica de un coraz\u00f3n con la radiante energ\u00eda del sol, estos pendientes est\u00e1n dise\u00f1ados para brillar tanto como tu personalidad. Fabricados en acero inoxidable de alta calidad, adornados con detalles intrincados y acabados con detalles de lujo, ofrecen un toque sofisticado para cualquier ocasi\u00f3n, ya sea informal o formal.<\/p>\n<h3 data-start=\"563\" data-end=\"584\"><strong data-start=\"567\" data-end=\"584\">Caracter\u00edsticas principales:<\/strong><\/h3>\n<ul data-start=\"586\" data-end=\"2755\">\n<li data-start=\"586\" data-end=\"956\">\n<p data-start=\"588\" data-end=\"956\"><strong data-start=\"588\" data-end=\"616\">Acero inoxidable de primera calidad:<\/strong><br data-start=\"616\" data-end=\"619\" \/>Fabricados en acero inoxidable duradero y resistente al \u00f3xido, estos pendientes est\u00e1n hechos para durar. El acero inoxidable no solo garantiza un brillo duradero, sino que tambi\u00e9n es hipoalerg\u00e9nico, por lo que son perfectos para las personas con o\u00eddos sensibles. Su construcci\u00f3n de alta calidad evita el deslustre y la decoloraci\u00f3n, por lo que estos pendientes mantendr\u00e1n su belleza con el paso del tiempo.<\/p>\n<\/li>\n<li data-start=\"958\" data-end=\"1273\">\n<p data-start=\"960\" data-end=\"1273\"><strong data-start=\"960\" data-end=\"993\">Elegante dise\u00f1o de coraz\u00f3n y sol:<\/strong><br data-start=\"993\" data-end=\"996\" \/>Estos pendientes presentan una impresionante mezcla de dos poderosos s\u00edmbolos: el coraz\u00f3n, que representa el amor y el afecto, y el sol, que simboliza la vida, la energ\u00eda y la positividad. La combinaci\u00f3n de ambos crea un dise\u00f1o rom\u00e1ntico y en\u00e9rgico, perfecto para causar sensaci\u00f3n.<\/p>\n<\/li>\n<li data-start=\"1275\" data-end=\"1631\">\n<p data-start=\"1277\" data-end=\"1631\"><strong data-start=\"1277\" data-end=\"1298\">Detallado de lujo:<\/strong><br data-start=\"1298\" data-end=\"1301\" \/>El centro en forma de coraz\u00f3n est\u00e1 minuciosamente elaborado con finos detalles, y los rayos del sol rodean el coraz\u00f3n con un estallido de elegancia. El dise\u00f1o de rayos de sol realza el aspecto general de los pendientes, d\u00e1ndoles un acabado lujoso y radiante. Tanto si acude a un evento especial como a una salida nocturna, estos pendientes llamar\u00e1n sin duda la atenci\u00f3n.<\/p>\n<\/li>\n<li data-start=\"1633\" data-end=\"1867\">\n<p data-start=\"1635\" data-end=\"1867\"><strong data-start=\"1635\" data-end=\"1663\">Pulido, acabado brillante:<\/strong><br data-start=\"1663\" data-end=\"1666\" \/>Los pendientes est\u00e1n acabados con un suave brillo de alto lustre que los hace resplandecer bajo cualquier luz. El acabado brillante les confiere un aspecto refinado y sofisticado que combina sin esfuerzo con cualquier atuendo.<\/p>\n<\/li>\n<li data-start=\"1869\" data-end=\"2129\">\n<p data-start=\"1871\" data-end=\"2129\"><strong data-start=\"1871\" data-end=\"1900\">Ajuste c\u00f3modo y seguro:<\/strong><br data-start=\"1900\" data-end=\"1903\" \/>Dise\u00f1ados para que resulten c\u00f3modos durante todo el d\u00eda, los pendientes son ligeros e incorporan un cierre seguro y f\u00e1cil de usar. Las varillas de acero inoxidable son resistentes y c\u00f3modas, y garantizan que los pendientes permanezcan en su sitio sin irritar la piel.<\/p>\n<\/li>\n<li data-start=\"2131\" data-end=\"2474\">\n<p data-start=\"2133\" data-end=\"2474\"><strong data-start=\"2133\" data-end=\"2154\">Lujo vers\u00e1til:<\/strong><br data-start=\"2154\" data-end=\"2157\" \/>Estos pendientes son el accesorio perfecto tanto para ocasiones informales como formales. Comb\u00ednalos con un atuendo elegante para un look de noche glamuroso, o ll\u00e9valos con un conjunto m\u00e1s informal para a\u00f1adir un toque de elegancia a tu estilo diario. El dise\u00f1o atemporal de coraz\u00f3n y sol los hace lo suficientemente vers\u00e1tiles como para llevarlos todo el a\u00f1o.<\/p>\n<\/li>\n<li data-start=\"2476\" data-end=\"2755\">\n<p data-start=\"2478\" data-end=\"2755\"><strong data-start=\"2478\" data-end=\"2500\">La idea de regalo perfecta:<\/strong><br data-start=\"2500\" data-end=\"2503\" \/>Ya sea un cumplea\u00f1os, un aniversario o simplemente un gesto considerado, estos pendientes son un regalo lujoso y lleno de significado. Su dise\u00f1o simb\u00f3lico y sus materiales de alta calidad los convierten en un preciado recuerdo para cualquier amante de la joyer\u00eda elegante y sofisticada.<\/p>\n<\/li>\n<\/ul>\n<h3 data-start=\"2757\" data-end=\"2788\"><strong data-start=\"2761\" data-end=\"2788\">Especificaciones del producto:<\/strong><\/h3>\n<ul data-start=\"2789\" data-end=\"3267\">\n<li data-start=\"2789\" data-end=\"2820\">\n<p data-start=\"2791\" data-end=\"2820\"><strong data-start=\"2791\" data-end=\"2804\">Material:<\/strong> Acero inoxidable<\/p>\n<\/li>\n<li data-start=\"2821\" data-end=\"2865\">\n<p data-start=\"2823\" data-end=\"2865\"><strong data-start=\"2823\" data-end=\"2834\">Dise\u00f1o:<\/strong> Forma de coraz\u00f3n con rayos de sol<\/p>\n<\/li>\n<li data-start=\"2866\" data-end=\"2958\">\n<p data-start=\"2868\" data-end=\"2958\"><strong data-start=\"2868\" data-end=\"2888\">Detalle de la gema:<\/strong> Detalles opcionales de circ\u00f3n o piedras adicionales (si procede)<\/p>\n<\/li>\n<li data-start=\"2959\" data-end=\"3051\">\n<p data-start=\"2961\" data-end=\"3051\"><strong data-start=\"2961\" data-end=\"2970\">Tama\u00f1o:<\/strong> Aproximadamente 3 cm de di\u00e1metro (puede ajustarse a tama\u00f1os espec\u00edficos)<\/p>\n<\/li>\n<li data-start=\"3052\" data-end=\"3111\">\n<p data-start=\"3054\" data-end=\"3111\"><strong data-start=\"3054\" data-end=\"3069\">Tipo de cierre:<\/strong> Poste trasero para un uso seguro y c\u00f3modo<\/p>\n<\/li>\n<li data-start=\"3112\" data-end=\"3151\">\n<p data-start=\"3114\" data-end=\"3151\"><strong data-start=\"3114\" data-end=\"3125\">Acabado:<\/strong> Acabado pulido y brillante<\/p>\n<\/li>\n<li data-start=\"3152\" data-end=\"3197\">\n<p data-start=\"3154\" data-end=\"3197\"><strong data-start=\"3154\" data-end=\"3173\">Hipoalerg\u00e9nico:<\/strong> Seguro para pieles sensibles<\/p>\n<\/li>\n<li data-start=\"3198\" data-end=\"3267\">\n<p data-start=\"3200\" data-end=\"3267\"><strong data-start=\"3200\" data-end=\"3221\">Colores disponibles:<\/strong> Plateado, Dorado, Oro rosa, Negro<\/p>\n<\/li>\n<\/ul>\n<h3 data-start=\"3269\" data-end=\"3296\"><strong data-start=\"3273\" data-end=\"3296\">Por qu\u00e9 te encantar\u00e1:<\/strong><\/h3>\n<ul data-start=\"3297\" data-end=\"3873\">\n<li data-start=\"3297\" data-end=\"3426\">\n<p data-start=\"3299\" data-end=\"3426\"><strong data-start=\"3299\" data-end=\"3322\">Simbolismo intemporal:<\/strong> El dise\u00f1o del coraz\u00f3n y el sol es rom\u00e1ntico y fortalecedor, lo que convierte a estos pendientes en un accesorio lleno de significado.<\/p>\n<\/li>\n<li data-start=\"3427\" data-end=\"3577\">\n<p data-start=\"3429\" data-end=\"3577\"><strong data-start=\"3429\" data-end=\"3449\">Brillo de lujo:<\/strong> El acero inoxidable pulido y los detalles en forma de rayos de sol crean un efecto radiante y lujoso que capta la luz desde todos los \u00e1ngulos.<\/p>\n<\/li>\n<li data-start=\"3578\" data-end=\"3715\">\n<p data-start=\"3580\" data-end=\"3715\"><strong data-start=\"3580\" data-end=\"3605\">Comodidad y durabilidad:<\/strong> Hipoalerg\u00e9nicos y ligeros, estos pendientes son perfectos para llevarlos todo el d\u00eda sin irritaciones ni molestias.<\/p>\n<\/li>\n<li data-start=\"3716\" data-end=\"3873\">\n<p data-start=\"3718\" data-end=\"3873\"><strong data-start=\"3718\" data-end=\"3739\">Lujo vers\u00e1til:<\/strong> Tanto si te vistes para un evento especial como si a\u00f1ades elegancia a un atuendo informal, estos pendientes son el toque final perfecto.<\/p>\n<\/li>\n<\/ul>","protected":false},"excerpt":{"rendered":"<p>Irradie elegancia y encanto con estos <strong data-start=\"180\" data-end=\"225\">Pendientes de acero inoxidable Heart Sun Luxury<\/strong>. Combinando la belleza simb\u00f3lica de un coraz\u00f3n con la radiante energ\u00eda del sol, estos pendientes est\u00e1n dise\u00f1ados para brillar tanto como tu personalidad. Fabricados en acero inoxidable de alta calidad, adornados con detalles intrincados y acabados con detalles de lujo, ofrecen un toque sofisticado para cualquier ocasi\u00f3n, ya sea informal o formal.<\/p>","protected":false},"featured_media":820,"comment_status":"open","ping_status":"closed","template":"","meta":[],"product_brand":[],"product_cat":[20,15],"product_tag":[],"class_list":{"0":"post-815","1":"product","2":"type-product","3":"status-publish","4":"has-post-thumbnail","6":"product_cat-ear-rings","7":"product_cat-uncategorized","9":"first","10":"instock","11":"shipping-taxable","12":"product-type-simple"},"_links":{"self":[{"href":"https:\/\/wangshajewelry.com\/es\/wp-json\/wp\/v2\/product\/815","targetHints":{"allow":["GET"]}}],"collection":[{"href":"https:\/\/wangshajewelry.com\/es\/wp-json\/wp\/v2\/product"}],"about":[{"href":"https:\/\/wangshajewelry.com\/es\/wp-json\/wp\/v2\/types\/product"}],"replies":[{"embeddable":true,"href":"https:\/\/wangshajewelry.com\/es\/wp-json\/wp\/v2\/comments?post=815"}],"wp:featuredmedia":[{"embeddable":true,"href":"https:\/\/wangshajewelry.com\/es\/wp-json\/wp\/v2\/media\/820"}],"wp:attachment":[{"href":"https:\/\/wangshajewelry.com\/es\/wp-json\/wp\/v2\/media?parent=815"}],"wp:term":[{"taxonomy":"product_brand","embeddable":true,"href":"https:\/\/wangshajewelry.com\/es\/wp-json\/wp\/v2\/product_brand?post=815"},{"taxonomy":"product_cat","embeddable":true,"href":"https:\/\/wangshajewelry.com\/es\/wp-json\/wp\/v2\/product_cat?post=815"},{"taxonomy":"product_tag","embeddable":true,"href":"https:\/\/wangshajewelry.com\/es\/wp-json\/wp\/v2\/product_tag?post=815"}],"curies":[{"name":"wp","href":"https:\/\/api.w.org\/{rel}","templated":true}]}}