{"id":880,"date":"2025-12-15T07:40:56","date_gmt":"2025-12-15T07:40:56","guid":{"rendered":"https:\/\/wangshajewelry.com\/?post_type=product&#038;p=880"},"modified":"2025-12-15T07:40:56","modified_gmt":"2025-12-15T07:40:56","slug":"american-jewelry-anillo-de-acero-titanio-oro-18k","status":"publish","type":"product","link":"https:\/\/wangshajewelry.com\/es\/product\/american-jewelry-anillo-de-acero-titanio-oro-18k\/","title":{"rendered":"American Jewelry Anillo de acero titanio oro 18k"},"content":{"rendered":"<h2 data-start=\"0\" data-end=\"49\"><strong data-start=\"0\" data-end=\"49\">American Jewelry Anillo de acero titanio oro 18k<\/strong><\/h2>\n<p data-start=\"51\" data-end=\"459\">Descubra la mezcla perfecta de <strong data-start=\"81\" data-end=\"91\">lujo<\/strong>, <strong data-start=\"93\" data-end=\"105\">fuerza<\/strong>, y <strong data-start=\"111\" data-end=\"128\">dise\u00f1o moderno<\/strong> con el <strong data-start=\"138\" data-end=\"187\">American Jewelry Anillo de acero titanio oro 18k<\/strong>. Esta exquisita pieza combina a la perfecci\u00f3n dos de los materiales m\u00e1s codiciados en joyer\u00eda: <strong data-start=\"281\" data-end=\"293\">Oro de 18 quilates<\/strong> y <strong data-start=\"298\" data-end=\"316\">acero al titanio<\/strong>. El resultado es un anillo tan duradero como bello, ideal para quienes aprecian la artesan\u00eda de alta gama y el uso duradero.<\/p>\n<p data-start=\"461\" data-end=\"768\">Elaborado con meticuloso cuidado y precisi\u00f3n, este anillo encarna una fusi\u00f3n \u00fanica de elegancia y resistencia. Tanto si se lleva como accesorio estrella como si forma parte de una ocasi\u00f3n m\u00e1s personal, el <strong data-start=\"650\" data-end=\"699\">American Jewelry Anillo de acero titanio oro 18k<\/strong> est\u00e1 dise\u00f1ado para destacar al tiempo que ofrece una comodidad y un estilo inigualables.<\/p>\n<h3 data-start=\"775\" data-end=\"796\"><strong data-start=\"779\" data-end=\"796\">Caracter\u00edsticas principales:<\/strong><\/h3>\n<h4 data-start=\"798\" data-end=\"825\"><strong data-start=\"803\" data-end=\"825\">Materiales de primera calidad:<\/strong><\/h4>\n<ul data-start=\"826\" data-end=\"1433\">\n<li data-start=\"826\" data-end=\"1073\">\n<p data-start=\"828\" data-end=\"1073\"><strong data-start=\"828\" data-end=\"841\">Oro de 18 quilates:<\/strong> El oro de 18 quilates utilizado en este anillo es oro puro 75%, lo que garantiza un color rico y profundo con un hermoso brillo. Disponible en <strong data-start=\"965\" data-end=\"975\">amarillo<\/strong>, <strong data-start=\"977\" data-end=\"986\">blanco<\/strong>, o <strong data-start=\"991\" data-end=\"1004\">oro rosa<\/strong>, El metal precioso confiere al anillo un aspecto opulento y lujoso.<\/p>\n<\/li>\n<li data-start=\"1074\" data-end=\"1433\">\n<p data-start=\"1076\" data-end=\"1433\"><strong data-start=\"1076\" data-end=\"1095\">Acero al titanio:<\/strong> El acero al titanio es uno de los metales m\u00e1s duraderos utilizados en joyer\u00eda, conocido por su incre\u00edble fuerza y resistencia a los ara\u00f1azos, el deslustre y la corrosi\u00f3n. Tambi\u00e9n es hipoalerg\u00e9nico, por lo que es una elecci\u00f3n segura para pieles sensibles. La ligereza del acero al titanio hace que el anillo resulte c\u00f3modo y f\u00e1cil de llevar durante todo el d\u00eda.<\/p>\n<\/li>\n<\/ul>\n<h4 data-start=\"1435\" data-end=\"1467\"><strong data-start=\"1440\" data-end=\"1467\">Dise\u00f1o y artesan\u00eda:<\/strong><\/h4>\n<ul data-start=\"1468\" data-end=\"2142\">\n<li data-start=\"1468\" data-end=\"1897\">\n<p data-start=\"1470\" data-end=\"1897\"><strong data-start=\"1470\" data-end=\"1497\">Est\u00e9tica moderna y elegante:<\/strong> El dise\u00f1o del anillo refleja un <strong data-start=\"1527\" data-end=\"1562\">estilo contempor\u00e1neo e intemporal<\/strong>, por lo que resulta adecuado para cualquier ocasi\u00f3n. El acero de titanio pulido contrasta maravillosamente con los ricos tonos del oro de 18 quilates, creando un aspecto llamativo e impactante. El <strong data-start=\"1728\" data-end=\"1761\">l\u00edneas limpias y acabado liso<\/strong> hacen que este anillo sea vers\u00e1til, permitiendo llevarlo como <strong data-start=\"1816\" data-end=\"1832\">alianza de boda<\/strong>, <strong data-start=\"1834\" data-end=\"1853\">anillo de compromiso<\/strong>, o un accesorio de moda para llevar a diario.<\/p>\n<\/li>\n<li data-start=\"1898\" data-end=\"2142\">\n<p data-start=\"1900\" data-end=\"2142\"><strong data-start=\"1900\" data-end=\"1916\">Ajuste c\u00f3modo:<\/strong> Dise\u00f1ado para ofrecer comodidad, el interior del anillo presenta una forma redondeada que garantiza un ajuste suave y c\u00f3modo en el dedo, sin pellizcos ni molestias. Su dise\u00f1o ergon\u00f3mico permite un uso prolongado sin irritaciones.<\/p>\n<\/li>\n<\/ul>\n<h4 data-start=\"2144\" data-end=\"2176\"><strong data-start=\"2149\" data-end=\"2176\">Durabilidad y longevidad:<\/strong><\/h4>\n<ul data-start=\"2177\" data-end=\"2769\">\n<li data-start=\"2177\" data-end=\"2511\">\n<p data-start=\"2179\" data-end=\"2511\"><strong data-start=\"2179\" data-end=\"2212\">Resistencia a los ara\u00f1azos y al deslustre:<\/strong> Tanto el oro de 18 quilates como el acero al titanio son muy resistentes a los da\u00f1os. El acero al titanio es excepcionalmente fuerte y soporta el uso diario sin rayarse ni perder su acabado. El oro de 18 quilates es menos propenso al deslustre que el oro de m\u00e1s quilates, lo que significa que el anillo conservar\u00e1 su aspecto vibrante durante a\u00f1os.<\/p>\n<\/li>\n<li data-start=\"2512\" data-end=\"2769\">\n<p data-start=\"2514\" data-end=\"2769\"><strong data-start=\"2514\" data-end=\"2534\">Bajo mantenimiento:<\/strong> El cuidado del anillo es sencillo. Se limpia f\u00e1cilmente con agua y jab\u00f3n neutro, y apenas requiere mantenimiento para conservar su brillo y atractivo. La resistencia del acero al titanio a la oxidaci\u00f3n significa que no se oxidar\u00e1 ni deslustrar\u00e1 con el tiempo.<\/p>\n<\/li>\n<\/ul>\n<h4 data-start=\"2771\" data-end=\"2792\"><strong data-start=\"2776\" data-end=\"2792\">Versatilidad:<\/strong><\/h4>\n<ul data-start=\"2793\" data-end=\"3372\">\n<li data-start=\"2793\" data-end=\"3097\">\n<p data-start=\"2795\" data-end=\"3097\"><strong data-start=\"2795\" data-end=\"2826\">Perfecto para cualquier ocasi\u00f3n:<\/strong> Tanto si busca un elegante <strong data-start=\"2862\" data-end=\"2881\">anillo de compromiso<\/strong>, un significado <strong data-start=\"2896\" data-end=\"2912\">alianza de boda<\/strong>, Este anillo se adapta a cualquier entorno. La combinaci\u00f3n de oro de 18 quilates y acero de titanio ofrece un equilibrio perfecto entre elegancia tradicional y vanguardia contempor\u00e1nea.<\/p>\n<\/li>\n<li data-start=\"3098\" data-end=\"3372\">\n<p data-start=\"3100\" data-end=\"3372\"><strong data-start=\"3100\" data-end=\"3125\">Dise\u00f1os personalizables:<\/strong> Disponible en varios estilos, como acabados lisos, biselados, martillados y grabados, el anillo puede personalizarse para reflejar su gusto personal. A\u00f1ada un toque de personalidad con un sutil grabado o elija un dise\u00f1o que se adapte a su estilo de vida.<\/p>\n<\/li>\n<\/ul>\n<h4 data-start=\"3374\" data-end=\"3412\"><strong data-start=\"3379\" data-end=\"3412\">Hipoalerg\u00e9nico y c\u00f3modo:<\/strong><\/h4>\n<ul data-start=\"3413\" data-end=\"3662\">\n<li data-start=\"3413\" data-end=\"3662\">\n<p data-start=\"3415\" data-end=\"3662\">Ambos <strong data-start=\"3420\" data-end=\"3432\">Oro de 18 quilates<\/strong> y <strong data-start=\"3437\" data-end=\"3455\">acero al titanio<\/strong> son hipoalerg\u00e9nicos por naturaleza, lo que convierte a este anillo en una excelente elecci\u00f3n para personas con piel sensible. La ligereza del titanio garantiza la comodidad del anillo en el dedo durante todo el d\u00eda.<\/p>\n<\/li>\n<\/ul>\n<h3 data-start=\"3669\" data-end=\"3738\"><strong data-start=\"3673\" data-end=\"3738\">\u00bfPor qu\u00e9 elegir el anillo de acero de titanio y oro de 18 quilates de American Jewelry?<\/strong><\/h3>\n<ul data-start=\"3740\" data-end=\"4518\">\n<li data-start=\"3740\" data-end=\"3973\">\n<p data-start=\"3742\" data-end=\"3973\"><strong data-start=\"3742\" data-end=\"3764\">Elegancia atemporal:<\/strong> En <strong data-start=\"3769\" data-end=\"3781\">Oro de 18 quilates<\/strong> proporciona un aspecto cl\u00e1sico y lujoso, mientras que <strong data-start=\"3827\" data-end=\"3845\">acero al titanio<\/strong> aporta un atractivo moderno y robusto, lo que hace que este anillo sea perfecto para quienes aprecian tanto la est\u00e9tica tradicional como la contempor\u00e1nea.<\/p>\n<\/li>\n<li data-start=\"3974\" data-end=\"4136\">\n<p data-start=\"3976\" data-end=\"4136\"><strong data-start=\"3976\" data-end=\"4001\">Durabilidad inigualable:<\/strong> La combinaci\u00f3n de estos dos materiales hace que el anillo sea casi <strong data-start=\"4063\" data-end=\"4081\">indestructible<\/strong>-Resistente al desgaste diario, los ara\u00f1azos y el deslustre.<\/p>\n<\/li>\n<li data-start=\"4137\" data-end=\"4361\">\n<p data-start=\"4139\" data-end=\"4361\"><strong data-start=\"4139\" data-end=\"4158\">Uso vers\u00e1til:<\/strong> Ideal para <strong data-start=\"4169\" data-end=\"4181\">bodas<\/strong>, <strong data-start=\"4183\" data-end=\"4198\">compromisos<\/strong>, o <strong data-start=\"4203\" data-end=\"4229\">celebraciones de hitos<\/strong>, Este anillo a\u00f1ade un toque de sofisticaci\u00f3n a cualquier look. Su dise\u00f1o vers\u00e1til lo hace adecuado tanto para ocasiones informales como formales.<\/p>\n<\/li>\n<li data-start=\"4362\" data-end=\"4518\">\n<p data-start=\"4364\" data-end=\"4518\"><strong data-start=\"4364\" data-end=\"4387\">Fabricado en EE.UU:<\/strong> Hecho por artesanos expertos, este anillo est\u00e1 dise\u00f1ado y elaborado en el <strong data-start=\"4455\" data-end=\"4472\">Estados Unidos<\/strong>, garantizando la m\u00e1xima calidad y artesan\u00eda.<\/p>\n<\/li>\n<\/ul>\n<h3 data-start=\"4525\" data-end=\"4545\"><strong data-start=\"4529\" data-end=\"4545\">Perfecto para:<\/strong><\/h3>\n<ul data-start=\"4546\" data-end=\"5031\">\n<li data-start=\"4546\" data-end=\"4668\">\n<p data-start=\"4548\" data-end=\"4668\"><strong data-start=\"4548\" data-end=\"4568\">Anillos de compromiso<\/strong>: El dise\u00f1o atemporal y la fuerza de este anillo lo convierten en un s\u00edmbolo de amor y compromiso eternos.<\/p>\n<\/li>\n<li data-start=\"4669\" data-end=\"4773\">\n<p data-start=\"4671\" data-end=\"4773\"><strong data-start=\"4671\" data-end=\"4688\">Alianzas de boda<\/strong>: Una elecci\u00f3n duradera y elegante para las parejas que desean un anillo que dure a lo largo de los a\u00f1os.<\/p>\n<\/li>\n<li data-start=\"4774\" data-end=\"4883\">\n<p data-start=\"4776\" data-end=\"4883\"><strong data-start=\"4776\" data-end=\"4797\">Regalos de aniversario<\/strong>: Celebre los hitos con una pieza que significa estilo perdurable y calidad duradera.<\/p>\n<\/li>\n<li data-start=\"4884\" data-end=\"5031\">\n<p data-start=\"4886\" data-end=\"5031\"><strong data-start=\"4886\" data-end=\"4906\">Moda cotidiana<\/strong>: Con su dise\u00f1o moderno pero cl\u00e1sico, este anillo es una gran adici\u00f3n a cualquier colecci\u00f3n de joyas, elevando su estilo diario.<\/p>\n<\/li>\n<\/ul>\n<h3 data-start=\"5038\" data-end=\"5078\"><strong data-start=\"5042\" data-end=\"5078\">Tama\u00f1os disponibles y personalizaci\u00f3n:<\/strong><\/h3>\n<ul data-start=\"5079\" data-end=\"5339\">\n<li data-start=\"5079\" data-end=\"5339\">\n<p data-start=\"5081\" data-end=\"5339\">En <strong data-start=\"5085\" data-end=\"5134\">American Jewelry Anillo de acero titanio oro 18k<\/strong> est\u00e1 disponible en una amplia gama de tama\u00f1os para garantizar un ajuste perfecto. Adem\u00e1s, se pueden solicitar opciones de personalizaci\u00f3n como grabados personalizados o ajustes del dise\u00f1o para que el anillo sea realmente \u00fanico.<\/p>\n<\/li>\n<\/ul>\n<h3 data-start=\"5341\" data-end=\"5361\"><strong data-start=\"5345\" data-end=\"5361\">Gama de precios:<\/strong><\/h3>\n<ul data-start=\"5362\" data-end=\"5654\">\n<li data-start=\"5362\" data-end=\"5654\">\n<p data-start=\"5364\" data-end=\"5654\">El precio de este anillo variar\u00e1 en funci\u00f3n del dise\u00f1o, el tama\u00f1o y las opciones de personalizaci\u00f3n elegidas. Sin embargo, dada la combinaci\u00f3n de <strong data-start=\"5496\" data-end=\"5508\">Oro de 18 quilates<\/strong> y <strong data-start=\"5513\" data-end=\"5531\">acero al titanio<\/strong>, puede esperar un precio de gama media a alta, que ofrece una excelente relaci\u00f3n calidad-precio por la artesan\u00eda y los materiales empleados.<\/p>\n<\/li>\n<\/ul>\n<h3 data-start=\"5661\" data-end=\"5687\"><strong data-start=\"5665\" data-end=\"5687\">Instrucciones de cuidado:<\/strong><\/h3>\n<ul data-start=\"5688\" data-end=\"5959\">\n<li data-start=\"5688\" data-end=\"5788\">\n<p data-start=\"5690\" data-end=\"5788\">Para mantener la belleza de su anillo, evite exponerlo a productos qu\u00edmicos agresivos, limpiadores o abrasivos.<\/p>\n<\/li>\n<li data-start=\"5789\" data-end=\"5865\">\n<p data-start=\"5791\" data-end=\"5865\">L\u00edmpiela suavemente con agua tibia jabonosa y un pa\u00f1o suave para devolverle su brillo.<\/p>\n<\/li>\n<li data-start=\"5866\" data-end=\"5959\">\n<p data-start=\"5868\" data-end=\"5959\">Guarda el anillo en una funda suave o en un joyero para protegerlo de ara\u00f1azos cuando no lo utilices.<\/p>\n<\/li>\n<\/ul>\n<h3 data-start=\"5966\" data-end=\"5985\"><strong data-start=\"5970\" data-end=\"5985\">Conclusi\u00f3n:<\/strong><\/h3>\n<p data-start=\"5987\" data-end=\"6348\" data-is-last-node=\"\" data-is-only-node=\"\">En <strong data-start=\"5991\" data-end=\"6040\">American Jewelry Anillo de acero titanio oro 18k<\/strong> es la combinaci\u00f3n perfecta de fuerza, estilo y elegancia. Dise\u00f1ado para quienes valoran el lujo sin renunciar a la durabilidad, este anillo es un accesorio destacado para cualquier ocasi\u00f3n. Ya sea como alianza de boda, anillo de compromiso o declaraci\u00f3n de moda, promete toda una vida de uso y belleza atemporal.<\/p>","protected":false},"excerpt":{"rendered":"<p>Descubra la mezcla perfecta de <strong data-start=\"81\" data-end=\"91\">lujo<\/strong>, <strong data-start=\"93\" data-end=\"105\">fuerza<\/strong>, y <strong data-start=\"111\" data-end=\"128\">dise\u00f1o moderno<\/strong> con el <strong data-start=\"138\" data-end=\"187\">American Jewelry Anillo de acero titanio oro 18k<\/strong>. Esta exquisita pieza combina a la perfecci\u00f3n dos de los materiales m\u00e1s codiciados en joyer\u00eda: <strong data-start=\"281\" data-end=\"293\">Oro de 18 quilates<\/strong> y <strong data-start=\"298\" data-end=\"316\">acero al titanio<\/strong>. El resultado es un anillo tan duradero como bello, ideal para quienes aprecian la artesan\u00eda de alta gama y el uso duradero.<\/p>","protected":false},"featured_media":885,"comment_status":"open","ping_status":"closed","template":"","meta":[],"product_brand":[],"product_cat":[17],"product_tag":[],"class_list":{"0":"post-880","1":"product","2":"type-product","3":"status-publish","4":"has-post-thumbnail","6":"product_cat-rings","8":"first","9":"instock","10":"shipping-taxable","11":"product-type-simple"},"_links":{"self":[{"href":"https:\/\/wangshajewelry.com\/es\/wp-json\/wp\/v2\/product\/880","targetHints":{"allow":["GET"]}}],"collection":[{"href":"https:\/\/wangshajewelry.com\/es\/wp-json\/wp\/v2\/product"}],"about":[{"href":"https:\/\/wangshajewelry.com\/es\/wp-json\/wp\/v2\/types\/product"}],"replies":[{"embeddable":true,"href":"https:\/\/wangshajewelry.com\/es\/wp-json\/wp\/v2\/comments?post=880"}],"wp:featuredmedia":[{"embeddable":true,"href":"https:\/\/wangshajewelry.com\/es\/wp-json\/wp\/v2\/media\/885"}],"wp:attachment":[{"href":"https:\/\/wangshajewelry.com\/es\/wp-json\/wp\/v2\/media?parent=880"}],"wp:term":[{"taxonomy":"product_brand","embeddable":true,"href":"https:\/\/wangshajewelry.com\/es\/wp-json\/wp\/v2\/product_brand?post=880"},{"taxonomy":"product_cat","embeddable":true,"href":"https:\/\/wangshajewelry.com\/es\/wp-json\/wp\/v2\/product_cat?post=880"},{"taxonomy":"product_tag","embeddable":true,"href":"https:\/\/wangshajewelry.com\/es\/wp-json\/wp\/v2\/product_tag?post=880"}],"curies":[{"name":"wp","href":"https:\/\/api.w.org\/{rel}","templated":true}]}}