{"id":904,"date":"2025-12-15T08:00:28","date_gmt":"2025-12-15T08:00:28","guid":{"rendered":"https:\/\/wangshajewelry.com\/?post_type=product&#038;p=904"},"modified":"2025-12-15T08:00:28","modified_gmt":"2025-12-15T08:00:28","slug":"jewelry-titanium-steel-cross-necklace","status":"publish","type":"product","link":"https:\/\/wangshajewelry.com\/es\/product\/jewelry-titanium-steel-cross-necklace\/","title":{"rendered":"Joyas Titanio Acero Cruz Collar"},"content":{"rendered":"<div class=\"flex flex-col text-sm @w-xl\/main:pt-header-height pb-25\">\n<article class=\"text-token-text-primary w-full focus:outline-none [--shadow-height:45px] has-data-writing-block:pointer-events-none has-data-writing-block:-mt-(--shadow-height) has-data-writing-block:pt-(--shadow-height) [&amp;:has([data-writing-block])&gt;*]:pointer-events-auto scroll-mt-[calc(var(--header-height)+min(200px,max(70px,20svh)))]\" dir=\"auto\" tabindex=\"-1\" data-turn-id=\"request-WEB:c4ed0205-e3b0-43d2-9ca8-b5814153b264-6\" data-testid=\"conversation-turn-14\" data-scroll-anchor=\"true\" data-turn=\"assistant\">\n<div class=\"text-base my-auto mx-auto pb-10 [--thread-content-margin:--spacing(4)] @w-sm\/main:[--thread-content-margin:--spacing(6)] @w-lg\/main:[--thread-content-margin:--spacing(16)] px-(--thread-content-margin)\">\n<div class=\"[--thread-content-max-width:40rem] @w-lg\/main:[--thread-content-max-width:48rem] mx-auto max-w-(--thread-content-max-width) flex-1 group\/turn-messages focus-visible:outline-hidden relative flex w-full min-w-0 flex-col agent-turn\" tabindex=\"-1\">\n<div class=\"flex max-w-full flex-col grow\">\n<div class=\"min-h-8 text-message relative flex w-full flex-col items-end gap-2 text-start break-words whitespace-normal [.text-message+&amp;]:mt-1\" dir=\"auto\" data-message-author-role=\"assistant\" data-message-id=\"3e0da4c7-e3b6-4b6a-99bd-5358ec82fae2\" data-message-model-slug=\"gpt-5-2\">\n<div class=\"flex w-full flex-col gap-1 empty:hidden first:pt-[1px]\">\n<div class=\"markdown prose dark:prose-invert w-full break-words light markdown-new-styling\">\n<h2 data-start=\"0\" data-end=\"45\"><strong data-start=\"4\" data-end=\"45\">Joyas Titanio Acero Cruz Collar<\/strong><\/h2>\n<p data-start=\"47\" data-end=\"627\">En <strong data-start=\"51\" data-end=\"92\">Joyas Titanio Acero Cruz Collar<\/strong> es un accesorio atemporal y lleno de significado que combina <strong data-start=\"146\" data-end=\"163\">dise\u00f1o moderno<\/strong>, <strong data-start=\"165\" data-end=\"177\">fuerza<\/strong>, y <strong data-start=\"183\" data-end=\"206\">simbolismo espiritual<\/strong>. Fabricado con <strong data-start=\"234\" data-end=\"252\">acero al titanio<\/strong>, Este collar est\u00e1 dise\u00f1ado para resistir el uso diario sin perder su aspecto elegante y pulido. El colgante en forma de cruz a\u00f1ade una profunda conexi\u00f3n espiritual, haciendo de esta pieza un s\u00edmbolo perfecto de fe, resistencia y protecci\u00f3n. Tanto si busca una pieza religiosa como un accesorio de moda o un regalo con un significado profundo, este collar ofrece estilo y sustancia.<\/p>\n<h3 data-start=\"634\" data-end=\"655\"><strong data-start=\"638\" data-end=\"655\">Caracter\u00edsticas principales:<\/strong><\/h3>\n<h4 data-start=\"657\" data-end=\"689\"><strong data-start=\"662\" data-end=\"689\">Premium Titanium Steel:<\/strong><\/h4>\n<ul data-start=\"690\" data-end=\"1331\">\n<li data-start=\"690\" data-end=\"913\">\n<p data-start=\"692\" data-end=\"913\"><strong data-start=\"692\" data-end=\"718\">Duradero y ligero:<\/strong> Titanium steel is known for its remarkable strength and <strong data-start=\"775\" data-end=\"790\">ligero<\/strong> propiedades. Este collar es lo suficientemente duradero como para soportar el uso diario, al tiempo que ofrece comodidad gracias a su ligereza.<\/p>\n<\/li>\n<li data-start=\"914\" data-end=\"1113\">\n<p data-start=\"916\" data-end=\"1113\"><strong data-start=\"916\" data-end=\"950\">Resistente a la corrosi\u00f3n y al deslustre:<\/strong> Titanium is highly resistant to <strong data-start=\"983\" data-end=\"991\">\u00f3xido<\/strong>, <strong data-start=\"993\" data-end=\"1007\">empa\u00f1ando<\/strong>, y <strong data-start=\"1013\" data-end=\"1026\">ara\u00f1azos<\/strong>, El collar conserva su brillo con el paso del tiempo y requiere un mantenimiento m\u00ednimo.<\/p>\n<\/li>\n<li data-start=\"1114\" data-end=\"1331\">\n<p data-start=\"1116\" data-end=\"1331\"><strong data-start=\"1116\" data-end=\"1135\">Hipoalerg\u00e9nico:<\/strong> As a hypoallergenic material, titanium steel is perfect for those with sensitive skin. It won\u2019t cause irritation or allergic reactions, making it a safe and comfortable option for long-term wear.<\/p>\n<\/li>\n<\/ul>\n<h4 data-start=\"1333\" data-end=\"1371\"><strong data-start=\"1338\" data-end=\"1371\">Classic Cross Pendant Design:<\/strong><\/h4>\n<ul data-start=\"1372\" data-end=\"2224\">\n<li data-start=\"1372\" data-end=\"1705\">\n<p data-start=\"1374\" data-end=\"1705\"><strong data-start=\"1374\" data-end=\"1397\">Simbolismo intemporal:<\/strong> En <strong data-start=\"1402\" data-end=\"1419\">colgante de cruz<\/strong> is an enduring symbol of <strong data-start=\"1445\" data-end=\"1454\">fe<\/strong>, <strong data-start=\"1456\" data-end=\"1464\">esperanza<\/strong>, y <strong data-start=\"1470\" data-end=\"1484\">protecci\u00f3n<\/strong>. Se asocia com\u00fanmente con el cristianismo, pero tambi\u00e9n es adoptado en otras culturas por su significado espiritual. Esto lo convierte en un accesorio significativo para cualquiera que valore los significados m\u00e1s profundos de la fe y la espiritualidad.<\/p>\n<\/li>\n<li data-start=\"1706\" data-end=\"1979\">\n<p data-start=\"1708\" data-end=\"1979\"><strong data-start=\"1708\" data-end=\"1729\">Sencillo y elegante:<\/strong> The cross pendant has a <strong data-start=\"1754\" data-end=\"1770\">minimalista<\/strong> y <strong data-start=\"1775\" data-end=\"1791\">dise\u00f1o limpio<\/strong>, por lo que es adecuada tanto para hombres como para mujeres. El elegante acabado pulido del acero de titanio complementa la pureza de la cruz, ofreciendo un aspecto equilibrado que combina bien con cualquier atuendo.<\/p>\n<\/li>\n<li data-start=\"1980\" data-end=\"2224\">\n<p data-start=\"1982\" data-end=\"2224\"><strong data-start=\"1982\" data-end=\"2002\">Estilo vers\u00e1til:<\/strong> Tanto si prefiere un <strong data-start=\"2024\" data-end=\"2049\">cruz peque\u00f1a y delicada<\/strong> para un look m\u00e1s sutil o un <strong data-start=\"2078\" data-end=\"2102\">larger, bold pendant<\/strong> El collar con cruz de acero y titanio est\u00e1 disponible en varios estilos para adaptarse a su est\u00e9tica personal.<\/p>\n<\/li>\n<\/ul>\n<h4 data-start=\"2226\" data-end=\"2249\"><strong data-start=\"2231\" data-end=\"2249\">Cadena duradera:<\/strong><\/h4>\n<ul data-start=\"2250\" data-end=\"2799\">\n<li data-start=\"2250\" data-end=\"2519\">\n<p data-start=\"2252\" data-end=\"2519\"><strong data-start=\"2252\" data-end=\"2272\">Fuerte y seguro:<\/strong> The necklace features a robust titanium steel chain that is both strong and secure, designed to hold the cross pendant firmly in place. The <strong data-start=\"2413\" data-end=\"2430\">cierre de langosta<\/strong> o <strong data-start=\"2434\" data-end=\"2447\">cierre de caja<\/strong> garantiza que el collar permanezca seguro en el cuello durante todo el d\u00eda.<\/p>\n<\/li>\n<li data-start=\"2520\" data-end=\"2799\">\n<p data-start=\"2522\" data-end=\"2799\"><strong data-start=\"2522\" data-end=\"2544\">Longitud ajustable:<\/strong> La mayor\u00eda de los modelos incluyen <strong data-start=\"2570\" data-end=\"2590\">cadena ajustable<\/strong>, allowing you to customize the length according to your preferences. Whether you want the necklace to sit close to your collarbone or hang longer, the adjustable length ensures a perfect fit for any neckline.<\/p>\n<\/li>\n<\/ul>\n<h4 data-start=\"2801\" data-end=\"2834\"><strong data-start=\"2806\" data-end=\"2834\">Acabado elegante y pulido:<\/strong><\/h4>\n<ul data-start=\"2835\" data-end=\"3361\">\n<li data-start=\"2835\" data-end=\"3148\">\n<p data-start=\"2837\" data-end=\"3148\"><strong data-start=\"2837\" data-end=\"2856\">Brillante y moderno:<\/strong> The titanium steel offers a beautiful, <strong data-start=\"2896\" data-end=\"2915\">acabado pulido<\/strong> que capta la luz, dando al collar un aire sofisticado y moderno. Esta superficie brillante contrasta maravillosamente con el profundo simbolismo de la cruz, creando una pieza equilibrada que puede llevarse tanto con atuendos informales como formales.<\/p>\n<\/li>\n<li data-start=\"3149\" data-end=\"3361\">\n<p data-start=\"3151\" data-end=\"3361\"><strong data-start=\"3151\" data-end=\"3181\">Opciones mate o pulido:<\/strong> Dependiendo del dise\u00f1o, el collar puede venir en un <strong data-start=\"3234\" data-end=\"3250\">acabado mate<\/strong> para un look m\u00e1s discreto o un <strong data-start=\"3284\" data-end=\"3303\">acabado pulido<\/strong> para quienes prefieren un poco m\u00e1s de brillo y sofisticaci\u00f3n.<\/p>\n<\/li>\n<\/ul>\n<h3 data-start=\"3368\" data-end=\"3388\"><strong data-start=\"3372\" data-end=\"3388\">Perfecto para:<\/strong><\/h3>\n<ul data-start=\"3390\" data-end=\"4180\">\n<li data-start=\"3390\" data-end=\"3649\">\n<p data-start=\"3392\" data-end=\"3649\"><strong data-start=\"3392\" data-end=\"3410\">Uso diario:<\/strong> La combinaci\u00f3n de <strong data-start=\"3430\" data-end=\"3444\">durabilidad<\/strong> y <strong data-start=\"3449\" data-end=\"3460\">confort<\/strong> makes this necklace perfect for daily wear. Whether you&#8217;re going to work, running errands, or attending a casual outing, this necklace serves as both a functional and meaningful accessory.<\/p>\n<\/li>\n<li data-start=\"3650\" data-end=\"3903\">\n<p data-start=\"3652\" data-end=\"3903\"><strong data-start=\"3652\" data-end=\"3691\">Significado religioso y espiritual:<\/strong> El colgante en forma de cruz a\u00f1ade una capa de significado personal, por lo que es una pieza ideal para quienes llevan joyas como reflejo de su fe. Es una gran manera de llevar un recordatorio de espiritualidad, esperanza y protecci\u00f3n.<\/p>\n<\/li>\n<li data-start=\"3904\" data-end=\"4180\">\n<p data-start=\"3906\" data-end=\"4180\"><strong data-start=\"3906\" data-end=\"3916\">Regalos:<\/strong> Este collar es un detalle <strong data-start=\"3950\" data-end=\"3958\">regalo<\/strong> para ocasiones religiosas como <strong data-start=\"3991\" data-end=\"4003\">bautizos<\/strong>, <strong data-start=\"4005\" data-end=\"4022\">confirmaciones<\/strong>, <strong data-start=\"4024\" data-end=\"4036\">bodas<\/strong>, o <strong data-start=\"4041\" data-end=\"4053\">vacaciones<\/strong> como <strong data-start=\"4059\" data-end=\"4072\">Navidad<\/strong> y <strong data-start=\"4077\" data-end=\"4087\">Semana Santa<\/strong>. Tambi\u00e9n es un regalo excelente para alguien que aprecie el simbolismo espiritual en sus joyas.<\/p>\n<\/li>\n<\/ul>\n<h3 data-start=\"4187\" data-end=\"4213\"><strong data-start=\"4191\" data-end=\"4213\">Instrucciones de cuidado:<\/strong><\/h3>\n<ul data-start=\"4215\" data-end=\"4805\">\n<li data-start=\"4215\" data-end=\"4407\">\n<p data-start=\"4217\" data-end=\"4407\"><strong data-start=\"4217\" data-end=\"4235\">F\u00e1cil de limpiar:<\/strong> To keep the necklace in pristine condition, simply wipe it with a soft cloth to remove dust and dirt. You can also clean the titanium steel chain with mild soap and water.<\/p>\n<\/li>\n<li data-start=\"4408\" data-end=\"4625\">\n<p data-start=\"4410\" data-end=\"4625\"><strong data-start=\"4410\" data-end=\"4436\">Evite los productos qu\u00edmicos agresivos:<\/strong> While titanium is resistant to corrosion, it&#8217;s always a good idea to avoid exposing the necklace to harsh chemicals, such as perfumes, lotions, or cleaning products, to preserve the shine.<\/p>\n<\/li>\n<li data-start=\"4626\" data-end=\"4805\">\n<p data-start=\"4628\" data-end=\"4805\"><strong data-start=\"4628\" data-end=\"4640\">Almacenamiento:<\/strong> Guarde el collar en un <strong data-start=\"4665\" data-end=\"4680\">joyero<\/strong> o <strong data-start=\"4684\" data-end=\"4698\">bolsa blanda<\/strong> to prevent scratches and damage when not in use. This helps keep the pendant and chain looking their best.<\/p>\n<\/li>\n<\/ul>\n<h3 data-start=\"4812\" data-end=\"4873\"><strong data-start=\"4816\" data-end=\"4873\">Why Choose the Jewelry Titanium Steel Cross Necklace?<\/strong><\/h3>\n<ul data-start=\"4875\" data-end=\"5518\">\n<li data-start=\"4875\" data-end=\"5036\">\n<p data-start=\"4877\" data-end=\"5036\"><strong data-start=\"4877\" data-end=\"4902\">Durabilidad y comodidad:<\/strong> Titanium steel provides the perfect balance of <strong data-start=\"4950\" data-end=\"4962\">fuerza<\/strong> y <strong data-start=\"4967\" data-end=\"4990\">ligereza y comodidad<\/strong>, Este collar es ideal para llevarlo todo el d\u00eda.<\/p>\n<\/li>\n<li data-start=\"5037\" data-end=\"5192\">\n<p data-start=\"5039\" data-end=\"5192\"><strong data-start=\"5039\" data-end=\"5065\">Significado simb\u00f3lico:<\/strong> En <strong data-start=\"5070\" data-end=\"5087\">colgante de cruz<\/strong> offers a deep <strong data-start=\"5102\" data-end=\"5126\">conexi\u00f3n espiritual<\/strong>, que sirve de recordatorio de la fe, la esperanza y la protecci\u00f3n.<\/p>\n<\/li>\n<li data-start=\"5193\" data-end=\"5374\">\n<p data-start=\"5195\" data-end=\"5374\"><strong data-start=\"5195\" data-end=\"5216\">Dise\u00f1o vers\u00e1til:<\/strong> Whether you&#8217;re dressing casually or dressing up for a special occasion, this necklace complements a wide range of looks, from everyday wear to formal attire.<\/p>\n<\/li>\n<li data-start=\"5375\" data-end=\"5518\">\n<p data-start=\"5377\" data-end=\"5518\"><strong data-start=\"5377\" data-end=\"5397\">Bajo mantenimiento:<\/strong> Titanium steel requires minimal care, ensuring that your necklace stays looking sleek and shiny without constant upkeep.<\/p>\n<\/li>\n<\/ul>\n<h3 data-start=\"5525\" data-end=\"5544\"><strong data-start=\"5529\" data-end=\"5544\">Conclusi\u00f3n:<\/strong><\/h3>\n<p data-start=\"5546\" data-end=\"6035\" data-is-last-node=\"\" data-is-only-node=\"\">En <strong data-start=\"5550\" data-end=\"5591\">Joyas Titanio Acero Cruz Collar<\/strong> es una hermosa combinaci\u00f3n de <strong data-start=\"5622\" data-end=\"5645\">simbolismo espiritual<\/strong> y <strong data-start=\"5650\" data-end=\"5667\">dise\u00f1o moderno<\/strong>. Con su elegante construcci\u00f3n de acero de titanio, <strong data-start=\"5713\" data-end=\"5724\">duradero<\/strong> cadena, y atemporal <strong data-start=\"5745\" data-end=\"5762\">colgante de cruz<\/strong>, this necklace makes a perfect accessory for anyone who values both style and faith. Whether worn as a daily reminder of your beliefs or as a thoughtful gift for someone special, this necklace is an elegant and meaningful piece of jewelry that will stand the test of time.<\/p>\n<\/div>\n<\/div>\n<\/div>\n<\/div>\n<\/div>\n<\/div>\n<\/article>\n<\/div>","protected":false},"excerpt":{"rendered":"<p>En <strong data-start=\"51\" data-end=\"92\">Joyas Titanio Acero Cruz Collar<\/strong> es un accesorio atemporal y lleno de significado que combina <strong data-start=\"146\" data-end=\"163\">dise\u00f1o moderno<\/strong>, <strong data-start=\"165\" data-end=\"177\">fuerza<\/strong>, y <strong data-start=\"183\" data-end=\"206\">simbolismo espiritual<\/strong>. Fabricado con <strong data-start=\"234\" data-end=\"252\">acero al titanio<\/strong>, Este collar est\u00e1 dise\u00f1ado para resistir el uso diario sin perder su aspecto elegante y pulido. El colgante en forma de cruz a\u00f1ade una profunda conexi\u00f3n espiritual, haciendo de esta pieza un s\u00edmbolo perfecto de fe, resistencia y protecci\u00f3n. Tanto si busca una pieza religiosa como un accesorio de moda o un regalo con un significado profundo, este collar ofrece estilo y sustancia.<\/p>","protected":false},"featured_media":909,"comment_status":"open","ping_status":"closed","template":"","meta":[],"product_brand":[],"product_cat":[38,37],"product_tag":[],"class_list":{"0":"post-904","1":"product","2":"type-product","3":"status-publish","4":"has-post-thumbnail","6":"product_cat-necklaces","7":"product_cat-combo-sets","9":"first","10":"instock","11":"shipping-taxable","12":"product-type-simple"},"_links":{"self":[{"href":"https:\/\/wangshajewelry.com\/es\/wp-json\/wp\/v2\/product\/904","targetHints":{"allow":["GET"]}}],"collection":[{"href":"https:\/\/wangshajewelry.com\/es\/wp-json\/wp\/v2\/product"}],"about":[{"href":"https:\/\/wangshajewelry.com\/es\/wp-json\/wp\/v2\/types\/product"}],"replies":[{"embeddable":true,"href":"https:\/\/wangshajewelry.com\/es\/wp-json\/wp\/v2\/comments?post=904"}],"wp:featuredmedia":[{"embeddable":true,"href":"https:\/\/wangshajewelry.com\/es\/wp-json\/wp\/v2\/media\/909"}],"wp:attachment":[{"href":"https:\/\/wangshajewelry.com\/es\/wp-json\/wp\/v2\/media?parent=904"}],"wp:term":[{"taxonomy":"product_brand","embeddable":true,"href":"https:\/\/wangshajewelry.com\/es\/wp-json\/wp\/v2\/product_brand?post=904"},{"taxonomy":"product_cat","embeddable":true,"href":"https:\/\/wangshajewelry.com\/es\/wp-json\/wp\/v2\/product_cat?post=904"},{"taxonomy":"product_tag","embeddable":true,"href":"https:\/\/wangshajewelry.com\/es\/wp-json\/wp\/v2\/product_tag?post=904"}],"curies":[{"name":"wp","href":"https:\/\/api.w.org\/{rel}","templated":true}]}}