{"id":910,"date":"2025-12-15T08:06:49","date_gmt":"2025-12-15T08:06:49","guid":{"rendered":"https:\/\/wangshajewelry.com\/?post_type=product&#038;p=910"},"modified":"2025-12-15T08:06:49","modified_gmt":"2025-12-15T08:06:49","slug":"pulsera-acero-circonio-2","status":"publish","type":"product","link":"https:\/\/wangshajewelry.com\/es\/product\/pulsera-acero-circonio-2\/","title":{"rendered":"Pulsera de acero con circonitas"},"content":{"rendered":"<div class=\"flex flex-col text-sm @w-xl\/main:pt-header-height pb-25\">\n<article class=\"text-token-text-primary w-full focus:outline-none [--shadow-height:45px] has-data-writing-block:pointer-events-none has-data-writing-block:-mt-(--shadow-height) has-data-writing-block:pt-(--shadow-height) [&amp;:has([data-writing-block])&gt;*]:pointer-events-auto scroll-mt-[calc(var(--header-height)+min(200px,max(70px,20svh)))]\" dir=\"auto\" tabindex=\"-1\" data-turn-id=\"request-WEB:c4ed0205-e3b0-43d2-9ca8-b5814153b264-9\" data-testid=\"conversation-turn-16\" data-scroll-anchor=\"true\" data-turn=\"assistant\">\n<div class=\"text-base my-auto mx-auto pb-10 [--thread-content-margin:--spacing(4)] @w-sm\/main:[--thread-content-margin:--spacing(6)] @w-lg\/main:[--thread-content-margin:--spacing(16)] px-(--thread-content-margin)\">\n<div class=\"[--thread-content-max-width:40rem] @w-lg\/main:[--thread-content-max-width:48rem] mx-auto max-w-(--thread-content-max-width) flex-1 group\/turn-messages focus-visible:outline-hidden relative flex w-full min-w-0 flex-col agent-turn\" tabindex=\"-1\">\n<div class=\"flex max-w-full flex-col grow\">\n<div class=\"min-h-8 text-message relative flex w-full flex-col items-end gap-2 text-start break-words whitespace-normal [.text-message+&amp;]:mt-1\" dir=\"auto\" data-message-author-role=\"assistant\" data-message-id=\"41a996a7-e743-4429-8a92-30615efd7ec2\" data-message-model-slug=\"gpt-5-2\">\n<div class=\"flex w-full flex-col gap-1 empty:hidden first:pt-[1px]\">\n<div class=\"markdown prose dark:prose-invert w-full break-words light markdown-new-styling\">\n<h2 data-start=\"0\" data-end=\"39\"><strong data-start=\"4\" data-end=\"39\">Pulsera de acero con circonitas<\/strong><\/h2>\n<p data-start=\"41\" data-end=\"630\">En <strong data-start=\"45\" data-end=\"80\">Pulsera de acero con circonitas<\/strong> es un accesorio sofisticado y vers\u00e1til que combina la durabilidad atemporal del <strong data-start=\"165\" data-end=\"184\">acero inoxidable<\/strong> con el destello brillante de <strong data-start=\"215\" data-end=\"225\">circ\u00f3n<\/strong> piedras preciosas. Conocida por su <strong data-start=\"251\" data-end=\"261\">brillo<\/strong> y <strong data-start=\"266\" data-end=\"280\">brillo<\/strong>, El circ\u00f3n es una piedra preciosa muy apreciada que rivaliza con los diamantes en su capacidad para captar y reflejar la luz. Esta pulsera a\u00fana estilo moderno y elegancia cl\u00e1sica, lo que la convierte en el accesorio perfecto tanto para ocasiones informales como formales. Tanto si desea darse un capricho como si busca el regalo ideal, esta pulsera ofrece belleza y durabilidad.<\/p>\n<h3 data-start=\"637\" data-end=\"658\"><strong data-start=\"641\" data-end=\"658\">Caracter\u00edsticas principales:<\/strong><\/h3>\n<h4 data-start=\"660\" data-end=\"693\"><strong data-start=\"665\" data-end=\"693\">Acero inoxidable de primera calidad:<\/strong><\/h4>\n<ul data-start=\"694\" data-end=\"1371\">\n<li data-start=\"694\" data-end=\"966\">\n<p data-start=\"696\" data-end=\"966\"><strong data-start=\"696\" data-end=\"722\">Durabilidad y resistencia:<\/strong> La pulsera est\u00e1 fabricada con <strong data-start=\"765\" data-end=\"784\">acero inoxidable<\/strong>, El acero inoxidable es resistente al deslustre, los ara\u00f1azos y la corrosi\u00f3n. El acero inoxidable proporciona una excelente resistencia y durabilidad, garantizando que esta pulsera mantenga su belleza con el paso del tiempo.<\/p>\n<\/li>\n<li data-start=\"967\" data-end=\"1184\">\n<p data-start=\"969\" data-end=\"1184\"><strong data-start=\"969\" data-end=\"988\">Hipoalerg\u00e9nico:<\/strong> El acero inoxidable es naturalmente hipoalerg\u00e9nico, por lo que esta pulsera es una elecci\u00f3n segura para quienes tienen la piel sensible. Puedes llevarla c\u00f3modamente todo el d\u00eda sin preocuparte por irritaciones o alergias.<\/p>\n<\/li>\n<li data-start=\"1185\" data-end=\"1371\">\n<p data-start=\"1187\" data-end=\"1371\"><strong data-start=\"1187\" data-end=\"1207\">Bajo mantenimiento:<\/strong> El acero inoxidable es f\u00e1cil de cuidar y no requiere pulido frecuente. Conserva su brillo con un mantenimiento m\u00ednimo, lo que hace que esta pulsera sea ideal para llevar a diario.<\/p>\n<\/li>\n<\/ul>\n<h4 data-start=\"1373\" data-end=\"1406\"><strong data-start=\"1378\" data-end=\"1406\">Piedras de circ\u00f3n brillante:<\/strong><\/h4>\n<ul data-start=\"1407\" data-end=\"2241\">\n<li data-start=\"1407\" data-end=\"1664\">\n<p data-start=\"1409\" data-end=\"1664\"><strong data-start=\"1409\" data-end=\"1434\">Brillantez chispeante:<\/strong> <strong data-start=\"1435\" data-end=\"1445\">Zirc\u00f3n<\/strong> es conocida por su impresionante <strong data-start=\"1472\" data-end=\"1481\">brillo<\/strong> y <strong data-start=\"1486\" data-end=\"1494\">fuego<\/strong>, por lo que es una excelente alternativa a los diamantes. Las piedras de circ\u00f3n utilizadas en esta pulsera a\u00f1aden un toque de lujo y elegancia con sus deslumbrantes reflejos en la luz.<\/p>\n<\/li>\n<li data-start=\"1665\" data-end=\"2004\">\n<p data-start=\"1667\" data-end=\"2004\"><strong data-start=\"1667\" data-end=\"1696\">Opciones claras y coloridas:<\/strong> El circ\u00f3n est\u00e1 disponible en una amplia gama de colores, desde las tradicionales piedras transparentes hasta tonos vibrantes como el circonio. <strong data-start=\"1783\" data-end=\"1791\">azul<\/strong>, <strong data-start=\"1793\" data-end=\"1800\">rojo<\/strong>, <strong data-start=\"1802\" data-end=\"1811\">verde<\/strong>, y <strong data-start=\"1817\" data-end=\"1827\">amarillo<\/strong>. Tanto si prefiere el brillo cl\u00e1sico del circ\u00f3n blanco como la riqueza de las piedras de color, el <strong data-start=\"1923\" data-end=\"1958\">Pulsera de acero con circonitas<\/strong> ofrece un bonito dise\u00f1o que se adapta a su estilo.<\/p>\n<\/li>\n<li data-start=\"2005\" data-end=\"2241\">\n<p data-start=\"2007\" data-end=\"2241\"><strong data-start=\"2007\" data-end=\"2032\">Entorno de alta calidad:<\/strong> Las piedras de circ\u00f3n est\u00e1n firmemente engarzadas en la pulsera, lo que garantiza que permanezcan en su sitio y conserven su brillo con el paso del tiempo. Las piedras est\u00e1n talladas para realzar su brillo, garantizando un efecto deslumbrante cuando se llevan puestas.<\/p>\n<\/li>\n<\/ul>\n<h4 data-start=\"2243\" data-end=\"2267\"><strong data-start=\"2248\" data-end=\"2267\">Dise\u00f1o elegante:<\/strong><\/h4>\n<ul data-start=\"2268\" data-end=\"3140\">\n<li data-start=\"2268\" data-end=\"2584\">\n<p data-start=\"2270\" data-end=\"2584\"><strong data-start=\"2270\" data-end=\"2289\">Elegante y moderno:<\/strong> La pulsera presenta un <strong data-start=\"2314\" data-end=\"2323\">elegante<\/strong>, <strong data-start=\"2325\" data-end=\"2348\">dise\u00f1o contempor\u00e1neo<\/strong> con piedras de circ\u00f3n dispuestas en un llamativo patr\u00f3n sim\u00e9trico. Tanto si las piedras est\u00e1n engastadas en un <strong data-start=\"2450\" data-end=\"2458\">l\u00ednea<\/strong>, <strong data-start=\"2460\" data-end=\"2471\">grupo<\/strong>, o <strong data-start=\"2476\" data-end=\"2491\">dise\u00f1o halo<\/strong>, La disposici\u00f3n resalta el brillo de la circonita, ofreciendo un aspecto limpio y elegante a la vez.<\/p>\n<\/li>\n<li data-start=\"2585\" data-end=\"2881\">\n<p data-start=\"2587\" data-end=\"2881\"><strong data-start=\"2587\" data-end=\"2606\">Uso vers\u00e1til:<\/strong> Tanto si lo combinas con un atuendo informal como si te arreglas para un evento formal, el <strong data-start=\"2693\" data-end=\"2728\">Pulsera de acero con circonitas<\/strong> es el accesorio perfecto. Su dise\u00f1o atemporal lo hace adaptable a cualquier ocasi\u00f3n, a\u00f1adiendo un toque de brillo y refinamiento tanto a la ropa de d\u00eda como a la de noche.<\/p>\n<\/li>\n<li data-start=\"2882\" data-end=\"3140\">\n<p data-start=\"2884\" data-end=\"3140\"><strong data-start=\"2884\" data-end=\"2903\">Ajuste regulable:<\/strong> Muchos dise\u00f1os vienen con un <strong data-start=\"2930\" data-end=\"2950\">cadena ajustable<\/strong> o <strong data-start=\"2954\" data-end=\"2963\">cierre<\/strong>, La pulsera puede ajustarse a su gusto para mayor comodidad y estilo. Tanto si prefiere un ajuste ce\u00f1ido como un aspecto ligeramente m\u00e1s holgado, esta pulsera puede adaptarse a sus preferencias.<\/p>\n<\/li>\n<\/ul>\n<h4 data-start=\"3142\" data-end=\"3164\"><strong data-start=\"3147\" data-end=\"3164\">Cierre seguro:<\/strong><\/h4>\n<ul data-start=\"3165\" data-end=\"3405\">\n<li data-start=\"3165\" data-end=\"3405\">\n<p data-start=\"3167\" data-end=\"3405\"><strong data-start=\"3167\" data-end=\"3188\">Cierre fiable:<\/strong> La pulsera est\u00e1 equipada con un <strong data-start=\"3221\" data-end=\"3237\">cierre de seguridad<\/strong>, como un <strong data-start=\"3249\" data-end=\"3266\">cierre de langosta<\/strong> o <strong data-start=\"3270\" data-end=\"3283\">cierre de caja<\/strong>, El cierre es f\u00e1cil de usar y est\u00e1 dise\u00f1ado para ofrecer seguridad y estilo. El cierre es f\u00e1cil de usar y est\u00e1 dise\u00f1ado para ofrecer seguridad y estilo.<\/p>\n<\/li>\n<\/ul>\n<h3 data-start=\"3412\" data-end=\"3432\"><strong data-start=\"3416\" data-end=\"3432\">Perfecto para:<\/strong><\/h3>\n<ul data-start=\"3434\" data-end=\"4204\">\n<li data-start=\"3434\" data-end=\"3683\">\n<p data-start=\"3436\" data-end=\"3683\"><strong data-start=\"3436\" data-end=\"3458\">Elegancia cotidiana:<\/strong> Con su combinaci\u00f3n de resistente acero inoxidable y brillantes piedras de circ\u00f3n, esta pulsera a\u00f1ade un toque de lujo a su conjunto diario. Es perfecta para el trabajo, salidas informales o cuando quieras elevar tu look diario.<\/p>\n<\/li>\n<li data-start=\"3684\" data-end=\"3958\">\n<p data-start=\"3686\" data-end=\"3958\"><strong data-start=\"3686\" data-end=\"3708\">Ocasiones especiales:<\/strong> El impresionante brillo de las piedras de circ\u00f3n hace de esta pulsera un accesorio ideal para eventos formales, bodas, fiestas o citas nocturnas. Su elegancia y dise\u00f1o atemporal le permiten complementar a la perfecci\u00f3n tanto <strong data-start=\"3916\" data-end=\"3936\">vestidos de c\u00f3ctel<\/strong> y <strong data-start=\"3941\" data-end=\"3957\">trajes formales<\/strong>.<\/p>\n<\/li>\n<li data-start=\"3959\" data-end=\"4204\">\n<p data-start=\"3961\" data-end=\"4204\"><strong data-start=\"3961\" data-end=\"3975\">Idea de regalo:<\/strong> En <strong data-start=\"3980\" data-end=\"4015\">Pulsera de acero con circonitas<\/strong> es un excelente <strong data-start=\"4035\" data-end=\"4043\">regalo<\/strong> para cumplea\u00f1os, aniversarios, vacaciones o cualquier ocasi\u00f3n especial. Su vers\u00e1til dise\u00f1o y sus brillantes circonitas impresionar\u00e1n y encantar\u00e1n a quien lo reciba.<\/p>\n<\/li>\n<\/ul>\n<h3 data-start=\"4211\" data-end=\"4237\"><strong data-start=\"4215\" data-end=\"4237\">Instrucciones de cuidado:<\/strong><\/h3>\n<ul data-start=\"4239\" data-end=\"4910\">\n<li data-start=\"4239\" data-end=\"4456\">\n<p data-start=\"4241\" data-end=\"4456\"><strong data-start=\"4241\" data-end=\"4261\">Limpiar regularmente:<\/strong> Para mantener el brillo de la pulsera y sus piedras de circ\u00f3n, l\u00edmpiela suavemente con un <strong data-start=\"4346\" data-end=\"4360\">pa\u00f1o suave<\/strong>. Puede utilizar una soluci\u00f3n jabonosa suave y agua para limpiar la suciedad y los aceites, y luego secarlo bien.<\/p>\n<\/li>\n<li data-start=\"4457\" data-end=\"4701\">\n<p data-start=\"4459\" data-end=\"4701\"><strong data-start=\"4459\" data-end=\"4485\">Evite los productos qu\u00edmicos agresivos:<\/strong> Aunque el acero inoxidable es resistente a la oxidaci\u00f3n y el deslustre, es mejor evitar exponer la pulsera a productos qu\u00edmicos agresivos como perfumes, lociones o productos de limpieza, que podr\u00edan afectar al brillo de las piedras de circ\u00f3n.<\/p>\n<\/li>\n<li data-start=\"4702\" data-end=\"4910\">\n<p data-start=\"4704\" data-end=\"4910\"><strong data-start=\"4704\" data-end=\"4716\">Almacenamiento:<\/strong> Guarde la pulsera en un <strong data-start=\"4741\" data-end=\"4756\">joyero<\/strong> o <strong data-start=\"4760\" data-end=\"4774\">bolsa blanda<\/strong> cuando no est\u00e9 en uso para protegerlo de ara\u00f1azos y da\u00f1os. Guardarlo en un lugar seguro garantiza que se mantenga en perfectas condiciones durante a\u00f1os.<\/p>\n<\/li>\n<\/ul>\n<h3 data-start=\"4917\" data-end=\"4972\"><strong data-start=\"4921\" data-end=\"4972\">\u00bfPor qu\u00e9 elegir la pulsera de acero inoxidable con circonitas?<\/strong><\/h3>\n<ul data-start=\"4974\" data-end=\"5823\">\n<li data-start=\"4974\" data-end=\"5195\">\n<p data-start=\"4976\" data-end=\"5195\"><strong data-start=\"4976\" data-end=\"5003\">Duradero y de larga duraci\u00f3n:<\/strong> La alta calidad <strong data-start=\"5021\" data-end=\"5040\">acero inoxidable<\/strong> garantiza que la pulsera mantendr\u00e1 su belleza y resistencia, mientras que el <strong data-start=\"5111\" data-end=\"5121\">circ\u00f3n<\/strong> a\u00f1aden un nivel de elegancia y brillo que puede disfrutarse durante a\u00f1os.<\/p>\n<\/li>\n<li data-start=\"5196\" data-end=\"5390\">\n<p data-start=\"5198\" data-end=\"5390\"><strong data-start=\"5198\" data-end=\"5218\">Estilo vers\u00e1til:<\/strong> Su dise\u00f1o elegante y sencillo hace que la pulsera sea adecuada para cualquier ocasi\u00f3n, tanto si te vistes para un evento especial como si quieres a\u00f1adir un toque de brillo a tu look diario.<\/p>\n<\/li>\n<li data-start=\"5391\" data-end=\"5606\">\n<p data-start=\"5393\" data-end=\"5606\"><strong data-start=\"5393\" data-end=\"5426\">Hipoalerg\u00e9nico y c\u00f3modo:<\/strong> Las propiedades hipoalerg\u00e9nicas del acero inoxidable garantizan un uso c\u00f3modo para las personas con piel sensible, mientras que su ligereza hace que sea f\u00e1cil de llevar durante todo el d\u00eda.<\/p>\n<\/li>\n<li data-start=\"5607\" data-end=\"5823\">\n<p data-start=\"5609\" data-end=\"5823\"><strong data-start=\"5609\" data-end=\"5629\">Bajo mantenimiento:<\/strong> La resistencia del acero inoxidable al deslustre y la durabilidad de las circonitas hacen de esta pulsera <strong data-start=\"5716\" data-end=\"5736\">f\u00e1cil de cuidar<\/strong> y mantener, lo que le permite disfrutar de su belleza sin preocuparse de un mantenimiento constante.<\/p>\n<\/li>\n<\/ul>\n<h3 data-start=\"5830\" data-end=\"5849\"><strong data-start=\"5834\" data-end=\"5849\">Conclusi\u00f3n:<\/strong><\/h3>\n<p data-start=\"5851\" data-end=\"6390\" data-is-last-node=\"\" data-is-only-node=\"\">En <strong data-start=\"5855\" data-end=\"5890\">Pulsera de acero con circonitas<\/strong> es una fusi\u00f3n perfecta de fuerza, elegancia y belleza deslumbrante. Con el brillante destello de las gemas de circ\u00f3n engastadas en resistente acero inoxidable, esta pulsera es una pieza atemporal que puede complementar cualquier atuendo. Tanto si busca un accesorio para llevar a diario como una pieza deslumbrante para ocasiones especiales, el <strong data-start=\"6212\" data-end=\"6247\">Pulsera de acero con circonitas<\/strong> ofrece <strong data-start=\"6262\" data-end=\"6271\">estilo<\/strong> y <strong data-start=\"6276\" data-end=\"6289\">sustancia<\/strong>. Su versatilidad, durabilidad y llamativo dise\u00f1o lo convierten en un elemento imprescindible en cualquier colecci\u00f3n de joyas.<\/p>\n<\/div>\n<\/div>\n<\/div>\n<\/div>\n<div class=\"z-0 flex min-h-[46px] justify-start\"><\/div>\n<\/div>\n<\/div>\n<\/article>\n<\/div>\n<div class=\"pointer-events-none h-px w-px absolute bottom-0\" aria-hidden=\"true\" data-edge=\"true\"><\/div>","protected":false},"excerpt":{"rendered":"<p>En <strong data-start=\"45\" data-end=\"80\">Pulsera de acero con circonitas<\/strong> es un accesorio sofisticado y vers\u00e1til que combina la durabilidad atemporal del <strong data-start=\"165\" data-end=\"184\">acero inoxidable<\/strong> con el destello brillante de <strong data-start=\"215\" data-end=\"225\">circ\u00f3n<\/strong> piedras preciosas. Conocida por su <strong data-start=\"251\" data-end=\"261\">brillo<\/strong> y <strong data-start=\"266\" data-end=\"280\">brillo<\/strong>, El circ\u00f3n es una piedra preciosa muy apreciada que rivaliza con los diamantes en su capacidad para captar y reflejar la luz. Esta pulsera a\u00fana estilo moderno y elegancia cl\u00e1sica, lo que la convierte en el accesorio perfecto tanto para ocasiones informales como formales. Tanto si desea darse un capricho como si busca el regalo ideal, esta pulsera ofrece belleza y durabilidad.<\/p>","protected":false},"featured_media":915,"comment_status":"open","ping_status":"closed","template":"","meta":[],"product_brand":[],"product_cat":[36,37],"product_tag":[],"class_list":{"0":"post-910","1":"product","2":"type-product","3":"status-publish","4":"has-post-thumbnail","6":"product_cat-bracelets","7":"product_cat-combo-sets","9":"first","10":"instock","11":"shipping-taxable","12":"product-type-simple"},"_links":{"self":[{"href":"https:\/\/wangshajewelry.com\/es\/wp-json\/wp\/v2\/product\/910","targetHints":{"allow":["GET"]}}],"collection":[{"href":"https:\/\/wangshajewelry.com\/es\/wp-json\/wp\/v2\/product"}],"about":[{"href":"https:\/\/wangshajewelry.com\/es\/wp-json\/wp\/v2\/types\/product"}],"replies":[{"embeddable":true,"href":"https:\/\/wangshajewelry.com\/es\/wp-json\/wp\/v2\/comments?post=910"}],"wp:featuredmedia":[{"embeddable":true,"href":"https:\/\/wangshajewelry.com\/es\/wp-json\/wp\/v2\/media\/915"}],"wp:attachment":[{"href":"https:\/\/wangshajewelry.com\/es\/wp-json\/wp\/v2\/media?parent=910"}],"wp:term":[{"taxonomy":"product_brand","embeddable":true,"href":"https:\/\/wangshajewelry.com\/es\/wp-json\/wp\/v2\/product_brand?post=910"},{"taxonomy":"product_cat","embeddable":true,"href":"https:\/\/wangshajewelry.com\/es\/wp-json\/wp\/v2\/product_cat?post=910"},{"taxonomy":"product_tag","embeddable":true,"href":"https:\/\/wangshajewelry.com\/es\/wp-json\/wp\/v2\/product_tag?post=910"}],"curies":[{"name":"wp","href":"https:\/\/api.w.org\/{rel}","templated":true}]}}