{"id":916,"date":"2025-12-15T14:00:08","date_gmt":"2025-12-15T14:00:08","guid":{"rendered":"https:\/\/wangshajewelry.com\/?post_type=product&#038;p=916"},"modified":"2025-12-15T14:00:08","modified_gmt":"2025-12-15T14:00:08","slug":"pendientes-de-acero-inoxidable-con-circonitas-estilo-light","status":"publish","type":"product","link":"https:\/\/wangshajewelry.com\/es\/product\/pendientes-de-acero-inoxidable-con-circonitas-estilo-light\/","title":{"rendered":"Pendientes Light Style de acero inoxidable con circonitas"},"content":{"rendered":"<h2 data-start=\"0\" data-end=\"51\"><strong data-start=\"4\" data-end=\"51\">Pendientes Light Style de acero inoxidable con circonitas<\/strong><\/h2>\n<p data-start=\"53\" data-end=\"554\">En <strong data-start=\"57\" data-end=\"104\">Pendientes Light Style de acero inoxidable con circonitas<\/strong> combinan una elegancia discreta con un dise\u00f1o moderno, ofreciendo un <strong data-start=\"165\" data-end=\"191\">delicado pero chispeante<\/strong> que a\u00f1ade un sutil toque de lujo a cualquier atuendo. Fabricado en <strong data-start=\"265\" data-end=\"292\">acero inoxidable de primera calidad<\/strong> y adornado con <strong data-start=\"310\" data-end=\"337\">piedras brillantes de circ\u00f3n<\/strong>, Estos pendientes proporcionan <strong data-start=\"367\" data-end=\"381\">durabilidad<\/strong> y <strong data-start=\"386\" data-end=\"405\">belleza atemporal<\/strong>. Perfectos para cualquier ocasi\u00f3n, desde ropa informal hasta eventos formales, estos pendientes aportan un toque sofisticado a cualquier ocasi\u00f3n. <strong data-start=\"509\" data-end=\"517\">resplandor<\/strong> que realza su luminosidad natural.<\/p>\n<h3 data-start=\"561\" data-end=\"582\"><strong data-start=\"565\" data-end=\"582\">Caracter\u00edsticas principales:<\/strong><\/h3>\n<h4 data-start=\"584\" data-end=\"617\"><strong data-start=\"589\" data-end=\"617\">Acero inoxidable de primera calidad:<\/strong><\/h4>\n<ul data-start=\"618\" data-end=\"1267\">\n<li data-start=\"618\" data-end=\"898\">\n<p data-start=\"620\" data-end=\"898\"><strong data-start=\"620\" data-end=\"649\">Duradero e hipoalerg\u00e9nico:<\/strong> Fabricado con materiales de alta calidad <strong data-start=\"673\" data-end=\"692\">acero inoxidable<\/strong>, Estos pendientes son muy resistentes al deslustre, el \u00f3xido y la corrosi\u00f3n. Tambi\u00e9n son <strong data-start=\"780\" data-end=\"798\">hipoalerg\u00e9nico<\/strong>, Por ello, son perfectas para las personas con piel sensible y garantizan comodidad y seguridad durante todo el d\u00eda.<\/p>\n<\/li>\n<li data-start=\"899\" data-end=\"1093\">\n<p data-start=\"901\" data-end=\"1093\"><strong data-start=\"901\" data-end=\"931\">Ligero y c\u00f3modo:<\/strong> A pesar de su llamativo dise\u00f1o, el acero inoxidable es un material ligero, por lo que estos pendientes son f\u00e1ciles y c\u00f3modos de llevar sin que resulten pesados o inc\u00f3modos.<\/p>\n<\/li>\n<li data-start=\"1094\" data-end=\"1267\">\n<p data-start=\"1096\" data-end=\"1267\"><strong data-start=\"1096\" data-end=\"1116\">Bajo mantenimiento:<\/strong> El acero inoxidable es conocido por su <strong data-start=\"1150\" data-end=\"1169\">bajo mantenimiento<\/strong> manteniendo su aspecto brillante sin necesidad de limpieza o pulido constantes.<\/p>\n<\/li>\n<\/ul>\n<h4 data-start=\"1269\" data-end=\"1302\"><strong data-start=\"1274\" data-end=\"1302\">Piedras de circ\u00f3n brillante:<\/strong><\/h4>\n<ul data-start=\"1303\" data-end=\"1998\">\n<li data-start=\"1303\" data-end=\"1590\">\n<p data-start=\"1305\" data-end=\"1590\"><strong data-start=\"1305\" data-end=\"1326\">Destello deslumbrante:<\/strong> <strong data-start=\"1327\" data-end=\"1337\">Zirc\u00f3n<\/strong> es famosa por su <strong data-start=\"1356\" data-end=\"1370\">brillo<\/strong> y capacidad para reflejar la luz, lo que la convierte en una opci\u00f3n ideal para crear un brillo hermoso y llamativo. Estas piedras imitan el brillo de los diamantes, a\u00f1adiendo un toque lujoso a los pendientes sin su elevado precio.<\/p>\n<\/li>\n<li data-start=\"1591\" data-end=\"1819\">\n<p data-start=\"1593\" data-end=\"1819\"><strong data-start=\"1593\" data-end=\"1622\">Opciones claras y coloridas:<\/strong> Aunque las piedras de circ\u00f3n transparentes son las m\u00e1s comunes, estos pendientes pueden llevar <strong data-start=\"1693\" data-end=\"1711\">circ\u00f3n de color<\/strong>, incluidos tonos suaves de azul, rosa, verde o amarillo, que ofrecen una est\u00e9tica m\u00e1s personalizada y vibrante.<\/p>\n<\/li>\n<li data-start=\"1820\" data-end=\"1998\">\n<p data-start=\"1822\" data-end=\"1998\"><strong data-start=\"1822\" data-end=\"1841\">Ajuste seguro:<\/strong> Las piedras de circ\u00f3n se engarzan cuidadosamente en el acero inoxidable con precisi\u00f3n, garantizando que permanezcan en su sitio y realzando su brillo con el paso del tiempo.<\/p>\n<\/li>\n<\/ul>\n<h4 data-start=\"2000\" data-end=\"2032\"><strong data-start=\"2005\" data-end=\"2032\">Dise\u00f1o ligero y elegante:<\/strong><\/h4>\n<ul data-start=\"2033\" data-end=\"2913\">\n<li data-start=\"2033\" data-end=\"2383\">\n<p data-start=\"2035\" data-end=\"2383\"><strong data-start=\"2035\" data-end=\"2059\">Minimalista y moderno:<\/strong> Los pendientes presentan un, <strong data-start=\"2090\" data-end=\"2111\">dise\u00f1o minimalista<\/strong> que se centra en el brillo de las piedras de circ\u00f3n y la suave elegancia del acero inoxidable. Este <strong data-start=\"2214\" data-end=\"2229\">estilo ligero<\/strong> garantiza que los pendientes sean adecuados tanto para <strong data-start=\"2278\" data-end=\"2294\">ropa de d\u00eda<\/strong> y <strong data-start=\"2299\" data-end=\"2320\">ocasiones especiales<\/strong>, El resultado es el brillo justo sin ser demasiado atrevido.<\/p>\n<\/li>\n<li data-start=\"2384\" data-end=\"2709\">\n<p data-start=\"2386\" data-end=\"2709\"><strong data-start=\"2386\" data-end=\"2406\">Forma vers\u00e1til:<\/strong> Ya sea en forma de <strong data-start=\"2430\" data-end=\"2439\">tacos<\/strong>, <strong data-start=\"2441\" data-end=\"2450\">aros<\/strong>, o <strong data-start=\"2455\" data-end=\"2474\">pendientes colgantes<\/strong>, El dise\u00f1o de estos pendientes de circonitas los hace incre\u00edblemente vers\u00e1tiles y f\u00e1ciles de combinar con cualquier atuendo, ya sea informal o formal. Su aspecto sencillo pero refinado es perfecto para llevar a diario o como accesorio para vestir ocasiones especiales.<\/p>\n<\/li>\n<li data-start=\"2710\" data-end=\"2913\">\n<p data-start=\"2712\" data-end=\"2913\"><strong data-start=\"2712\" data-end=\"2732\">Atractivo atemporal:<\/strong> La combinaci\u00f3n de acero inoxidable y circonitas crea una est\u00e9tica sofisticada y atemporal, garantizando que estos pendientes puedan llevarse durante a\u00f1os sin pasar nunca de moda.<\/p>\n<\/li>\n<\/ul>\n<h4 data-start=\"2915\" data-end=\"2954\"><strong data-start=\"2920\" data-end=\"2954\">Cierre seguro y f\u00e1cil de llevar:<\/strong><\/h4>\n<ul data-start=\"2955\" data-end=\"3343\">\n<li data-start=\"2955\" data-end=\"3191\">\n<p data-start=\"2957\" data-end=\"3191\"><strong data-start=\"2957\" data-end=\"2976\">Cierre fiable:<\/strong> Los pendientes vienen con un <strong data-start=\"3011\" data-end=\"3030\">cierre mariposa<\/strong> o <strong data-start=\"3034\" data-end=\"3047\">push-back<\/strong> (para esp\u00e1rragos) o un <strong data-start=\"3073\" data-end=\"3090\">cierre de langosta<\/strong> (para aros o colgantes), para que permanezcan bien sujetos a las orejas durante todo el d\u00eda o la noche.<\/p>\n<\/li>\n<li data-start=\"3192\" data-end=\"3343\">\n<p data-start=\"3194\" data-end=\"3343\"><strong data-start=\"3194\" data-end=\"3213\">F\u00e1cil de poner:<\/strong> Los cierres sencillos pero seguros hacen que estos pendientes sean f\u00e1ciles de poner y quitar, ofreciendo una experiencia c\u00f3moda y sin complicaciones.<\/p>\n<\/li>\n<\/ul>\n<h3 data-start=\"3350\" data-end=\"3370\"><strong data-start=\"3354\" data-end=\"3370\">Perfecto para:<\/strong><\/h3>\n<ul data-start=\"3372\" data-end=\"4187\">\n<li data-start=\"3372\" data-end=\"3653\">\n<p data-start=\"3374\" data-end=\"3653\"><strong data-start=\"3374\" data-end=\"3396\">Elegancia cotidiana:<\/strong> Estos <strong data-start=\"3403\" data-end=\"3450\">Pendientes Light Style de acero inoxidable con circonitas<\/strong> son perfectas para a\u00f1adir un toque de glamour a tu look diario. Ya est\u00e9s en la oficina, haciendo recados o saliendo con los amigos, aportan la cantidad justa de brillo para realzar tu atuendo.<\/p>\n<\/li>\n<li data-start=\"3654\" data-end=\"3909\">\n<p data-start=\"3656\" data-end=\"3909\"><strong data-start=\"3656\" data-end=\"3678\">Ocasiones especiales:<\/strong> El sutil brillo de las piedras de circ\u00f3n hace de estos pendientes una excelente elecci\u00f3n para eventos formales, <strong data-start=\"3778\" data-end=\"3789\">fiestas<\/strong>, <strong data-start=\"3791\" data-end=\"3803\">bodas<\/strong>, o <strong data-start=\"3808\" data-end=\"3823\">noches de cita<\/strong>. Su versatilidad les permite complementar tanto <strong data-start=\"3874\" data-end=\"3884\">casual<\/strong> y <strong data-start=\"3889\" data-end=\"3900\">elegante<\/strong> trajes.<\/p>\n<\/li>\n<li data-start=\"3910\" data-end=\"4187\">\n<p data-start=\"3912\" data-end=\"4187\"><strong data-start=\"3912\" data-end=\"3922\">Regalos:<\/strong> Ya sea por un cumplea\u00f1os, <strong data-start=\"3947\" data-end=\"3962\">aniversario<\/strong>, <strong data-start=\"3964\" data-end=\"3978\">graduaci\u00f3n<\/strong>, o en cualquier otra ocasi\u00f3n especial, estos pendientes son un regalo perfecto para alguien que aprecia tanto la naturaleza como el arte. <strong data-start=\"4082\" data-end=\"4091\">estilo<\/strong> y <strong data-start=\"4096\" data-end=\"4113\">funcionalidad<\/strong>. Su dise\u00f1o atemporal garantiza que ser\u00e1n apreciados durante a\u00f1os.<\/p>\n<\/li>\n<\/ul>\n<h3 data-start=\"4194\" data-end=\"4220\"><strong data-start=\"4198\" data-end=\"4220\">Instrucciones de cuidado:<\/strong><\/h3>\n<ul data-start=\"4222\" data-end=\"4951\">\n<li data-start=\"4222\" data-end=\"4467\">\n<p data-start=\"4224\" data-end=\"4467\"><strong data-start=\"4224\" data-end=\"4244\">Limpiar regularmente:<\/strong> Para mantener el brillo de los pendientes, l\u00edmpielos suavemente con un <strong data-start=\"4303\" data-end=\"4317\">pa\u00f1o suave<\/strong>. Para una limpieza m\u00e1s profunda, utilice una soluci\u00f3n jabonosa suave con agua tibia y un cepillo suave para eliminar la suciedad y los aceites. Aseg\u00farate de secarlas bien despu\u00e9s.<\/p>\n<\/li>\n<li data-start=\"4468\" data-end=\"4723\">\n<p data-start=\"4470\" data-end=\"4723\"><strong data-start=\"4470\" data-end=\"4496\">Evite los productos qu\u00edmicos agresivos:<\/strong> Aunque el acero inoxidable es duradero, es mejor evitar exponer los pendientes a productos qu\u00edmicos agresivos, como perfumes, lociones y productos de limpieza, para conservar su brillo y evitar que las piedras de circ\u00f3n pierdan su brillantez.<\/p>\n<\/li>\n<li data-start=\"4724\" data-end=\"4951\">\n<p data-start=\"4726\" data-end=\"4951\"><strong data-start=\"4726\" data-end=\"4745\">Almacenar correctamente:<\/strong> Cuando no los utilice, guarde los pendientes en un <strong data-start=\"4787\" data-end=\"4802\">joyero<\/strong> o <strong data-start=\"4806\" data-end=\"4820\">bolsa blanda<\/strong> para evitar ara\u00f1azos y que las piedras de circ\u00f3n se da\u00f1en. Esto tambi\u00e9n ayudar\u00e1 a evitar que el dise\u00f1o se enrede o se doble.<\/p>\n<\/li>\n<\/ul>\n<h3 data-start=\"4958\" data-end=\"5025\"><strong data-start=\"4962\" data-end=\"5025\">\u00bfPor qu\u00e9 elegir los pendientes de acero inoxidable Light Style con circonitas?<\/strong><\/h3>\n<ul data-start=\"5027\" data-end=\"5864\">\n<li data-start=\"5027\" data-end=\"5203\">\n<p data-start=\"5029\" data-end=\"5203\"><strong data-start=\"5029\" data-end=\"5056\">Elegancia en la sencillez:<\/strong> Su dise\u00f1o minimalista y el llamativo brillo de las circonitas hacen de estos pendientes la elecci\u00f3n perfecta para cualquiera que aprecie <strong data-start=\"5180\" data-end=\"5202\">lujo discreto<\/strong>.<\/p>\n<\/li>\n<li data-start=\"5204\" data-end=\"5441\">\n<p data-start=\"5206\" data-end=\"5441\"><strong data-start=\"5206\" data-end=\"5231\">Durabilidad y comodidad:<\/strong> Hecho de <strong data-start=\"5242\" data-end=\"5276\">acero inoxidable hipoalerg\u00e9nico<\/strong>, Estos pendientes son c\u00f3modos y duraderos. No se empa\u00f1an, oxidan ni pierden brillo, lo que los convierte en un valioso complemento para su colecci\u00f3n de joyas.<\/p>\n<\/li>\n<li data-start=\"5442\" data-end=\"5683\">\n<p data-start=\"5444\" data-end=\"5683\"><strong data-start=\"5444\" data-end=\"5465\">Dise\u00f1o vers\u00e1til:<\/strong> Estos pendientes pueden combinarse con todo, desde conjuntos informales hasta elegantes trajes de noche. Tanto si quieres a\u00f1adir un brillo sutil a tu atuendo de trabajo como vestirte para un evento especial, estos pendientes realzan cualquier look.<\/p>\n<\/li>\n<li data-start=\"5684\" data-end=\"5864\">\n<p data-start=\"5686\" data-end=\"5864\"><strong data-start=\"5686\" data-end=\"5706\">Bajo mantenimiento:<\/strong> Gracias a su fabricaci\u00f3n en acero inoxidable de f\u00e1cil mantenimiento, estos pendientes son perfectos para quienes desean joyas con estilo sin necesidad de un mantenimiento constante.<\/p>\n<\/li>\n<\/ul>\n<h3 data-start=\"5871\" data-end=\"5890\"><strong data-start=\"5875\" data-end=\"5890\">Conclusi\u00f3n:<\/strong><\/h3>\n<p data-start=\"5892\" data-end=\"6438\" data-is-last-node=\"\" data-is-only-node=\"\">En <strong data-start=\"5896\" data-end=\"5943\">Pendientes Light Style de acero inoxidable con circonitas<\/strong> son la combinaci\u00f3n perfecta de <strong data-start=\"5975\" data-end=\"5996\">elegancia atemporal<\/strong> y <strong data-start=\"6001\" data-end=\"6017\">encanto moderno<\/strong>. Las brillantes piedras de circ\u00f3n ofrecen un destello deslumbrante, mientras que el resistente acero inoxidable garantiza que los pendientes duren muchos a\u00f1os. Tanto si se llevan a diario como en una ocasi\u00f3n especial, estos pendientes a\u00f1aden un toque sofisticado a cualquier atuendo. Con sus <strong data-start=\"6269\" data-end=\"6289\">dise\u00f1o vers\u00e1til<\/strong>, <strong data-start=\"6291\" data-end=\"6302\">confort<\/strong>, y <strong data-start=\"6308\" data-end=\"6332\">cuidado de bajo mantenimiento<\/strong>, son una adici\u00f3n esencial a cualquier colecci\u00f3n de joyas y un regalo bien pensado para alguien especial.<\/p>","protected":false},"excerpt":{"rendered":"<p>En <strong data-start=\"57\" data-end=\"104\">Pendientes Light Style de acero inoxidable con circonitas<\/strong> combinan una elegancia discreta con un dise\u00f1o moderno, ofreciendo un <strong data-start=\"165\" data-end=\"191\">delicado pero chispeante<\/strong> que a\u00f1ade un sutil toque de lujo a cualquier atuendo. Fabricado en <strong data-start=\"265\" data-end=\"292\">acero inoxidable de primera calidad<\/strong> y adornado con <strong data-start=\"310\" data-end=\"337\">piedras brillantes de circ\u00f3n<\/strong>, Estos pendientes proporcionan <strong data-start=\"367\" data-end=\"381\">durabilidad<\/strong> y <strong data-start=\"386\" data-end=\"405\">belleza atemporal<\/strong>. Perfectos para cualquier ocasi\u00f3n, desde ropa informal hasta eventos formales, estos pendientes aportan un toque sofisticado a cualquier ocasi\u00f3n. <strong data-start=\"509\" data-end=\"517\">resplandor<\/strong> que realza su luminosidad natural.<\/p>","protected":false},"featured_media":921,"comment_status":"open","ping_status":"closed","template":"","meta":[],"product_brand":[],"product_cat":[20],"product_tag":[],"class_list":{"0":"post-916","1":"product","2":"type-product","3":"status-publish","4":"has-post-thumbnail","6":"product_cat-ear-rings","8":"first","9":"instock","10":"shipping-taxable","11":"product-type-simple"},"_links":{"self":[{"href":"https:\/\/wangshajewelry.com\/es\/wp-json\/wp\/v2\/product\/916","targetHints":{"allow":["GET"]}}],"collection":[{"href":"https:\/\/wangshajewelry.com\/es\/wp-json\/wp\/v2\/product"}],"about":[{"href":"https:\/\/wangshajewelry.com\/es\/wp-json\/wp\/v2\/types\/product"}],"replies":[{"embeddable":true,"href":"https:\/\/wangshajewelry.com\/es\/wp-json\/wp\/v2\/comments?post=916"}],"wp:featuredmedia":[{"embeddable":true,"href":"https:\/\/wangshajewelry.com\/es\/wp-json\/wp\/v2\/media\/921"}],"wp:attachment":[{"href":"https:\/\/wangshajewelry.com\/es\/wp-json\/wp\/v2\/media?parent=916"}],"wp:term":[{"taxonomy":"product_brand","embeddable":true,"href":"https:\/\/wangshajewelry.com\/es\/wp-json\/wp\/v2\/product_brand?post=916"},{"taxonomy":"product_cat","embeddable":true,"href":"https:\/\/wangshajewelry.com\/es\/wp-json\/wp\/v2\/product_cat?post=916"},{"taxonomy":"product_tag","embeddable":true,"href":"https:\/\/wangshajewelry.com\/es\/wp-json\/wp\/v2\/product_tag?post=916"}],"curies":[{"name":"wp","href":"https:\/\/api.w.org\/{rel}","templated":true}]}}