{"id":928,"date":"2025-12-15T14:06:10","date_gmt":"2025-12-15T14:06:10","guid":{"rendered":"https:\/\/wangshajewelry.com\/?post_type=product&#038;p=928"},"modified":"2025-12-15T14:06:10","modified_gmt":"2025-12-15T14:06:10","slug":"collar-de-cuentas-de-circon-de-acero-titanio-oro-18k","status":"publish","type":"product","link":"https:\/\/wangshajewelry.com\/es\/product\/collar-de-cuentas-de-circon-de-acero-titanio-oro-18k\/","title":{"rendered":"18k Oro Titanio Acero Circonio Bead Necklace"},"content":{"rendered":"<h2 data-start=\"0\" data-end=\"52\"><strong data-start=\"4\" data-end=\"52\">18k Oro Titanio Acero Circonio Bead Necklace<\/strong><\/h2>\n<p data-start=\"54\" data-end=\"623\">En <strong data-start=\"58\" data-end=\"106\">18k Oro Titanio Acero Circonio Bead Necklace<\/strong> es una exquisita mezcla de lujo, durabilidad y elegancia. Fabricado en <strong data-start=\"179\" data-end=\"210\">acero al titanio de alta calidad<\/strong> y adornado con <strong data-start=\"228\" data-end=\"254\">cuentas brillantes de circ\u00f3n<\/strong>, Este collar ofrece <strong data-start=\"281\" data-end=\"298\">aspecto intemporal<\/strong> con un toque moderno. La incorporaci\u00f3n de <strong data-start=\"336\" data-end=\"356\">Chapado en oro de 18 quilates<\/strong> realza su sofisticado atractivo, haci\u00e9ndolo perfecto tanto para el d\u00eda a d\u00eda como para ocasiones especiales. Tanto si busca una pieza llamativa para realzar su atuendo como un regalo significativo para un ser querido, este collar le ofrece ambas opciones. <strong data-start=\"594\" data-end=\"604\">belleza<\/strong> y <strong data-start=\"609\" data-end=\"622\">longevidad<\/strong>.<\/p>\n<h3 data-start=\"630\" data-end=\"651\"><strong data-start=\"634\" data-end=\"651\">Caracter\u00edsticas principales:<\/strong><\/h3>\n<h4 data-start=\"653\" data-end=\"698\"><strong data-start=\"658\" data-end=\"698\">Construcci\u00f3n de acero de titanio de primera calidad:<\/strong><\/h4>\n<ul data-start=\"699\" data-end=\"1370\">\n<li data-start=\"699\" data-end=\"984\">\n<p data-start=\"701\" data-end=\"984\"><strong data-start=\"701\" data-end=\"727\">Durabilidad y resistencia:<\/strong> Hecho de <strong data-start=\"738\" data-end=\"756\">acero al titanio<\/strong>, El titanio es un material muy resistente al desgaste, la corrosi\u00f3n y los ara\u00f1azos. El titanio es conocido por su <strong data-start=\"882\" data-end=\"908\">durabilidad excepcional<\/strong>, Este collar conservar\u00e1 su aspecto impecable con el paso del tiempo.<\/p>\n<\/li>\n<li data-start=\"985\" data-end=\"1198\">\n<p data-start=\"987\" data-end=\"1198\"><strong data-start=\"987\" data-end=\"1011\">Confort ligero:<\/strong> A pesar de su resistencia, el acero de titanio es sorprendentemente ligero, lo que hace que este collar sea c\u00f3modo de llevar durante todo el d\u00eda, tanto si est\u00e1s haciendo recados como si asistes a un evento formal.<\/p>\n<\/li>\n<li data-start=\"1199\" data-end=\"1370\">\n<p data-start=\"1201\" data-end=\"1370\"><strong data-start=\"1201\" data-end=\"1220\">Hipoalerg\u00e9nico:<\/strong> El acero al titanio es hipoalerg\u00e9nico, por lo que es perfecto para las personas con piel sensible. No causa irritaciones ni molestias, ni siquiera con un uso prolongado.<\/p>\n<\/li>\n<\/ul>\n<h4 data-start=\"1372\" data-end=\"1406\"><strong data-start=\"1377\" data-end=\"1406\">Elegante ba\u00f1o de oro de 18 quilates:<\/strong><\/h4>\n<ul data-start=\"1407\" data-end=\"1865\">\n<li data-start=\"1407\" data-end=\"1672\">\n<p data-start=\"1409\" data-end=\"1672\"><strong data-start=\"1409\" data-end=\"1430\">Acabado de lujo:<\/strong> En <strong data-start=\"1435\" data-end=\"1455\">Chapado en oro de 18 quilates<\/strong> a\u00f1ade una capa de lujo y sofisticaci\u00f3n al collar. Proporciona un color c\u00e1lido y rico que complementa el brillo fr\u00edo del acero de titanio, lo que hace que la pieza sea adecuada tanto para... <strong data-start=\"1636\" data-end=\"1646\">casual<\/strong> y <strong data-start=\"1651\" data-end=\"1661\">formal<\/strong> ocasiones.<\/p>\n<\/li>\n<li data-start=\"1673\" data-end=\"1865\">\n<p data-start=\"1675\" data-end=\"1865\"><strong data-start=\"1675\" data-end=\"1698\">Brillo duradero:<\/strong> El ba\u00f1o de oro garantiza un aspecto brillante y pulido que no se decolora f\u00e1cilmente. Esto convierte al collar en una pieza de elegancia duradera que podr\u00e1s lucir durante a\u00f1os.<\/p>\n<\/li>\n<\/ul>\n<h4 data-start=\"1867\" data-end=\"1899\"><strong data-start=\"1872\" data-end=\"1899\">Cuentas de circonio brillantes:<\/strong><\/h4>\n<ul data-start=\"1900\" data-end=\"2532\">\n<li data-start=\"1900\" data-end=\"2168\">\n<p data-start=\"1902\" data-end=\"2168\"><strong data-start=\"1902\" data-end=\"1924\">Destello brillante:<\/strong> <strong data-start=\"1925\" data-end=\"1935\">Zirc\u00f3n<\/strong> es conocida por su <strong data-start=\"1953\" data-end=\"1980\">brillo diamantino<\/strong>. Estas cuentas de circ\u00f3n de alta calidad reflejan la luz maravillosamente, a\u00f1adiendo un brillo sutil pero llamativo al collar. Su claridad y brillo hacen que el collar resulte lujoso y especial.<\/p>\n<\/li>\n<li data-start=\"2169\" data-end=\"2383\">\n<p data-start=\"2171\" data-end=\"2383\"><strong data-start=\"2171\" data-end=\"2190\">Colores vibrantes:<\/strong> Dependiendo del dise\u00f1o, las cuentas de circ\u00f3n pueden venir en <strong data-start=\"2245\" data-end=\"2254\">borrar<\/strong>, <strong data-start=\"2256\" data-end=\"2264\">azul<\/strong>, <strong data-start=\"2266\" data-end=\"2275\">verde<\/strong>, o <strong data-start=\"2280\" data-end=\"2296\">multicolor<\/strong> que ofrecen versatilidad y la capacidad de combinar con diferentes atuendos y estados de \u00e1nimo.<\/p>\n<\/li>\n<li data-start=\"2384\" data-end=\"2532\">\n<p data-start=\"2386\" data-end=\"2532\"><strong data-start=\"2386\" data-end=\"2405\">Ajuste seguro:<\/strong> Las cuentas de circonita est\u00e1n firmemente engarzadas en el collar, lo que garantiza que permanezcan en su sitio y mantengan su brillo con el paso del tiempo.<\/p>\n<\/li>\n<\/ul>\n<h4 data-start=\"2534\" data-end=\"2570\"><strong data-start=\"2539\" data-end=\"2570\">Dise\u00f1o elegante y vers\u00e1til:<\/strong><\/h4>\n<ul data-start=\"2571\" data-end=\"3435\">\n<li data-start=\"2571\" data-end=\"2871\">\n<p data-start=\"2573\" data-end=\"2871\"><strong data-start=\"2573\" data-end=\"2604\">Sofisticado patr\u00f3n de abalorios:<\/strong> Las circonitas est\u00e1n dispuestas de forma elegante y equilibrada, creando un aspecto refinado y brillante perfecto para cualquier ocasi\u00f3n. Tanto si las cuentas est\u00e1n espaciadas uniformemente como dispuestas en un dise\u00f1o m\u00e1s intrincado, el resultado es siempre un collar que llama la atenci\u00f3n.<\/p>\n<\/li>\n<li data-start=\"2872\" data-end=\"3155\">\n<p data-start=\"2874\" data-end=\"3155\"><strong data-start=\"2874\" data-end=\"2896\">Longitud ajustable:<\/strong> Muchos dise\u00f1os vienen con un <strong data-start=\"2923\" data-end=\"2943\">cadena ajustable<\/strong>, La longitud de la gargantilla puede ajustarse a diferentes escotes y preferencias. Tanto si prefieres un ajuste m\u00e1s corto, tipo gargantilla, como un look m\u00e1s largo y relajado, puedes ajustar la longitud para adaptarla a tu estilo.<\/p>\n<\/li>\n<li data-start=\"3156\" data-end=\"3435\">\n<p data-start=\"3158\" data-end=\"3435\"><strong data-start=\"3158\" data-end=\"3183\">Atemporal y vers\u00e1til:<\/strong> La combinaci\u00f3n de acero de titanio, oro de 18 quilates y cuentas de circ\u00f3n garantiza que este collar nunca pasar\u00e1 de moda. Es perfecto para vestir conjuntos informales, a\u00f1adir elegancia a un atuendo de negocios o completar un conjunto formal para un evento especial.<\/p>\n<\/li>\n<\/ul>\n<h4 data-start=\"3437\" data-end=\"3459\"><strong data-start=\"3442\" data-end=\"3459\">Cierre seguro:<\/strong><\/h4>\n<ul data-start=\"3460\" data-end=\"3719\">\n<li data-start=\"3460\" data-end=\"3719\">\n<p data-start=\"3462\" data-end=\"3719\"><strong data-start=\"3462\" data-end=\"3484\">Robusto y fiable:<\/strong> El collar est\u00e1 rematado con un <strong data-start=\"3517\" data-end=\"3534\">cierre de langosta<\/strong> o <strong data-start=\"3538\" data-end=\"3551\">cierre de caja<\/strong>, La hebilla se mantiene en su sitio durante todo el d\u00eda. El cierre es <strong data-start=\"3632\" data-end=\"3647\">f\u00e1cil de usar<\/strong> y <strong data-start=\"3652\" data-end=\"3662\">fuerte<\/strong>, para evitar que el collar se salga accidentalmente.<\/p>\n<\/li>\n<\/ul>\n<h3 data-start=\"3726\" data-end=\"3746\"><strong data-start=\"3730\" data-end=\"3746\">Perfecto para:<\/strong><\/h3>\n<ul data-start=\"3748\" data-end=\"4559\">\n<li data-start=\"3748\" data-end=\"3980\">\n<p data-start=\"3750\" data-end=\"3980\"><strong data-start=\"3750\" data-end=\"3772\">Elegancia cotidiana:<\/strong> El collar de cuentas de circonitas de acero y titanio dorado de 18 quilates a\u00f1ade un refinado brillo a su vestuario diario. Combina a la perfecci\u00f3n con tops, jers\u00e9is o blusas sencillos, elevando tu look sin resultar recargado.<\/p>\n<\/li>\n<li data-start=\"3981\" data-end=\"4265\">\n<p data-start=\"3983\" data-end=\"4265\"><strong data-start=\"3983\" data-end=\"4005\">Ocasiones especiales:<\/strong> Las deslumbrantes cuentas de circ\u00f3n y el lujoso acabado dorado hacen que este collar sea ideal para <strong data-start=\"4087\" data-end=\"4104\">eventos formales<\/strong>, <strong data-start=\"4106\" data-end=\"4117\">fiestas<\/strong>, <strong data-start=\"4119\" data-end=\"4131\">bodas<\/strong>, o <strong data-start=\"4136\" data-end=\"4153\">aniversarios<\/strong>. Aporta una capa extra de glamour a la ropa de noche, perfecta para quienes desean brillar en ocasiones especiales.<\/p>\n<\/li>\n<li data-start=\"4266\" data-end=\"4559\">\n<p data-start=\"4268\" data-end=\"4559\"><strong data-start=\"4268\" data-end=\"4282\">Idea de regalo:<\/strong> Este collar es un regalo elegante y bien pensado para <strong data-start=\"4337\" data-end=\"4350\">cumplea\u00f1os<\/strong>, <strong data-start=\"4352\" data-end=\"4364\">vacaciones<\/strong>, <strong data-start=\"4366\" data-end=\"4381\">graduaciones<\/strong>, o en cualquier ocasi\u00f3n en la que quiera regalar algo bonito y significativo. Su combinaci\u00f3n de materiales de alta calidad y dise\u00f1o impresionante garantiza que ser\u00e1 apreciado durante a\u00f1os.<\/p>\n<\/li>\n<\/ul>\n<h3 data-start=\"4566\" data-end=\"4592\"><strong data-start=\"4570\" data-end=\"4592\">Instrucciones de cuidado:<\/strong><\/h3>\n<ul data-start=\"4594\" data-end=\"5248\">\n<li data-start=\"4594\" data-end=\"4842\">\n<p data-start=\"4596\" data-end=\"4842\"><strong data-start=\"4596\" data-end=\"4613\">Limpia suavemente:<\/strong> Para que tu collar conserve su mejor aspecto, l\u00edmpialo con un <strong data-start=\"4669\" data-end=\"4683\">pa\u00f1o suave<\/strong> despu\u00e9s de cada uso para eliminar aceites, polvo o suciedad. Para una limpieza m\u00e1s a fondo, puedes utilizar una soluci\u00f3n jabonosa suave con agua y un cepillo suave, y luego secarlo con cuidado.<\/p>\n<\/li>\n<li data-start=\"4843\" data-end=\"5077\">\n<p data-start=\"4845\" data-end=\"5077\"><strong data-start=\"4845\" data-end=\"4871\">Evite los productos qu\u00edmicos agresivos:<\/strong> Aunque el acero de titanio es duradero, es mejor evitar exponer el collar a productos qu\u00edmicos agresivos, como perfumes, lociones o productos de limpieza, ya que podr\u00edan afectar al acabado u opacar el brillo del circ\u00f3n.<\/p>\n<\/li>\n<li data-start=\"5078\" data-end=\"5248\">\n<p data-start=\"5080\" data-end=\"5248\"><strong data-start=\"5080\" data-end=\"5092\">Almacenamiento:<\/strong> Guarde el collar en un <strong data-start=\"5117\" data-end=\"5132\">joyero<\/strong> o <strong data-start=\"5136\" data-end=\"5150\">bolsa blanda<\/strong> cuando no se utiliza. Esto ayuda a evitar que se raye y lo mantiene a salvo del deslustre u otros da\u00f1os.<\/p>\n<\/li>\n<\/ul>\n<h3 data-start=\"5255\" data-end=\"5323\"><strong data-start=\"5259\" data-end=\"5323\">\u00bfPor qu\u00e9 elegir el collar de cuentas de circ\u00f3n de acero, titanio y oro de 18 quilates?<\/strong><\/h3>\n<ul data-start=\"5325\" data-end=\"6229\">\n<li data-start=\"5325\" data-end=\"5520\">\n<p data-start=\"5327\" data-end=\"5520\"><strong data-start=\"5327\" data-end=\"5352\">Durabilidad y comodidad:<\/strong> Fabricado con materiales de alta calidad <strong data-start=\"5379\" data-end=\"5397\">acero al titanio<\/strong>, Este collar es a la vez duradero y ligero, por lo que es ideal para llevarlo todo el d\u00eda sin renunciar al estilo ni a la comodidad.<\/p>\n<\/li>\n<li data-start=\"5521\" data-end=\"5781\">\n<p data-start=\"5523\" data-end=\"5781\"><strong data-start=\"5523\" data-end=\"5544\">Dise\u00f1o lujoso:<\/strong> La combinaci\u00f3n de <strong data-start=\"5564\" data-end=\"5584\">Chapado en oro de 18 quilates<\/strong>, <strong data-start=\"5586\" data-end=\"5602\">cuentas de circ\u00f3n<\/strong>, y <strong data-start=\"5608\" data-end=\"5627\">acero inoxidable<\/strong> confiere a este collar un atractivo sofisticado y atemporal. Las circonitas aportan el brillo perfecto, mientras que el acabado dorado a\u00f1ade un toque de elegancia.<\/p>\n<\/li>\n<li data-start=\"5782\" data-end=\"6033\">\n<p data-start=\"5784\" data-end=\"6033\"><strong data-start=\"5784\" data-end=\"5816\">Vers\u00e1til para todas las ocasiones:<\/strong> Tanto si vas a vestirte para un evento formal como si quieres a\u00f1adir un toque de lujo a tu look diario, este collar es la elecci\u00f3n perfecta. Es lo suficientemente vers\u00e1til como para llevarlo con varios conjuntos y en diferentes ocasiones.<\/p>\n<\/li>\n<li data-start=\"6034\" data-end=\"6229\">\n<p data-start=\"6036\" data-end=\"6229\"><strong data-start=\"6036\" data-end=\"6081\">Hipoalerg\u00e9nico y seguro para pieles sensibles:<\/strong> Con su <strong data-start=\"6091\" data-end=\"6109\">hipoalerg\u00e9nico<\/strong> propiedades, este collar es perfecto para quienes desean joyas bonitas sin riesgo de irritaci\u00f3n o molestias.<\/p>\n<\/li>\n<\/ul>\n<h3 data-start=\"6236\" data-end=\"6255\"><strong data-start=\"6240\" data-end=\"6255\">Conclusi\u00f3n:<\/strong><\/h3>\n<p data-start=\"6257\" data-end=\"6813\" data-is-last-node=\"\" data-is-only-node=\"\">En <strong data-start=\"6261\" data-end=\"6309\">18k Oro Titanio Acero Circonio Bead Necklace<\/strong> es la mezcla perfecta de <strong data-start=\"6334\" data-end=\"6346\">elegancia<\/strong>, <strong data-start=\"6348\" data-end=\"6362\">durabilidad<\/strong>, y <strong data-start=\"6368\" data-end=\"6378\">lujo<\/strong>. Ya sea para darse un capricho o para regalar, este collar a\u00f1ade un brillo refinado a cualquier atuendo, gracias a sus impresionantes cuentas de circonita y al lujoso toque de <strong data-start=\"6552\" data-end=\"6572\">Chapado en oro de 18 quilates<\/strong>. Su dise\u00f1o vers\u00e1til garantiza que se pueda llevar tanto con atuendos informales como formales, lo que lo convierte en un accesorio imprescindible para cualquier colecci\u00f3n de joyas. Con su construcci\u00f3n duradera y belleza atemporal, es una pieza que apreciar\u00e1 durante a\u00f1os.<\/p>","protected":false},"excerpt":{"rendered":"<p>En <strong data-start=\"58\" data-end=\"106\">18k Oro Titanio Acero Circonio Bead Necklace<\/strong> es una exquisita mezcla de lujo, durabilidad y elegancia. Fabricado en <strong data-start=\"179\" data-end=\"210\">acero al titanio de alta calidad<\/strong> y adornado con <strong data-start=\"228\" data-end=\"254\">cuentas brillantes de circ\u00f3n<\/strong>, Este collar ofrece <strong data-start=\"281\" data-end=\"298\">aspecto intemporal<\/strong> con un toque moderno. La incorporaci\u00f3n de <strong data-start=\"336\" data-end=\"356\">Chapado en oro de 18 quilates<\/strong> realza su sofisticado atractivo, haci\u00e9ndolo perfecto tanto para el d\u00eda a d\u00eda como para ocasiones especiales. Tanto si busca una pieza llamativa para realzar su atuendo como un regalo significativo para un ser querido, este collar le ofrece ambas opciones. <strong data-start=\"594\" data-end=\"604\">belleza<\/strong> y <strong data-start=\"609\" data-end=\"622\">longevidad<\/strong>.<\/p>","protected":false},"featured_media":933,"comment_status":"open","ping_status":"closed","template":"","meta":[],"product_brand":[],"product_cat":[37,38],"product_tag":[],"class_list":{"0":"post-928","1":"product","2":"type-product","3":"status-publish","4":"has-post-thumbnail","6":"product_cat-combo-sets","7":"product_cat-necklaces","9":"first","10":"instock","11":"shipping-taxable","12":"product-type-simple"},"_links":{"self":[{"href":"https:\/\/wangshajewelry.com\/es\/wp-json\/wp\/v2\/product\/928","targetHints":{"allow":["GET"]}}],"collection":[{"href":"https:\/\/wangshajewelry.com\/es\/wp-json\/wp\/v2\/product"}],"about":[{"href":"https:\/\/wangshajewelry.com\/es\/wp-json\/wp\/v2\/types\/product"}],"replies":[{"embeddable":true,"href":"https:\/\/wangshajewelry.com\/es\/wp-json\/wp\/v2\/comments?post=928"}],"wp:featuredmedia":[{"embeddable":true,"href":"https:\/\/wangshajewelry.com\/es\/wp-json\/wp\/v2\/media\/933"}],"wp:attachment":[{"href":"https:\/\/wangshajewelry.com\/es\/wp-json\/wp\/v2\/media?parent=928"}],"wp:term":[{"taxonomy":"product_brand","embeddable":true,"href":"https:\/\/wangshajewelry.com\/es\/wp-json\/wp\/v2\/product_brand?post=928"},{"taxonomy":"product_cat","embeddable":true,"href":"https:\/\/wangshajewelry.com\/es\/wp-json\/wp\/v2\/product_cat?post=928"},{"taxonomy":"product_tag","embeddable":true,"href":"https:\/\/wangshajewelry.com\/es\/wp-json\/wp\/v2\/product_tag?post=928"}],"curies":[{"name":"wp","href":"https:\/\/api.w.org\/{rel}","templated":true}]}}