{"id":951,"date":"2025-12-18T11:26:45","date_gmt":"2025-12-18T11:26:45","guid":{"rendered":"https:\/\/wangshajewelry.com\/?post_type=product&#038;p=951"},"modified":"2025-12-18T11:26:45","modified_gmt":"2025-12-18T11:26:45","slug":"pendientes-de-clip-de-acero-inoxidable","status":"publish","type":"product","link":"https:\/\/wangshajewelry.com\/es\/product\/pendientes-de-clip-de-acero-inoxidable\/","title":{"rendered":"Pendientes de clip de acero inoxidable"},"content":{"rendered":"<h2 data-start=\"0\" data-end=\"60\"><strong data-start=\"0\" data-end=\"60\">Pendientes de clip de acero inoxidable: Descripci\u00f3n detallada<\/strong><\/h2>\n<p data-start=\"62\" data-end=\"468\"><strong data-start=\"62\" data-end=\"75\">Material:<\/strong><br data-start=\"75\" data-end=\"78\" \/>Los pendientes de clip de acero inoxidable est\u00e1n fabricados en acero inoxidable de alta calidad, un material duradero, resistente a la oxidaci\u00f3n e hipoalerg\u00e9nico. El acero inoxidable es muy apreciado por su solidez y resistencia a la corrosi\u00f3n, lo que lo hace ideal para el uso diario. A diferencia de los metales tradicionales, el acero inoxidable no se empa\u00f1a ni se oxida con el paso del tiempo, por lo que sus pendientes permanecer\u00e1n brillantes y nuevos durante mucho tiempo.<\/p>\n<p data-start=\"470\" data-end=\"867\"><strong data-start=\"470\" data-end=\"481\">Dise\u00f1o:<\/strong><br data-start=\"481\" data-end=\"484\" \/>Los pendientes de clip est\u00e1n pensados para quienes no tienen orejas perforadas. El mecanismo consiste en una peque\u00f1a pinza con resorte que sujeta firmemente el l\u00f3bulo de la oreja. Es ideal para las personas que desean el aspecto de los pendientes de bot\u00f3n o colgantes tradicionales pero prefieren no someterse a una perforaci\u00f3n. El clip suele estar forrado de un material suave y acolchado o de silicona para garantizar la comodidad de uso.<\/p>\n<p data-start=\"869\" data-end=\"1055\">El dise\u00f1o de los pendientes de clip de acero inoxidable puede variar desde los sencillos y minimalistas pendientes de bot\u00f3n hasta las intrincadas piezas decorativas con piedras preciosas, esmalte o diversas texturas. Los estilos m\u00e1s comunes son:<\/p>\n<ul data-start=\"1057\" data-end=\"2036\">\n<li data-start=\"1057\" data-end=\"1291\">\n<p data-start=\"1059\" data-end=\"1291\"><strong data-start=\"1059\" data-end=\"1069\">Tachones:<\/strong> Son formas peque\u00f1as, redondas o geom\u00e9tricas que se asientan planas sobre la oreja. Los pendientes de acero inoxidable pueden tener un acabado pulido, mate o cepillado y pueden llevar peque\u00f1os diamantes, cristales u otros adornos.<\/p>\n<\/li>\n<li data-start=\"1295\" data-end=\"1538\">\n<p data-start=\"1297\" data-end=\"1538\"><strong data-start=\"1297\" data-end=\"1307\">Aros:<\/strong> Dise\u00f1os circulares o semicirculares que envuelven la oreja y ofrecen un aspecto m\u00e1s cl\u00e1sico y sofisticado. Los aros de acero inoxidable pueden ser finos y delicados o grandes y atrevidos, a menudo pulidos hasta conseguir un brillo intenso o con motivos decorativos.<\/p>\n<\/li>\n<li data-start=\"1540\" data-end=\"1786\">\n<p data-start=\"1542\" data-end=\"1786\"><strong data-start=\"1542\" data-end=\"1572\">Pendientes colgantes o de gota:<\/strong> Estos pendientes cuelgan por debajo del l\u00f3bulo de la oreja, a\u00f1adiendo movimiento y estilo. Las versiones de acero inoxidable suelen incorporar elementos colgantes, como cuentas, piedras o cadenas, que dan a los pendientes un aire m\u00e1s elegante y din\u00e1mico.<\/p>\n<\/li>\n<li data-start=\"1788\" data-end=\"2036\">\n<p data-start=\"1790\" data-end=\"2036\"><strong data-start=\"1790\" data-end=\"1827\">Pendientes de ara\u00f1a o de fantas\u00eda:<\/strong> Dise\u00f1os m\u00e1s grandes y elaborados, con varias capas o piezas interconectadas. Estos pendientes suelen combinar acero inoxidable con otros materiales, como cristales o resina, para crear piezas llamativas y atrevidas.<\/p>\n<\/li>\n<\/ul>\n<p data-start=\"2038\" data-end=\"2433\"><strong data-start=\"2038\" data-end=\"2058\">Comodidad y ajuste:<\/strong><br data-start=\"2058\" data-end=\"2061\" \/>El mecanismo de clip es ajustable, lo que permite a los usuarios apretar o aflojar el clip para un mejor ajuste. El clip est\u00e1 dise\u00f1ado para ejercer la presi\u00f3n justa para que permanezca en su sitio sin pellizcar ni causar molestias. Para mayor comodidad, muchos pendientes de clip incorporan una almohadilla acolchada que se apoya en el l\u00f3bulo de la oreja, garantizando un ajuste suave y seguro durante todo el d\u00eda.<\/p>\n<p data-start=\"2435\" data-end=\"2533\"><strong data-start=\"2435\" data-end=\"2458\">Acabado y textura:<\/strong><br data-start=\"2458\" data-end=\"2461\" \/>Los pendientes de clip de acero inoxidable est\u00e1n disponibles en varios acabados:<\/p>\n<ul data-start=\"2535\" data-end=\"3134\">\n<li data-start=\"2535\" data-end=\"2645\">\n<p data-start=\"2537\" data-end=\"2645\"><strong data-start=\"2537\" data-end=\"2557\">Acabado pulido:<\/strong> Superficie de alto brillo que refleja la luz, dando a los pendientes un aspecto elegante y moderno.<\/p>\n<\/li>\n<li data-start=\"2649\" data-end=\"2787\">\n<p data-start=\"2651\" data-end=\"2787\"><strong data-start=\"2651\" data-end=\"2670\">Acabado cepillado:<\/strong> Una textura mate creada frotando suavemente la superficie del metal, que ofrece un aspecto m\u00e1s discreto y sofisticado.<\/p>\n<\/li>\n<li data-start=\"2791\" data-end=\"2965\">\n<p data-start=\"2793\" data-end=\"2965\"><strong data-start=\"2793\" data-end=\"2815\">Patrones con textura:<\/strong> Algunos pendientes de clip presentan motivos superficiales \u00fanicos, como dise\u00f1os martillados, retorcidos o grabados, que a\u00f1aden inter\u00e9s visual y una cualidad t\u00e1ctil.<\/p>\n<\/li>\n<li data-start=\"2967\" data-end=\"3134\">\n<p data-start=\"2969\" data-end=\"3134\"><strong data-start=\"2969\" data-end=\"2998\">Acabado bicolor o mixto:<\/strong> Muchos pendientes combinan diferentes texturas o acabados, como el acero inoxidable mate con toques pulidos, para lograr un contraste contempor\u00e1neo.<\/p>\n<\/li>\n<\/ul>\n<p data-start=\"3136\" data-end=\"3495\"><strong data-start=\"3136\" data-end=\"3183\">Hipoalerg\u00e9nico y seguro para pieles sensibles:<\/strong><br data-start=\"3183\" data-end=\"3186\" \/>Una de las caracter\u00edsticas m\u00e1s destacadas del acero inoxidable son sus propiedades hipoalerg\u00e9nicas. Esto lo convierte en una opci\u00f3n excelente para personas con piel sensible o propensas a reacciones al\u00e9rgicas a otros metales como el n\u00edquel. El acero inoxidable es biocompatible, lo que significa que es poco probable que cause irritaciones o molestias.<\/p>\n<p data-start=\"3497\" data-end=\"3912\"><strong data-start=\"3497\" data-end=\"3528\">Durabilidad y mantenimiento:<\/strong><br data-start=\"3528\" data-end=\"3531\" \/>Los pendientes de clip de acero inoxidable son muy duraderos y resistentes a los ara\u00f1azos, el \u00f3xido y el deslustre. Requieren un mantenimiento m\u00ednimo para conservar su brillo. Limpiarlos de vez en cuando con un pa\u00f1o suave o un limpiador de joyas suave suele ser suficiente para mantener su aspecto. Para protegerlos de los ara\u00f1azos, es mejor guardarlos en una bolsa suave o en un joyero cuando no se utilicen.<\/p>\n<p data-start=\"3914\" data-end=\"4183\"><strong data-start=\"3914\" data-end=\"3932\">Asequibilidad:<\/strong><br data-start=\"3932\" data-end=\"3935\" \/>Aunque el acero inoxidable ofrece prestaciones y durabilidad de gama alta, suele ser m\u00e1s asequible en comparaci\u00f3n con metales preciosos como el oro o la plata, lo que lo convierte en una gran opci\u00f3n para quienes buscan joyas elegantes y fiables a un precio m\u00e1s asequible.<\/p>\n<p data-start=\"4185\" data-end=\"4590\" data-is-last-node=\"\" data-is-only-node=\"\"><strong data-start=\"4185\" data-end=\"4200\">Conclusi\u00f3n:<\/strong><br data-start=\"4200\" data-end=\"4203\" \/>Los pendientes de clip de acero inoxidable son una opci\u00f3n vers\u00e1til y a la moda para cualquiera que prefiera los pendientes sin perforar pero que quiera disfrutar de una variedad de dise\u00f1os elegantes. Tanto si buscas un look elegante y minimalista como un accesorio atrevido y llamativo, estos pendientes ofrecen una combinaci\u00f3n de durabilidad, comodidad y estilo que los convierte en un complemento atemporal para cualquier colecci\u00f3n de joyas.<\/p>","protected":false},"excerpt":{"rendered":"<p>Los pendientes de clip de acero inoxidable son una opci\u00f3n vers\u00e1til y a la moda para cualquiera que prefiera los pendientes sin perforar pero que quiera disfrutar de una variedad de dise\u00f1os elegantes. Tanto si buscas un look elegante y minimalista como un accesorio atrevido y llamativo, estos pendientes ofrecen una combinaci\u00f3n de durabilidad, comodidad y estilo que los convierte en un complemento atemporal para cualquier colecci\u00f3n de joyas.<\/p>","protected":false},"featured_media":956,"comment_status":"open","ping_status":"closed","template":"","meta":[],"product_brand":[],"product_cat":[20],"product_tag":[],"class_list":{"0":"post-951","1":"product","2":"type-product","3":"status-publish","4":"has-post-thumbnail","6":"product_cat-ear-rings","8":"first","9":"instock","10":"shipping-taxable","11":"product-type-simple"},"_links":{"self":[{"href":"https:\/\/wangshajewelry.com\/es\/wp-json\/wp\/v2\/product\/951","targetHints":{"allow":["GET"]}}],"collection":[{"href":"https:\/\/wangshajewelry.com\/es\/wp-json\/wp\/v2\/product"}],"about":[{"href":"https:\/\/wangshajewelry.com\/es\/wp-json\/wp\/v2\/types\/product"}],"replies":[{"embeddable":true,"href":"https:\/\/wangshajewelry.com\/es\/wp-json\/wp\/v2\/comments?post=951"}],"wp:featuredmedia":[{"embeddable":true,"href":"https:\/\/wangshajewelry.com\/es\/wp-json\/wp\/v2\/media\/956"}],"wp:attachment":[{"href":"https:\/\/wangshajewelry.com\/es\/wp-json\/wp\/v2\/media?parent=951"}],"wp:term":[{"taxonomy":"product_brand","embeddable":true,"href":"https:\/\/wangshajewelry.com\/es\/wp-json\/wp\/v2\/product_brand?post=951"},{"taxonomy":"product_cat","embeddable":true,"href":"https:\/\/wangshajewelry.com\/es\/wp-json\/wp\/v2\/product_cat?post=951"},{"taxonomy":"product_tag","embeddable":true,"href":"https:\/\/wangshajewelry.com\/es\/wp-json\/wp\/v2\/product_tag?post=951"}],"curies":[{"name":"wp","href":"https:\/\/api.w.org\/{rel}","templated":true}]}}