{"id":957,"date":"2025-12-18T11:31:51","date_gmt":"2025-12-18T11:31:51","guid":{"rendered":"https:\/\/wangshajewelry.com\/?post_type=product&#038;p=957"},"modified":"2025-12-18T11:31:51","modified_gmt":"2025-12-18T11:31:51","slug":"pulsera-de-acero-con-circonitas-3","status":"publish","type":"product","link":"https:\/\/wangshajewelry.com\/es\/product\/pulsera-de-acero-con-circonitas-3\/","title":{"rendered":"Pulsera de acero con circonitas"},"content":{"rendered":"<h2 data-start=\"0\" data-end=\"59\"><strong data-start=\"0\" data-end=\"59\">Pulsera de acero con circonitas<\/strong><\/h2>\n<p data-start=\"61\" data-end=\"660\"><strong data-start=\"61\" data-end=\"74\">Material:<\/strong><br data-start=\"74\" data-end=\"77\" \/>Una pulsera de acero inoxidable con circonitas combina la durabilidad del acero inoxidable con el brillo de las circonitas, creando una pieza de joyer\u00eda resistente y espectacular. El acero inoxidable es muy resistente al \u00f3xido, la corrosi\u00f3n y el deslustre, por lo que es una opci\u00f3n excelente para el uso diario. Adem\u00e1s, las piedras de circ\u00f3n, que son gemas sint\u00e9ticas conocidas por su deslumbrante claridad y brillante destello, a\u00f1aden un toque de elegancia y sofisticaci\u00f3n a la pulsera. La combinaci\u00f3n de estos dos materiales da como resultado un accesorio duradero, hipoalerg\u00e9nico y visualmente atractivo.<\/p>\n<p data-start=\"662\" data-end=\"1038\"><strong data-start=\"662\" data-end=\"673\">Dise\u00f1o:<\/strong><br data-start=\"673\" data-end=\"676\" \/>Las pulseras de acero inoxidable con circonitas se presentan en una gran variedad de estilos, desde minimalistas hasta dise\u00f1os intrincados. Estas pulseras pueden llevar circonitas de distintas formas, tama\u00f1os y engastes. La presencia del circ\u00f3n a\u00f1ade una capa de brillo, a menudo imitando el brillo de los diamantes, pero a un precio m\u00e1s asequible. He aqu\u00ed algunos dise\u00f1os populares:<\/p>\n<ul data-start=\"1040\" data-end=\"2707\">\n<li data-start=\"1040\" data-end=\"1407\">\n<p data-start=\"1042\" data-end=\"1407\"><strong data-start=\"1042\" data-end=\"1070\">Pulsera de tenis cl\u00e1sica:<\/strong> El estilo cl\u00e1sico de las pulseras tenis consiste en una l\u00ednea continua de circonitas peque\u00f1as, redondas o cuadradas, engarzadas en eslabones de acero inoxidable. Las piedras suelen estar engarzadas, lo que les permite captar la luz desde todos los \u00e1ngulos y crear un efecto brillante. Este estilo es elegante y atemporal, perfecto tanto para ocasiones informales como formales.<\/p>\n<\/li>\n<li data-start=\"1409\" data-end=\"1773\">\n<p data-start=\"1411\" data-end=\"1773\"><strong data-start=\"1411\" data-end=\"1436\">Brazalete o brazalete Estilo:<\/strong> Algunas pulseras de acero inoxidable con circonitas se dise\u00f1an como brazaletes o brazaletes. Pueden tener piedras de circ\u00f3n engarzadas en la superficie del brazalete o formar parte de un dise\u00f1o m\u00e1s amplio, como una banda de acero inoxidable retorcida o texturizada con piedras incrustadas en patrones espec\u00edficos. Los brazaletes ofrecen un aspecto atrevido y moderno que funciona muy bien como pieza llamativa.<\/p>\n<\/li>\n<li data-start=\"1775\" data-end=\"2041\">\n<p data-start=\"1777\" data-end=\"2041\"><strong data-start=\"1777\" data-end=\"1795\">Pulsera de eslabones:<\/strong> Este tipo de pulsera consta de eslabones individuales de acero inoxidable, cada uno de ellos unido con peque\u00f1as piedras de circ\u00f3n integradas en el dise\u00f1o. Los eslabones pueden tener forma geom\u00e9trica, lo que a\u00f1ade un toque m\u00e1s contempor\u00e1neo o vanguardista a la pulsera.<\/p>\n<\/li>\n<li data-start=\"2043\" data-end=\"2376\">\n<p data-start=\"2045\" data-end=\"2376\"><strong data-start=\"2045\" data-end=\"2065\">Pulseras de cadena:<\/strong> Algunas pulseras de acero inoxidable con circonitas presentan un dise\u00f1o cl\u00e1sico de cadena de eslabones con una o varias circonitas esparcidas. Las piedras pueden colocarse en patrones espec\u00edficos, como a lo largo del centro de la cadena o a intervalos regulares, a\u00f1adiendo un elemento de brillo sin abrumar el dise\u00f1o general.<\/p>\n<\/li>\n<li data-start=\"2378\" data-end=\"2707\">\n<p data-start=\"2380\" data-end=\"2707\"><strong data-start=\"2380\" data-end=\"2400\">Pulseras con dijes:<\/strong> Una pulsera de acero inoxidable con detalles de circonitas tambi\u00e9n puede tener un dise\u00f1o de pulsera de dijes. Peque\u00f1os dijes o colgantes se unen a una cadena de acero inoxidable, cada uno posiblemente adornado con una piedra de circ\u00f3n. Este dise\u00f1o puede personalizarse al m\u00e1ximo, ya que cada colgante representa algo significativo para el usuario.<\/p>\n<\/li>\n<\/ul>\n<p data-start=\"2709\" data-end=\"3057\"><strong data-start=\"2709\" data-end=\"2727\">Piedras de circ\u00f3n:<\/strong><br \/>\nEl circ\u00f3n, que a menudo se confunde con la zirconia c\u00fabica (un simulante artificial del diamante), es una gema natural de brillo excepcional. Est\u00e1 disponible en varios colores, aunque el circ\u00f3n transparente o incoloro es el m\u00e1s utilizado en joyer\u00eda. Las piedras de circ\u00f3n en las pulseras de acero inoxidable suelen engastarse de las siguientes formas:<\/p>\n<ul data-start=\"3059\" data-end=\"3811\">\n<li data-start=\"3059\" data-end=\"3215\">\n<p data-start=\"3061\" data-end=\"3215\"><strong data-start=\"3061\" data-end=\"3079\">Engaste:<\/strong> Un engaste tradicional que permite que la piedra se eleve por encima de la pulsera, d\u00e1ndole la m\u00e1xima exposici\u00f3n a la luz para obtener el m\u00e1ximo brillo.<\/p>\n<\/li>\n<li data-start=\"3217\" data-end=\"3413\">\n<p data-start=\"3219\" data-end=\"3413\"><strong data-start=\"3219\" data-end=\"3239\">Ajuste del canal:<\/strong> Las piedras de circ\u00f3n se engarzan en una ranura o canal de acero inoxidable, lo que proporciona un dise\u00f1o liso y sin costuras, perfecto para pulseras que deben soportar un uso regular.<\/p>\n<\/li>\n<li data-start=\"3415\" data-end=\"3598\">\n<p data-start=\"3417\" data-end=\"3598\"><strong data-start=\"3417\" data-end=\"3435\">Engaste en bisel:<\/strong> La circonita est\u00e1 envuelta en un fino borde met\u00e1lico que la sujeta firmemente en su sitio, creando un aspecto m\u00e1s contempor\u00e1neo y elegante a la vez que realza el brillo de la piedra.<\/p>\n<\/li>\n<li data-start=\"3600\" data-end=\"3811\">\n<p data-start=\"3602\" data-end=\"3811\"><strong data-start=\"3602\" data-end=\"3619\">Engaste Pav\u00e9:<\/strong> Las peque\u00f1as piedras de circ\u00f3n est\u00e1n engarzadas muy juntas, cubriendo la superficie de la pulsera con un efecto general brillante. Este tipo de engaste se utiliza a menudo en dise\u00f1os que buscan un efecto visual audaz.<\/p>\n<\/li>\n<\/ul>\n<p data-start=\"3813\" data-end=\"4214\"><strong data-start=\"3813\" data-end=\"3833\">Comodidad y ajuste:<\/strong><br data-start=\"3833\" data-end=\"3836\" \/>Las pulseras de circonitas de acero inoxidable est\u00e1n dise\u00f1adas pensando en la comodidad. Ya sea una cadena flexible, un brazalete o un brazalete, los materiales utilizados permiten que la pulsera se adapte c\u00f3modamente a la mu\u00f1eca. El acero inoxidable es ligero pero lo bastante resistente para ofrecer durabilidad sin ser pesado. Adem\u00e1s, muchas pulseras tienen cierres ajustables, que garantizan un ajuste seguro y personalizado.<\/p>\n<ul data-start=\"4216\" data-end=\"4554\">\n<li data-start=\"4216\" data-end=\"4380\">\n<p data-start=\"4218\" data-end=\"4380\"><strong data-start=\"4218\" data-end=\"4240\">Cierres ajustables:<\/strong> Algunas pulseras tienen un cierre deslizante o un cierre tradicional de pinza de langosta que permite al usuario ajustar la pulsera para que le quede c\u00f3moda.<\/p>\n<\/li>\n<li data-start=\"4381\" data-end=\"4554\">\n<p data-start=\"4383\" data-end=\"4554\"><strong data-start=\"4383\" data-end=\"4405\">Pulseras el\u00e1sticas:<\/strong> En algunos casos, las piedras de circ\u00f3n pueden engastarse en materiales el\u00e1sticos o flexibles, ofreciendo un dise\u00f1o de \u201ctalla \u00fanica\u201d c\u00f3modo y f\u00e1cil de llevar.<\/p>\n<\/li>\n<\/ul>\n<p data-start=\"4556\" data-end=\"4654\"><strong data-start=\"4556\" data-end=\"4579\">Acabado y textura:<\/strong><br data-start=\"4579\" data-end=\"4582\" \/>Las pulseras de circonitas de acero inoxidable se presentan en distintos acabados, entre ellos:<\/p>\n<ul data-start=\"4656\" data-end=\"5143\">\n<li data-start=\"4656\" data-end=\"4811\">\n<p data-start=\"4658\" data-end=\"4811\"><strong data-start=\"4658\" data-end=\"4678\">Acabado pulido:<\/strong> Una superficie brillante y reluciente que acent\u00faa el brillo de las piedras de circ\u00f3n y confiere a la pulsera un aspecto moderno y elegante.<\/p>\n<\/li>\n<li data-start=\"4815\" data-end=\"4962\">\n<p data-start=\"4817\" data-end=\"4962\"><strong data-start=\"4817\" data-end=\"4845\">Acabado cepillado o mate:<\/strong> Una textura m\u00e1s suave y discreta que crea un aspecto contempor\u00e1neo al tiempo que permite que las piedras de circ\u00f3n brillen.<\/p>\n<\/li>\n<li data-start=\"4964\" data-end=\"5143\">\n<p data-start=\"4966\" data-end=\"5143\"><strong data-start=\"4966\" data-end=\"4998\">Acabado texturizado o martillado:<\/strong> El acero inoxidable puede tener una textura ligeramente rugosa o martillada, que puede a\u00f1adir inter\u00e9s visual y contrastar con el brillo de las piedras de circ\u00f3n.<\/p>\n<\/li>\n<\/ul>\n<p data-start=\"5145\" data-end=\"5498\"><strong data-start=\"5145\" data-end=\"5192\">Hipoalerg\u00e9nico y seguro para pieles sensibles:<\/strong><br data-start=\"5192\" data-end=\"5195\" \/>El acero inoxidable es hipoalerg\u00e9nico por naturaleza, lo que significa que es una opci\u00f3n excelente para personas con piel sensible o propensas a reacciones al\u00e9rgicas a metales como el n\u00edquel. Las piedras de circ\u00f3n, al no ser porosas, tambi\u00e9n son menos propensas a causar irritaci\u00f3n, por lo que la pulsera es segura y c\u00f3moda de llevar.<\/p>\n<p data-start=\"5500\" data-end=\"5887\"><strong data-start=\"5500\" data-end=\"5531\">Durabilidad y mantenimiento:<\/strong><br data-start=\"5531\" data-end=\"5534\" \/>La durabilidad del acero inoxidable garantiza que su pulsera mantendr\u00e1 su integridad con el paso del tiempo. El acero inoxidable es resistente al deslustre, el \u00f3xido y los ara\u00f1azos, lo que garantiza que su pulsera conserve su brillo durante a\u00f1os. Las piedras de circ\u00f3n tambi\u00e9n son muy duraderas y resistentes al astillado, siempre que no se las someta a una fuerza extrema.<\/p>\n<p data-start=\"5889\" data-end=\"6187\">Para su mantenimiento, es importante limpiar la pulsera con regularidad para que conserve su mejor aspecto. Utilice un pa\u00f1o suave para limpiar la superficie de acero inoxidable y eliminar la suciedad o los aceites que puedan acumularse. Las piedras de circ\u00f3n pueden limpiarse con una soluci\u00f3n jabonosa suave y un cepillo blando para mantener su brillo.<\/p>\n<p data-start=\"6189\" data-end=\"6539\"><strong data-start=\"6189\" data-end=\"6207\">Asequibilidad:<\/strong><br data-start=\"6207\" data-end=\"6210\" \/>En comparaci\u00f3n con los brazaletes de metales preciosos como el oro o el platino, los brazaletes de acero inoxidable con circonitas son m\u00e1s asequibles sin dejar de ofrecer un aspecto lujoso. Las piedras de circ\u00f3n ofrecen el brillo y el fuego de los diamantes, pero a un precio muy inferior, lo que las convierte en una opci\u00f3n excelente para quienes buscan elegancia sin salirse del presupuesto.<\/p>\n<p data-start=\"6541\" data-end=\"7107\" data-is-last-node=\"\" data-is-only-node=\"\"><strong data-start=\"6541\" data-end=\"6556\">Conclusi\u00f3n:<\/strong><br data-start=\"6556\" data-end=\"6559\" \/>Una pulsera de circonitas de acero inoxidable es una impresionante mezcla de durabilidad, estilo y asequibilidad. Tanto si busca una pieza delicada y sutil como una pulsera atrevida y llamativa, los dise\u00f1os de acero inoxidable con circonitas ofrecen una amplia gama de estilos que se adaptan a cualquier ocasi\u00f3n o gusto personal. Su naturaleza duradera, sus propiedades hipoalerg\u00e9nicas y su aspecto llamativo lo convierten en un complemento atemporal para cualquier colecci\u00f3n de joyas. Tanto si se lleva a diario como en eventos especiales, una pulsera de circ\u00f3n de acero inoxidable aportar\u00e1 elegancia y brillo a cualquier atuendo.<\/p>","protected":false},"excerpt":{"rendered":"<p>Una pulsera de circonitas de acero inoxidable es una impresionante mezcla de durabilidad, estilo y asequibilidad. Tanto si busca una pieza delicada y sutil como una pulsera atrevida y llamativa, los dise\u00f1os de acero inoxidable con circonitas ofrecen una amplia gama de estilos que se adaptan a cualquier ocasi\u00f3n o gusto personal. Su naturaleza duradera, sus propiedades hipoalerg\u00e9nicas y su aspecto llamativo lo convierten en un complemento atemporal para cualquier colecci\u00f3n de joyas. Tanto si se lleva a diario como en eventos especiales, una pulsera de circ\u00f3n de acero inoxidable aportar\u00e1 elegancia y brillo a cualquier atuendo.<\/p>","protected":false},"featured_media":961,"comment_status":"open","ping_status":"closed","template":"","meta":[],"product_brand":[],"product_cat":[36],"product_tag":[],"class_list":{"0":"post-957","1":"product","2":"type-product","3":"status-publish","4":"has-post-thumbnail","6":"product_cat-bracelets","8":"first","9":"instock","10":"shipping-taxable","11":"product-type-simple"},"_links":{"self":[{"href":"https:\/\/wangshajewelry.com\/es\/wp-json\/wp\/v2\/product\/957","targetHints":{"allow":["GET"]}}],"collection":[{"href":"https:\/\/wangshajewelry.com\/es\/wp-json\/wp\/v2\/product"}],"about":[{"href":"https:\/\/wangshajewelry.com\/es\/wp-json\/wp\/v2\/types\/product"}],"replies":[{"embeddable":true,"href":"https:\/\/wangshajewelry.com\/es\/wp-json\/wp\/v2\/comments?post=957"}],"wp:featuredmedia":[{"embeddable":true,"href":"https:\/\/wangshajewelry.com\/es\/wp-json\/wp\/v2\/media\/961"}],"wp:attachment":[{"href":"https:\/\/wangshajewelry.com\/es\/wp-json\/wp\/v2\/media?parent=957"}],"wp:term":[{"taxonomy":"product_brand","embeddable":true,"href":"https:\/\/wangshajewelry.com\/es\/wp-json\/wp\/v2\/product_brand?post=957"},{"taxonomy":"product_cat","embeddable":true,"href":"https:\/\/wangshajewelry.com\/es\/wp-json\/wp\/v2\/product_cat?post=957"},{"taxonomy":"product_tag","embeddable":true,"href":"https:\/\/wangshajewelry.com\/es\/wp-json\/wp\/v2\/product_tag?post=957"}],"curies":[{"name":"wp","href":"https:\/\/api.w.org\/{rel}","templated":true}]}}