{"id":12,"date":"2025-12-01T03:17:16","date_gmt":"2025-12-01T03:17:16","guid":{"rendered":"https:\/\/wangshajewelry.com\/?page_id=12"},"modified":"2025-12-01T03:20:24","modified_gmt":"2025-12-01T03:20:24","slug":"conditions-dutilisation","status":"publish","type":"page","link":"https:\/\/wangshajewelry.com\/fr\/conditions-dutilisation\/","title":{"rendered":"Conditions d'utilisation"},"content":{"rendered":"<p>Bienvenue sur le site officiel de <strong>Wangsha Jewelry Accessories Co, Ltd.<\/strong> (\u201cWangsha\u201d, \u201cnous\u201d, \u201cnotre\u201d ou \u201cnos\u201d). Les pr\u00e9sentes conditions d'utilisation r\u00e9gissent votre acc\u00e8s et votre utilisation de notre site Web, de nos produits et de nos services, que vous soyez un acheteur en gros, un visiteur ou un partenaire commercial.<\/p>\n\n\n\n<p>En acc\u00e9dant \u00e0 notre site web ou en l'utilisant (<a>www.wangshajewelry.com<\/a>), en soumettant des demandes de renseignements ou en passant des commandes en gros, vous acceptez les pr\u00e9sentes conditions d'utilisation. Si vous n'acceptez pas ces conditions, veuillez ne pas utiliser notre site web ou nos services.<\/p>\n\n\n\n<h2 class=\"wp-block-heading\"><strong>1. L'\u00e9ligibilit\u00e9<\/strong><\/h2>\n\n\n\n<p>Ce site web et nos services sont destin\u00e9s aux utilisateurs qui sont <strong>18 ans ou plus<\/strong> et fonctionnant pour <strong>\u00e0 des fins professionnelles ou commerciales<\/strong>. En utilisant notre site, vous d\u00e9clarez que vous \u00eates majeur et que vous avez le pouvoir de conclure un accord juridiquement contraignant au nom de votre entreprise ou de votre organisation.<\/p>\n\n\n\n<h2 class=\"wp-block-heading\"><strong>2. Conditions commerciales du commerce de gros<\/strong><\/h2>\n\n\n\n<p>Wangsha Jewelry op\u00e8re en tant que <strong>Fabricant et grossiste B2B (business-to-business)<\/strong>. Toutes les transactions sont r\u00e9gies par les conditions suivantes :<\/p>\n\n\n\n<ul class=\"wp-block-list\">\n<li><strong>Quantit\u00e9s minimales de commande (QMC)<\/strong> s'appliquent et peuvent varier d'un produit \u00e0 l'autre.<\/li>\n\n\n\n<li><strong>Tarification<\/strong> est bas\u00e9 sur la quantit\u00e9, la personnalisation et les mat\u00e9riaux et peut \u00eatre mis \u00e0 jour sans pr\u00e9avis.<\/li>\n\n\n\n<li><strong>Conceptions personnalis\u00e9es (OEM\/ODM)<\/strong> n\u00e9cessitent des d\u00e9lais de production et des approbations suppl\u00e9mentaires.<\/li>\n\n\n\n<li>Les commandes sont soumises \u00e0 <strong>disponibilit\u00e9 et confirmation<\/strong> par notre \u00e9quipe.<\/li>\n<\/ul>\n\n\n\n<h2 class=\"wp-block-heading\"><strong>3. Propri\u00e9t\u00e9 intellectuelle<\/strong><\/h2>\n\n\n\n<p>Tout le contenu de ce site web - y compris les logos, les images de produits, les dessins, les catalogues, les textes, les graphiques et la marque - est la propri\u00e9t\u00e9 de la Commission europ\u00e9enne. <strong>propri\u00e9t\u00e9 intellectuelle de Wangsha Jewelry Accessories Co.<\/strong> ou de ses conc\u00e9dants de licence et est prot\u00e9g\u00e9 par les dispositions <strong>les droits d'auteur, les marques et les lois internationales sur la propri\u00e9t\u00e9 intellectuelle<\/strong>.<\/p>\n\n\n\n<p>Vous ne pouvez pas :<\/p>\n\n\n\n<ul class=\"wp-block-list\">\n<li>Copier, reproduire ou redistribuer tout contenu sans autorisation \u00e9crite.<\/li>\n\n\n\n<li>Utiliser nos photos de produits ou notre marque pour donner une fausse image de votre relation avec nous.<\/li>\n\n\n\n<li>faire de la r\u00e9tro-ing\u00e9nierie, revendre ou exploiter toute conception de produit propri\u00e9taire<\/li>\n<\/ul>\n\n\n\n<h2 class=\"wp-block-heading\"><strong>4. Utilisations interdites<\/strong><\/h2>\n\n\n\n<p>En utilisant notre site web ou nos services, vous acceptez de NE PAS.. :<\/p>\n\n\n\n<ul class=\"wp-block-list\">\n<li>utiliser le site \u00e0 des fins ill\u00e9gales, trompeuses ou frauduleuses<\/li>\n\n\n\n<li>Interf\u00e9rer avec la s\u00e9curit\u00e9, les serveurs ou les r\u00e9seaux du site<\/li>\n\n\n\n<li>Transmettre des virus ou tout autre code malveillant<\/li>\n\n\n\n<li>tenter d'obtenir un acc\u00e8s non autoris\u00e9 \u00e0 d'autres comptes d'utilisateurs ou syst\u00e8mes<\/li>\n\n\n\n<li>utiliser notre contenu de mani\u00e8re abusive ou tenter de faire passer nos produits pour les v\u00f4tres (sans autorisation)<\/li>\n<\/ul>\n\n\n\n<h2 class=\"wp-block-heading\"><strong>5. Commandes, paiements et exp\u00e9dition<\/strong><\/h2>\n\n\n\n<ul class=\"wp-block-list\">\n<li><strong>Devis et factures<\/strong> sont valables pour une dur\u00e9e limit\u00e9e et sont susceptibles d'\u00eatre modifi\u00e9es en fonction des taux de change et des conditions du march\u00e9.<\/li>\n\n\n\n<li>Les paiements sont accept\u00e9s via <strong>virement bancaire, PayPal ou toute autre m\u00e9thode convenue<\/strong>.<\/li>\n\n\n\n<li><strong>La production ne commence qu'apr\u00e8s confirmation du paiement ou r\u00e9ception du d\u00e9p\u00f4t<\/strong>.<\/li>\n\n\n\n<li>L'exp\u00e9dition est organis\u00e9e par des partenaires logistiques de confiance (par exemple, DHL, FedEx, fret a\u00e9rien\/maritime).<\/li>\n\n\n\n<li>Les acheteurs sont responsables <strong>les droits d'importation, la TVA et le d\u00e9douanement local<\/strong>.<\/li>\n<\/ul>\n\n\n\n<p>Pour plus d'informations, veuillez consulter notre <strong>Politique d'exp\u00e9dition et de retour<\/strong> (disponible sur demande).<\/p>\n\n\n\n<h2 class=\"wp-block-heading\"><strong>6. Limitation de la responsabilit\u00e9<\/strong><\/h2>\n\n\n\n<p>Wangsha Jewelry Accessories Co, Ltd. est <strong>non responsable<\/strong> pour :<\/p>\n\n\n\n<ul class=\"wp-block-list\">\n<li>tout dommage indirect, accessoire ou cons\u00e9cutif<\/li>\n\n\n\n<li>les retards ou les pertes caus\u00e9s par des transporteurs tiers, les douanes ou des \u00e9v\u00e9nements de force majeure (par exemple, catastrophes naturelles, troubles politiques)<\/li>\n\n\n\n<li>Erreurs caus\u00e9es par des informations inexactes fournies par l'acheteur<\/li>\n<\/ul>\n\n\n\n<p>Notre <strong>la responsabilit\u00e9 maximale est limit\u00e9e \u00e0 la valeur de la commande pass\u00e9e<\/strong>.<\/p>\n\n\n\n<h2 class=\"wp-block-heading\"><strong>7. Clause de non-responsabilit\u00e9 concernant le produit<\/strong><\/h2>\n\n\n\n<p>Tous les bijoux sont fabriqu\u00e9s \u00e0 partir de m\u00e9taux non pr\u00e9cieux, sauf indication contraire (par exemple, alliage de zinc, cuivre, laiton, acier inoxydable). Les finitions plaqu\u00e9es peuvent s'estomper avec le temps en raison de l'usure, de l'exposition \u00e0 des produits chimiques ou d'un entretien inad\u00e9quat.<\/p>\n\n\n\n<p>Les acheteurs doivent tester la compatibilit\u00e9 des produits et informer les utilisateurs finaux des instructions d'entretien. Wangsha n'est pas responsable des r\u00e9actions allergiques ou de la mauvaise utilisation du produit apr\u00e8s la vente.<\/p>\n\n\n\n<h2 class=\"wp-block-heading\"><strong>8. Modifications des conditions<\/strong><\/h2>\n\n\n\n<p>Nous nous r\u00e9servons le droit de mettre \u00e0 jour ou de modifier les pr\u00e9sentes conditions d'utilisation \u00e0 tout moment. Toute modification sera publi\u00e9e sur cette page avec la date d'entr\u00e9e en vigueur de la mise \u00e0 jour. La poursuite de l'utilisation de nos services vaut acceptation des nouvelles conditions.<\/p>\n\n\n\n<h2 class=\"wp-block-heading\"><strong>9. Droit applicable et juridiction<\/strong><\/h2>\n\n\n\n<p>Les pr\u00e9sentes conditions d'utilisation sont r\u00e9gies et interpr\u00e9t\u00e9es selon les lois de l'Union europ\u00e9enne. <strong>R\u00e9publique populaire de Chine<\/strong>, sp\u00e9cifiquement applicable aux activit\u00e9s men\u00e9es dans les pays suivants <strong>Yiwu, province de Zhejiang<\/strong>. Les litiges \u00e9ventuels sont r\u00e9gl\u00e9s par <strong>N\u00e9gociation \u00e0 l'amiable ou arbitrage \u00e0 Yiwu<\/strong>.<\/p>\n\n\n\n<h2 class=\"wp-block-heading\"><strong>10. Informations sur les contacts<\/strong><\/h2>\n\n\n\n<p>Si vous avez des questions, des pr\u00e9occupations ou des demandes concernant votre vie priv\u00e9e ou la pr\u00e9sente politique, veuillez nous contacter :<\/p>\n\n\n\n<p><strong>Wangsha Jewelry Accessories Co, Ltd.<\/strong><br>- 8e \u00e9tage, b\u00e2timent A4, Zhishiyun Jewelry Industrial Park, No. 742, Siyuan Road, Niansanli<\/p>\n\n\n\n<p>Jinhua, Zhejiang, Chine<br>\ud83d\udce7 Courriel : <strong><a href=\"https:\/\/api.whatsapp.com\/send?phone=8615005754675\" target=\"_blank\" rel=\"noreferrer noopener\">Contact@wangsha.com<\/a><\/strong><br>\ud83d\udcde Phone\/WhatsApp : <strong><a href=\"https:\/\/api.whatsapp.com\/send?phone=8615005754675\" target=\"_blank\" rel=\"noreferrer noopener\">+8615005754675<\/a><\/strong><\/p>\n\n\n\n<p><strong>Merci de faire confiance \u00e0 Wangsha Jewelry. Votre vie priv\u00e9e est importante pour nous.<\/strong><\/p>\n\n\n\n<p><\/p>","protected":false},"excerpt":{"rendered":"<p>Welcome to the official website of Wangsha Jewelry Accessories Co., Ltd. (\u201cWangsha,\u201d \u201cwe,\u201d \u201cour,\u201d or \u201cus\u201d). These Terms of Use govern your access to and use of our website, products, and services, whether as a wholesale buyer, visitor, or business partner. By accessing or using our website (www.wangshajewelry.com), submitting inquiries, or placing wholesale orders with us, you agree to these [&hellip;]<\/p>","protected":false},"author":1,"featured_media":0,"parent":0,"menu_order":0,"comment_status":"closed","ping_status":"closed","template":"","meta":{"footnotes":""},"class_list":["post-12","page","type-page","status-publish","hentry"],"_hostinger_reach_plugin_has_subscription_block":false,"_hostinger_reach_plugin_is_elementor":false,"_links":{"self":[{"href":"https:\/\/wangshajewelry.com\/fr\/wp-json\/wp\/v2\/pages\/12","targetHints":{"allow":["GET"]}}],"collection":[{"href":"https:\/\/wangshajewelry.com\/fr\/wp-json\/wp\/v2\/pages"}],"about":[{"href":"https:\/\/wangshajewelry.com\/fr\/wp-json\/wp\/v2\/types\/page"}],"author":[{"embeddable":true,"href":"https:\/\/wangshajewelry.com\/fr\/wp-json\/wp\/v2\/users\/1"}],"replies":[{"embeddable":true,"href":"https:\/\/wangshajewelry.com\/fr\/wp-json\/wp\/v2\/comments?post=12"}],"version-history":[{"count":3,"href":"https:\/\/wangshajewelry.com\/fr\/wp-json\/wp\/v2\/pages\/12\/revisions"}],"predecessor-version":[{"id":501,"href":"https:\/\/wangshajewelry.com\/fr\/wp-json\/wp\/v2\/pages\/12\/revisions\/501"}],"wp:attachment":[{"href":"https:\/\/wangshajewelry.com\/fr\/wp-json\/wp\/v2\/media?parent=12"}],"curies":[{"name":"wp","href":"https:\/\/api.w.org\/{rel}","templated":true}]}}