{"id":255,"date":"2025-11-27T10:13:37","date_gmt":"2025-11-27T10:13:37","guid":{"rendered":"https:\/\/wangshajewelry.com\/?post_type=product&#038;p=255"},"modified":"2025-11-28T08:14:41","modified_gmt":"2025-11-28T08:14:41","slug":"bracelet-exagere-en-acier-inoxydable-et-en-or","status":"publish","type":"product","link":"https:\/\/wangshajewelry.com\/fr\/product\/bracelet-exagere-en-acier-inoxydable-et-en-or\/","title":{"rendered":"Bracelet exag\u00e9r\u00e9 en acier inoxydable et or"},"content":{"rendered":"<h3 data-start=\"99\" data-end=\"148\"><strong data-start=\"103\" data-end=\"148\">Bracelet exag\u00e9r\u00e9 en acier inoxydable et or<\/strong><\/h3>\n<p data-start=\"150\" data-end=\"601\"><strong data-start=\"150\" data-end=\"162\">Vue d'ensemble<\/strong><br data-start=\"162\" data-end=\"165\" \/>Faites une d\u00e9claration audacieuse avec le <em data-start=\"196\" data-end=\"239\">Bracelet exag\u00e9r\u00e9 en acier inoxydable et or<\/em>, Ce bracelet est le r\u00e9sultat d'une rencontre entre le luxe et le design moderne, dans une pi\u00e8ce remarquable qui attire l'attention. Fabriqu\u00e9 en acier inoxydable durable et plaqu\u00e9 d'une riche finition dor\u00e9e, ce bracelet offre un look extravagant et tr\u00e8s tendance, parfait pour celles qui veulent se d\u00e9marquer. Qu'il soit port\u00e9 seul ou associ\u00e9 \u00e0 d'autres accessoires, c'est la pi\u00e8ce ultime pour rehausser votre style.<\/p>\n<p data-start=\"603\" data-end=\"621\"><strong data-start=\"603\" data-end=\"619\">Caract\u00e9ristiques principales<\/strong><\/p>\n<ul data-start=\"622\" data-end=\"1869\">\n<li data-start=\"622\" data-end=\"875\">\n<p data-start=\"624\" data-end=\"875\"><strong data-start=\"624\" data-end=\"651\">Motif audacieux et exag\u00e9r\u00e9<\/strong>: Ce bracelet pr\u00e9sente un design large et accrocheur qui allie une esth\u00e9tique moderne \u00e0 une \u00e9l\u00e9gance intemporelle. Ses maillons surdimensionn\u00e9s et sa forme sculpturale en font un accessoire qui attire l'attention et donne de l'\u00e9clat \u00e0 n'importe quelle tenue.<\/p>\n<\/li>\n<li data-start=\"876\" data-end=\"1161\">\n<p data-start=\"878\" data-end=\"1161\"><strong data-start=\"878\" data-end=\"918\">Construction en acier inoxydable de premi\u00e8re qualit\u00e9<\/strong>: Fabriqu\u00e9 en acier inoxydable de haute qualit\u00e9, ce bracelet est con\u00e7u pour durer. Connu pour sa solidit\u00e9 et sa r\u00e9sistance \u00e0 la corrosion, l'acier inoxydable permet \u00e0 votre bracelet de rester impeccable et de conserver sa forme au fil du temps, m\u00eame lorsqu'il est port\u00e9 tous les jours.<\/p>\n<\/li>\n<li data-start=\"1162\" data-end=\"1435\">\n<p data-start=\"1164\" data-end=\"1435\"><strong data-start=\"1164\" data-end=\"1190\">Placage d'or luxueux<\/strong>: Le bracelet est plaqu\u00e9 d'une \u00e9paisse couche d'or riche, ce qui lui conf\u00e8re une finition chaude et rayonnante qui refl\u00e8te l'aspect de l'or massif. Le plaquage rehausse le luxe g\u00e9n\u00e9ral du bracelet et ajoute une couche de brillance qui capte la lumi\u00e8re sous tous les angles.<\/p>\n<\/li>\n<li data-start=\"1436\" data-end=\"1677\">\n<p data-start=\"1438\" data-end=\"1677\"><strong data-start=\"1438\" data-end=\"1457\">Style polyvalent<\/strong>: Malgr\u00e9 son design audacieux, ce bracelet s'associe aussi bien \u00e0 des tenues d\u00e9contract\u00e9es qu'\u00e0 des tenues plus habill\u00e9es. Que vous l'associiez \u00e0 un costume d'affaires, \u00e0 une robe de soir\u00e9e chic ou \u00e0 un look plus d\u00e9contract\u00e9, il apporte une touche sophistiqu\u00e9e et moderne.<\/p>\n<\/li>\n<li data-start=\"1678\" data-end=\"1869\">\n<p data-start=\"1680\" data-end=\"1869\"><strong data-start=\"1680\" data-end=\"1699\">Coupe confortable<\/strong>: Bien que le design soit audacieux, le bracelet a \u00e9t\u00e9 con\u00e7u pour s'adapter confortablement au poignet. Son fermoir s\u00e9curis\u00e9 permet de le porter facilement tout au long de la journ\u00e9e.<\/p>\n<\/li>\n<\/ul>\n<p data-start=\"1871\" data-end=\"1895\"><strong data-start=\"1871\" data-end=\"1893\">Pourquoi vous l'aimerez<\/strong><\/p>\n<ul data-start=\"1896\" data-end=\"2765\">\n<li data-start=\"1896\" data-end=\"2149\">\n<p data-start=\"1898\" data-end=\"2149\"><strong data-start=\"1898\" data-end=\"1917\">Pi\u00e8ce de d\u00e9claration<\/strong>: Le design exag\u00e9r\u00e9 de ce bracelet en fait l'accessoire parfait pour celles qui veulent faire tourner les t\u00eates. Ses maillons surdimensionn\u00e9s et sa finition dor\u00e9e frappante attirent instantan\u00e9ment l'attention, ce qui en fait une pi\u00e8ce \u00e0 part dans votre collection de bijoux.<\/p>\n<\/li>\n<li data-start=\"2150\" data-end=\"2365\">\n<p data-start=\"2152\" data-end=\"2365\"><strong data-start=\"2152\" data-end=\"2180\">Durabilit\u00e9 et long\u00e9vit\u00e9<\/strong>: L'acier inoxydable est connu pour sa r\u00e9sistance \u00e0 long terme, ce qui signifie que ce bracelet conservera sa belle finition dor\u00e9e et sa forme pendant des ann\u00e9es. C'est un accessoire qui n\u00e9cessite peu d'entretien et qui a beaucoup d'impact.<\/p>\n<\/li>\n<li data-start=\"2366\" data-end=\"2558\">\n<p data-start=\"2368\" data-end=\"2558\"><strong data-start=\"2368\" data-end=\"2392\">Parfait pour les superpositions<\/strong>: Bien qu'il soit d\u00e9j\u00e0 tr\u00e8s voyant, ce bracelet s'int\u00e8gre parfaitement dans des looks superpos\u00e9s. Associez-le \u00e0 des bracelets d\u00e9licats ou \u00e0 des montres pour obtenir un ensemble \u00e0 la mode.<\/p>\n<\/li>\n<li data-start=\"2559\" data-end=\"2765\">\n<p data-start=\"2561\" data-end=\"2765\"><strong data-start=\"2561\" data-end=\"2580\">Un attrait intemporel<\/strong>: L'or est depuis longtemps un symbole de richesse et de luxe, et ce bracelet d\u00e9gage la m\u00eame impression d'\u00e9l\u00e9gance intemporelle, ce qui en fait l'accessoire parfait pour les garde-robes modernes et classiques.<\/p>\n<\/li>\n<\/ul>\n<p data-start=\"2767\" data-end=\"3084\"><strong data-start=\"2767\" data-end=\"2783\">Entretien des produits<\/strong><br data-start=\"2783\" data-end=\"2786\" \/>Pour conserver son \u00e9clat dor\u00e9, essuyez d\u00e9licatement le bracelet avec un chiffon doux apr\u00e8s l'avoir port\u00e9 pour enlever les huiles ou les salet\u00e9s. \u00c9vitez tout contact avec des produits chimiques agressifs, des parfums ou des surfaces abrasives afin de pr\u00e9server le placage. Conservez le bracelet dans un endroit frais et sec, par exemple dans une bo\u00eete \u00e0 bijoux ou une pochette, pour \u00e9viter les rayures.<\/p>","protected":false},"excerpt":{"rendered":"<p>Faites une d\u00e9claration audacieuse avec le <em data-start=\"196\" data-end=\"239\">Bracelet exag\u00e9r\u00e9 en acier inoxydable et or<\/em>, Ce bracelet est le r\u00e9sultat d'une rencontre entre le luxe et le design moderne, dans une pi\u00e8ce remarquable qui attire l'attention. Fabriqu\u00e9 en acier inoxydable durable et plaqu\u00e9 d'une riche finition dor\u00e9e, ce bracelet offre un look extravagant et tr\u00e8s tendance, parfait pour celles qui veulent se d\u00e9marquer. Qu'il soit port\u00e9 seul ou associ\u00e9 \u00e0 d'autres accessoires, c'est la pi\u00e8ce ultime pour rehausser votre style.<\/p>","protected":false},"featured_media":260,"comment_status":"open","ping_status":"closed","template":"","meta":[],"product_brand":[],"product_cat":[36],"product_tag":[],"class_list":{"0":"post-255","1":"product","2":"type-product","3":"status-publish","4":"has-post-thumbnail","6":"product_cat-bracelets","8":"first","9":"instock","10":"shipping-taxable","11":"product-type-simple"},"_links":{"self":[{"href":"https:\/\/wangshajewelry.com\/fr\/wp-json\/wp\/v2\/product\/255","targetHints":{"allow":["GET"]}}],"collection":[{"href":"https:\/\/wangshajewelry.com\/fr\/wp-json\/wp\/v2\/product"}],"about":[{"href":"https:\/\/wangshajewelry.com\/fr\/wp-json\/wp\/v2\/types\/product"}],"replies":[{"embeddable":true,"href":"https:\/\/wangshajewelry.com\/fr\/wp-json\/wp\/v2\/comments?post=255"}],"wp:featuredmedia":[{"embeddable":true,"href":"https:\/\/wangshajewelry.com\/fr\/wp-json\/wp\/v2\/media\/260"}],"wp:attachment":[{"href":"https:\/\/wangshajewelry.com\/fr\/wp-json\/wp\/v2\/media?parent=255"}],"wp:term":[{"taxonomy":"product_brand","embeddable":true,"href":"https:\/\/wangshajewelry.com\/fr\/wp-json\/wp\/v2\/product_brand?post=255"},{"taxonomy":"product_cat","embeddable":true,"href":"https:\/\/wangshajewelry.com\/fr\/wp-json\/wp\/v2\/product_cat?post=255"},{"taxonomy":"product_tag","embeddable":true,"href":"https:\/\/wangshajewelry.com\/fr\/wp-json\/wp\/v2\/product_tag?post=255"}],"curies":[{"name":"wp","href":"https:\/\/api.w.org\/{rel}","templated":true}]}}