{"id":281,"date":"2025-11-27T23:18:19","date_gmt":"2025-11-27T23:18:19","guid":{"rendered":"https:\/\/wangshajewelry.com\/?post_type=product&#038;p=281"},"modified":"2025-11-28T08:15:15","modified_gmt":"2025-11-28T08:15:15","slug":"bague-serpent-en-acier-inoxydable","status":"publish","type":"product","link":"https:\/\/wangshajewelry.com\/fr\/product\/bague-serpent-en-acier-inoxydable\/","title":{"rendered":"Bague serpent en acier inoxydable"},"content":{"rendered":"<h3 data-start=\"169\" data-end=\"240\"><strong data-start=\"173\" data-end=\"240\">Bague serpent en acier inoxydable - Audacieuse, \u00e9pur\u00e9e et d'une \u00e9l\u00e9gance intemporelle<\/strong><\/h3>\n<p data-start=\"242\" data-end=\"687\">Lib\u00e9rez votre force int\u00e9rieure et ajoutez une touche de mysticisme \u00e0 votre style avec notre <strong data-start=\"321\" data-end=\"351\">Bague serpent en acier inoxydable<\/strong>. Cette pi\u00e8ce \u00e9tonnante est fabriqu\u00e9e de mani\u00e8re experte en acier inoxydable de premi\u00e8re qualit\u00e9, offrant \u00e0 la fois durabilit\u00e9 et esth\u00e9tique moderne et audacieuse. Le serpent, ancien symbole de transformation, de renaissance et de sagesse, s'enroule sinueusement autour de votre doigt, cr\u00e9ant un effet captivant et dynamique qui refl\u00e8te l'\u00e9l\u00e9gance et la puissance de cette cr\u00e9ature mythique.<\/p>\n<p data-start=\"689\" data-end=\"940\">Que vous soyez une adepte des accessoires audacieux ou que vous cherchiez \u00e0 vous d\u00e9marquer, cette bague en serpent ne manquera pas d'attirer l'attention. Ses d\u00e9tails complexes et sa finition lisse en font \u00e0 la fois une pi\u00e8ce qui attire l'attention et un ajout confortable \u00e0 votre garde-robe quotidienne.<\/p>\n<h4 data-start=\"942\" data-end=\"964\"><strong data-start=\"947\" data-end=\"964\">Caract\u00e9ristiques principales :<\/strong><\/h4>\n<ul data-start=\"966\" data-end=\"3111\">\n<li data-start=\"966\" data-end=\"1255\">\n<p data-start=\"968\" data-end=\"1255\"><strong data-start=\"968\" data-end=\"1009\">Construction en acier inoxydable de premi\u00e8re qualit\u00e9 :<\/strong><br data-start=\"1009\" data-end=\"1012\" \/>Fabriqu\u00e9e en acier inoxydable de haute qualit\u00e9, cette bague est con\u00e7ue pour durer et r\u00e9sister au ternissement, \u00e0 la corrosion et aux rayures. Elle conserve son apparence \u00e9l\u00e9gante et polie pendant des ann\u00e9es, ce qui en fait un ajout durable \u00e0 votre collection de bijoux.<\/p>\n<\/li>\n<li data-start=\"1257\" data-end=\"1543\">\n<p data-start=\"1259\" data-end=\"1543\"><strong data-start=\"1259\" data-end=\"1285\">Conception d\u00e9taill\u00e9e du serpent :<\/strong><br data-start=\"1285\" data-end=\"1288\" \/>Le motif d\u00e9taill\u00e9 du serpent s'enroule autour de votre doigt en une boucle continue, avec une texture d'\u00e9chelle r\u00e9aliste et un effet d'enroulement qui ajoute de la profondeur et de la dimension. Ses lignes ac\u00e9r\u00e9es et incurv\u00e9es donnent \u00e0 la bague une impression de mouvement, ce qui en fait un bijou saisissant.<\/p>\n<\/li>\n<li data-start=\"1545\" data-end=\"1889\">\n<p data-start=\"1547\" data-end=\"1889\"><strong data-start=\"1547\" data-end=\"1574\">Symbolisme du serpent :<\/strong><br data-start=\"1574\" data-end=\"1577\" \/>Les serpents sont riches en symboles dans de nombreuses cultures, repr\u00e9sentant la transformation, la protection, la gu\u00e9rison et la sagesse. Dans la mythologie ancienne, ils \u00e9taient souvent associ\u00e9s aux cycles de la vie et de la mort, \u00e0 la r\u00e9g\u00e9n\u00e9ration et \u00e0 la capacit\u00e9 de se d\u00e9barrasser de sa vieille peau, ce qui fait de cette bague non seulement un accessoire, mais aussi un talisman significatif.<\/p>\n<\/li>\n<li data-start=\"1891\" data-end=\"2214\">\n<p data-start=\"1893\" data-end=\"2214\"><strong data-start=\"1893\" data-end=\"1922\">Confortable et facile \u00e0 porter :<\/strong><br data-start=\"1922\" data-end=\"1925\" \/>Malgr\u00e9 son aspect audacieux, la bague a \u00e9t\u00e9 con\u00e7ue dans un souci de confort. Son int\u00e9rieur lisse et poli lui permet de tenir confortablement sur votre doigt, tandis que le mat\u00e9riau en acier inoxydable est hypoallerg\u00e9nique et doux pour la peau, ce qui le rend parfait pour les personnes \u00e0 la peau sensible.<\/p>\n<\/li>\n<li data-start=\"2216\" data-end=\"2564\">\n<p data-start=\"2218\" data-end=\"2564\"><strong data-start=\"2218\" data-end=\"2255\">Conception polyvalente pour tous les sexes :<\/strong><br data-start=\"2255\" data-end=\"2258\" \/>Les <strong data-start=\"2264\" data-end=\"2294\">Bague serpent en acier inoxydable<\/strong> convient aussi bien aux hommes qu'aux femmes, ce qui en fait une pi\u00e8ce polyvalente qui peut \u00eatre port\u00e9e par tous ceux qui souhaitent adopter un look audacieux et audacieux. Il peut \u00eatre associ\u00e9 \u00e0 une grande vari\u00e9t\u00e9 de tenues, qu'il s'agisse de v\u00eatements de ville d\u00e9contract\u00e9s ou de tenues plus habill\u00e9es, ajoutant une touche d'\u00e9l\u00e9gance farouche o\u00f9 que vous alliez.<\/p>\n<\/li>\n<li data-start=\"2566\" data-end=\"2849\">\n<p data-start=\"2568\" data-end=\"2849\"><strong data-start=\"2568\" data-end=\"2600\">Disponible en plusieurs tailles :<\/strong><br data-start=\"2600\" data-end=\"2603\" \/>La bague est disponible en plusieurs tailles afin de s'adapter parfaitement \u00e0 chaque doigt. Que vous souhaitiez la porter comme une pi\u00e8ce d'apparat \u00e0 l'index ou comme un accessoire plus subtil \u00e0 l'annulaire, vous trouverez la taille id\u00e9ale pour votre main.<\/p>\n<\/li>\n<li data-start=\"2851\" data-end=\"3111\">\n<p data-start=\"2853\" data-end=\"3111\"><strong data-start=\"2853\" data-end=\"2896\">Peu d'entretien et une brillance durable :<\/strong><br data-start=\"2896\" data-end=\"2899\" \/>L'acier inoxydable est incroyablement facile \u00e0 entretenir. Pour que votre bague conserve son \u00e9clat, il suffit de l'essuyer avec un chiffon doux. Nul besoin de polissage ou d'entretien particulier : l'acier inoxydable conserve son \u00e9clat et sa brillance sans trop d'efforts.<\/p>\n<\/li>\n<\/ul>\n<h4 data-start=\"3113\" data-end=\"3141\"><strong data-start=\"3118\" data-end=\"3141\">Pourquoi vous l'aimerez :<\/strong><\/h4>\n<ul data-start=\"3143\" data-end=\"3426\">\n<li data-start=\"3143\" data-end=\"3222\">\n<p data-start=\"3145\" data-end=\"3222\">Une pi\u00e8ce frappante et significative qui ajoute du piquant et de la personnalit\u00e9 \u00e0 votre style.<\/p>\n<\/li>\n<li data-start=\"3223\" data-end=\"3299\">\n<p data-start=\"3225\" data-end=\"3299\">Un symbole qui repr\u00e9sente la force, la transformation et la sagesse.<\/p>\n<\/li>\n<li data-start=\"3300\" data-end=\"3365\">\n<p data-start=\"3302\" data-end=\"3365\">Hypoallerg\u00e9nique et durable, il est con\u00e7u pour r\u00e9sister \u00e0 l'\u00e9preuve du temps.<\/p>\n<\/li>\n<li data-start=\"3366\" data-end=\"3426\">\n<p data-start=\"3368\" data-end=\"3426\">Parfait pour \u00eatre empil\u00e9 ou port\u00e9 seul en tant que pi\u00e8ce d'apparat.<\/p>\n<\/li>\n<\/ul>\n<h3 data-start=\"3428\" data-end=\"3458\"><strong data-start=\"3432\" data-end=\"3458\">Faites une d\u00e9claration audacieuse :<\/strong><\/h3>\n<p data-start=\"3459\" data-end=\"3733\">Que vous soyez attir\u00e9 par le symbolisme du serpent ou que vous aimiez tout simplement son design f\u00e9roce et contemporain, cette <a href=\"https:\/\/wangshajewelry.com\/fr\/\"><strong data-start=\"3556\" data-end=\"3586\">Bague serpent en acier inoxydable<\/strong><\/a> est l'accessoire ultime pour tous ceux qui cherchent \u00e0 faire une d\u00e9claration audacieuse. Portez-le avec confiance et embrassez le pouvoir de la transformation, chaque jour.<\/p>","protected":false},"excerpt":{"rendered":"<p>Lib\u00e9rez votre force int\u00e9rieure et ajoutez une touche de mysticisme \u00e0 votre style avec notre <strong data-start=\"321\" data-end=\"351\">Bague serpent en acier inoxydable<\/strong>. Cette pi\u00e8ce \u00e9tonnante est fabriqu\u00e9e de mani\u00e8re experte en acier inoxydable de premi\u00e8re qualit\u00e9, offrant \u00e0 la fois durabilit\u00e9 et esth\u00e9tique moderne et audacieuse. Le serpent, ancien symbole de transformation, de renaissance et de sagesse, s'enroule sinueusement autour de votre doigt, cr\u00e9ant un effet captivant et dynamique qui refl\u00e8te l'\u00e9l\u00e9gance et la puissance de cette cr\u00e9ature mythique.<\/p>","protected":false},"featured_media":286,"comment_status":"open","ping_status":"closed","template":"","meta":[],"product_brand":[],"product_cat":[17],"product_tag":[],"class_list":{"0":"post-281","1":"product","2":"type-product","3":"status-publish","4":"has-post-thumbnail","6":"product_cat-rings","8":"first","9":"instock","10":"shipping-taxable","11":"product-type-simple"},"_links":{"self":[{"href":"https:\/\/wangshajewelry.com\/fr\/wp-json\/wp\/v2\/product\/281","targetHints":{"allow":["GET"]}}],"collection":[{"href":"https:\/\/wangshajewelry.com\/fr\/wp-json\/wp\/v2\/product"}],"about":[{"href":"https:\/\/wangshajewelry.com\/fr\/wp-json\/wp\/v2\/types\/product"}],"replies":[{"embeddable":true,"href":"https:\/\/wangshajewelry.com\/fr\/wp-json\/wp\/v2\/comments?post=281"}],"wp:featuredmedia":[{"embeddable":true,"href":"https:\/\/wangshajewelry.com\/fr\/wp-json\/wp\/v2\/media\/286"}],"wp:attachment":[{"href":"https:\/\/wangshajewelry.com\/fr\/wp-json\/wp\/v2\/media?parent=281"}],"wp:term":[{"taxonomy":"product_brand","embeddable":true,"href":"https:\/\/wangshajewelry.com\/fr\/wp-json\/wp\/v2\/product_brand?post=281"},{"taxonomy":"product_cat","embeddable":true,"href":"https:\/\/wangshajewelry.com\/fr\/wp-json\/wp\/v2\/product_cat?post=281"},{"taxonomy":"product_tag","embeddable":true,"href":"https:\/\/wangshajewelry.com\/fr\/wp-json\/wp\/v2\/product_tag?post=281"}],"curies":[{"name":"wp","href":"https:\/\/api.w.org\/{rel}","templated":true}]}}