{"id":502,"date":"2025-12-01T06:41:16","date_gmt":"2025-12-01T06:41:16","guid":{"rendered":"https:\/\/wangshajewelry.com\/?post_type=product&#038;p=502"},"modified":"2025-12-01T06:41:16","modified_gmt":"2025-12-01T06:41:16","slug":"boucles-doreilles-de-luxe-en-acier-inoxydable-en-forme-de-coeur","status":"publish","type":"product","link":"https:\/\/wangshajewelry.com\/fr\/product\/boucles-doreilles-de-luxe-en-acier-inoxydable-en-forme-de-coeur\/","title":{"rendered":"Boucles d'oreilles de luxe en acier inoxydable en forme de c\u0153ur"},"content":{"rendered":"<p data-start=\"106\" data-end=\"156\"><strong data-start=\"106\" data-end=\"154\">Boucles d'oreilles de luxe en acier inoxydable en forme de c\u0153ur<\/strong><\/p>\n<p data-start=\"158\" data-end=\"620\">\u00c9levez votre style avec ces <strong data-start=\"188\" data-end=\"236\">Boucles d'oreilles de luxe en acier inoxydable en forme de c\u0153ur<\/strong>, Ces boucles d'oreilles sont un m\u00e9lange parfait d'\u00e9l\u00e9gance, de durabilit\u00e9 et de sophistication. Con\u00e7ues en tenant compte des tendances contemporaines et de l'attrait intemporel, ces boucles d'oreilles sont fabriqu\u00e9es en acier inoxydable de premi\u00e8re qualit\u00e9, ce qui leur conf\u00e8re une brillance durable et une r\u00e9sistance au ternissement. Qu'elles soient port\u00e9es lors d'une journ\u00e9e d\u00e9contract\u00e9e ou d'une soir\u00e9e sp\u00e9ciale, leur design \u00e9l\u00e9gant en forme de c\u0153ur apporte une touche de romantisme et de charme.<\/p>\n<h3 data-start=\"622\" data-end=\"639\">Caract\u00e9ristiques principales :<\/h3>\n<ul data-start=\"641\" data-end=\"2504\">\n<li data-start=\"641\" data-end=\"925\">\n<p data-start=\"643\" data-end=\"925\"><strong data-start=\"643\" data-end=\"675\">Acier inoxydable de haute qualit\u00e9<\/strong>:<br data-start=\"676\" data-end=\"679\" \/>Fabriqu\u00e9es en acier inoxydable de premi\u00e8re qualit\u00e9, ces boucles d'oreilles r\u00e9sistent \u00e0 la rouille, au ternissement et \u00e0 la corrosion. Leur surface lisse et polie garantit une finition raffin\u00e9e qui dure au quotidien, ce qui en fait un investissement \u00e0 la fois en termes de style et de durabilit\u00e9.<\/p>\n<\/li>\n<li data-start=\"927\" data-end=\"1190\">\n<p data-start=\"929\" data-end=\"1190\"><strong data-start=\"929\" data-end=\"960\">\u00c9l\u00e9gant design en forme de c\u0153ur<\/strong>:<br data-start=\"961\" data-end=\"964\" \/>La forme en c\u0153ur ajoute une touche symbolique et romantique, parfaite pour exprimer l'amour ou la reconnaissance. Son design moderne est \u00e0 la fois ludique et chic, faisant de ces boucles d'oreilles un accessoire polyvalent pour une vari\u00e9t\u00e9 de tenues et d'occasions.<\/p>\n<\/li>\n<li data-start=\"1192\" data-end=\"1429\">\n<p data-start=\"1194\" data-end=\"1429\"><strong data-start=\"1194\" data-end=\"1211\">Finition de luxe<\/strong>:<br data-start=\"1212\" data-end=\"1215\" \/>Ces boucles d'oreilles au poli brillant, semblable \u00e0 celui d'un miroir, d\u00e9gagent un aspect luxueux et haut de gamme qui peut \u00eatre associ\u00e9 \u00e0 une tenue d\u00e9contract\u00e9e ou habill\u00e9e. Leur finition \u00e9l\u00e9gante capte la lumi\u00e8re, ajoutant un \u00e9clat subtil \u00e0 votre look.<\/p>\n<\/li>\n<li data-start=\"1431\" data-end=\"1707\">\n<p data-start=\"1433\" data-end=\"1707\"><strong data-start=\"1433\" data-end=\"1465\">Hypoallerg\u00e9nique et confortable<\/strong>:<br data-start=\"1466\" data-end=\"1469\" \/>Con\u00e7ues pour les peaux sensibles, ces boucles d'oreilles sont hypoallerg\u00e9niques et exemptes de nickel, ce qui les rend adapt\u00e9es \u00e0 tous les types de peau. Leur l\u00e9g\u00e8ret\u00e9 garantit un confort tout au long de la journ\u00e9e, pour que vous puissiez les porter sans g\u00eane ni irritation.<\/p>\n<\/li>\n<li data-start=\"1709\" data-end=\"1961\">\n<p data-start=\"1711\" data-end=\"1961\"><strong data-start=\"1711\" data-end=\"1734\">Parfait pour les cadeaux<\/strong>:<br data-start=\"1735\" data-end=\"1738\" \/>Que vous vous fassiez plaisir ou que vous fassiez plaisir \u00e0 quelqu'un de sp\u00e9cial, ces boucles d'oreilles en forme de c\u0153ur constituent un cadeau \u00e0 la fois attentionn\u00e9 et \u00e9blouissant. Leur design intemporel en fait un choix id\u00e9al pour les anniversaires ou les c\u00e9l\u00e9brations sp\u00e9ciales.<\/p>\n<\/li>\n<li data-start=\"1963\" data-end=\"2289\">\n<p data-start=\"1965\" data-end=\"2289\"><strong data-start=\"1965\" data-end=\"1986\">Un style polyvalent<\/strong>:<br data-start=\"1987\" data-end=\"1990\" \/>Ces boucles d'oreilles de luxe peuvent facilement passer du jour \u00e0 la nuit. Associez-les \u00e0 un blazer \u00e9l\u00e9gant pour un look de bureau sophistiqu\u00e9, ou portez-les avec une robe de soir\u00e9e pour ajouter un \u00e9clat d\u00e9licat \u00e0 votre tenue. Elles s'accordent \u00e9galement avec une grande vari\u00e9t\u00e9 de colliers et de bracelets, ce qui permet de les personnaliser \u00e0 l'infini.<\/p>\n<\/li>\n<li data-start=\"2291\" data-end=\"2504\">\n<p data-start=\"2293\" data-end=\"2504\"><strong data-start=\"2293\" data-end=\"2307\">Durabilit\u00e9<\/strong>:<br data-start=\"2308\" data-end=\"2311\" \/>Gr\u00e2ce \u00e0 leur mat\u00e9riau en acier inoxydable de haute qualit\u00e9, ces boucles d'oreilles sont incroyablement durables et r\u00e9sistent aux rayures et \u00e0 l'usure quotidienne. Elles conservent leur superbe \u00e9clat, m\u00eame apr\u00e8s une utilisation fr\u00e9quente.<\/p>\n<\/li>\n<\/ul>\n<p data-start=\"2511\" data-end=\"2795\" data-is-last-node=\"\" data-is-only-node=\"\">Une combinaison parfaite <strong data-start=\"2531\" data-end=\"2561\">luxe, qualit\u00e9 et style<\/strong>, Les boucles d'oreilles en forme de c\u0153ur en acier inoxydable sont un ajout essentiel \u00e0 toute collection de bijoux. Que vous souhaitiez vous faire plaisir ou surprendre un \u00eatre cher, elles laisseront \u00e0 coup s\u00fbr une impression durable gr\u00e2ce \u00e0 leur charme raffin\u00e9.<\/p>","protected":false},"excerpt":{"rendered":"<p>\u00c9levez votre style avec ces <strong data-start=\"188\" data-end=\"236\">Boucles d'oreilles de luxe en acier inoxydable en forme de c\u0153ur<\/strong>, Ces boucles d'oreilles sont un m\u00e9lange parfait d'\u00e9l\u00e9gance, de durabilit\u00e9 et de sophistication. Con\u00e7ues en tenant compte des tendances contemporaines et de l'attrait intemporel, ces boucles d'oreilles sont fabriqu\u00e9es en acier inoxydable de premi\u00e8re qualit\u00e9, ce qui leur conf\u00e8re une brillance durable et une r\u00e9sistance au ternissement. Qu'elles soient port\u00e9es lors d'une journ\u00e9e d\u00e9contract\u00e9e ou d'une soir\u00e9e sp\u00e9ciale, leur design \u00e9l\u00e9gant en forme de c\u0153ur apporte une touche de romantisme et de charme.<\/p>","protected":false},"featured_media":507,"comment_status":"open","ping_status":"closed","template":"","meta":[],"product_brand":[],"product_cat":[20],"product_tag":[],"class_list":{"0":"post-502","1":"product","2":"type-product","3":"status-publish","4":"has-post-thumbnail","6":"product_cat-ear-rings","8":"first","9":"instock","10":"shipping-taxable","11":"product-type-simple"},"_links":{"self":[{"href":"https:\/\/wangshajewelry.com\/fr\/wp-json\/wp\/v2\/product\/502","targetHints":{"allow":["GET"]}}],"collection":[{"href":"https:\/\/wangshajewelry.com\/fr\/wp-json\/wp\/v2\/product"}],"about":[{"href":"https:\/\/wangshajewelry.com\/fr\/wp-json\/wp\/v2\/types\/product"}],"replies":[{"embeddable":true,"href":"https:\/\/wangshajewelry.com\/fr\/wp-json\/wp\/v2\/comments?post=502"}],"wp:featuredmedia":[{"embeddable":true,"href":"https:\/\/wangshajewelry.com\/fr\/wp-json\/wp\/v2\/media\/507"}],"wp:attachment":[{"href":"https:\/\/wangshajewelry.com\/fr\/wp-json\/wp\/v2\/media?parent=502"}],"wp:term":[{"taxonomy":"product_brand","embeddable":true,"href":"https:\/\/wangshajewelry.com\/fr\/wp-json\/wp\/v2\/product_brand?post=502"},{"taxonomy":"product_cat","embeddable":true,"href":"https:\/\/wangshajewelry.com\/fr\/wp-json\/wp\/v2\/product_cat?post=502"},{"taxonomy":"product_tag","embeddable":true,"href":"https:\/\/wangshajewelry.com\/fr\/wp-json\/wp\/v2\/product_tag?post=502"}],"curies":[{"name":"wp","href":"https:\/\/api.w.org\/{rel}","templated":true}]}}