{"id":596,"date":"2025-12-04T05:33:31","date_gmt":"2025-12-04T05:33:31","guid":{"rendered":"https:\/\/wangshajewelry.com\/?post_type=product&#038;p=596"},"modified":"2025-12-04T05:33:31","modified_gmt":"2025-12-04T05:33:31","slug":"collier-en-titane-acier-zircon-et-trefle-a-quatre-feuilles","status":"publish","type":"product","link":"https:\/\/wangshajewelry.com\/fr\/product\/collier-en-titane-acier-zircon-et-trefle-a-quatre-feuilles\/","title":{"rendered":"Collier en titane, acier, zircon et tr\u00e8fle \u00e0 quatre feuilles"},"content":{"rendered":"<h2 data-start=\"0\" data-end=\"72\"><strong data-start=\"0\" data-end=\"72\">Collier en titane, acier, zircon et tr\u00e8fle \u00e0 quatre feuilles<\/strong><\/h2>\n<p data-start=\"74\" data-end=\"546\">Le pr\u00e9sent <strong data-start=\"79\" data-end=\"130\">Collier en titane, acier, zircon et tr\u00e8fle \u00e0 quatre feuilles<\/strong> est un accessoire sophistiqu\u00e9 et charmant, qui allie durabilit\u00e9, \u00e9l\u00e9gance et signification symbolique. Fabriqu\u00e9 en acier titane de haute qualit\u00e9, le collier est non seulement solide et r\u00e9sistant \u00e0 la corrosion, mais aussi hypoallerg\u00e9nique, ce qui le rend id\u00e9al pour les personnes \u00e0 la peau sensible. Son design \u00e9poustouflant pr\u00e9sente un pendentif en forme de tr\u00e8fle \u00e0 quatre feuilles orn\u00e9 de pierres de zircon \u00e9tincelantes, ajoutant une touche de luxe et de brillance \u00e0 n'importe quelle tenue.<\/p>\n<h3 data-start=\"548\" data-end=\"569\"><strong data-start=\"552\" data-end=\"569\">Caract\u00e9ristiques principales :<\/strong><\/h3>\n<ol data-start=\"571\" data-end=\"2555\">\n<li data-start=\"571\" data-end=\"925\">\n<p data-start=\"574\" data-end=\"602\"><strong data-start=\"574\" data-end=\"602\">Mat\u00e9riau : Acier au titane<\/strong><\/p>\n<ul data-start=\"606\" data-end=\"925\">\n<li data-start=\"606\" data-end=\"925\">\n<p data-start=\"608\" data-end=\"925\">Le collier est fabriqu\u00e9 en acier titane de premi\u00e8re qualit\u00e9, connu pour ses propri\u00e9t\u00e9s \u00e0 la fois l\u00e9g\u00e8res et solides. Ce mat\u00e9riau est tr\u00e8s r\u00e9sistant \u00e0 la rouille, au ternissement et aux rayures, ce qui lui conf\u00e8re une beaut\u00e9 et une durabilit\u00e9 durables. Il est \u00e9galement hypoallerg\u00e9nique et convient donc \u00e0 tous les types de peau, y compris \u00e0 ceux qui sont allergiques aux m\u00e9taux.<\/p>\n<\/li>\n<\/ul>\n<\/li>\n<li data-start=\"927\" data-end=\"1290\">\n<p data-start=\"930\" data-end=\"957\"><strong data-start=\"930\" data-end=\"957\">Motif du tr\u00e8fle \u00e0 quatre feuilles<\/strong><\/p>\n<ul data-start=\"961\" data-end=\"1290\">\n<li data-start=\"961\" data-end=\"1290\">\n<p data-start=\"963\" data-end=\"1290\">Le tr\u00e8fle \u00e0 quatre feuilles est un symbole universellement reconnu de chance, de prosp\u00e9rit\u00e9 et de bonheur. Chaque feuille est soigneusement fa\u00e7onn\u00e9e, les bords arrondis contribuant \u00e0 son aspect lisse et poli. Le tr\u00e8fle \u00e0 quatre feuilles est un symbole \u00e0 la fois traditionnel et moderne, parfait pour ajouter un peu de charme et de positivit\u00e9 \u00e0 votre look.<\/p>\n<\/li>\n<\/ul>\n<\/li>\n<li data-start=\"1292\" data-end=\"1602\">\n<p data-start=\"1295\" data-end=\"1312\"><strong data-start=\"1295\" data-end=\"1312\">Pierres en zircon<\/strong><\/p>\n<ul data-start=\"1316\" data-end=\"1602\">\n<li data-start=\"1316\" data-end=\"1602\">\n<p data-start=\"1318\" data-end=\"1602\">Le pendentif est compos\u00e9 de quatre \u00e9l\u00e9ments \u00e9tincelants <strong data-start=\"1354\" data-end=\"1364\">zircon<\/strong> pierres, une dans chaque feuille du tr\u00e8fle. Le zircon est une pierre pr\u00e9cieuse magnifique et tr\u00e8s r\u00e9fl\u00e9chissante qui imite la brillance des diamants. Les pierres en zircon captent la lumi\u00e8re sous tous les angles, faisant briller le collier avec \u00e9l\u00e9gance.<\/p>\n<\/li>\n<\/ul>\n<\/li>\n<li data-start=\"1604\" data-end=\"1984\">\n<p data-start=\"1607\" data-end=\"1633\"><strong data-start=\"1607\" data-end=\"1633\">Taille du pendentif et cha\u00eene<\/strong><\/p>\n<ul data-start=\"1637\" data-end=\"1984\">\n<li data-start=\"1637\" data-end=\"1984\">\n<p data-start=\"1639\" data-end=\"1984\">La taille du pendentif a \u00e9t\u00e9 \u00e9tudi\u00e9e pour qu'il soit visible sans \u00eatre trop imposant, ce qui le rend polyvalent pour une utilisation quotidienne ou lors d'occasions sp\u00e9ciales. La cha\u00eene est \u00e9galement fabriqu\u00e9e en acier titane, ce qui garantit la l\u00e9g\u00e8ret\u00e9 et le confort du collier pendant de longues p\u00e9riodes. La longueur de la cha\u00eene est r\u00e9glable, ce qui permet de personnaliser le collier.<\/p>\n<\/li>\n<\/ul>\n<\/li>\n<li data-start=\"1986\" data-end=\"2251\">\n<p data-start=\"1989\" data-end=\"2013\"><strong data-start=\"1989\" data-end=\"2013\">Intemporel et \u00e9l\u00e9gant<\/strong><\/p>\n<ul data-start=\"2017\" data-end=\"2251\">\n<li data-start=\"2017\" data-end=\"2251\">\n<p data-start=\"2019\" data-end=\"2251\">L'association de l'acier titane et des pierres en zircon conf\u00e8re au collier une esth\u00e9tique \u00e0 la fois moderne et intemporelle. Qu'il soit port\u00e9 avec une tenue d\u00e9contract\u00e9e ou plus habill\u00e9e, il ajoute une touche de sophistication et de charme \u00e0 n'importe quel look.<\/p>\n<\/li>\n<\/ul>\n<\/li>\n<li data-start=\"2253\" data-end=\"2555\">\n<p data-start=\"2256\" data-end=\"2277\"><strong data-start=\"2256\" data-end=\"2277\">Une id\u00e9e de cadeau parfaite<\/strong><\/p>\n<ul data-start=\"2281\" data-end=\"2555\">\n<li data-start=\"2281\" data-end=\"2555\">\n<p data-start=\"2283\" data-end=\"2555\">Ce collier est un excellent cadeau pour toutes les occasions, qu'il s'agisse d'un anniversaire ou d'un geste attentionn\u00e9 pour porter chance. Le symbolisme du tr\u00e8fle \u00e0 quatre feuilles, associ\u00e9 \u00e0 l'\u00e9l\u00e9gance du zircon, en fait un objet pr\u00e9cieux et appr\u00e9ci\u00e9.<\/p>\n<\/li>\n<\/ul>\n<\/li>\n<\/ol>\n<h3 data-start=\"2557\" data-end=\"2574\"><strong data-start=\"2561\" data-end=\"2574\">Avantages :<\/strong><\/h3>\n<ul data-start=\"2576\" data-end=\"2900\">\n<li data-start=\"2576\" data-end=\"2641\">\n<p data-start=\"2578\" data-end=\"2641\"><strong data-start=\"2578\" data-end=\"2593\">Durabilit\u00e9 :<\/strong> R\u00e9sistant \u00e0 la corrosion, au ternissement et aux rayures.<\/p>\n<\/li>\n<li data-start=\"2642\" data-end=\"2729\">\n<p data-start=\"2644\" data-end=\"2729\"><strong data-start=\"2644\" data-end=\"2663\">Hypoallerg\u00e9nique :<\/strong> Convient \u00e0 tous les types de peau, m\u00eame \u00e0 ceux qui sont sensibles aux m\u00e9taux.<\/p>\n<\/li>\n<li data-start=\"2730\" data-end=\"2802\">\n<p data-start=\"2732\" data-end=\"2802\"><strong data-start=\"2732\" data-end=\"2756\">\u00c9l\u00e9gant et polyvalent :<\/strong> Convient \u00e0 une utilisation quotidienne ou \u00e0 des occasions sp\u00e9ciales.<\/p>\n<\/li>\n<li data-start=\"2803\" data-end=\"2900\">\n<p data-start=\"2805\" data-end=\"2900\"><strong data-start=\"2805\" data-end=\"2826\">Signification symbolique :<\/strong> Le tr\u00e8fle \u00e0 quatre feuilles apporte de l'\u00e9nergie positive, de la chance et de la bonne fortune.<\/p>\n<\/li>\n<\/ul>\n<h3 data-start=\"2902\" data-end=\"2921\"><strong data-start=\"2906\" data-end=\"2921\">Conclusion :<\/strong><\/h3>\n<p data-start=\"2923\" data-end=\"3244\" data-is-last-node=\"\" data-is-only-node=\"\">Les <strong data-start=\"2927\" data-end=\"2978\">Collier en titane, acier, zircon et tr\u00e8fle \u00e0 quatre feuilles<\/strong> est plus qu'un simple accessoire : c'est un bijou qui incarne la chance, l'\u00e9l\u00e9gance et la qualit\u00e9 durable. Que vous vous fassiez plaisir ou que vous cherchiez un cadeau significatif, ce collier ne manquera pas d'ajouter un \u00e9clat de joie et de sophistication \u00e0 votre collection de bijoux.<\/p>","protected":false},"excerpt":{"rendered":"<p>Le pr\u00e9sent <strong data-start=\"79\" data-end=\"130\">Collier en titane, acier, zircon et tr\u00e8fle \u00e0 quatre feuilles<\/strong> est un accessoire sophistiqu\u00e9 et charmant, qui allie durabilit\u00e9, \u00e9l\u00e9gance et signification symbolique. Fabriqu\u00e9 en acier titane de haute qualit\u00e9, le collier est non seulement solide et r\u00e9sistant \u00e0 la corrosion, mais aussi hypoallerg\u00e9nique, ce qui le rend id\u00e9al pour les personnes \u00e0 la peau sensible. Son design \u00e9poustouflant pr\u00e9sente un pendentif en forme de tr\u00e8fle \u00e0 quatre feuilles orn\u00e9 de pierres de zircon \u00e9tincelantes, ajoutant une touche de luxe et de brillance \u00e0 n'importe quelle tenue.<\/p>","protected":false},"featured_media":606,"comment_status":"open","ping_status":"closed","template":"","meta":[],"product_brand":[],"product_cat":[38],"product_tag":[],"class_list":{"0":"post-596","1":"product","2":"type-product","3":"status-publish","4":"has-post-thumbnail","6":"product_cat-necklaces","8":"first","9":"instock","10":"shipping-taxable","11":"product-type-simple"},"_links":{"self":[{"href":"https:\/\/wangshajewelry.com\/fr\/wp-json\/wp\/v2\/product\/596","targetHints":{"allow":["GET"]}}],"collection":[{"href":"https:\/\/wangshajewelry.com\/fr\/wp-json\/wp\/v2\/product"}],"about":[{"href":"https:\/\/wangshajewelry.com\/fr\/wp-json\/wp\/v2\/types\/product"}],"replies":[{"embeddable":true,"href":"https:\/\/wangshajewelry.com\/fr\/wp-json\/wp\/v2\/comments?post=596"}],"wp:featuredmedia":[{"embeddable":true,"href":"https:\/\/wangshajewelry.com\/fr\/wp-json\/wp\/v2\/media\/606"}],"wp:attachment":[{"href":"https:\/\/wangshajewelry.com\/fr\/wp-json\/wp\/v2\/media?parent=596"}],"wp:term":[{"taxonomy":"product_brand","embeddable":true,"href":"https:\/\/wangshajewelry.com\/fr\/wp-json\/wp\/v2\/product_brand?post=596"},{"taxonomy":"product_cat","embeddable":true,"href":"https:\/\/wangshajewelry.com\/fr\/wp-json\/wp\/v2\/product_cat?post=596"},{"taxonomy":"product_tag","embeddable":true,"href":"https:\/\/wangshajewelry.com\/fr\/wp-json\/wp\/v2\/product_tag?post=596"}],"curies":[{"name":"wp","href":"https:\/\/api.w.org\/{rel}","templated":true}]}}