{"id":667,"date":"2025-12-06T12:51:29","date_gmt":"2025-12-06T12:51:29","guid":{"rendered":"https:\/\/wangshajewelry.com\/?post_type=product&#038;p=667"},"modified":"2025-12-06T12:51:29","modified_gmt":"2025-12-06T12:51:29","slug":"style-boucles-doreilles-perles-goutte-a-goutte-en-acier-inoxydable","status":"publish","type":"product","link":"https:\/\/wangshajewelry.com\/fr\/product\/style-boucles-doreilles-perles-goutte-a-goutte-en-acier-inoxydable\/","title":{"rendered":"Style Boucles d'oreilles en acier inoxydable avec perles goutte \u00e0 goutte"},"content":{"rendered":"<article class=\"text-token-text-primary w-full focus:outline-none [--shadow-height:45px] has-data-writing-block:pointer-events-none has-data-writing-block:-mt-(--shadow-height) has-data-writing-block:pt-(--shadow-height) [&amp;:has([data-writing-block])&gt;*]:pointer-events-auto scroll-mt-[calc(var(--header-height)+min(200px,max(70px,20svh)))]\" dir=\"auto\" tabindex=\"-1\" data-turn-id=\"request-WEB:a909f50b-542f-4529-b9ad-72cc8acc2fbb-1\" data-testid=\"conversation-turn-4\" data-scroll-anchor=\"true\" data-turn=\"assistant\">\n<div class=\"text-base my-auto mx-auto pb-10 [--thread-content-margin:--spacing(4)] @w-sm\/main:[--thread-content-margin:--spacing(6)] @w-lg\/main:[--thread-content-margin:--spacing(16)] px-(--thread-content-margin)\">\n<div class=\"[--thread-content-max-width:40rem] @w-lg\/main:[--thread-content-max-width:48rem] mx-auto max-w-(--thread-content-max-width) flex-1 group\/turn-messages focus-visible:outline-hidden relative flex w-full min-w-0 flex-col agent-turn\" tabindex=\"-1\">\n<div class=\"flex max-w-full flex-col grow\">\n<div class=\"min-h-8 text-message relative flex w-full flex-col items-end gap-2 text-start break-words whitespace-normal [.text-message+&amp;]:mt-1\" dir=\"auto\" data-message-author-role=\"assistant\" data-message-id=\"0db2e1de-4686-46be-95f9-225c2247af67\" data-message-model-slug=\"gpt-5-1\">\n<div class=\"flex w-full flex-col gap-1 empty:hidden first:pt-[1px]\">\n<div class=\"markdown prose dark:prose-invert w-full break-words light markdown-new-styling\">\n<h2 data-start=\"0\" data-end=\"45\"><strong data-start=\"0\" data-end=\"45\">Style Boucles d'oreilles en acier inoxydable avec perles goutte \u00e0 goutte<\/strong><\/h2>\n<p data-start=\"47\" data-end=\"457\">Ajoutez une touche d'\u00e9l\u00e9gance moderne \u00e0 votre collection de bijoux avec le <strong data-start=\"114\" data-end=\"159\">Style Boucles d'oreilles en acier inoxydable avec perles goutte \u00e0 goutte<\/strong>. Ces superbes boucles d'oreilles allient la beaut\u00e9 intemporelle des perles \u00e0 l'attrait \u00e9l\u00e9gant et contemporain de l'acier inoxydable, pour un design \u00e0 la fois chic et polyvalent. Parfaites pour toutes les occasions, qu'il s'agisse de sorties d\u00e9contract\u00e9es ou d'\u00e9v\u00e9nements formels, ces boucles d'oreilles ne manqueront pas de rehausser votre style sans effort.<\/p>\n<p data-start=\"459\" data-end=\"973\"><strong data-start=\"459\" data-end=\"482\">Conception et esth\u00e9tique<\/strong><br data-start=\"482\" data-end=\"485\" \/>Les boucles d'oreilles pr\u00e9sentent un design unique en forme de goutte d'eau, o\u00f9 le poli est utilis\u00e9 pour la fabrication des boucles d'oreilles. <strong data-start=\"543\" data-end=\"562\">acier inoxydable<\/strong> forme une silhouette \u00e9l\u00e9gante et fluide qui compl\u00e8te l'allure naturelle et classique de l'eau de mer. <strong data-start=\"641\" data-end=\"651\">perles<\/strong>. L'association de l'acier m\u00e9tallique lisse et de la douce irisation des perles cr\u00e9e un contraste saisissant, conf\u00e9rant \u00e0 ces boucles d'oreilles un caract\u00e8re \u00e0 la fois sophistiqu\u00e9 et audacieux. Les perles sont d\u00e9licatement suspendues, cr\u00e9ant un mouvement subtil qui capte magnifiquement la lumi\u00e8re lorsque vous les portez, ajoutant une dimension suppl\u00e9mentaire d'\u00e9l\u00e9gance.<\/p>\n<p data-start=\"975\" data-end=\"1405\"><strong data-start=\"975\" data-end=\"1000\">Mat\u00e9riau et durabilit\u00e9<\/strong><br data-start=\"1000\" data-end=\"1003\" \/>Fabriqu\u00e9 en <strong data-start=\"1016\" data-end=\"1048\">acier inoxydable de haute qualit\u00e9<\/strong>, Ces boucles d'oreilles sont con\u00e7ues pour r\u00e9sister \u00e0 l'\u00e9preuve du temps. L'acier inoxydable est r\u00e9put\u00e9 pour ses <strong data-start=\"1147\" data-end=\"1161\">r\u00e9silience<\/strong> et <strong data-start=\"1166\" data-end=\"1190\">r\u00e9sistance \u00e0 la corrosion<\/strong>, Les boucles d'oreilles conservent leur \u00e9clat et leur brillance sans ternir, m\u00eame lorsqu'elles sont port\u00e9es r\u00e9guli\u00e8rement. Il s'agit \u00e9galement d'un m\u00e9tal hypoallerg\u00e9nique, ce qui fait de ces boucles d'oreilles un excellent choix pour les personnes dont les oreilles ou la peau sont sensibles.<\/p>\n<p data-start=\"1407\" data-end=\"1965\"><strong data-start=\"1407\" data-end=\"1436\">Polyvalence et facilit\u00e9 d'utilisation<\/strong><br data-start=\"1436\" data-end=\"1439\" \/>Avec leur m\u00e9lange unique d'\u00e9l\u00e9ments traditionnels et contemporains, ces boucles d'oreilles sont incroyablement polyvalentes. Elles peuvent passer sans probl\u00e8me d'une journ\u00e9e au bureau \u00e0 une soir\u00e9e, ajoutant une touche de sophistication \u00e0 des tenues d\u00e9contract\u00e9es ou habill\u00e9es. Que vous les associiez \u00e0 une robe \u00e9l\u00e9gante ou \u00e0 un simple chemisier, les boucles d'oreilles en forme de goutte d'eau sont id\u00e9ales. <strong data-start=\"1757\" data-end=\"1796\">Boucles d'oreilles en acier inoxydable avec perles goutte \u00e0 goutte<\/strong> rehausseront votre look avec un minimum d'effort. Leur construction l\u00e9g\u00e8re garantit qu'ils sont suffisamment confortables pour \u00eatre port\u00e9s toute la journ\u00e9e, sans alourdir vos lobes d'oreilles.<\/p>\n<p data-start=\"1967\" data-end=\"2268\"><strong data-start=\"1967\" data-end=\"1990\">Parfait pour les cadeaux<\/strong><br data-start=\"1990\" data-end=\"1993\" \/>Ces boucles d'oreilles constituent un cadeau exceptionnel pour tous ceux qui aiment les bijoux modernes et intemporels. Que ce soit \u00e0 l'occasion d'un anniversaire ou d'un geste attentionn\u00e9, les boucles d'oreilles <strong data-start=\"2157\" data-end=\"2202\">Style Boucles d'oreilles en acier inoxydable avec perles goutte \u00e0 goutte<\/strong> sont pr\u00e9sent\u00e9s dans une \u00e9l\u00e9gante bo\u00eete, pr\u00eats \u00e0 \u00eatre offerts \u00e0 quelqu'un de sp\u00e9cial.<\/p>\n<p data-start=\"2270\" data-end=\"2287\"><strong data-start=\"2270\" data-end=\"2287\">Caract\u00e9ristiques principales :<\/strong><\/p>\n<ul data-start=\"2288\" data-end=\"2797\">\n<li data-start=\"2288\" data-end=\"2352\">\n<p data-start=\"2290\" data-end=\"2352\"><strong data-start=\"2290\" data-end=\"2303\">Mat\u00e9riau :<\/strong> Acier inoxydable de premi\u00e8re qualit\u00e9 pour la durabilit\u00e9 et la brillance<\/p>\n<\/li>\n<li data-start=\"2353\" data-end=\"2438\">\n<p data-start=\"2355\" data-end=\"2438\"><strong data-start=\"2355\" data-end=\"2366\">Conception :<\/strong> Conception de style goutte \u00e0 goutte avec des perles suspendues pour plus de mouvement et d'\u00e9l\u00e9gance<\/p>\n<\/li>\n<li data-start=\"2439\" data-end=\"2517\">\n<p data-start=\"2441\" data-end=\"2517\"><strong data-start=\"2441\" data-end=\"2456\">Type de perle :<\/strong> Des perles v\u00e9ritables et brillantes qui offrent un aspect classique et intemporel.<\/p>\n<\/li>\n<li data-start=\"2518\" data-end=\"2613\">\n<p data-start=\"2520\" data-end=\"2613\"><strong data-start=\"2520\" data-end=\"2535\">Durabilit\u00e9 :<\/strong> R\u00e9sistant \u00e0 la corrosion, au ternissement et hypoallerg\u00e9nique pour les peaux sensibles<\/p>\n<\/li>\n<li data-start=\"2614\" data-end=\"2686\">\n<p data-start=\"2616\" data-end=\"2686\"><strong data-start=\"2616\" data-end=\"2632\">Polyvalence :<\/strong> Convient aussi bien au quotidien qu'aux occasions sp\u00e9ciales<\/p>\n<\/li>\n<li data-start=\"2687\" data-end=\"2747\">\n<p data-start=\"2689\" data-end=\"2747\"><strong data-start=\"2689\" data-end=\"2701\">Confort :<\/strong> L\u00e9ger et confortable pour une utilisation prolong\u00e9e<\/p>\n<\/li>\n<li data-start=\"2748\" data-end=\"2797\">\n<p data-start=\"2750\" data-end=\"2797\"><strong data-start=\"2750\" data-end=\"2766\">Parfait pour :<\/strong> Cadeau ou collection personnelle<\/p>\n<\/li>\n<\/ul>\n<p data-start=\"2799\" data-end=\"3036\" data-is-last-node=\"\" data-is-only-node=\"\">Avec la <strong data-start=\"2808\" data-end=\"2853\">Style Boucles d'oreilles en acier inoxydable avec perles goutte \u00e0 goutte<\/strong>, Vous portez une \u0153uvre d'art qui allie modernit\u00e9 et beaut\u00e9 intemporelle. Un accessoire indispensable pour tous ceux qui souhaitent ajouter sophistication et charme \u00e0 leur collection de bijoux.<\/p>\n<\/div>\n<\/div>\n<\/div>\n<\/div>\n<div class=\"z-0 flex min-h-[46px] justify-start\"><\/div>\n<\/div>\n<\/div>\n<\/article>","protected":false},"excerpt":{"rendered":"<p>Ajoutez une touche d'\u00e9l\u00e9gance moderne \u00e0 votre collection de bijoux avec le <strong data-start=\"114\" data-end=\"159\">Style Boucles d'oreilles en acier inoxydable avec perles goutte \u00e0 goutte<\/strong>. Ces superbes boucles d'oreilles allient la beaut\u00e9 intemporelle des perles \u00e0 l'attrait \u00e9l\u00e9gant et contemporain de l'acier inoxydable, pour un design \u00e0 la fois chic et polyvalent. Parfaites pour toutes les occasions, qu'il s'agisse de sorties d\u00e9contract\u00e9es ou d'\u00e9v\u00e9nements formels, ces boucles d'oreilles ne manqueront pas de rehausser votre style sans effort.<\/p>","protected":false},"featured_media":672,"comment_status":"open","ping_status":"closed","template":"","meta":[],"product_brand":[],"product_cat":[20],"product_tag":[],"class_list":{"0":"post-667","1":"product","2":"type-product","3":"status-publish","4":"has-post-thumbnail","6":"product_cat-ear-rings","8":"first","9":"instock","10":"shipping-taxable","11":"product-type-simple"},"_links":{"self":[{"href":"https:\/\/wangshajewelry.com\/fr\/wp-json\/wp\/v2\/product\/667","targetHints":{"allow":["GET"]}}],"collection":[{"href":"https:\/\/wangshajewelry.com\/fr\/wp-json\/wp\/v2\/product"}],"about":[{"href":"https:\/\/wangshajewelry.com\/fr\/wp-json\/wp\/v2\/types\/product"}],"replies":[{"embeddable":true,"href":"https:\/\/wangshajewelry.com\/fr\/wp-json\/wp\/v2\/comments?post=667"}],"wp:featuredmedia":[{"embeddable":true,"href":"https:\/\/wangshajewelry.com\/fr\/wp-json\/wp\/v2\/media\/672"}],"wp:attachment":[{"href":"https:\/\/wangshajewelry.com\/fr\/wp-json\/wp\/v2\/media?parent=667"}],"wp:term":[{"taxonomy":"product_brand","embeddable":true,"href":"https:\/\/wangshajewelry.com\/fr\/wp-json\/wp\/v2\/product_brand?post=667"},{"taxonomy":"product_cat","embeddable":true,"href":"https:\/\/wangshajewelry.com\/fr\/wp-json\/wp\/v2\/product_cat?post=667"},{"taxonomy":"product_tag","embeddable":true,"href":"https:\/\/wangshajewelry.com\/fr\/wp-json\/wp\/v2\/product_tag?post=667"}],"curies":[{"name":"wp","href":"https:\/\/api.w.org\/{rel}","templated":true}]}}